{"id":84,"date":"2017-10-25T12:10:00","date_gmt":"2017-10-25T12:10:00","guid":{"rendered":"http:\/\/ajconseil.sixpixels.fr\/?page_id=84"},"modified":"2024-12-24T12:07:56","modified_gmt":"2024-12-24T11:07:56","slug":"metiers-hotellerie-restauration-tourisme","status":"publish","type":"page","link":"https:\/\/www.ajconseil.fr\/fr\/metiers-hotellerie-restauration-tourisme\/","title":{"rendered":"Nos m\u00e9tiers"},"content":{"rendered":"<div class=\"wpb-content-wrapper\"><p>[vc_row row_height_percent=\u00a0\u00bb0&Prime; override_padding=\u00a0\u00bbyes\u00a0\u00bb h_padding=\u00a0\u00bb2&Prime; top_padding=\u00a0\u00bb3&Prime; bottom_padding=\u00a0\u00bb2&Prime; overlay_alpha=\u00a0\u00bb50&Prime; gutter_size=\u00a0\u00bb3&Prime; column_width_percent=\u00a0\u00bb100&Prime; shift_y=\u00a0\u00bb0&Prime; z_index=\u00a0\u00bb0&Prime;][vc_column width=\u00a0\u00bb1\/2&Prime;][vc_column_text]<span class=\"drop-caps\">L<\/span><strong>a fiche m\u00e9tier<\/strong> est un \u00e9l\u00e9ment incontournable dans le processus de recrutement tant dans les secteurs de <strong>l\u2019h\u00f4tellerie, de la restauration, du luxe, du retail<\/strong> ou bien encore <strong>du tourisme<\/strong>.<\/p>\n<p>Ces activit\u00e9s s\u2019av\u00e8rent en effet <strong>particuli\u00e8rement vari\u00e9es<\/strong> et surtout tr\u00e8s <strong>sensibles \u00e0 la conjoncture<\/strong>.[\/vc_column_text][\/vc_column][vc_column width=\u00a0\u00bb1\/2&Prime;][vc_column_text]Afin d\u2019\u00e9viter <strong>un important turn over<\/strong>, une fois que l\u2019entreprise a <strong>analys\u00e9 son besoin en recrutement<\/strong>, elle doit imp\u00e9rativement s\u2019int\u00e9resser \u00e0 la d\u00e9finition <strong>du poste<\/strong> pour recruter de nouveaux talents.<\/p>\n<p>Le succ\u00e8s ou l\u2019\u00e9chec du recrutement va de fait en partie d\u00e9pendre de la qualit\u00e9 de <strong>la description du poste<\/strong> dont vous avez besoin.[\/vc_column_text][\/vc_column][\/vc_row][vc_row row_height_percent=\u00a0\u00bb0&Prime; override_padding=\u00a0\u00bbyes\u00a0\u00bb h_padding=\u00a0\u00bb2&Prime; top_padding=\u00a0\u00bb1&Prime; bottom_padding=\u00a0\u00bb1&Prime; overlay_alpha=\u00a0\u00bb50&Prime; gutter_size=\u00a0\u00bb3&Prime; column_width_percent=\u00a0\u00bb100&Prime; shift_y=\u00a0\u00bb0&Prime; z_index=\u00a0\u00bb0&Prime;][vc_column width=\u00a0\u00bb1\/1&Prime;][vc_separator sep_color=\u00a0\u00bbcolor-182155&Prime;][\/vc_column][\/vc_row][vc_row row_height_percent=\u00a0\u00bb0&Prime; override_padding=\u00a0\u00bbyes\u00a0\u00bb h_padding=\u00a0\u00bb0&Prime; top_padding=\u00a0\u00bb3&Prime; bottom_padding=\u00a0\u00bb2&Prime; back_color=\u00a0\u00bbcolor-204591&Prime; overlay_alpha=\u00a0\u00bb50&Prime; gutter_size=\u00a0\u00bb3&Prime; column_width_percent=\u00a0\u00bb100&Prime; shift_y=\u00a0\u00bb0&Prime; z_index=\u00a0\u00bb0&Prime;][vc_column column_width_percent=\u00a0\u00bb100&Prime; position_vertical=\u00a0\u00bbmiddle\u00a0\u00bb align_horizontal=\u00a0\u00bbalign_center\u00a0\u00bb gutter_size=\u00a0\u00bb3&Prime; overlay_alpha=\u00a0\u00bb50&Prime; shift_x=\u00a0\u00bb0&Prime; shift_y=\u00a0\u00bb0&Prime; shift_y_down=\u00a0\u00bb0&Prime; z_index=\u00a0\u00bb0&Prime; medium_width=\u00a0\u00bb0&Prime; mobile_width=\u00a0\u00bb0&Prime; width=\u00a0\u00bb1\/1&Prime;][vc_custom_heading text_size=\u00a0\u00bb\u00a0\u00bb separator=\u00a0\u00bbyes\u00a0\u00bb el_class=\u00a0\u00bbtitre-row\u00a0\u00bb]Les m\u00e9tiers recrut\u00e9s par AJ Conseil[\/vc_custom_heading][\/vc_column][\/vc_row][vc_row row_height_percent=\u00a0\u00bb0&Prime; override_padding=\u00a0\u00bbyes\u00a0\u00bb h_padding=\u00a0\u00bb2&Prime; top_padding=\u00a0\u00bb2&Prime; bottom_padding=\u00a0\u00bb3&Prime; back_color=\u00a0\u00bbcolor-204591&Prime; overlay_alpha=\u00a0\u00bb50&Prime; gutter_size=\u00a0\u00bb3&Prime; column_width_percent=\u00a0\u00bb100&Prime; shift_y=\u00a0\u00bb0&Prime; z_index=\u00a0\u00bb0&Prime; el_class=\u00a0\u00bbrow-liste\u00a0\u00bb][vc_column column_width_percent=\u00a0\u00bb100&Prime; gutter_size=\u00a0\u00bb3&Prime; overlay_alpha=\u00a0\u00bb50&Prime; shift_x=\u00a0\u00bb0&Prime; shift_y=\u00a0\u00bb0&Prime; shift_y_down=\u00a0\u00bb0&Prime; z_index=\u00a0\u00bb0&Prime; medium_width=\u00a0\u00bb0&Prime; mobile_width=\u00a0\u00bb0&Prime; width=\u00a0\u00bb1\/3&Prime; el_class=\u00a0\u00bbpadding-li\u00a0\u00bb][vc_custom_heading heading_semantic=\u00a0\u00bbh3&Prime; text_size=\u00a0\u00bb\u00a0\u00bb]Top management[\/vc_custom_heading][uncode_list icon=\u00a0\u00bbfa fa-check2&Prime; icon_color=\u00a0\u00bbcolor-305918&Prime;]<\/p>\n<ul>\n<li>Directeur g\u00e9n\u00e9ral d\u2019h\u00f4tel<\/li>\n<li>Directeur de restaurant<\/li>\n<li>Directeur r\u00e9sidence tourisme<\/li>\n<li>Directeur du tourisme<\/li>\n<li>Directeur d\u2019Ehpad<\/li>\n<li>Direction des op\u00e9rations<\/li>\n<li>Direction de r\u00e9seau<\/li>\n<li>Directeur commercial et ventes<\/li>\n<li>Directeur du d\u00e9veloppement<\/li>\n<li>Direction marketing<\/li>\n<li>Direction administrative et financi\u00e8re<\/li>\n<li>Direction technique\u2026<\/li>\n<li>Direction RH<\/li>\n<li>Direction des achats<\/li>\n<\/ul>\n<p>[\/uncode_list][vc_column_text]* Liste non exhaustive[\/vc_column_text][\/vc_column][vc_column column_width_percent=\u00a0\u00bb100&Prime; gutter_size=\u00a0\u00bb3&Prime; overlay_alpha=\u00a0\u00bb50&Prime; shift_x=\u00a0\u00bb0&Prime; shift_y=\u00a0\u00bb0&Prime; shift_y_down=\u00a0\u00bb0&Prime; z_index=\u00a0\u00bb0&Prime; medium_width=\u00a0\u00bb0&Prime; mobile_width=\u00a0\u00bb0&Prime; width=\u00a0\u00bb1\/3&Prime; el_class=\u00a0\u00bbpadding-li\u00a0\u00bb][vc_custom_heading heading_semantic=\u00a0\u00bbh3&Prime; text_size=\u00a0\u00bb\u00a0\u00bb]Middle management[\/vc_custom_heading][uncode_list icon=\u00a0\u00bbfa fa-check2&Prime; icon_color=\u00a0\u00bbcolor-305918&Prime;]<\/p>\n<ul>\n<li>Manager boutique alimentaire (traiteur\u2026)<\/li>\n<li>Chef de service h\u00f4tellerie (chef de r\u00e9ception, gouvernante g\u00e9n\u00e9rale, responsable r\u00e9servation, responsable maintenance\u2026)<\/li>\n<li>Chef de service restauration (responsable de salle, chef sommelier, chef de cuisine, chef de production, chef p\u00e2tissier\u2026)<\/li>\n<li>Chef de service tourisme (responsable p\u00f4le loisirs\u2026)<\/li>\n<li>Contr\u00f4leur de gestion\u2026<\/li>\n<\/ul>\n<p>[\/uncode_list][vc_column_text]* Liste non exhaustive[\/vc_column_text][\/vc_column][vc_column column_width_percent=\u00a0\u00bb100&Prime; gutter_size=\u00a0\u00bb3&Prime; overlay_alpha=\u00a0\u00bb50&Prime; shift_x=\u00a0\u00bb0&Prime; shift_y=\u00a0\u00bb0&Prime; shift_y_down=\u00a0\u00bb0&Prime; z_index=\u00a0\u00bb0&Prime; medium_width=\u00a0\u00bb0&Prime; mobile_width=\u00a0\u00bb0&Prime; width=\u00a0\u00bb1\/3&Prime; el_class=\u00a0\u00bbpadding-li\u00a0\u00bb][vc_custom_heading heading_semantic=\u00a0\u00bbh3&Prime; text_size=\u00a0\u00bb\u00a0\u00bb]Experts[\/vc_custom_heading][uncode_list icon=\u00a0\u00bbfa fa-check2&Prime; icon_color=\u00a0\u00bbcolor-305918&Prime;]<\/p>\n<ul>\n<li>Direction de cuisine centrale<\/li>\n<li>Spa manager<\/li>\n<li>Directeur de collectivit\u00e9<\/li>\n<li>Revenue manager<\/li>\n<li>Responsable facilities management<\/li>\n<li>Directeur village vacances<\/li>\n<li>Superviseur clients\u2026<\/li>\n<li>Conseiller culinaire<\/li>\n<li>Auditeur qualit\u00e9<\/li>\n<\/ul>\n<p>[\/uncode_list][vc_column_text]* Liste non exhaustive[\/vc_column_text][\/vc_column][\/vc_row][vc_row row_height_percent=\u00a0\u00bb0&Prime; override_padding=\u00a0\u00bbyes\u00a0\u00bb h_padding=\u00a0\u00bb2&Prime; top_padding=\u00a0\u00bb3&Prime; bottom_padding=\u00a0\u00bb2&Prime; overlay_alpha=\u00a0\u00bb50&Prime; gutter_size=\u00a0\u00bb3&Prime; column_width_percent=\u00a0\u00bb100&Prime; shift_y=\u00a0\u00bb0&Prime; z_index=\u00a0\u00bb0&Prime;][vc_column column_width_percent=\u00a0\u00bb100&Prime; position_vertical=\u00a0\u00bbmiddle\u00a0\u00bb align_horizontal=\u00a0\u00bbalign_center\u00a0\u00bb gutter_size=\u00a0\u00bb3&Prime; overlay_alpha=\u00a0\u00bb50&Prime; shift_x=\u00a0\u00bb0&Prime; shift_y=\u00a0\u00bb0&Prime; shift_y_down=\u00a0\u00bb0&Prime; z_index=\u00a0\u00bb0&Prime; medium_width=\u00a0\u00bb0&Prime; mobile_width=\u00a0\u00bb0&Prime; width=\u00a0\u00bb1\/1&Prime;][vc_custom_heading heading_semantic=\u00a0\u00bbp\u00a0\u00bb text_size=\u00a0\u00bb\u00a0\u00bb separator=\u00a0\u00bbyes\u00a0\u00bb el_class=\u00a0\u00bbtitre-row\u00a0\u00bb]Notre \u00e9quipe d\u2019experts en recrutement livre ses conseils \u00e0 travers quelques fiches m\u00e9tiers.[\/vc_custom_heading][\/vc_column][\/vc_row][vc_row unlock_row_content=\u00a0\u00bbyes\u00a0\u00bb row_height_percent=\u00a0\u00bb0&Prime; override_padding=\u00a0\u00bbyes\u00a0\u00bb h_padding=\u00a0\u00bb0&Prime; top_padding=\u00a0\u00bb0&Prime; bottom_padding=\u00a0\u00bb0&Prime; overlay_alpha=\u00a0\u00bb100&Prime; gutter_size=\u00a0\u00bb0&Prime; style=\u00a0\u00bbinherited\u00a0\u00bb][\/vc_row][vc_row unlock_row_content=\u00a0\u00bbyes\u00a0\u00bb row_height_percent=\u00a0\u00bb0&Prime; override_padding=\u00a0\u00bbyes\u00a0\u00bb h_padding=\u00a0\u00bb0&Prime; top_padding=\u00a0\u00bb0&Prime; bottom_padding=\u00a0\u00bb0&Prime; overlay_alpha=\u00a0\u00bb50&Prime; equal_height=\u00a0\u00bbyes\u00a0\u00bb gutter_size=\u00a0\u00bb0&Prime; shift_y=\u00a0\u00bb0&Prime;][\/vc_row][vc_row row_height_percent=\u00a0\u00bb0&Prime; override_padding=\u00a0\u00bbyes\u00a0\u00bb h_padding=\u00a0\u00bb2&Prime; top_padding=\u00a0\u00bb2&Prime; bottom_padding=\u00a0\u00bb3&Prime; overlay_alpha=\u00a0\u00bb100&Prime; gutter_size=\u00a0\u00bb100&Prime; column_width_percent=\u00a0\u00bb100&Prime; shift_y=\u00a0\u00bb0&Prime; z_index=\u00a0\u00bb0&Prime; style=\u00a0\u00bbinherited\u00a0\u00bb][vc_column column_width_percent=\u00a0\u00bb100&Prime; gutter_size=\u00a0\u00bb3&Prime; overlay_alpha=\u00a0\u00bb50&Prime; shift_x=\u00a0\u00bb0&Prime; shift_y=\u00a0\u00bb0&Prime; shift_y_down=\u00a0\u00bb0&Prime; z_index=\u00a0\u00bb0&Prime; medium_width=\u00a0\u00bb0&Prime; mobile_width=\u00a0\u00bb0&Prime; width=\u00a0\u00bb1\/1&Prime; el_class=\u00a0\u00bbblocs-fiches-metiers\u00a0\u00bb][uncode_index el_id=\u00a0\u00bbindex-15588655905&Prime; loop=\u00a0\u00bbsize:13|order_by:date|order:DESC|post_type:page|by_id:73860,73858,73856,73854,73852,73850,124,117,92,87,76879,76874,76872|taxonomy_count:10&Prime; gutter_size=\u00a0\u00bb2&Prime; post_items=\u00a0\u00bbmedia|featured|nolink|original,date,title,text|excerpt|105,sep-one|full,link|link\u00a0\u00bb page_items=\u00a0\u00bbtitle,media|media|onpost|original\u00a0\u00bb product_items=\u00a0\u00bbtitle,media,text,category,price\u00a0\u00bb portfolio_items=\u00a0\u00bbtitle,media,text,category\u00a0\u00bb screen_lg=\u00a0\u00bb1000&Prime; screen_md=\u00a0\u00bb600&Prime; screen_sm=\u00a0\u00bb480&Prime; single_text=\u00a0\u00bboverlay\u00a0\u00bb single_back_color=\u00a0\u00bbcolor-474756&Prime; single_shape=\u00a0\u00bbround\u00a0\u00bb single_overlay_color=\u00a0\u00bbcolor-270653&Prime; single_overlay_opacity=\u00a0\u00bb80&Prime; single_overlay_visible=\u00a0\u00bbyes\u00a0\u00bb single_overlay_anim=\u00a0\u00bbno\u00a0\u00bb single_text_visible=\u00a0\u00bbyes\u00a0\u00bb single_text_anim=\u00a0\u00bbno\u00a0\u00bb single_image_color_anim=\u00a0\u00bbyes\u00a0\u00bb single_h_align=\u00a0\u00bbcenter\u00a0\u00bb single_padding=\u00a0\u00bb2&Prime; single_title_semantic=\u00a0\u00bbh4&Prime; single_title_dimension=\u00a0\u00bbbigtext\u00a0\u00bb single_shadow=\u00a0\u00bbyes\u00a0\u00bb shadow_weight=\u00a0\u00bbsm\u00a0\u00bb single_border=\u00a0\u00bbyes\u00a0\u00bb single_css_animation=\u00a0\u00bbbottom-t-top\u00a0\u00bb single_animation_speed=\u00a0\u00bb600&Prime; single_animation_delay=\u00a0\u00bb100&Prime; single_half_padding=\u00a0\u00bb\u00a0\u00bb single_title_bold=\u00a0\u00bbyes\u00a0\u00bb single_title_serif=\u00a0\u00bb\u00a0\u00bb single_title_divider=\u00a0\u00bb\u00a0\u00bb single_no_background=\u00a0\u00bb\u00a0\u00bb items=\u00a0\u00bbeyI2NTYzNF9pIjp7InRleHRfbGVuZ3RoIjoiMTUwIiwic2luZ2xlX2ljb24iOiIiLCJzaGFkb3dfd2VpZ2h0Ijoic20iLCJzaW5nbGVfbGF5b3V0X3Bvc3RfaXRlbXMiOiJtZWRpYXxmZWF0dXJlZHxub2xpbmt8b3JpZ2luYWwsZGF0ZSx0aXRsZSx0ZXh0fGV4Y2VycHQsc2VwLW9uZXxmdWxsLGxpbmt8bGluayxtZWRpYXxmZWF0dXJlZHxub2xpbmt8b3JpZ2luYWwsZGF0ZSx0aXRsZSx0ZXh0fGV4Y2VycHQsc2VwLW9uZXxmdWxsLGxpbmt8ZGVmYXVsdCJ9LCI2NTYzMV9pIjp7InRleHRfbGVuZ3RoIjoiMTUwIiwic2luZ2xlX2xheW91dF9wb3N0X2l0ZW1zIjoibWVkaWF8ZmVhdHVyZWR8bm9saW5rfG9yaWdpbmFsLGRhdGUsdGl0bGUsdGV4dHxleGNlcnB0LHNlcC1vbmV8ZnVsbCxsaW5rfGxpbmssbWVkaWF8ZmVhdHVyZWR8bm9saW5rfG9yaWdpbmFsLGRhdGUsdGl0bGUsdGV4dHxleGNlcnB0LHNlcC1vbmV8ZnVsbCxsaW5rfGRlZmF1bHQifSwiNjU2MjdfaSI6eyJ0ZXh0X2xlbmd0aCI6IjE1MCIsInNpbmdsZV9sYXlvdXRfcG9zdF9pdGVtcyI6Im1lZGlhfGZlYXR1cmVkfG5vbGlua3xvcmlnaW5hbCxkYXRlLHRpdGxlLHRleHR8ZXhjZXJwdCxzZXAtb25lfGZ1bGwsbGlua3xsaW5rLG1lZGlhfGZlYXR1cmVkfG5vbGlua3xvcmlnaW5hbCxkYXRlLHRpdGxlLHRleHR8ZXhjZXJwdCxzZXAtb25lfGZ1bGwsbGlua3xkZWZhdWx0In0sIjY2ODMzX2kiOnsic2luZ2xlX2xheW91dF9wb3N0X2l0ZW1zIjoibWVkaWF8ZmVhdHVyZWR8bm9saW5rfG9yaWdpbmFsLGRhdGUsdGl0bGUsdGV4dHxmdWxsLHNlcC1vbmV8ZnVsbCxsaW5rfGxpbmsiLCJ0ZXh0X2xlbmd0aCI6IjE1MCJ9LCI2NjgzN19pIjp7InRleHRfbGVuZ3RoIjoiMTUwIiwic2luZ2xlX2xheW91dF9wb3N0X2l0ZW1zIjoibWVkaWF8ZmVhdHVyZWR8bm9saW5rfG9yaWdpbmFsLGRhdGUsdGl0bGUsdGV4dHxmdWxsLHNlcC1vbmV8ZnVsbCxsaW5rfGxpbmsifSwiNjY4MjlfaSI6eyJzaW5nbGVfbGF5b3V0X3Bvc3RfaXRlbXMiOiJtZWRpYXxmZWF0dXJlZHxub2xpbmt8b3JpZ2luYWwsZGF0ZSx0aXRsZSx0ZXh0fGZ1bGwsc2VwLW9uZXxmdWxsLGxpbmt8bGluayIsInRleHRfbGVuZ3RoIjoiMTUwIn0sIjY2ODQ1X2kiOnsidGV4dF9sZW5ndGgiOiIxNTAifSwiNjY4NDFfaSI6eyJ0ZXh0X2xlbmd0aCI6IjE1MCJ9LCI2Njg0OV9pIjp7InRleHRfbGVuZ3RoIjoiMTUwIn0sIjEyNF9pIjp7InNpbmdsZV9sYXlvdXRfcGFnZV9pdGVtcyI6InRpdGxlLG1lZGlhfGZlYXR1cmVkfG9ucG9zdHxvcmlnaW5hbCIsImJhY2tfaW1hZ2UiOiI2ODkwNCIsInNpbmdsZV90ZXh0Ijoib3ZlcmxheSIsInNpbmdsZV90ZXh0X3Zpc2libGUiOiJ5ZXMiLCJzaW5nbGVfdGV4dF9hbmltIjoibm8iLCJzaW5nbGVfdGV4dF9hbmltX3R5cGUiOiIiLCJzaW5nbGVfb3ZlcmxheV9hbmltIjoibm8iLCJzaW5nbGVfdGl0bGVfdHJhbnNmb3JtIjoiIiwic2luZ2xlX3RpdGxlX2RpbWVuc2lvbiI6ImJpZ3RleHQiLCJzaW5nbGVfdGV4dF9sZWFkIjoibm8iLCJzaW5nbGVfYW5pbWF0aW9uX2RlbGF5IjoiMTAwIiwic2luZ2xlX2FuaW1hdGlvbl9zcGVlZCI6IjYwMCJ9LCIxMjJfaSI6eyJzaW5nbGVfdGV4dCI6Im92ZXJsYXkiLCJzaW5nbGVfdGV4dF92aXNpYmxlIjoieWVzIiwic2luZ2xlX3RleHRfYW5pbSI6Im5vIiwic2luZ2xlX3RleHRfYW5pbV90eXBlIjoiIiwic2luZ2xlX292ZXJsYXlfYW5pbSI6Im5vIiwic2luZ2xlX2JhY2tfY29sb3IiOiJjb2xvci00NzQ3NTYiLCJzaW5nbGVfb3ZlcmxheV9jb2xvciI6ImNvbG9yLTI3MDY1MyIsInNpbmdsZV90aXRsZV90cmFuc2Zvcm0iOiIifSwiMTE3X2kiOnsic2luZ2xlX3RleHQiOiJvdmVybGF5Iiwic2luZ2xlX3RleHRfdmlzaWJsZSI6InllcyIsInNpbmdsZV90ZXh0X2FuaW0iOiJubyIsInNpbmdsZV9vdmVybGF5X2FuaW0iOiJubyIsInNpbmdsZV90aXRsZV90cmFuc2Zvcm0iOiIiLCJzaW5nbGVfb3ZlcmxheV9jb2xvciI6IiJ9LCIxMTJfaSI6eyJzaW5nbGVfdGV4dCI6Im92ZXJsYXkiLCJzaW5nbGVfdGl0bGVfdHJhbnNmb3JtIjoiIiwic2luZ2xlX292ZXJsYXlfYW5pbSI6Im5vIiwic2luZ2xlX292ZXJsYXlfdmlzaWJsZSI6InllcyIsInNpbmdsZV90ZXh0X2FuaW0iOiJubyIsInNpbmdsZV90ZXh0X3Zpc2libGUiOiJ5ZXMifSwiMTA3X2kiOnsic2luZ2xlX3RleHQiOiJvdmVybGF5In0sIjEwMl9pIjp7InNpbmdsZV90ZXh0Ijoib3ZlcmxheSJ9LCI5N19pIjp7InNpbmdsZV90ZXh0Ijoib3ZlcmxheSJ9LCI5Ml9pIjp7InNpbmdsZV90ZXh0Ijoib3ZlcmxheSJ9LCI4N19pIjp7InNpbmdsZV90ZXh0Ijoib3ZlcmxheSJ9fQ==\u00a0\u00bb footer_position=\u00a0\u00bbleft\u00a0\u00bb carousel_rtl=\u00a0\u00bb\u00a0\u00bb filtering_transform=\u00a0\u00bbuppercase\u00a0\u00bb order_ids=\u00a0\u00bb66829,66833,66837,65634,65631,65627&Prime; title=\u00a0\u00bbFiche recrutement\u00a0\u00bb][\/vc_column][\/vc_row][vc_row unlock_row_content=\u00a0\u00bbyes\u00a0\u00bb row_height_percent=\u00a0\u00bb0&Prime; override_padding=\u00a0\u00bbyes\u00a0\u00bb h_padding=\u00a0\u00bb0&Prime; top_padding=\u00a0\u00bb0&Prime; bottom_padding=\u00a0\u00bb0&Prime; overlay_alpha=\u00a0\u00bb100&Prime; gutter_size=\u00a0\u00bb0&Prime; style=\u00a0\u00bbinherited\u00a0\u00bb][\/vc_row][vc_row unlock_row_content=\u00a0\u00bbyes\u00a0\u00bb row_height_percent=\u00a0\u00bb0&Prime; override_padding=\u00a0\u00bbyes\u00a0\u00bb h_padding=\u00a0\u00bb0&Prime; top_padding=\u00a0\u00bb0&Prime; bottom_padding=\u00a0\u00bb0&Prime; overlay_alpha=\u00a0\u00bb50&Prime; equal_height=\u00a0\u00bbyes\u00a0\u00bb gutter_size=\u00a0\u00bb0&Prime; shift_y=\u00a0\u00bb0&Prime;][\/vc_row][vc_row unlock_row_content=\u00a0\u00bbyes\u00a0\u00bb row_height_percent=\u00a0\u00bb0&Prime; override_padding=\u00a0\u00bbyes\u00a0\u00bb h_padding=\u00a0\u00bb0&Prime; top_padding=\u00a0\u00bb0&Prime; bottom_padding=\u00a0\u00bb0&Prime; overlay_alpha=\u00a0\u00bb100&Prime; gutter_size=\u00a0\u00bb0&Prime; style=\u00a0\u00bbinherited\u00a0\u00bb][\/vc_row][vc_row unlock_row_content=\u00a0\u00bbyes\u00a0\u00bb row_height_percent=\u00a0\u00bb0&Prime; override_padding=\u00a0\u00bbyes\u00a0\u00bb h_padding=\u00a0\u00bb0&Prime; top_padding=\u00a0\u00bb0&Prime; bottom_padding=\u00a0\u00bb0&Prime; overlay_alpha=\u00a0\u00bb50&Prime; equal_height=\u00a0\u00bbyes\u00a0\u00bb gutter_size=\u00a0\u00bb0&Prime; shift_y=\u00a0\u00bb0&Prime;][\/vc_row][vc_row][vc_column width=\u00a0\u00bb1\/1&Prime;][uncode_block id=\u00a0\u00bb66476&Prime;][\/vc_column][\/vc_row][vc_row][vc_column width=\u00a0\u00bb1\/1&Prime;][uncode_block id=\u00a0\u00bb66408&Prime;][\/vc_column][\/vc_row][vc_row unlock_row_content=\u00a0\u00bbyes\u00a0\u00bb row_height_percent=\u00a0\u00bb0&Prime; override_padding=\u00a0\u00bbyes\u00a0\u00bb h_padding=\u00a0\u00bb0&Prime; top_padding=\u00a0\u00bb0&Prime; bottom_padding=\u00a0\u00bb0&Prime; overlay_alpha=\u00a0\u00bb100&Prime; gutter_size=\u00a0\u00bb0&Prime; style=\u00a0\u00bbinherited\u00a0\u00bb][\/vc_row][vc_row unlock_row_content=\u00a0\u00bbyes\u00a0\u00bb row_height_percent=\u00a0\u00bb0&Prime; override_padding=\u00a0\u00bbyes\u00a0\u00bb h_padding=\u00a0\u00bb0&Prime; top_padding=\u00a0\u00bb0&Prime; bottom_padding=\u00a0\u00bb0&Prime; overlay_alpha=\u00a0\u00bb50&Prime; equal_height=\u00a0\u00bbyes\u00a0\u00bb gutter_size=\u00a0\u00bb0&Prime; shift_y=\u00a0\u00bb0&Prime;][\/vc_row]<\/p>\n<\/div>","protected":false},"excerpt":{"rendered":"<p>[vc_row row_height_percent=\u00a0\u00bb0&Prime; override_padding=\u00a0\u00bbyes\u00a0\u00bb h_padding=\u00a0\u00bb2&Prime; top_padding=\u00a0\u00bb3&Prime; bottom_padding=\u00a0\u00bb2&Prime; overlay_alpha=\u00a0\u00bb50&Prime; gutter_size=\u00a0\u00bb3&Prime; column_width_percent=\u00a0\u00bb100&Prime; shift_y=\u00a0\u00bb0&Prime; z_index=\u00a0\u00bb0&Prime;][vc_column width=\u00a0\u00bb1\/2&Prime;][vc_column_text]La fiche m\u00e9tier est un \u00e9l\u00e9ment incontournable dans le [&hellip;]<\/p>\n","protected":false},"author":1,"featured_media":0,"parent":0,"menu_order":0,"comment_status":"closed","ping_status":"closed","template":"","meta":{"footnotes":""},"class_list":["post-84","page","type-page","status-publish","hentry"],"yoast_head":"<!-- This site is optimized with the Yoast SEO plugin v27.4 - https:\/\/yoast.com\/product\/yoast-seo-wordpress\/ -->\n<title>M\u00e9tiers - AJ Conseil Recrutement &amp; RH<\/title>\n<meta name=\"description\" content=\"Leader du recrutement cadre pour les m\u00e9tiers de l&#039;h\u00f4tellerie, du luxe, de la restauration, du retail et du tourisme en France. Appelez-nous\u00a0!\" \/>\n<meta name=\"robots\" content=\"index, follow, max-snippet:-1, max-image-preview:large, max-video-preview:-1\" \/>\n<link rel=\"canonical\" href=\"https:\/\/www.ajconseil.fr\/fr\/metiers-hotellerie-restauration-tourisme\/\" \/>\n<meta property=\"og:locale\" content=\"fr_FR\" \/>\n<meta property=\"og:type\" content=\"article\" \/>\n<meta property=\"og:title\" content=\"M\u00e9tiers - AJ Conseil Recrutement &amp; RH\" \/>\n<meta property=\"og:description\" content=\"Leader du recrutement cadre pour les m\u00e9tiers de l&#039;h\u00f4tellerie, du luxe, de la restauration, du retail et du tourisme en France. Appelez-nous\u00a0!\" \/>\n<meta property=\"og:url\" content=\"https:\/\/www.ajconseil.fr\/fr\/metiers-hotellerie-restauration-tourisme\/\" \/>\n<meta property=\"og:site_name\" content=\"AJ Conseil\" \/>\n<meta property=\"article:modified_time\" content=\"2024-12-24T11:07:56+00:00\" \/>\n<meta name=\"twitter:card\" content=\"summary_large_image\" \/>\n<meta name=\"twitter:label1\" content=\"Dur\u00e9e de lecture estim\u00e9e\" \/>\n\t<meta name=\"twitter:data1\" content=\"3 minutes\" \/>\n<script type=\"application\/ld+json\" class=\"yoast-schema-graph\">{\"@context\":\"https:\\\/\\\/schema.org\",\"@graph\":[{\"@type\":\"WebPage\",\"@id\":\"https:\\\/\\\/www.ajconseil.fr\\\/fr\\\/metiers-hotellerie-restauration-tourisme\\\/\",\"url\":\"https:\\\/\\\/www.ajconseil.fr\\\/fr\\\/metiers-hotellerie-restauration-tourisme\\\/\",\"name\":\"M\u00e9tiers - AJ Conseil Recrutement & RH\",\"isPartOf\":{\"@id\":\"https:\\\/\\\/www.ajconseil.fr\\\/fr\\\/#website\"},\"datePublished\":\"2017-10-25T12:10:00+00:00\",\"dateModified\":\"2024-12-24T11:07:56+00:00\",\"description\":\"Leader du recrutement cadre pour les m\u00e9tiers de l'h\u00f4tellerie, du luxe, de la restauration, du retail et du tourisme en France. Appelez-nous\u00a0!\",\"breadcrumb\":{\"@id\":\"https:\\\/\\\/www.ajconseil.fr\\\/fr\\\/metiers-hotellerie-restauration-tourisme\\\/#breadcrumb\"},\"inLanguage\":\"fr-FR\",\"potentialAction\":[{\"@type\":\"ReadAction\",\"target\":[\"https:\\\/\\\/www.ajconseil.fr\\\/fr\\\/metiers-hotellerie-restauration-tourisme\\\/\"]}]},{\"@type\":\"BreadcrumbList\",\"@id\":\"https:\\\/\\\/www.ajconseil.fr\\\/fr\\\/metiers-hotellerie-restauration-tourisme\\\/#breadcrumb\",\"itemListElement\":[{\"@type\":\"ListItem\",\"position\":1,\"name\":\"Accueil\",\"item\":\"https:\\\/\\\/www.ajconseil.fr\\\/fr\\\/\"},{\"@type\":\"ListItem\",\"position\":2,\"name\":\"Nos m\u00e9tiers\"}]},{\"@type\":\"WebSite\",\"@id\":\"https:\\\/\\\/www.ajconseil.fr\\\/fr\\\/#website\",\"url\":\"https:\\\/\\\/www.ajconseil.fr\\\/fr\\\/\",\"name\":\"AJ Conseil\",\"description\":\"\",\"potentialAction\":[{\"@type\":\"SearchAction\",\"target\":{\"@type\":\"EntryPoint\",\"urlTemplate\":\"https:\\\/\\\/www.ajconseil.fr\\\/fr\\\/?s={search_term_string}\"},\"query-input\":{\"@type\":\"PropertyValueSpecification\",\"valueRequired\":true,\"valueName\":\"search_term_string\"}}],\"inLanguage\":\"fr-FR\"}]}<\/script>\n<!-- \/ Yoast SEO plugin. -->","yoast_head_json":{"title":"M\u00e9tiers - AJ Conseil Recrutement & RH","description":"Leader du recrutement cadre pour les m\u00e9tiers de l'h\u00f4tellerie, du luxe, de la restauration, du retail et du tourisme en France. Appelez-nous\u00a0!","robots":{"index":"index","follow":"follow","max-snippet":"max-snippet:-1","max-image-preview":"max-image-preview:large","max-video-preview":"max-video-preview:-1"},"canonical":"https:\/\/www.ajconseil.fr\/fr\/metiers-hotellerie-restauration-tourisme\/","og_locale":"fr_FR","og_type":"article","og_title":"M\u00e9tiers - AJ Conseil Recrutement & RH","og_description":"Leader du recrutement cadre pour les m\u00e9tiers de l'h\u00f4tellerie, du luxe, de la restauration, du retail et du tourisme en France. Appelez-nous\u00a0!","og_url":"https:\/\/www.ajconseil.fr\/fr\/metiers-hotellerie-restauration-tourisme\/","og_site_name":"AJ Conseil","article_modified_time":"2024-12-24T11:07:56+00:00","twitter_card":"summary_large_image","twitter_misc":{"Dur\u00e9e de lecture estim\u00e9e":"3 minutes"},"schema":{"@context":"https:\/\/schema.org","@graph":[{"@type":"WebPage","@id":"https:\/\/www.ajconseil.fr\/fr\/metiers-hotellerie-restauration-tourisme\/","url":"https:\/\/www.ajconseil.fr\/fr\/metiers-hotellerie-restauration-tourisme\/","name":"M\u00e9tiers - AJ Conseil Recrutement & RH","isPartOf":{"@id":"https:\/\/www.ajconseil.fr\/fr\/#website"},"datePublished":"2017-10-25T12:10:00+00:00","dateModified":"2024-12-24T11:07:56+00:00","description":"Leader du recrutement cadre pour les m\u00e9tiers de l'h\u00f4tellerie, du luxe, de la restauration, du retail et du tourisme en France. Appelez-nous\u00a0!","breadcrumb":{"@id":"https:\/\/www.ajconseil.fr\/fr\/metiers-hotellerie-restauration-tourisme\/#breadcrumb"},"inLanguage":"fr-FR","potentialAction":[{"@type":"ReadAction","target":["https:\/\/www.ajconseil.fr\/fr\/metiers-hotellerie-restauration-tourisme\/"]}]},{"@type":"BreadcrumbList","@id":"https:\/\/www.ajconseil.fr\/fr\/metiers-hotellerie-restauration-tourisme\/#breadcrumb","itemListElement":[{"@type":"ListItem","position":1,"name":"Accueil","item":"https:\/\/www.ajconseil.fr\/fr\/"},{"@type":"ListItem","position":2,"name":"Nos m\u00e9tiers"}]},{"@type":"WebSite","@id":"https:\/\/www.ajconseil.fr\/fr\/#website","url":"https:\/\/www.ajconseil.fr\/fr\/","name":"AJ Conseil","description":"","potentialAction":[{"@type":"SearchAction","target":{"@type":"EntryPoint","urlTemplate":"https:\/\/www.ajconseil.fr\/fr\/?s={search_term_string}"},"query-input":{"@type":"PropertyValueSpecification","valueRequired":true,"valueName":"search_term_string"}}],"inLanguage":"fr-FR"}]}},"_links":{"self":[{"href":"https:\/\/www.ajconseil.fr\/fr\/wp-json\/wp\/v2\/pages\/84","targetHints":{"allow":["GET"]}}],"collection":[{"href":"https:\/\/www.ajconseil.fr\/fr\/wp-json\/wp\/v2\/pages"}],"about":[{"href":"https:\/\/www.ajconseil.fr\/fr\/wp-json\/wp\/v2\/types\/page"}],"author":[{"embeddable":true,"href":"https:\/\/www.ajconseil.fr\/fr\/wp-json\/wp\/v2\/users\/1"}],"replies":[{"embeddable":true,"href":"https:\/\/www.ajconseil.fr\/fr\/wp-json\/wp\/v2\/comments?post=84"}],"version-history":[{"count":2,"href":"https:\/\/www.ajconseil.fr\/fr\/wp-json\/wp\/v2\/pages\/84\/revisions"}],"predecessor-version":[{"id":76882,"href":"https:\/\/www.ajconseil.fr\/fr\/wp-json\/wp\/v2\/pages\/84\/revisions\/76882"}],"wp:attachment":[{"href":"https:\/\/www.ajconseil.fr\/fr\/wp-json\/wp\/v2\/media?parent=84"}],"curies":[{"name":"wp","href":"https:\/\/api.w.org\/{rel}","templated":true}]}}