{"id":75258,"date":"2022-06-24T09:26:59","date_gmt":"2022-06-24T07:26:59","guid":{"rendered":"https:\/\/www.ajconseil.fr\/?page_id=75258"},"modified":"2023-07-21T09:12:46","modified_gmt":"2023-07-21T07:12:46","slug":"sabrina-vely","status":"publish","type":"page","link":"https:\/\/www.ajconseil.fr\/fr\/sabrina-vely\/","title":{"rendered":"Sabrina VELY"},"content":{"rendered":"<div class=\"wpb-content-wrapper\"><p>[vc_row row_height_percent=\u00a0\u00bb0&Prime; override_padding=\u00a0\u00bbyes\u00a0\u00bb h_padding=\u00a0\u00bb2&Prime; top_padding=\u00a0\u00bb3&Prime; bottom_padding=\u00a0\u00bb3&Prime; back_color=\u00a0\u00bbcolor-204591&Prime; overlay_alpha=\u00a0\u00bb100&Prime; equal_height=\u00a0\u00bbyes\u00a0\u00bb gutter_size=\u00a0\u00bb4&Prime; column_width_percent=\u00a0\u00bb100&Prime; shift_y=\u00a0\u00bb0&Prime; z_index=\u00a0\u00bb0&Prime; style=\u00a0\u00bbinherited\u00a0\u00bb][vc_column column_width_percent=\u00a0\u00bb100&Prime; gutter_size=\u00a0\u00bb3&Prime; overlay_alpha=\u00a0\u00bb50&Prime; shift_x=\u00a0\u00bb0&Prime; shift_y=\u00a0\u00bb0&Prime; shift_y_down=\u00a0\u00bb0&Prime; z_index=\u00a0\u00bb0&Prime; align_medium=\u00a0\u00bbalign_center_tablet\u00a0\u00bb medium_width=\u00a0\u00bb0&Prime; align_mobile=\u00a0\u00bbalign_center_mobile\u00a0\u00bb mobile_width=\u00a0\u00bb0&Prime; width=\u00a0\u00bb1\/2&Prime;][vc_single_image media=\u00a0\u00bb76192&Prime; media_width_percent=\u00a0\u00bb100&Prime;][vc_column_text el_class=\u00a0\u00bbequipe-orange\u00a0\u00bb]<\/p>\n<h4><span class=\"framboise\">Ses forces<\/span><\/h4>\n<p>[\/vc_column_text][vc_column_text]Gr\u00e2ce \u00e0 son parcours professionnel diversifi\u00e9, Sabrina est experte en recrutement, en conseil en d\u00e9veloppement RH, en conseil en strat\u00e9gie de marque-employeur et en communication RH. Elle aime le changement et c\u2019est donc tout naturellement qu\u2019elle accompagne les structures dans leur \u00e9volution.[\/vc_column_text][vc_column_text el_class=\u00a0\u00bbctpi\u00a0\u00bb]Sabrina est apte \u00e0 utiliser le test de personnalit\u00e9 CTPI-R \u00e9dit\u00e9 par Central-Test pour l\u2019\u00e9valuation des personnes[\/vc_column_text][\/vc_column][vc_column column_width_percent=\u00a0\u00bb100&Prime; gutter_size=\u00a0\u00bb3&Prime; overlay_alpha=\u00a0\u00bb50&Prime; shift_x=\u00a0\u00bb0&Prime; shift_y=\u00a0\u00bb0&Prime; shift_y_down=\u00a0\u00bb0&Prime; z_index=\u00a0\u00bb0&Prime; medium_width=\u00a0\u00bb0&Prime; mobile_width=\u00a0\u00bb0&Prime; width=\u00a0\u00bb1\/2&Prime; el_class=\u00a0\u00bbbloc-portrait\u00a0\u00bb][vc_custom_heading separator=\u00a0\u00bbunder\u00a0\u00bb]Consultante[\/vc_custom_heading][vc_column_text el_class=\u00a0\u00bbequipe-orange\u00a0\u00bb]<strong>\u00ab R\u00e9ussir et se donner les moyens d\u2019y arriver \u00bb<\/strong>[\/vc_column_text][vc_column_text el_class=\u00a0\u00bbequipe-orange\u00a0\u00bb]<\/p>\n<h4><span class=\"framboise\">Ses qualit\u00e9s<\/span><\/h4>\n<p>[\/vc_column_text][vc_column_text]Avec un regard juste et lucide sur la probl\u00e9matique de ses clients, Sabrina cerne pr\u00e9cis\u00e9ment leurs attentes. Force de proposition, elle va de l\u2019avant. En perp\u00e9tuelle r\u00e9flexion, elle aime apporter des solutions compl\u00e8tes et globales pour se transformer en une v\u00e9ritable valeur ajout\u00e9e. Tenace et jamais blas\u00e9e, Sabrina se pla\u00eet aussi \u00e0 sortir des sentiers battus et \u00e0 apporter un \u0153il neuf sur la r\u00e9solution de ses missions.[\/vc_column_text][vc_empty_space empty_h=\u00a0\u00bb2&Prime;][vc_column_text el_class=\u00a0\u00bbequipe-orange\u00a0\u00bb]<\/p>\n<h4><span class=\"framboise\">Son moteur<\/span><\/h4>\n<p>[\/vc_column_text][vc_column_text]Le conseil et l\u2019\u00e9change.<br \/>\nOptimiser, faire progresser une structure, mettre en place des \u00ab process \u00bb et se nourrir de multiples \u00e9changes.[\/vc_column_text][vc_empty_space empty_h=\u00a0\u00bb2&Prime;][vc_column_text el_class=\u00a0\u00bbequipe-orange\u00a0\u00bb]<\/p>\n<h4><span class=\"framboise\">Une journ\u00e9e r\u00e9ussie<\/span><\/h4>\n<p>[\/vc_column_text][vc_column_text]Se rendre utile, apprendre quelque chose ou trouver enfin une solution \u00e0 un probl\u00e8me, rendre service \u00e0 un client ou \u00e0 sa famille.[\/vc_column_text][vc_empty_space empty_h=\u00a0\u00bb2&Prime;][vc_column_text el_class=\u00a0\u00bbequipe-orange\u00a0\u00bb]<\/p>\n<h5>Profil Express<\/h5>\n<p>[\/vc_column_text][vc_column_text]<\/p>\n<ul>\n<li>Ma\u00eetrise de sciences humaines, sp\u00e9cialis\u00e9e en philosophie, \u00e0 l\u2019universit\u00e9 de la Sorbonne<\/li>\n<li>Formation au Cnam Grand Est en Ressources Humaines<\/li>\n<li>Expertise plurielle en cabinet de recrutement, cabinet Int\u00e9rim et en entreprise.<\/li>\n<li>Domaines de pr\u00e9dilection : la mode, le luxe, l\u2019h\u00f4tellerie\/restauration<\/li>\n<\/ul>\n<p>[\/vc_column_text][\/vc_column][\/vc_row][vc_row unlock_row_content=\u00a0\u00bbyes\u00a0\u00bb row_height_percent=\u00a0\u00bb0&Prime; override_padding=\u00a0\u00bbyes\u00a0\u00bb h_padding=\u00a0\u00bb0&Prime; top_padding=\u00a0\u00bb0&Prime; bottom_padding=\u00a0\u00bb0&Prime; overlay_alpha=\u00a0\u00bb100&Prime; gutter_size=\u00a0\u00bb0&Prime; style=\u00a0\u00bbinherited\u00a0\u00bb][\/vc_row][vc_row unlock_row_content=\u00a0\u00bbyes\u00a0\u00bb row_height_percent=\u00a0\u00bb0&Prime; override_padding=\u00a0\u00bbyes\u00a0\u00bb h_padding=\u00a0\u00bb0&Prime; top_padding=\u00a0\u00bb0&Prime; bottom_padding=\u00a0\u00bb0&Prime; overlay_alpha=\u00a0\u00bb50&Prime; equal_height=\u00a0\u00bbyes\u00a0\u00bb gutter_size=\u00a0\u00bb0&Prime; shift_y=\u00a0\u00bb0&Prime;][\/vc_row][vc_row unlock_row_content=\u00a0\u00bbyes\u00a0\u00bb row_height_percent=\u00a0\u00bb0&Prime; override_padding=\u00a0\u00bbyes\u00a0\u00bb h_padding=\u00a0\u00bb0&Prime; top_padding=\u00a0\u00bb0&Prime; bottom_padding=\u00a0\u00bb0&Prime; overlay_alpha=\u00a0\u00bb100&Prime; gutter_size=\u00a0\u00bb0&Prime; style=\u00a0\u00bbinherited\u00a0\u00bb][\/vc_row][vc_row unlock_row_content=\u00a0\u00bbyes\u00a0\u00bb row_height_percent=\u00a0\u00bb0&Prime; override_padding=\u00a0\u00bbyes\u00a0\u00bb h_padding=\u00a0\u00bb0&Prime; top_padding=\u00a0\u00bb0&Prime; bottom_padding=\u00a0\u00bb0&Prime; overlay_alpha=\u00a0\u00bb50&Prime; equal_height=\u00a0\u00bbyes\u00a0\u00bb gutter_size=\u00a0\u00bb0&Prime; shift_y=\u00a0\u00bb0&Prime;][\/vc_row][vc_row unlock_row_content=\u00a0\u00bbyes\u00a0\u00bb row_height_percent=\u00a0\u00bb0&Prime; override_padding=\u00a0\u00bbyes\u00a0\u00bb h_padding=\u00a0\u00bb0&Prime; top_padding=\u00a0\u00bb0&Prime; bottom_padding=\u00a0\u00bb0&Prime; overlay_alpha=\u00a0\u00bb100&Prime; gutter_size=\u00a0\u00bb0&Prime; style=\u00a0\u00bbinherited\u00a0\u00bb][\/vc_row][vc_row unlock_row_content=\u00a0\u00bbyes\u00a0\u00bb row_height_percent=\u00a0\u00bb0&Prime; override_padding=\u00a0\u00bbyes\u00a0\u00bb h_padding=\u00a0\u00bb0&Prime; top_padding=\u00a0\u00bb0&Prime; bottom_padding=\u00a0\u00bb0&Prime; overlay_alpha=\u00a0\u00bb50&Prime; equal_height=\u00a0\u00bbyes\u00a0\u00bb gutter_size=\u00a0\u00bb0&Prime; shift_y=\u00a0\u00bb0&Prime;][\/vc_row][vc_row unlock_row_content=\u00a0\u00bbyes\u00a0\u00bb row_height_percent=\u00a0\u00bb0&Prime; override_padding=\u00a0\u00bbyes\u00a0\u00bb h_padding=\u00a0\u00bb0&Prime; top_padding=\u00a0\u00bb0&Prime; bottom_padding=\u00a0\u00bb0&Prime; overlay_alpha=\u00a0\u00bb100&Prime; gutter_size=\u00a0\u00bb0&Prime; style=\u00a0\u00bbinherited\u00a0\u00bb][\/vc_row][vc_row unlock_row_content=\u00a0\u00bbyes\u00a0\u00bb row_height_percent=\u00a0\u00bb0&Prime; override_padding=\u00a0\u00bbyes\u00a0\u00bb h_padding=\u00a0\u00bb0&Prime; top_padding=\u00a0\u00bb0&Prime; bottom_padding=\u00a0\u00bb0&Prime; overlay_alpha=\u00a0\u00bb50&Prime; equal_height=\u00a0\u00bbyes\u00a0\u00bb gutter_size=\u00a0\u00bb0&Prime; shift_y=\u00a0\u00bb0&Prime;][\/vc_row][vc_row row_height_percent=\u00a0\u00bb0&Prime; override_padding=\u00a0\u00bbyes\u00a0\u00bb h_padding=\u00a0\u00bb2&Prime; top_padding=\u00a0\u00bb2&Prime; bottom_padding=\u00a0\u00bb3&Prime; overlay_alpha=\u00a0\u00bb50&Prime; gutter_size=\u00a0\u00bb3&Prime; column_width_percent=\u00a0\u00bb100&Prime; shift_y=\u00a0\u00bb0&Prime; z_index=\u00a0\u00bb0&Prime;][vc_column column_width_percent=\u00a0\u00bb100&Prime; align_horizontal=\u00a0\u00bbalign_center\u00a0\u00bb gutter_size=\u00a0\u00bb3&Prime; overlay_alpha=\u00a0\u00bb50&Prime; shift_x=\u00a0\u00bb0&Prime; shift_y=\u00a0\u00bb0&Prime; shift_y_down=\u00a0\u00bb0&Prime; z_index=\u00a0\u00bb0&Prime; align_medium=\u00a0\u00bbalign_center_tablet\u00a0\u00bb medium_width=\u00a0\u00bb0&Prime; align_mobile=\u00a0\u00bbalign_center_mobile\u00a0\u00bb mobile_width=\u00a0\u00bb0&Prime; width=\u00a0\u00bb1\/1&Prime;][vc_button border_width=\u00a0\u00bb0&Prime; link=\u00a0\u00bburl:%2Ffr%2Fnos-consultants-experts-hotellerie-restauration|||\u00a0\u00bb el_class=\u00a0\u00bbbouton-rouge\u00a0\u00bb]Revenir \u00e0 l&rsquo;\u00e9quipe[\/vc_button][\/vc_column][\/vc_row][vc_row][vc_column width=\u00a0\u00bb1\/1&Prime;][uncode_block id=\u00a0\u00bb66440&Prime;][\/vc_column][\/vc_row][vc_row][vc_column width=\u00a0\u00bb1\/1&Prime;][uncode_block id=\u00a0\u00bb66408&Prime;][\/vc_column][\/vc_row]<\/p>\n<\/div>","protected":false},"excerpt":{"rendered":"<p>[vc_row row_height_percent=\u00a0\u00bb0&Prime; override_padding=\u00a0\u00bbyes\u00a0\u00bb h_padding=\u00a0\u00bb2&Prime; top_padding=\u00a0\u00bb3&Prime; bottom_padding=\u00a0\u00bb3&Prime; back_color=\u00a0\u00bbcolor-204591&Prime; overlay_alpha=\u00a0\u00bb100&Prime; equal_height=\u00a0\u00bbyes\u00a0\u00bb gutter_size=\u00a0\u00bb4&Prime; column_width_percent=\u00a0\u00bb100&Prime; shift_y=\u00a0\u00bb0&Prime; z_index=\u00a0\u00bb0&Prime; style=\u00a0\u00bbinherited\u00a0\u00bb][vc_column column_width_percent=\u00a0\u00bb100&Prime; gutter_size=\u00a0\u00bb3&Prime; overlay_alpha=\u00a0\u00bb50&Prime; shift_x=\u00a0\u00bb0&Prime; shift_y=\u00a0\u00bb0&Prime; shift_y_down=\u00a0\u00bb0&Prime; [&hellip;]<\/p>\n","protected":false},"author":1,"featured_media":0,"parent":0,"menu_order":0,"comment_status":"closed","ping_status":"closed","template":"","meta":{"footnotes":""},"class_list":["post-75258","page","type-page","status-publish","hentry"],"yoast_head":"<!-- This site is optimized with the Yoast SEO plugin v27.4 - https:\/\/yoast.com\/product\/yoast-seo-wordpress\/ -->\n<title>Sandra Dupuy chargee de recherche \u2013 AJ Conseil Recrutement &amp; RH<\/title>\n<meta name=\"description\" content=\"D\u00e9couvrez le parcours professionnel d\u2019Alice Girod, charg\u00e9e de recherche au sein du cabinet AJ Conseil Recrutement &amp; RH, \u00e0 Paris.\" \/>\n<meta name=\"robots\" content=\"index, follow, max-snippet:-1, max-image-preview:large, max-video-preview:-1\" \/>\n<link rel=\"canonical\" href=\"https:\/\/www.ajconseil.fr\/fr\/sabrina-vely\/\" \/>\n<meta property=\"og:locale\" content=\"fr_FR\" \/>\n<meta property=\"og:type\" content=\"article\" \/>\n<meta property=\"og:title\" content=\"Sandra Dupuy chargee de recherche \u2013 AJ Conseil Recrutement &amp; RH\" \/>\n<meta property=\"og:description\" content=\"D\u00e9couvrez le parcours professionnel d\u2019Alice Girod, charg\u00e9e de recherche au sein du cabinet AJ Conseil Recrutement &amp; RH, \u00e0 Paris.\" \/>\n<meta property=\"og:url\" content=\"https:\/\/www.ajconseil.fr\/fr\/sabrina-vely\/\" \/>\n<meta property=\"og:site_name\" content=\"AJ Conseil\" \/>\n<meta property=\"article:modified_time\" content=\"2023-07-21T07:12:46+00:00\" \/>\n<meta name=\"twitter:card\" content=\"summary_large_image\" \/>\n<meta name=\"twitter:label1\" content=\"Dur\u00e9e de lecture estim\u00e9e\" \/>\n\t<meta name=\"twitter:data1\" content=\"2 minutes\" \/>\n<script type=\"application\/ld+json\" class=\"yoast-schema-graph\">{\"@context\":\"https:\\\/\\\/schema.org\",\"@graph\":[{\"@type\":\"WebPage\",\"@id\":\"https:\\\/\\\/www.ajconseil.fr\\\/fr\\\/sabrina-vely\\\/\",\"url\":\"https:\\\/\\\/www.ajconseil.fr\\\/fr\\\/sabrina-vely\\\/\",\"name\":\"Sandra Dupuy chargee de recherche \u2013 AJ Conseil Recrutement & RH\",\"isPartOf\":{\"@id\":\"https:\\\/\\\/www.ajconseil.fr\\\/fr\\\/#website\"},\"datePublished\":\"2022-06-24T07:26:59+00:00\",\"dateModified\":\"2023-07-21T07:12:46+00:00\",\"description\":\"D\u00e9couvrez le parcours professionnel d\u2019Alice Girod, charg\u00e9e de recherche au sein du cabinet AJ Conseil Recrutement & RH, \u00e0 Paris.\",\"breadcrumb\":{\"@id\":\"https:\\\/\\\/www.ajconseil.fr\\\/fr\\\/sabrina-vely\\\/#breadcrumb\"},\"inLanguage\":\"fr-FR\",\"potentialAction\":[{\"@type\":\"ReadAction\",\"target\":[\"https:\\\/\\\/www.ajconseil.fr\\\/fr\\\/sabrina-vely\\\/\"]}]},{\"@type\":\"BreadcrumbList\",\"@id\":\"https:\\\/\\\/www.ajconseil.fr\\\/fr\\\/sabrina-vely\\\/#breadcrumb\",\"itemListElement\":[{\"@type\":\"ListItem\",\"position\":1,\"name\":\"Accueil\",\"item\":\"https:\\\/\\\/www.ajconseil.fr\\\/fr\\\/\"},{\"@type\":\"ListItem\",\"position\":2,\"name\":\"Sabrina VELY\"}]},{\"@type\":\"WebSite\",\"@id\":\"https:\\\/\\\/www.ajconseil.fr\\\/fr\\\/#website\",\"url\":\"https:\\\/\\\/www.ajconseil.fr\\\/fr\\\/\",\"name\":\"AJ Conseil\",\"description\":\"\",\"potentialAction\":[{\"@type\":\"SearchAction\",\"target\":{\"@type\":\"EntryPoint\",\"urlTemplate\":\"https:\\\/\\\/www.ajconseil.fr\\\/fr\\\/?s={search_term_string}\"},\"query-input\":{\"@type\":\"PropertyValueSpecification\",\"valueRequired\":true,\"valueName\":\"search_term_string\"}}],\"inLanguage\":\"fr-FR\"}]}<\/script>\n<!-- \/ Yoast SEO plugin. -->","yoast_head_json":{"title":"Sandra Dupuy chargee de recherche \u2013 AJ Conseil Recrutement & RH","description":"D\u00e9couvrez le parcours professionnel d\u2019Alice Girod, charg\u00e9e de recherche au sein du cabinet AJ Conseil Recrutement & RH, \u00e0 Paris.","robots":{"index":"index","follow":"follow","max-snippet":"max-snippet:-1","max-image-preview":"max-image-preview:large","max-video-preview":"max-video-preview:-1"},"canonical":"https:\/\/www.ajconseil.fr\/fr\/sabrina-vely\/","og_locale":"fr_FR","og_type":"article","og_title":"Sandra Dupuy chargee de recherche \u2013 AJ Conseil Recrutement & RH","og_description":"D\u00e9couvrez le parcours professionnel d\u2019Alice Girod, charg\u00e9e de recherche au sein du cabinet AJ Conseil Recrutement & RH, \u00e0 Paris.","og_url":"https:\/\/www.ajconseil.fr\/fr\/sabrina-vely\/","og_site_name":"AJ Conseil","article_modified_time":"2023-07-21T07:12:46+00:00","twitter_card":"summary_large_image","twitter_misc":{"Dur\u00e9e de lecture estim\u00e9e":"2 minutes"},"schema":{"@context":"https:\/\/schema.org","@graph":[{"@type":"WebPage","@id":"https:\/\/www.ajconseil.fr\/fr\/sabrina-vely\/","url":"https:\/\/www.ajconseil.fr\/fr\/sabrina-vely\/","name":"Sandra Dupuy chargee de recherche \u2013 AJ Conseil Recrutement & RH","isPartOf":{"@id":"https:\/\/www.ajconseil.fr\/fr\/#website"},"datePublished":"2022-06-24T07:26:59+00:00","dateModified":"2023-07-21T07:12:46+00:00","description":"D\u00e9couvrez le parcours professionnel d\u2019Alice Girod, charg\u00e9e de recherche au sein du cabinet AJ Conseil Recrutement & RH, \u00e0 Paris.","breadcrumb":{"@id":"https:\/\/www.ajconseil.fr\/fr\/sabrina-vely\/#breadcrumb"},"inLanguage":"fr-FR","potentialAction":[{"@type":"ReadAction","target":["https:\/\/www.ajconseil.fr\/fr\/sabrina-vely\/"]}]},{"@type":"BreadcrumbList","@id":"https:\/\/www.ajconseil.fr\/fr\/sabrina-vely\/#breadcrumb","itemListElement":[{"@type":"ListItem","position":1,"name":"Accueil","item":"https:\/\/www.ajconseil.fr\/fr\/"},{"@type":"ListItem","position":2,"name":"Sabrina VELY"}]},{"@type":"WebSite","@id":"https:\/\/www.ajconseil.fr\/fr\/#website","url":"https:\/\/www.ajconseil.fr\/fr\/","name":"AJ Conseil","description":"","potentialAction":[{"@type":"SearchAction","target":{"@type":"EntryPoint","urlTemplate":"https:\/\/www.ajconseil.fr\/fr\/?s={search_term_string}"},"query-input":{"@type":"PropertyValueSpecification","valueRequired":true,"valueName":"search_term_string"}}],"inLanguage":"fr-FR"}]}},"_links":{"self":[{"href":"https:\/\/www.ajconseil.fr\/fr\/wp-json\/wp\/v2\/pages\/75258","targetHints":{"allow":["GET"]}}],"collection":[{"href":"https:\/\/www.ajconseil.fr\/fr\/wp-json\/wp\/v2\/pages"}],"about":[{"href":"https:\/\/www.ajconseil.fr\/fr\/wp-json\/wp\/v2\/types\/page"}],"author":[{"embeddable":true,"href":"https:\/\/www.ajconseil.fr\/fr\/wp-json\/wp\/v2\/users\/1"}],"replies":[{"embeddable":true,"href":"https:\/\/www.ajconseil.fr\/fr\/wp-json\/wp\/v2\/comments?post=75258"}],"version-history":[{"count":6,"href":"https:\/\/www.ajconseil.fr\/fr\/wp-json\/wp\/v2\/pages\/75258\/revisions"}],"predecessor-version":[{"id":76547,"href":"https:\/\/www.ajconseil.fr\/fr\/wp-json\/wp\/v2\/pages\/75258\/revisions\/76547"}],"wp:attachment":[{"href":"https:\/\/www.ajconseil.fr\/fr\/wp-json\/wp\/v2\/media?parent=75258"}],"curies":[{"name":"wp","href":"https:\/\/api.w.org\/{rel}","templated":true}]}}