{"id":74033,"date":"2020-11-03T17:36:28","date_gmt":"2020-11-03T16:36:28","guid":{"rendered":"https:\/\/www.ajconseil.fr\/?page_id=74033"},"modified":"2023-07-18T10:59:53","modified_gmt":"2023-07-18T08:59:53","slug":"bilan-dynamique-de-carriere","status":"publish","type":"page","link":"https:\/\/www.ajconseil.fr\/fr\/bilan-dynamique-de-carriere\/","title":{"rendered":"Bilan dynamique de carri\u00e8re"},"content":{"rendered":"<div class=\"wpb-content-wrapper\"><p>[vc_row row_height_percent=\u00a0\u00bb0&Prime; override_padding=\u00a0\u00bbyes\u00a0\u00bb h_padding=\u00a0\u00bb2&Prime; top_padding=\u00a0\u00bb1&Prime; bottom_padding=\u00a0\u00bb3&Prime; overlay_alpha=\u00a0\u00bb100&Prime; gutter_size=\u00a0\u00bb100&Prime; column_width_percent=\u00a0\u00bb100&Prime; shift_y=\u00a0\u00bb0&Prime; z_index=\u00a0\u00bb0&Prime; style=\u00a0\u00bbinherited\u00a0\u00bb el_class=\u00a0\u00bbrow-specialisation-recrutement\u00a0\u00bb css=\u00a0\u00bb.vc_custom_1604421372817{margin-top: 50px !important;}\u00a0\u00bb][vc_column column_width_percent=\u00a0\u00bb100&Prime; gutter_size=\u00a0\u00bb3&Prime; overlay_alpha=\u00a0\u00bb50&Prime; shift_x=\u00a0\u00bb0&Prime; shift_y=\u00a0\u00bb0&Prime; shift_y_down=\u00a0\u00bb0&Prime; z_index=\u00a0\u00bb0&Prime; medium_width=\u00a0\u00bb0&Prime; mobile_width=\u00a0\u00bb0&Prime; width=\u00a0\u00bb1\/2&Prime; el_class=\u00a0\u00bbboite-engagement\u00a0\u00bb][vc_icon position=\u00a0\u00bbleft\u00a0\u00bb icon_image=\u00a0\u00bb76478&Prime;][\/vc_icon][vc_custom_heading text_size=\u00a0\u00bb\u00a0\u00bb separator=\u00a0\u00bbyes\u00a0\u00bb el_class=\u00a0\u00bbtitre-row\u00a0\u00bb]Demande et objectifs[\/vc_custom_heading][vc_column_text]Vous souhaitez mettre en \u0153uvre une d\u00e9marche \u00ab employabilit\u00e9 \u00bb dans votre Entreprise visant \u00e0 :[\/vc_column_text][uncode_list icon=\u00a0\u00bbfa fa-check2&Prime;]<\/p>\n<ul>\n<li><strong>Faire un point sur les comp\u00e9tences de l\u2019un ou plusieurs salari\u00e9s<\/strong><\/li>\n<li><strong>D\u00e9terminer les possibilit\u00e9s d\u2019\u00e9volution ou de repositionnement<\/strong><\/li>\n<li><strong>Envisager un plan de progression<\/strong><\/li>\n<\/ul>\n<p>[\/uncode_list][\/vc_column][vc_column width=\u00a0\u00bb1\/2&Prime;][vc_icon position=\u00a0\u00bbleft\u00a0\u00bb icon_image=\u00a0\u00bb76480&Prime;][\/vc_icon][vc_custom_heading text_size=\u00a0\u00bb\u00a0\u00bb separator=\u00a0\u00bbyes\u00a0\u00bb el_class=\u00a0\u00bbtitre-row\u00a0\u00bb]M\u00e9thodologie[\/vc_custom_heading][uncode_list icon=\u00a0\u00bbfa fa-check2&Prime;]<\/p>\n<ul>\n<li><strong>Entretien individuel (dur\u00e9e entre 1h30 \u00e0 2h) : parcours, motivations, valeurs, int\u00e9r\u00eats.<\/strong><\/li>\n<li><strong>Test de personnalit\u00e9 : cette d\u00e9marche permet de mettre en \u00e9vidence les caract\u00e9ristiques de la personne, la gestion du changement, la gestion de soi, la gestion des autres, le mode de perception. Le test utilis\u00e9 est le CTPI-R. Il est d\u00e9velopp\u00e9 par Central Test.<\/strong><\/li>\n<\/ul>\n<p>[\/uncode_list][\/vc_column][\/vc_row][vc_row row_height_percent=\u00a0\u00bb0&Prime; override_padding=\u00a0\u00bbyes\u00a0\u00bb h_padding=\u00a0\u00bb2&Prime; top_padding=\u00a0\u00bb1&Prime; bottom_padding=\u00a0\u00bb3&Prime; overlay_alpha=\u00a0\u00bb100&Prime; gutter_size=\u00a0\u00bb100&Prime; column_width_percent=\u00a0\u00bb100&Prime; shift_y=\u00a0\u00bb0&Prime; z_index=\u00a0\u00bb0&Prime; style=\u00a0\u00bbinherited\u00a0\u00bb el_class=\u00a0\u00bbrow-specialisation-recrutement\u00a0\u00bb][vc_column column_width_percent=\u00a0\u00bb100&Prime; gutter_size=\u00a0\u00bb3&Prime; overlay_alpha=\u00a0\u00bb50&Prime; shift_x=\u00a0\u00bb0&Prime; shift_y=\u00a0\u00bb0&Prime; shift_y_down=\u00a0\u00bb0&Prime; z_index=\u00a0\u00bb0&Prime; medium_width=\u00a0\u00bb0&Prime; mobile_width=\u00a0\u00bb0&Prime; width=\u00a0\u00bb1\/1&Prime; el_class=\u00a0\u00bbboite-engagement\u00a0\u00bb][vc_icon position=\u00a0\u00bbleft\u00a0\u00bb icon_image=\u00a0\u00bb76482&Prime;][\/vc_icon][vc_custom_heading text_size=\u00a0\u00bb\u00a0\u00bb separator=\u00a0\u00bbyes\u00a0\u00bb el_class=\u00a0\u00bbtitre-row\u00a0\u00bb]Compte-Rendu[\/vc_custom_heading][vc_column_text]AJ CONSEIL vous livrera un compte-rendu montrant\u00a0pour chaque salari\u00e9 concern\u00e9 :[\/vc_column_text][uncode_list icon=\u00a0\u00bbfa fa-check2&Prime;]<\/p>\n<ul>\n<li><strong>Le contexte<\/strong><\/li>\n<li><strong>Vos demandes et objectifs<\/strong><\/li>\n<li><strong>Le profil du salari\u00e9 et son parcours<\/strong><\/li>\n<li><strong>Les dimensions recherch\u00e9es \u00e0 partir de sa fiche de poste et\/ou description de fonction<\/strong><\/li>\n<li><strong>Les motivations<\/strong><\/li>\n<li><strong>Les comp\u00e9tences rep\u00e9r\u00e9es<\/strong><\/li>\n<li><strong>Une proposition de plan d\u2019Actions<\/strong><\/li>\n<\/ul>\n<p>[\/uncode_list][\/vc_column][\/vc_row][vc_row][vc_column width=\u00a0\u00bb2\/3&Prime;][vc_column_text]<strong>Vous souhaitez des informations sur notre bilan dynamique de carri\u00e8re\u00a0?<\/strong><br \/>\n<strong>Rien n\u2019est plus simple, adressez une demande avec vos coordonn\u00e9es<\/strong>[\/vc_column_text][\/vc_column][vc_column width=\u00a0\u00bb1\/3&Prime;][vc_button border_width=\u00a0\u00bb0&Prime; link=\u00a0\u00bburl:%2Ffr%2Fdemandebilan%2F\u00a0\u00bb]En savoir plus[\/vc_button][\/vc_column][\/vc_row][vc_row unlock_row_content=\u00a0\u00bbyes\u00a0\u00bb row_height_percent=\u00a0\u00bb0&Prime; override_padding=\u00a0\u00bbyes\u00a0\u00bb h_padding=\u00a0\u00bb0&Prime; top_padding=\u00a0\u00bb0&Prime; bottom_padding=\u00a0\u00bb0&Prime; overlay_alpha=\u00a0\u00bb100&Prime; gutter_size=\u00a0\u00bb0&Prime; style=\u00a0\u00bbinherited\u00a0\u00bb][\/vc_row][vc_row unlock_row_content=\u00a0\u00bbyes\u00a0\u00bb row_height_percent=\u00a0\u00bb0&Prime; override_padding=\u00a0\u00bbyes\u00a0\u00bb h_padding=\u00a0\u00bb0&Prime; top_padding=\u00a0\u00bb0&Prime; bottom_padding=\u00a0\u00bb0&Prime; overlay_alpha=\u00a0\u00bb50&Prime; equal_height=\u00a0\u00bbyes\u00a0\u00bb gutter_size=\u00a0\u00bb0&Prime; shift_y=\u00a0\u00bb0&Prime;][\/vc_row][vc_row unlock_row_content=\u00a0\u00bbyes\u00a0\u00bb row_height_percent=\u00a0\u00bb0&Prime; override_padding=\u00a0\u00bbyes\u00a0\u00bb h_padding=\u00a0\u00bb0&Prime; top_padding=\u00a0\u00bb0&Prime; bottom_padding=\u00a0\u00bb0&Prime; overlay_alpha=\u00a0\u00bb100&Prime; gutter_size=\u00a0\u00bb0&Prime; style=\u00a0\u00bbinherited\u00a0\u00bb][\/vc_row][vc_row unlock_row_content=\u00a0\u00bbyes\u00a0\u00bb row_height_percent=\u00a0\u00bb0&Prime; override_padding=\u00a0\u00bbyes\u00a0\u00bb h_padding=\u00a0\u00bb0&Prime; top_padding=\u00a0\u00bb0&Prime; bottom_padding=\u00a0\u00bb0&Prime; overlay_alpha=\u00a0\u00bb50&Prime; equal_height=\u00a0\u00bbyes\u00a0\u00bb gutter_size=\u00a0\u00bb0&Prime; shift_y=\u00a0\u00bb0&Prime;][\/vc_row][vc_row][vc_column width=\u00a0\u00bb1\/1&Prime;][uncode_block id=\u00a0\u00bb66430&Prime;][\/vc_column][\/vc_row][vc_row][vc_column width=\u00a0\u00bb1\/1&Prime;][uncode_block id=\u00a0\u00bb66408&Prime;][\/vc_column][\/vc_row]<\/p>\n<\/div>","protected":false},"excerpt":{"rendered":"<p>[vc_row row_height_percent=\u00a0\u00bb0&Prime; override_padding=\u00a0\u00bbyes\u00a0\u00bb h_padding=\u00a0\u00bb2&Prime; top_padding=\u00a0\u00bb1&Prime; bottom_padding=\u00a0\u00bb3&Prime; overlay_alpha=\u00a0\u00bb100&Prime; gutter_size=\u00a0\u00bb100&Prime; column_width_percent=\u00a0\u00bb100&Prime; shift_y=\u00a0\u00bb0&Prime; z_index=\u00a0\u00bb0&Prime; style=\u00a0\u00bbinherited\u00a0\u00bb el_class=\u00a0\u00bbrow-specialisation-recrutement\u00a0\u00bb css=\u00a0\u00bb.vc_custom_1604421372817{margin-top: 50px !important;}\u00a0\u00bb][vc_column column_width_percent=\u00a0\u00bb100&Prime; gutter_size=\u00a0\u00bb3&Prime; overlay_alpha=\u00a0\u00bb50&Prime; shift_x=\u00a0\u00bb0&Prime; [&hellip;]<\/p>\n","protected":false},"author":1,"featured_media":0,"parent":0,"menu_order":0,"comment_status":"closed","ping_status":"closed","template":"","meta":{"footnotes":""},"class_list":["post-74033","page","type-page","status-publish","hentry"],"yoast_head":"<!-- This site is optimized with the Yoast SEO plugin v27.4 - https:\/\/yoast.com\/product\/yoast-seo-wordpress\/ -->\n<title>Recrutement Hotellerie Restauration - AJ Conseil Recrutement &amp; RH<\/title>\n<meta name=\"description\" content=\"AJ Conseil Recrutement &amp; RH - chasseur de t\u00eates leader de l&#039;emploi cadre en h\u00f4tellerie-restauration, luxe et tourisme - depuis 1993. Rencontrons-nous vite.\" \/>\n<meta name=\"robots\" content=\"index, follow, max-snippet:-1, max-image-preview:large, max-video-preview:-1\" \/>\n<link rel=\"canonical\" href=\"https:\/\/www.ajconseil.fr\/fr\/bilan-dynamique-de-carriere\/\" \/>\n<meta property=\"og:locale\" content=\"fr_FR\" \/>\n<meta property=\"og:type\" content=\"article\" \/>\n<meta property=\"og:title\" content=\"Recrutement Hotellerie Restauration - AJ Conseil Recrutement &amp; RH\" \/>\n<meta property=\"og:description\" content=\"AJ Conseil Recrutement &amp; RH - chasseur de t\u00eates leader de l&#039;emploi cadre en h\u00f4tellerie-restauration, luxe et tourisme - depuis 1993. Rencontrons-nous vite.\" \/>\n<meta property=\"og:url\" content=\"https:\/\/www.ajconseil.fr\/fr\/bilan-dynamique-de-carriere\/\" \/>\n<meta property=\"og:site_name\" content=\"AJ Conseil\" \/>\n<meta property=\"article:modified_time\" content=\"2023-07-18T08:59:53+00:00\" \/>\n<meta name=\"twitter:card\" content=\"summary_large_image\" \/>\n<meta name=\"twitter:label1\" content=\"Dur\u00e9e de lecture estim\u00e9e\" \/>\n\t<meta name=\"twitter:data1\" content=\"2 minutes\" \/>\n<script type=\"application\/ld+json\" class=\"yoast-schema-graph\">{\"@context\":\"https:\\\/\\\/schema.org\",\"@graph\":[{\"@type\":\"WebPage\",\"@id\":\"https:\\\/\\\/www.ajconseil.fr\\\/fr\\\/bilan-dynamique-de-carriere\\\/\",\"url\":\"https:\\\/\\\/www.ajconseil.fr\\\/fr\\\/bilan-dynamique-de-carriere\\\/\",\"name\":\"Recrutement Hotellerie Restauration - AJ Conseil Recrutement & RH\",\"isPartOf\":{\"@id\":\"https:\\\/\\\/www.ajconseil.fr\\\/fr\\\/#website\"},\"datePublished\":\"2020-11-03T16:36:28+00:00\",\"dateModified\":\"2023-07-18T08:59:53+00:00\",\"description\":\"AJ Conseil Recrutement & RH - chasseur de t\u00eates leader de l'emploi cadre en h\u00f4tellerie-restauration, luxe et tourisme - depuis 1993. Rencontrons-nous vite.\",\"breadcrumb\":{\"@id\":\"https:\\\/\\\/www.ajconseil.fr\\\/fr\\\/bilan-dynamique-de-carriere\\\/#breadcrumb\"},\"inLanguage\":\"fr-FR\",\"potentialAction\":[{\"@type\":\"ReadAction\",\"target\":[\"https:\\\/\\\/www.ajconseil.fr\\\/fr\\\/bilan-dynamique-de-carriere\\\/\"]}]},{\"@type\":\"BreadcrumbList\",\"@id\":\"https:\\\/\\\/www.ajconseil.fr\\\/fr\\\/bilan-dynamique-de-carriere\\\/#breadcrumb\",\"itemListElement\":[{\"@type\":\"ListItem\",\"position\":1,\"name\":\"Accueil\",\"item\":\"https:\\\/\\\/www.ajconseil.fr\\\/fr\\\/\"},{\"@type\":\"ListItem\",\"position\":2,\"name\":\"Bilan dynamique de carri\u00e8re\"}]},{\"@type\":\"WebSite\",\"@id\":\"https:\\\/\\\/www.ajconseil.fr\\\/fr\\\/#website\",\"url\":\"https:\\\/\\\/www.ajconseil.fr\\\/fr\\\/\",\"name\":\"AJ Conseil\",\"description\":\"\",\"potentialAction\":[{\"@type\":\"SearchAction\",\"target\":{\"@type\":\"EntryPoint\",\"urlTemplate\":\"https:\\\/\\\/www.ajconseil.fr\\\/fr\\\/?s={search_term_string}\"},\"query-input\":{\"@type\":\"PropertyValueSpecification\",\"valueRequired\":true,\"valueName\":\"search_term_string\"}}],\"inLanguage\":\"fr-FR\"}]}<\/script>\n<!-- \/ Yoast SEO plugin. -->","yoast_head_json":{"title":"Recrutement Hotellerie Restauration - AJ Conseil Recrutement & RH","description":"AJ Conseil Recrutement & RH - chasseur de t\u00eates leader de l'emploi cadre en h\u00f4tellerie-restauration, luxe et tourisme - depuis 1993. Rencontrons-nous vite.","robots":{"index":"index","follow":"follow","max-snippet":"max-snippet:-1","max-image-preview":"max-image-preview:large","max-video-preview":"max-video-preview:-1"},"canonical":"https:\/\/www.ajconseil.fr\/fr\/bilan-dynamique-de-carriere\/","og_locale":"fr_FR","og_type":"article","og_title":"Recrutement Hotellerie Restauration - AJ Conseil Recrutement & RH","og_description":"AJ Conseil Recrutement & RH - chasseur de t\u00eates leader de l'emploi cadre en h\u00f4tellerie-restauration, luxe et tourisme - depuis 1993. Rencontrons-nous vite.","og_url":"https:\/\/www.ajconseil.fr\/fr\/bilan-dynamique-de-carriere\/","og_site_name":"AJ Conseil","article_modified_time":"2023-07-18T08:59:53+00:00","twitter_card":"summary_large_image","twitter_misc":{"Dur\u00e9e de lecture estim\u00e9e":"2 minutes"},"schema":{"@context":"https:\/\/schema.org","@graph":[{"@type":"WebPage","@id":"https:\/\/www.ajconseil.fr\/fr\/bilan-dynamique-de-carriere\/","url":"https:\/\/www.ajconseil.fr\/fr\/bilan-dynamique-de-carriere\/","name":"Recrutement Hotellerie Restauration - AJ Conseil Recrutement & RH","isPartOf":{"@id":"https:\/\/www.ajconseil.fr\/fr\/#website"},"datePublished":"2020-11-03T16:36:28+00:00","dateModified":"2023-07-18T08:59:53+00:00","description":"AJ Conseil Recrutement & RH - chasseur de t\u00eates leader de l'emploi cadre en h\u00f4tellerie-restauration, luxe et tourisme - depuis 1993. Rencontrons-nous vite.","breadcrumb":{"@id":"https:\/\/www.ajconseil.fr\/fr\/bilan-dynamique-de-carriere\/#breadcrumb"},"inLanguage":"fr-FR","potentialAction":[{"@type":"ReadAction","target":["https:\/\/www.ajconseil.fr\/fr\/bilan-dynamique-de-carriere\/"]}]},{"@type":"BreadcrumbList","@id":"https:\/\/www.ajconseil.fr\/fr\/bilan-dynamique-de-carriere\/#breadcrumb","itemListElement":[{"@type":"ListItem","position":1,"name":"Accueil","item":"https:\/\/www.ajconseil.fr\/fr\/"},{"@type":"ListItem","position":2,"name":"Bilan dynamique de carri\u00e8re"}]},{"@type":"WebSite","@id":"https:\/\/www.ajconseil.fr\/fr\/#website","url":"https:\/\/www.ajconseil.fr\/fr\/","name":"AJ Conseil","description":"","potentialAction":[{"@type":"SearchAction","target":{"@type":"EntryPoint","urlTemplate":"https:\/\/www.ajconseil.fr\/fr\/?s={search_term_string}"},"query-input":{"@type":"PropertyValueSpecification","valueRequired":true,"valueName":"search_term_string"}}],"inLanguage":"fr-FR"}]}},"_links":{"self":[{"href":"https:\/\/www.ajconseil.fr\/fr\/wp-json\/wp\/v2\/pages\/74033","targetHints":{"allow":["GET"]}}],"collection":[{"href":"https:\/\/www.ajconseil.fr\/fr\/wp-json\/wp\/v2\/pages"}],"about":[{"href":"https:\/\/www.ajconseil.fr\/fr\/wp-json\/wp\/v2\/types\/page"}],"author":[{"embeddable":true,"href":"https:\/\/www.ajconseil.fr\/fr\/wp-json\/wp\/v2\/users\/1"}],"replies":[{"embeddable":true,"href":"https:\/\/www.ajconseil.fr\/fr\/wp-json\/wp\/v2\/comments?post=74033"}],"version-history":[{"count":2,"href":"https:\/\/www.ajconseil.fr\/fr\/wp-json\/wp\/v2\/pages\/74033\/revisions"}],"predecessor-version":[{"id":76490,"href":"https:\/\/www.ajconseil.fr\/fr\/wp-json\/wp\/v2\/pages\/74033\/revisions\/76490"}],"wp:attachment":[{"href":"https:\/\/www.ajconseil.fr\/fr\/wp-json\/wp\/v2\/media?parent=74033"}],"curies":[{"name":"wp","href":"https:\/\/api.w.org\/{rel}","templated":true}]}}