{"id":73798,"date":"2020-07-09T11:55:09","date_gmt":"2020-07-09T09:55:09","guid":{"rendered":"https:\/\/www.ajconseil.fr\/?page_id=73798"},"modified":"2023-07-18T10:04:36","modified_gmt":"2023-07-18T08:04:36","slug":"cecile-malbos","status":"publish","type":"page","link":"https:\/\/www.ajconseil.fr\/fr\/cecile-malbos\/","title":{"rendered":"C\u00e9cile Malbos"},"content":{"rendered":"<div class=\"wpb-content-wrapper\"><p>[vc_row row_height_percent=\u00a0\u00bb0&Prime; override_padding=\u00a0\u00bbyes\u00a0\u00bb h_padding=\u00a0\u00bb2&Prime; top_padding=\u00a0\u00bb3&Prime; bottom_padding=\u00a0\u00bb3&Prime; back_color=\u00a0\u00bbcolor-204591&Prime; overlay_alpha=\u00a0\u00bb100&Prime; equal_height=\u00a0\u00bbyes\u00a0\u00bb gutter_size=\u00a0\u00bb4&Prime; column_width_percent=\u00a0\u00bb100&Prime; shift_y=\u00a0\u00bb0&Prime; z_index=\u00a0\u00bb0&Prime; style=\u00a0\u00bbinherited\u00a0\u00bb][vc_column column_width_percent=\u00a0\u00bb100&Prime; gutter_size=\u00a0\u00bb3&Prime; overlay_alpha=\u00a0\u00bb50&Prime; shift_x=\u00a0\u00bb0&Prime; shift_y=\u00a0\u00bb0&Prime; shift_y_down=\u00a0\u00bb0&Prime; z_index=\u00a0\u00bb0&Prime; align_medium=\u00a0\u00bbalign_center_tablet\u00a0\u00bb medium_width=\u00a0\u00bb0&Prime; align_mobile=\u00a0\u00bbalign_center_mobile\u00a0\u00bb mobile_width=\u00a0\u00bb0&Prime; width=\u00a0\u00bb1\/2&Prime;][vc_single_image media=\u00a0\u00bb76184&Prime; media_width_percent=\u00a0\u00bb100&Prime;][vc_column_text el_class=\u00a0\u00bbequipe-orange\u00a0\u00bb]<\/p>\n<h4><span class=\"framboise\">Une journ\u00e9e r\u00e9ussie<\/span><\/h4>\n<p>[\/vc_column_text][vc_column_text]<\/p>\n<p align=\"JUSTIFY\"><b>D\u00e9nouer une situation<\/b>, trouver le candidat ad\u00e9quat ou une solution \u00e0 une probl\u00e9matique. Bref, avancer\u00a0!<\/p>\n<p>[\/vc_column_text][\/vc_column][vc_column column_width_percent=\u00a0\u00bb100&Prime; gutter_size=\u00a0\u00bb3&Prime; overlay_alpha=\u00a0\u00bb50&Prime; shift_x=\u00a0\u00bb0&Prime; shift_y=\u00a0\u00bb0&Prime; shift_y_down=\u00a0\u00bb0&Prime; z_index=\u00a0\u00bb0&Prime; medium_width=\u00a0\u00bb0&Prime; mobile_width=\u00a0\u00bb0&Prime; width=\u00a0\u00bb1\/2&Prime; el_class=\u00a0\u00bbbloc-portrait\u00a0\u00bb][vc_custom_heading separator=\u00a0\u00bbunder\u00a0\u00bb]Responsable d\u2019Agence[\/vc_custom_heading][vc_icon position=\u00a0\u00bbleft\u00a0\u00bb icon_image=\u00a0\u00bb66267&Prime; el_class=\u00a0\u00bbtelephone-bleu\u00a0\u00bb]06 42 74 52 51[\/vc_icon][vc_column_text el_class=\u00a0\u00bbequipe-orange\u00a0\u00bb]\u00abA chaque mission, une solution\u00a0!\u00bb<\/p>\n<p>C\u00e9cile est apte \u00e0 utiliser le test de personnalit\u00e9 CTPI-R \u00e9dit\u00e9 par Central-Test pour l\u2019\u00e9valuation des personnes[\/vc_column_text][vc_column_text el_class=\u00a0\u00bbequipe-orange\u00a0\u00bb]<\/p>\n<h4><span class=\"framboise\">Ses qualit\u00e9s<\/span><\/h4>\n<p>[\/vc_column_text][vc_column_text]<\/p>\n<p align=\"JUSTIFY\"><b>Impliqu\u00e9e, d\u00e9termin\u00e9e, travailleuse, courageuse<\/b>\u2026 C\u00e9cile n\u2019a pas peur de prendre des risques.<\/p>\n<p align=\"JUSTIFY\">Son aptitude \u00e0 <b>tisser du lien<\/b>, \u00e9valuer les besoins, \u00ab\u00a0sourcer\u00a0\u00bb les candidats et cr\u00e9er un climat de confiance lui permet d\u2019accomplir des performances.<\/p>\n<p>[\/vc_column_text][vc_empty_space empty_h=\u00a0\u00bb2&Prime;][vc_column_text el_class=\u00a0\u00bbequipe-orange\u00a0\u00bb]<\/p>\n<h4><span class=\"framboise\">Son moteur<\/span><\/h4>\n<p>[\/vc_column_text][vc_column_text]<\/p>\n<p align=\"JUSTIFY\">Son \u00e9nergie, sa personnalit\u00e9 et l\u2019action.<\/p>\n<p>[\/vc_column_text][vc_empty_space empty_h=\u00a0\u00bb2&Prime;][vc_column_text el_class=\u00a0\u00bbequipe-orange\u00a0\u00bb]<\/p>\n<h4><span class=\"framboise\">Ses forces<\/span><\/h4>\n<p>[\/vc_column_text][vc_column_text]<\/p>\n<p align=\"JUSTIFY\"><b>Une excellente connaissance des codes de l\u2019h\u00f4tellerie et des diff\u00e9rents postes d\u2019encadrement<\/b> lui font gagner du temps et cerner imm\u00e9diatement le besoin de ses clients et le profil des candidats.<\/p>\n<p align=\"JUSTIFY\"><b>Un suivi personnalis\u00e9\u00a0<\/b>: elle ne perd jamais de vue les candidats qu\u2019elle recrute\u00a0!<\/p>\n<p>[\/vc_column_text][vc_empty_space empty_h=\u00a0\u00bb2&Prime;][vc_column_text el_class=\u00a0\u00bbequipe-orange\u00a0\u00bb]<\/p>\n<h5>Profil Express<\/h5>\n<p>[\/vc_column_text][vc_column_text]<\/p>\n<ul>\n<li>L\u2019\u00e9cole h\u00f4teli\u00e8re de Lausanne.<\/li>\n<li>Une solide expertise des diff\u00e9rents m\u00e9tiers de l\u2019h\u00f4tellerie et notamment le management commercial.<\/li>\n<li>Une exp\u00e9rience de l\u2019h\u00f4tellerie de luxe international et de l\u2019immobilier de luxe au sein du groupe Hyatt, BNP Paribas Real Estate, l\u2019h\u00f4tel Radisson de Cannes.<\/li>\n<li>Cr\u00e9ation de l\u2019agence AJ Conseil bas\u00e9e \u00e0 Nice en f\u00e9vrier 2020.<\/li>\n<\/ul>\n<p>[\/vc_column_text][\/vc_column][\/vc_row][vc_row row_height_percent=\u00a0\u00bb0&Prime; override_padding=\u00a0\u00bbyes\u00a0\u00bb h_padding=\u00a0\u00bb2&Prime; top_padding=\u00a0\u00bb2&Prime; bottom_padding=\u00a0\u00bb3&Prime; overlay_alpha=\u00a0\u00bb50&Prime; gutter_size=\u00a0\u00bb3&Prime; column_width_percent=\u00a0\u00bb100&Prime; shift_y=\u00a0\u00bb0&Prime; z_index=\u00a0\u00bb0&Prime;][vc_column column_width_percent=\u00a0\u00bb100&Prime; align_horizontal=\u00a0\u00bbalign_center\u00a0\u00bb gutter_size=\u00a0\u00bb3&Prime; overlay_alpha=\u00a0\u00bb50&Prime; shift_x=\u00a0\u00bb0&Prime; shift_y=\u00a0\u00bb0&Prime; shift_y_down=\u00a0\u00bb0&Prime; z_index=\u00a0\u00bb0&Prime; medium_width=\u00a0\u00bb0&Prime; mobile_width=\u00a0\u00bb0&Prime; width=\u00a0\u00bb1\/1&Prime;][vc_button border_width=\u00a0\u00bb0&Prime; link=\u00a0\u00bburl:%2Ffr%2Fnos-consultants-experts-hotellerie-restauration|||\u00a0\u00bb el_class=\u00a0\u00bbbouton-rouge\u00a0\u00bb]Revenir \u00e0 l&rsquo;\u00e9quipe[\/vc_button][\/vc_column][\/vc_row][vc_row unlock_row_content=\u00a0\u00bbyes\u00a0\u00bb row_height_percent=\u00a0\u00bb0&Prime; override_padding=\u00a0\u00bbyes\u00a0\u00bb h_padding=\u00a0\u00bb0&Prime; top_padding=\u00a0\u00bb0&Prime; bottom_padding=\u00a0\u00bb0&Prime; overlay_alpha=\u00a0\u00bb100&Prime; gutter_size=\u00a0\u00bb0&Prime; style=\u00a0\u00bbinherited\u00a0\u00bb][\/vc_row][vc_row unlock_row_content=\u00a0\u00bbyes\u00a0\u00bb row_height_percent=\u00a0\u00bb0&Prime; override_padding=\u00a0\u00bbyes\u00a0\u00bb h_padding=\u00a0\u00bb0&Prime; top_padding=\u00a0\u00bb0&Prime; bottom_padding=\u00a0\u00bb0&Prime; overlay_alpha=\u00a0\u00bb50&Prime; equal_height=\u00a0\u00bbyes\u00a0\u00bb gutter_size=\u00a0\u00bb0&Prime; shift_y=\u00a0\u00bb0&Prime;][\/vc_row][vc_row unlock_row_content=\u00a0\u00bbyes\u00a0\u00bb row_height_percent=\u00a0\u00bb0&Prime; override_padding=\u00a0\u00bbyes\u00a0\u00bb h_padding=\u00a0\u00bb0&Prime; top_padding=\u00a0\u00bb0&Prime; bottom_padding=\u00a0\u00bb0&Prime; overlay_alpha=\u00a0\u00bb100&Prime; gutter_size=\u00a0\u00bb0&Prime; style=\u00a0\u00bbinherited\u00a0\u00bb][\/vc_row][vc_row unlock_row_content=\u00a0\u00bbyes\u00a0\u00bb row_height_percent=\u00a0\u00bb0&Prime; override_padding=\u00a0\u00bbyes\u00a0\u00bb h_padding=\u00a0\u00bb0&Prime; top_padding=\u00a0\u00bb0&Prime; bottom_padding=\u00a0\u00bb0&Prime; overlay_alpha=\u00a0\u00bb50&Prime; equal_height=\u00a0\u00bbyes\u00a0\u00bb gutter_size=\u00a0\u00bb0&Prime; shift_y=\u00a0\u00bb0&Prime;][\/vc_row][vc_row unlock_row_content=\u00a0\u00bbyes\u00a0\u00bb row_height_percent=\u00a0\u00bb0&Prime; override_padding=\u00a0\u00bbyes\u00a0\u00bb h_padding=\u00a0\u00bb0&Prime; top_padding=\u00a0\u00bb0&Prime; bottom_padding=\u00a0\u00bb0&Prime; overlay_alpha=\u00a0\u00bb100&Prime; gutter_size=\u00a0\u00bb0&Prime; style=\u00a0\u00bbinherited\u00a0\u00bb][\/vc_row][vc_row unlock_row_content=\u00a0\u00bbyes\u00a0\u00bb row_height_percent=\u00a0\u00bb0&Prime; override_padding=\u00a0\u00bbyes\u00a0\u00bb h_padding=\u00a0\u00bb0&Prime; top_padding=\u00a0\u00bb0&Prime; bottom_padding=\u00a0\u00bb0&Prime; overlay_alpha=\u00a0\u00bb50&Prime; equal_height=\u00a0\u00bbyes\u00a0\u00bb gutter_size=\u00a0\u00bb0&Prime; shift_y=\u00a0\u00bb0&Prime;][\/vc_row][vc_row unlock_row_content=\u00a0\u00bbyes\u00a0\u00bb row_height_percent=\u00a0\u00bb0&Prime; override_padding=\u00a0\u00bbyes\u00a0\u00bb h_padding=\u00a0\u00bb0&Prime; top_padding=\u00a0\u00bb0&Prime; bottom_padding=\u00a0\u00bb0&Prime; overlay_alpha=\u00a0\u00bb100&Prime; gutter_size=\u00a0\u00bb0&Prime; style=\u00a0\u00bbinherited\u00a0\u00bb][\/vc_row][vc_row unlock_row_content=\u00a0\u00bbyes\u00a0\u00bb row_height_percent=\u00a0\u00bb0&Prime; override_padding=\u00a0\u00bbyes\u00a0\u00bb h_padding=\u00a0\u00bb0&Prime; top_padding=\u00a0\u00bb0&Prime; bottom_padding=\u00a0\u00bb0&Prime; overlay_alpha=\u00a0\u00bb50&Prime; equal_height=\u00a0\u00bbyes\u00a0\u00bb gutter_size=\u00a0\u00bb0&Prime; shift_y=\u00a0\u00bb0&Prime;][\/vc_row][vc_row][vc_column width=\u00a0\u00bb1\/1&Prime;][uncode_block id=\u00a0\u00bb66440&Prime;][\/vc_column][\/vc_row][vc_row][vc_column width=\u00a0\u00bb1\/1&Prime;][uncode_block id=\u00a0\u00bb66408&Prime;][\/vc_column][\/vc_row]<\/p>\n<\/div>","protected":false},"excerpt":{"rendered":"<p>[vc_row row_height_percent=\u00a0\u00bb0&Prime; override_padding=\u00a0\u00bbyes\u00a0\u00bb h_padding=\u00a0\u00bb2&Prime; top_padding=\u00a0\u00bb3&Prime; bottom_padding=\u00a0\u00bb3&Prime; back_color=\u00a0\u00bbcolor-204591&Prime; overlay_alpha=\u00a0\u00bb100&Prime; equal_height=\u00a0\u00bbyes\u00a0\u00bb gutter_size=\u00a0\u00bb4&Prime; column_width_percent=\u00a0\u00bb100&Prime; shift_y=\u00a0\u00bb0&Prime; z_index=\u00a0\u00bb0&Prime; style=\u00a0\u00bbinherited\u00a0\u00bb][vc_column column_width_percent=\u00a0\u00bb100&Prime; gutter_size=\u00a0\u00bb3&Prime; overlay_alpha=\u00a0\u00bb50&Prime; shift_x=\u00a0\u00bb0&Prime; shift_y=\u00a0\u00bb0&Prime; shift_y_down=\u00a0\u00bb0&Prime; [&hellip;]<\/p>\n","protected":false},"author":1,"featured_media":0,"parent":0,"menu_order":0,"comment_status":"closed","ping_status":"closed","template":"","meta":{"footnotes":""},"class_list":["post-73798","page","type-page","status-publish","hentry"],"yoast_head":"<!-- This site is optimized with the Yoast SEO plugin v27.4 - https:\/\/yoast.com\/product\/yoast-seo-wordpress\/ -->\n<title>C\u00e9cile Malbos consultante C\u00f4te d\u2019Azur \u2013 AJ Conseil Recrutement &amp; RH<\/title>\n<meta name=\"description\" content=\"D\u00e9couvrez la biographie de C\u00e9cile Malbos, consultante AJ Conseil C\u00f4te d\u2019Azur: h\u00f4tellerie, restauration, retail, luxe et tourisme.\" \/>\n<meta name=\"robots\" content=\"index, follow, max-snippet:-1, max-image-preview:large, max-video-preview:-1\" \/>\n<link rel=\"canonical\" href=\"https:\/\/www.ajconseil.fr\/fr\/cecile-malbos\/\" \/>\n<meta property=\"og:locale\" content=\"fr_FR\" \/>\n<meta property=\"og:type\" content=\"article\" \/>\n<meta property=\"og:title\" content=\"C\u00e9cile Malbos consultante C\u00f4te d\u2019Azur \u2013 AJ Conseil Recrutement &amp; RH\" \/>\n<meta property=\"og:description\" content=\"D\u00e9couvrez la biographie de C\u00e9cile Malbos, consultante AJ Conseil C\u00f4te d\u2019Azur: h\u00f4tellerie, restauration, retail, luxe et tourisme.\" \/>\n<meta property=\"og:url\" content=\"https:\/\/www.ajconseil.fr\/fr\/cecile-malbos\/\" \/>\n<meta property=\"og:site_name\" content=\"AJ Conseil\" \/>\n<meta property=\"article:modified_time\" content=\"2023-07-18T08:04:36+00:00\" \/>\n<meta name=\"twitter:card\" content=\"summary_large_image\" \/>\n<meta name=\"twitter:label1\" content=\"Dur\u00e9e de lecture estim\u00e9e\" \/>\n\t<meta name=\"twitter:data1\" content=\"2 minutes\" \/>\n<script type=\"application\/ld+json\" class=\"yoast-schema-graph\">{\"@context\":\"https:\\\/\\\/schema.org\",\"@graph\":[{\"@type\":\"WebPage\",\"@id\":\"https:\\\/\\\/www.ajconseil.fr\\\/fr\\\/cecile-malbos\\\/\",\"url\":\"https:\\\/\\\/www.ajconseil.fr\\\/fr\\\/cecile-malbos\\\/\",\"name\":\"C\u00e9cile Malbos consultante C\u00f4te d\u2019Azur \u2013 AJ Conseil Recrutement & RH\",\"isPartOf\":{\"@id\":\"https:\\\/\\\/www.ajconseil.fr\\\/fr\\\/#website\"},\"datePublished\":\"2020-07-09T09:55:09+00:00\",\"dateModified\":\"2023-07-18T08:04:36+00:00\",\"description\":\"D\u00e9couvrez la biographie de C\u00e9cile Malbos, consultante AJ Conseil C\u00f4te d\u2019Azur: h\u00f4tellerie, restauration, retail, luxe et tourisme.\",\"breadcrumb\":{\"@id\":\"https:\\\/\\\/www.ajconseil.fr\\\/fr\\\/cecile-malbos\\\/#breadcrumb\"},\"inLanguage\":\"fr-FR\",\"potentialAction\":[{\"@type\":\"ReadAction\",\"target\":[\"https:\\\/\\\/www.ajconseil.fr\\\/fr\\\/cecile-malbos\\\/\"]}]},{\"@type\":\"BreadcrumbList\",\"@id\":\"https:\\\/\\\/www.ajconseil.fr\\\/fr\\\/cecile-malbos\\\/#breadcrumb\",\"itemListElement\":[{\"@type\":\"ListItem\",\"position\":1,\"name\":\"Accueil\",\"item\":\"https:\\\/\\\/www.ajconseil.fr\\\/fr\\\/\"},{\"@type\":\"ListItem\",\"position\":2,\"name\":\"C\u00e9cile Malbos\"}]},{\"@type\":\"WebSite\",\"@id\":\"https:\\\/\\\/www.ajconseil.fr\\\/fr\\\/#website\",\"url\":\"https:\\\/\\\/www.ajconseil.fr\\\/fr\\\/\",\"name\":\"AJ Conseil\",\"description\":\"\",\"potentialAction\":[{\"@type\":\"SearchAction\",\"target\":{\"@type\":\"EntryPoint\",\"urlTemplate\":\"https:\\\/\\\/www.ajconseil.fr\\\/fr\\\/?s={search_term_string}\"},\"query-input\":{\"@type\":\"PropertyValueSpecification\",\"valueRequired\":true,\"valueName\":\"search_term_string\"}}],\"inLanguage\":\"fr-FR\"}]}<\/script>\n<!-- \/ Yoast SEO plugin. -->","yoast_head_json":{"title":"C\u00e9cile Malbos consultante C\u00f4te d\u2019Azur \u2013 AJ Conseil Recrutement & RH","description":"D\u00e9couvrez la biographie de C\u00e9cile Malbos, consultante AJ Conseil C\u00f4te d\u2019Azur: h\u00f4tellerie, restauration, retail, luxe et tourisme.","robots":{"index":"index","follow":"follow","max-snippet":"max-snippet:-1","max-image-preview":"max-image-preview:large","max-video-preview":"max-video-preview:-1"},"canonical":"https:\/\/www.ajconseil.fr\/fr\/cecile-malbos\/","og_locale":"fr_FR","og_type":"article","og_title":"C\u00e9cile Malbos consultante C\u00f4te d\u2019Azur \u2013 AJ Conseil Recrutement & RH","og_description":"D\u00e9couvrez la biographie de C\u00e9cile Malbos, consultante AJ Conseil C\u00f4te d\u2019Azur: h\u00f4tellerie, restauration, retail, luxe et tourisme.","og_url":"https:\/\/www.ajconseil.fr\/fr\/cecile-malbos\/","og_site_name":"AJ Conseil","article_modified_time":"2023-07-18T08:04:36+00:00","twitter_card":"summary_large_image","twitter_misc":{"Dur\u00e9e de lecture estim\u00e9e":"2 minutes"},"schema":{"@context":"https:\/\/schema.org","@graph":[{"@type":"WebPage","@id":"https:\/\/www.ajconseil.fr\/fr\/cecile-malbos\/","url":"https:\/\/www.ajconseil.fr\/fr\/cecile-malbos\/","name":"C\u00e9cile Malbos consultante C\u00f4te d\u2019Azur \u2013 AJ Conseil Recrutement & RH","isPartOf":{"@id":"https:\/\/www.ajconseil.fr\/fr\/#website"},"datePublished":"2020-07-09T09:55:09+00:00","dateModified":"2023-07-18T08:04:36+00:00","description":"D\u00e9couvrez la biographie de C\u00e9cile Malbos, consultante AJ Conseil C\u00f4te d\u2019Azur: h\u00f4tellerie, restauration, retail, luxe et tourisme.","breadcrumb":{"@id":"https:\/\/www.ajconseil.fr\/fr\/cecile-malbos\/#breadcrumb"},"inLanguage":"fr-FR","potentialAction":[{"@type":"ReadAction","target":["https:\/\/www.ajconseil.fr\/fr\/cecile-malbos\/"]}]},{"@type":"BreadcrumbList","@id":"https:\/\/www.ajconseil.fr\/fr\/cecile-malbos\/#breadcrumb","itemListElement":[{"@type":"ListItem","position":1,"name":"Accueil","item":"https:\/\/www.ajconseil.fr\/fr\/"},{"@type":"ListItem","position":2,"name":"C\u00e9cile Malbos"}]},{"@type":"WebSite","@id":"https:\/\/www.ajconseil.fr\/fr\/#website","url":"https:\/\/www.ajconseil.fr\/fr\/","name":"AJ Conseil","description":"","potentialAction":[{"@type":"SearchAction","target":{"@type":"EntryPoint","urlTemplate":"https:\/\/www.ajconseil.fr\/fr\/?s={search_term_string}"},"query-input":{"@type":"PropertyValueSpecification","valueRequired":true,"valueName":"search_term_string"}}],"inLanguage":"fr-FR"}]}},"_links":{"self":[{"href":"https:\/\/www.ajconseil.fr\/fr\/wp-json\/wp\/v2\/pages\/73798","targetHints":{"allow":["GET"]}}],"collection":[{"href":"https:\/\/www.ajconseil.fr\/fr\/wp-json\/wp\/v2\/pages"}],"about":[{"href":"https:\/\/www.ajconseil.fr\/fr\/wp-json\/wp\/v2\/types\/page"}],"author":[{"embeddable":true,"href":"https:\/\/www.ajconseil.fr\/fr\/wp-json\/wp\/v2\/users\/1"}],"replies":[{"embeddable":true,"href":"https:\/\/www.ajconseil.fr\/fr\/wp-json\/wp\/v2\/comments?post=73798"}],"version-history":[{"count":3,"href":"https:\/\/www.ajconseil.fr\/fr\/wp-json\/wp\/v2\/pages\/73798\/revisions"}],"predecessor-version":[{"id":76426,"href":"https:\/\/www.ajconseil.fr\/fr\/wp-json\/wp\/v2\/pages\/73798\/revisions\/76426"}],"wp:attachment":[{"href":"https:\/\/www.ajconseil.fr\/fr\/wp-json\/wp\/v2\/media?parent=73798"}],"curies":[{"name":"wp","href":"https:\/\/api.w.org\/{rel}","templated":true}]}}