{"id":66299,"date":"2017-11-03T13:52:41","date_gmt":"2017-11-03T13:52:41","guid":{"rendered":"http:\/\/ajconseil.sixpixels.fr\/?page_id=66299"},"modified":"2023-07-21T09:13:44","modified_gmt":"2023-07-21T07:13:44","slug":"heloise-blang","status":"publish","type":"page","link":"https:\/\/www.ajconseil.fr\/fr\/heloise-blang\/","title":{"rendered":"H\u00e9lo\u00efse Blang"},"content":{"rendered":"<div class=\"wpb-content-wrapper\"><p>[vc_row row_height_percent=\u00a0\u00bb0&Prime; override_padding=\u00a0\u00bbyes\u00a0\u00bb h_padding=\u00a0\u00bb2&Prime; top_padding=\u00a0\u00bb3&Prime; bottom_padding=\u00a0\u00bb3&Prime; back_color=\u00a0\u00bbcolor-204591&Prime; overlay_alpha=\u00a0\u00bb100&Prime; equal_height=\u00a0\u00bbyes\u00a0\u00bb gutter_size=\u00a0\u00bb4&Prime; column_width_percent=\u00a0\u00bb100&Prime; shift_y=\u00a0\u00bb0&Prime; z_index=\u00a0\u00bb0&Prime; style=\u00a0\u00bbinherited\u00a0\u00bb][vc_column column_width_percent=\u00a0\u00bb100&Prime; gutter_size=\u00a0\u00bb3&Prime; overlay_alpha=\u00a0\u00bb50&Prime; shift_x=\u00a0\u00bb0&Prime; shift_y=\u00a0\u00bb0&Prime; shift_y_down=\u00a0\u00bb0&Prime; z_index=\u00a0\u00bb0&Prime; align_medium=\u00a0\u00bbalign_center_tablet\u00a0\u00bb medium_width=\u00a0\u00bb0&Prime; align_mobile=\u00a0\u00bbalign_center_mobile\u00a0\u00bb mobile_width=\u00a0\u00bb0&Prime; width=\u00a0\u00bb1\/2&Prime;][vc_single_image media=\u00a0\u00bb76188&Prime; media_width_percent=\u00a0\u00bb100&Prime;][vc_column_text el_class=\u00a0\u00bbequipe-orange\u00a0\u00bb]<\/p>\n<h4><span class=\"framboise\">Ses forces<\/span><\/h4>\n<p>[\/vc_column_text][vc_column_text]Une \u00e9coute active qui lui permet de bien comprendre les besoins du client et une bonne connaissance du secteur h\u00f4tellerie\/restauration gr\u00e2ce \u00e0 ses premi\u00e8res exp\u00e9riences professionnelles.<br \/>\n[\/vc_column_text][vc_column_text el_class=\u00a0\u00bbctpi\u00a0\u00bb]H\u00e9lo\u00efse est apte \u00e0 utiliser le test de personnalit\u00e9 CTPI-R \u00e9dit\u00e9 par Central-Test pour l\u2019\u00e9valuation des personnes[\/vc_column_text][\/vc_column][vc_column column_width_percent=\u00a0\u00bb100&Prime; gutter_size=\u00a0\u00bb3&Prime; overlay_alpha=\u00a0\u00bb50&Prime; shift_x=\u00a0\u00bb0&Prime; shift_y=\u00a0\u00bb0&Prime; shift_y_down=\u00a0\u00bb0&Prime; z_index=\u00a0\u00bb0&Prime; medium_width=\u00a0\u00bb0&Prime; mobile_width=\u00a0\u00bb0&Prime; width=\u00a0\u00bb1\/2&Prime; el_class=\u00a0\u00bbbloc-portrait\u00a0\u00bb][vc_custom_heading separator=\u00a0\u00bbunder\u00a0\u00bb]Charg\u00e9e de recherche AJ Conseil C\u00f4te d\u2019Azur[\/vc_custom_heading][vc_icon position=\u00a0\u00bbleft\u00a0\u00bb icon_image=\u00a0\u00bb66267&Prime; el_class=\u00a0\u00bbtelephone-bleu\u00a0\u00bb]06 13 66 29 90[\/vc_icon][vc_column_text el_class=\u00a0\u00bbequipe-orange\u00a0\u00bb]<\/p>\n<h4><span class=\"framboise\">Ses qualit\u00e9s<\/span><\/h4>\n<p>[\/vc_column_text][vc_column_text]Patiente et organis\u00e9e, H\u00e9lo\u00efse ne m\u00e9nage pas ses efforts pour trouver le candidat id\u00e9al. Elle met tout en \u0153uvre pour \u00ab\u00a0sourcer\u00a0\u00bb les meilleurs profils et faire remonter le bon CV dans la jungle des candidatures.[\/vc_column_text][vc_empty_space empty_h=\u00a0\u00bb2&Prime;][vc_column_text el_class=\u00a0\u00bbequipe-orange\u00a0\u00bb]<\/p>\n<h4><span class=\"framboise\">Son moteur<\/span><\/h4>\n<p>[\/vc_column_text][vc_column_text]L&rsquo;\u00e9change et la relation humaine.[\/vc_column_text][vc_empty_space empty_h=\u00a0\u00bb2&Prime;][vc_column_text el_class=\u00a0\u00bbequipe-orange\u00a0\u00bb]<\/p>\n<h4><span class=\"framboise\">Une journ\u00e9e r\u00e9ussie<\/span><\/h4>\n<p>[\/vc_column_text][vc_column_text]Apprendre de nouvelles choses, atteindre ses objectifs et r\u00e9aliser un entretien fructueux avec un candidat.[\/vc_column_text][vc_empty_space empty_h=\u00a0\u00bb2&Prime;][vc_column_text el_class=\u00a0\u00bbequipe-orange\u00a0\u00bb]<\/p>\n<h5>Profil Express<\/h5>\n<p>[\/vc_column_text][vc_column_text]<\/p>\n<ul>\n<li>DUT Gestion des Entreprises et des Administrations (GMO) (IUT de Nice)<\/li>\n<li>Licence 3 \u00ab \u00c9conomie et Management des RH \u00bb. Master en pr\u00e9paration. Institut Sup\u00e9rieur d\u2019\u00c9conomie et de Management (ISEM)<\/li>\n<li>Une exp\u00e9rience dans les RH et l\u2019h\u00f4tellerie\/restauration dans le cadre de pr\u00e9c\u00e9dentes missions int\u00e9rim.<\/li>\n<\/ul>\n<p>[\/vc_column_text][\/vc_column][\/vc_row][vc_row unlock_row_content=\u00a0\u00bbyes\u00a0\u00bb row_height_percent=\u00a0\u00bb0&Prime; override_padding=\u00a0\u00bbyes\u00a0\u00bb h_padding=\u00a0\u00bb0&Prime; top_padding=\u00a0\u00bb0&Prime; bottom_padding=\u00a0\u00bb0&Prime; overlay_alpha=\u00a0\u00bb100&Prime; gutter_size=\u00a0\u00bb0&Prime; style=\u00a0\u00bbinherited\u00a0\u00bb][\/vc_row][vc_row unlock_row_content=\u00a0\u00bbyes\u00a0\u00bb row_height_percent=\u00a0\u00bb0&Prime; override_padding=\u00a0\u00bbyes\u00a0\u00bb h_padding=\u00a0\u00bb0&Prime; top_padding=\u00a0\u00bb0&Prime; bottom_padding=\u00a0\u00bb0&Prime; overlay_alpha=\u00a0\u00bb50&Prime; equal_height=\u00a0\u00bbyes\u00a0\u00bb gutter_size=\u00a0\u00bb0&Prime; shift_y=\u00a0\u00bb0&Prime;][\/vc_row][vc_row unlock_row_content=\u00a0\u00bbyes\u00a0\u00bb row_height_percent=\u00a0\u00bb0&Prime; override_padding=\u00a0\u00bbyes\u00a0\u00bb h_padding=\u00a0\u00bb0&Prime; top_padding=\u00a0\u00bb0&Prime; bottom_padding=\u00a0\u00bb0&Prime; overlay_alpha=\u00a0\u00bb100&Prime; gutter_size=\u00a0\u00bb0&Prime; style=\u00a0\u00bbinherited\u00a0\u00bb][\/vc_row][vc_row unlock_row_content=\u00a0\u00bbyes\u00a0\u00bb row_height_percent=\u00a0\u00bb0&Prime; override_padding=\u00a0\u00bbyes\u00a0\u00bb h_padding=\u00a0\u00bb0&Prime; top_padding=\u00a0\u00bb0&Prime; bottom_padding=\u00a0\u00bb0&Prime; overlay_alpha=\u00a0\u00bb50&Prime; equal_height=\u00a0\u00bbyes\u00a0\u00bb gutter_size=\u00a0\u00bb0&Prime; shift_y=\u00a0\u00bb0&Prime;][\/vc_row][vc_row unlock_row_content=\u00a0\u00bbyes\u00a0\u00bb row_height_percent=\u00a0\u00bb0&Prime; override_padding=\u00a0\u00bbyes\u00a0\u00bb h_padding=\u00a0\u00bb0&Prime; top_padding=\u00a0\u00bb0&Prime; bottom_padding=\u00a0\u00bb0&Prime; overlay_alpha=\u00a0\u00bb100&Prime; gutter_size=\u00a0\u00bb0&Prime; style=\u00a0\u00bbinherited\u00a0\u00bb][\/vc_row][vc_row unlock_row_content=\u00a0\u00bbyes\u00a0\u00bb row_height_percent=\u00a0\u00bb0&Prime; override_padding=\u00a0\u00bbyes\u00a0\u00bb h_padding=\u00a0\u00bb0&Prime; top_padding=\u00a0\u00bb0&Prime; bottom_padding=\u00a0\u00bb0&Prime; overlay_alpha=\u00a0\u00bb50&Prime; equal_height=\u00a0\u00bbyes\u00a0\u00bb gutter_size=\u00a0\u00bb0&Prime; shift_y=\u00a0\u00bb0&Prime;][\/vc_row][vc_row unlock_row_content=\u00a0\u00bbyes\u00a0\u00bb row_height_percent=\u00a0\u00bb0&Prime; override_padding=\u00a0\u00bbyes\u00a0\u00bb h_padding=\u00a0\u00bb0&Prime; top_padding=\u00a0\u00bb0&Prime; bottom_padding=\u00a0\u00bb0&Prime; overlay_alpha=\u00a0\u00bb100&Prime; gutter_size=\u00a0\u00bb0&Prime; style=\u00a0\u00bbinherited\u00a0\u00bb][\/vc_row][vc_row unlock_row_content=\u00a0\u00bbyes\u00a0\u00bb row_height_percent=\u00a0\u00bb0&Prime; override_padding=\u00a0\u00bbyes\u00a0\u00bb h_padding=\u00a0\u00bb0&Prime; top_padding=\u00a0\u00bb0&Prime; bottom_padding=\u00a0\u00bb0&Prime; overlay_alpha=\u00a0\u00bb50&Prime; equal_height=\u00a0\u00bbyes\u00a0\u00bb gutter_size=\u00a0\u00bb0&Prime; shift_y=\u00a0\u00bb0&Prime;][\/vc_row][vc_row row_height_percent=\u00a0\u00bb0&Prime; override_padding=\u00a0\u00bbyes\u00a0\u00bb h_padding=\u00a0\u00bb2&Prime; top_padding=\u00a0\u00bb2&Prime; bottom_padding=\u00a0\u00bb3&Prime; overlay_alpha=\u00a0\u00bb50&Prime; gutter_size=\u00a0\u00bb3&Prime; column_width_percent=\u00a0\u00bb100&Prime; shift_y=\u00a0\u00bb0&Prime; z_index=\u00a0\u00bb0&Prime;][vc_column column_width_percent=\u00a0\u00bb100&Prime; align_horizontal=\u00a0\u00bbalign_center\u00a0\u00bb gutter_size=\u00a0\u00bb3&Prime; overlay_alpha=\u00a0\u00bb50&Prime; shift_x=\u00a0\u00bb0&Prime; shift_y=\u00a0\u00bb0&Prime; shift_y_down=\u00a0\u00bb0&Prime; z_index=\u00a0\u00bb0&Prime; align_medium=\u00a0\u00bbalign_center_tablet\u00a0\u00bb medium_width=\u00a0\u00bb0&Prime; align_mobile=\u00a0\u00bbalign_center_mobile\u00a0\u00bb mobile_width=\u00a0\u00bb0&Prime; width=\u00a0\u00bb1\/1&Prime;][vc_button border_width=\u00a0\u00bb0&Prime; link=\u00a0\u00bburl:%2Ffr%2Fnos-consultants-experts-hotellerie-restauration|||\u00a0\u00bb el_class=\u00a0\u00bbbouton-rouge\u00a0\u00bb]Revenir \u00e0 l&rsquo;\u00e9quipe[\/vc_button][\/vc_column][\/vc_row][vc_row][vc_column width=\u00a0\u00bb1\/1&Prime;][uncode_block id=\u00a0\u00bb66440&Prime;][\/vc_column][\/vc_row][vc_row][vc_column width=\u00a0\u00bb1\/1&Prime;][uncode_block id=\u00a0\u00bb66408&Prime;][\/vc_column][\/vc_row]<\/p>\n<\/div>","protected":false},"excerpt":{"rendered":"<p>[vc_row row_height_percent=\u00a0\u00bb0&Prime; override_padding=\u00a0\u00bbyes\u00a0\u00bb h_padding=\u00a0\u00bb2&Prime; top_padding=\u00a0\u00bb3&Prime; bottom_padding=\u00a0\u00bb3&Prime; back_color=\u00a0\u00bbcolor-204591&Prime; overlay_alpha=\u00a0\u00bb100&Prime; equal_height=\u00a0\u00bbyes\u00a0\u00bb gutter_size=\u00a0\u00bb4&Prime; column_width_percent=\u00a0\u00bb100&Prime; shift_y=\u00a0\u00bb0&Prime; z_index=\u00a0\u00bb0&Prime; style=\u00a0\u00bbinherited\u00a0\u00bb][vc_column column_width_percent=\u00a0\u00bb100&Prime; gutter_size=\u00a0\u00bb3&Prime; overlay_alpha=\u00a0\u00bb50&Prime; shift_x=\u00a0\u00bb0&Prime; shift_y=\u00a0\u00bb0&Prime; shift_y_down=\u00a0\u00bb0&Prime; [&hellip;]<\/p>\n","protected":false},"author":1,"featured_media":0,"parent":0,"menu_order":0,"comment_status":"closed","ping_status":"closed","template":"","meta":{"footnotes":""},"class_list":["post-66299","page","type-page","status-publish","hentry"],"yoast_head":"<!-- This site is optimized with the Yoast SEO plugin v27.4 - https:\/\/yoast.com\/product\/yoast-seo-wordpress\/ -->\n<title>H\u00e9lo\u00efse Blang - AJ Conseil<\/title>\n<meta name=\"robots\" content=\"index, follow, max-snippet:-1, max-image-preview:large, max-video-preview:-1\" \/>\n<link rel=\"canonical\" href=\"https:\/\/www.ajconseil.fr\/fr\/heloise-blang\/\" \/>\n<meta property=\"og:locale\" content=\"fr_FR\" \/>\n<meta property=\"og:type\" content=\"article\" \/>\n<meta property=\"og:title\" content=\"H\u00e9lo\u00efse Blang - AJ Conseil\" \/>\n<meta property=\"og:description\" content=\"[vc_row row_height_percent=\u00a0\u00bb0&Prime; override_padding=\u00a0\u00bbyes\u00a0\u00bb h_padding=\u00a0\u00bb2&Prime; top_padding=\u00a0\u00bb3&Prime; bottom_padding=\u00a0\u00bb3&Prime; back_color=\u00a0\u00bbcolor-204591&Prime; overlay_alpha=\u00a0\u00bb100&Prime; equal_height=\u00a0\u00bbyes\u00a0\u00bb gutter_size=\u00a0\u00bb4&Prime; column_width_percent=\u00a0\u00bb100&Prime; shift_y=\u00a0\u00bb0&Prime; z_index=\u00a0\u00bb0&Prime; style=\u00a0\u00bbinherited\u00a0\u00bb][vc_column column_width_percent=\u00a0\u00bb100&Prime; gutter_size=\u00a0\u00bb3&Prime; overlay_alpha=\u00a0\u00bb50&Prime; shift_x=\u00a0\u00bb0&Prime; shift_y=\u00a0\u00bb0&Prime; shift_y_down=\u00a0\u00bb0&Prime; [&hellip;]\" \/>\n<meta property=\"og:url\" content=\"https:\/\/www.ajconseil.fr\/fr\/heloise-blang\/\" \/>\n<meta property=\"og:site_name\" content=\"AJ Conseil\" \/>\n<meta property=\"article:modified_time\" content=\"2023-07-21T07:13:44+00:00\" \/>\n<meta name=\"twitter:card\" content=\"summary_large_image\" \/>\n<meta name=\"twitter:label1\" content=\"Dur\u00e9e de lecture estim\u00e9e\" \/>\n\t<meta name=\"twitter:data1\" content=\"2 minutes\" \/>\n<script type=\"application\/ld+json\" class=\"yoast-schema-graph\">{\"@context\":\"https:\\\/\\\/schema.org\",\"@graph\":[{\"@type\":\"WebPage\",\"@id\":\"https:\\\/\\\/www.ajconseil.fr\\\/fr\\\/heloise-blang\\\/\",\"url\":\"https:\\\/\\\/www.ajconseil.fr\\\/fr\\\/heloise-blang\\\/\",\"name\":\"H\u00e9lo\u00efse Blang - AJ Conseil\",\"isPartOf\":{\"@id\":\"https:\\\/\\\/www.ajconseil.fr\\\/fr\\\/#website\"},\"datePublished\":\"2017-11-03T13:52:41+00:00\",\"dateModified\":\"2023-07-21T07:13:44+00:00\",\"breadcrumb\":{\"@id\":\"https:\\\/\\\/www.ajconseil.fr\\\/fr\\\/heloise-blang\\\/#breadcrumb\"},\"inLanguage\":\"fr-FR\",\"potentialAction\":[{\"@type\":\"ReadAction\",\"target\":[\"https:\\\/\\\/www.ajconseil.fr\\\/fr\\\/heloise-blang\\\/\"]}]},{\"@type\":\"BreadcrumbList\",\"@id\":\"https:\\\/\\\/www.ajconseil.fr\\\/fr\\\/heloise-blang\\\/#breadcrumb\",\"itemListElement\":[{\"@type\":\"ListItem\",\"position\":1,\"name\":\"Accueil\",\"item\":\"https:\\\/\\\/www.ajconseil.fr\\\/fr\\\/\"},{\"@type\":\"ListItem\",\"position\":2,\"name\":\"H\u00e9lo\u00efse Blang\"}]},{\"@type\":\"WebSite\",\"@id\":\"https:\\\/\\\/www.ajconseil.fr\\\/fr\\\/#website\",\"url\":\"https:\\\/\\\/www.ajconseil.fr\\\/fr\\\/\",\"name\":\"AJ Conseil\",\"description\":\"\",\"potentialAction\":[{\"@type\":\"SearchAction\",\"target\":{\"@type\":\"EntryPoint\",\"urlTemplate\":\"https:\\\/\\\/www.ajconseil.fr\\\/fr\\\/?s={search_term_string}\"},\"query-input\":{\"@type\":\"PropertyValueSpecification\",\"valueRequired\":true,\"valueName\":\"search_term_string\"}}],\"inLanguage\":\"fr-FR\"}]}<\/script>\n<!-- \/ Yoast SEO plugin. -->","yoast_head_json":{"title":"H\u00e9lo\u00efse Blang - AJ Conseil","robots":{"index":"index","follow":"follow","max-snippet":"max-snippet:-1","max-image-preview":"max-image-preview:large","max-video-preview":"max-video-preview:-1"},"canonical":"https:\/\/www.ajconseil.fr\/fr\/heloise-blang\/","og_locale":"fr_FR","og_type":"article","og_title":"H\u00e9lo\u00efse Blang - AJ Conseil","og_description":"[vc_row row_height_percent=\u00a0\u00bb0&Prime; override_padding=\u00a0\u00bbyes\u00a0\u00bb h_padding=\u00a0\u00bb2&Prime; top_padding=\u00a0\u00bb3&Prime; bottom_padding=\u00a0\u00bb3&Prime; back_color=\u00a0\u00bbcolor-204591&Prime; overlay_alpha=\u00a0\u00bb100&Prime; equal_height=\u00a0\u00bbyes\u00a0\u00bb gutter_size=\u00a0\u00bb4&Prime; column_width_percent=\u00a0\u00bb100&Prime; shift_y=\u00a0\u00bb0&Prime; z_index=\u00a0\u00bb0&Prime; style=\u00a0\u00bbinherited\u00a0\u00bb][vc_column column_width_percent=\u00a0\u00bb100&Prime; gutter_size=\u00a0\u00bb3&Prime; overlay_alpha=\u00a0\u00bb50&Prime; shift_x=\u00a0\u00bb0&Prime; shift_y=\u00a0\u00bb0&Prime; shift_y_down=\u00a0\u00bb0&Prime; [&hellip;]","og_url":"https:\/\/www.ajconseil.fr\/fr\/heloise-blang\/","og_site_name":"AJ Conseil","article_modified_time":"2023-07-21T07:13:44+00:00","twitter_card":"summary_large_image","twitter_misc":{"Dur\u00e9e de lecture estim\u00e9e":"2 minutes"},"schema":{"@context":"https:\/\/schema.org","@graph":[{"@type":"WebPage","@id":"https:\/\/www.ajconseil.fr\/fr\/heloise-blang\/","url":"https:\/\/www.ajconseil.fr\/fr\/heloise-blang\/","name":"H\u00e9lo\u00efse Blang - AJ Conseil","isPartOf":{"@id":"https:\/\/www.ajconseil.fr\/fr\/#website"},"datePublished":"2017-11-03T13:52:41+00:00","dateModified":"2023-07-21T07:13:44+00:00","breadcrumb":{"@id":"https:\/\/www.ajconseil.fr\/fr\/heloise-blang\/#breadcrumb"},"inLanguage":"fr-FR","potentialAction":[{"@type":"ReadAction","target":["https:\/\/www.ajconseil.fr\/fr\/heloise-blang\/"]}]},{"@type":"BreadcrumbList","@id":"https:\/\/www.ajconseil.fr\/fr\/heloise-blang\/#breadcrumb","itemListElement":[{"@type":"ListItem","position":1,"name":"Accueil","item":"https:\/\/www.ajconseil.fr\/fr\/"},{"@type":"ListItem","position":2,"name":"H\u00e9lo\u00efse Blang"}]},{"@type":"WebSite","@id":"https:\/\/www.ajconseil.fr\/fr\/#website","url":"https:\/\/www.ajconseil.fr\/fr\/","name":"AJ Conseil","description":"","potentialAction":[{"@type":"SearchAction","target":{"@type":"EntryPoint","urlTemplate":"https:\/\/www.ajconseil.fr\/fr\/?s={search_term_string}"},"query-input":{"@type":"PropertyValueSpecification","valueRequired":true,"valueName":"search_term_string"}}],"inLanguage":"fr-FR"}]}},"_links":{"self":[{"href":"https:\/\/www.ajconseil.fr\/fr\/wp-json\/wp\/v2\/pages\/66299","targetHints":{"allow":["GET"]}}],"collection":[{"href":"https:\/\/www.ajconseil.fr\/fr\/wp-json\/wp\/v2\/pages"}],"about":[{"href":"https:\/\/www.ajconseil.fr\/fr\/wp-json\/wp\/v2\/types\/page"}],"author":[{"embeddable":true,"href":"https:\/\/www.ajconseil.fr\/fr\/wp-json\/wp\/v2\/users\/1"}],"replies":[{"embeddable":true,"href":"https:\/\/www.ajconseil.fr\/fr\/wp-json\/wp\/v2\/comments?post=66299"}],"version-history":[{"count":4,"href":"https:\/\/www.ajconseil.fr\/fr\/wp-json\/wp\/v2\/pages\/66299\/revisions"}],"predecessor-version":[{"id":76549,"href":"https:\/\/www.ajconseil.fr\/fr\/wp-json\/wp\/v2\/pages\/66299\/revisions\/76549"}],"wp:attachment":[{"href":"https:\/\/www.ajconseil.fr\/fr\/wp-json\/wp\/v2\/media?parent=66299"}],"curies":[{"name":"wp","href":"https:\/\/api.w.org\/{rel}","templated":true}]}}