{"id":66274,"date":"2017-11-03T13:50:18","date_gmt":"2017-11-03T13:50:18","guid":{"rendered":"http:\/\/ajconseil.sixpixels.fr\/?page_id=66274"},"modified":"2024-05-17T16:04:33","modified_gmt":"2024-05-17T14:04:33","slug":"alain-jacob","status":"publish","type":"page","link":"https:\/\/www.ajconseil.fr\/fr\/alain-jacob\/","title":{"rendered":"Alain Jacob"},"content":{"rendered":"<div class=\"wpb-content-wrapper\"><p>[vc_row row_height_percent=\u00a0\u00bb0&Prime; override_padding=\u00a0\u00bbyes\u00a0\u00bb h_padding=\u00a0\u00bb2&Prime; top_padding=\u00a0\u00bb3&Prime; bottom_padding=\u00a0\u00bb3&Prime; back_color=\u00a0\u00bbcolor-204591&Prime; overlay_alpha=\u00a0\u00bb100&Prime; equal_height=\u00a0\u00bbyes\u00a0\u00bb gutter_size=\u00a0\u00bb4&Prime; column_width_percent=\u00a0\u00bb100&Prime; shift_y=\u00a0\u00bb0&Prime; z_index=\u00a0\u00bb0&Prime; style=\u00a0\u00bbinherited\u00a0\u00bb][vc_column column_width_percent=\u00a0\u00bb100&Prime; gutter_size=\u00a0\u00bb3&Prime; overlay_alpha=\u00a0\u00bb50&Prime; shift_x=\u00a0\u00bb0&Prime; shift_y=\u00a0\u00bb0&Prime; shift_y_down=\u00a0\u00bb0&Prime; z_index=\u00a0\u00bb0&Prime; align_medium=\u00a0\u00bbalign_center_tablet\u00a0\u00bb medium_width=\u00a0\u00bb0&Prime; align_mobile=\u00a0\u00bbalign_center_mobile\u00a0\u00bb mobile_width=\u00a0\u00bb0&Prime; width=\u00a0\u00bb1\/2&Prime;][vc_single_image media=\u00a0\u00bb76180&Prime; media_width_percent=\u00a0\u00bb100&Prime;][vc_column_text el_class=\u00a0\u00bbequipe-orange\u00a0\u00bb]<\/p>\n<h4><span class=\"framboise\">Ses forces<\/span><\/h4>\n<p>[\/vc_column_text][vc_column_text]Ce grand patron est toujours <b>tr\u00e8s respectueux de l\u2019individu<\/b>. Il ne chasse pas \u00e0 tout va mais \u00e0 bon escient et seulement s\u2019il est persuad\u00e9 qu\u2019un candidat pourra s\u2019\u00e9panouir dans un nouveau poste.<\/p>\n<p>Savoir se remettre sans cesse en question.[\/vc_column_text][vc_empty_space empty_h=\u00a0\u00bb2&Prime;][vc_column_text el_class=\u00a0\u00bbequipe-orange\u00a0\u00bb]<\/p>\n<h4><span class=\"framboise\">Une journ\u00e9e r\u00e9ussie<\/span><\/h4>\n<p>[\/vc_column_text][vc_column_text]Passeur entre un client et des candidats, <b>un bon entretien <\/b>suffit \u00e0 \u00e9clairer sa journ\u00e9e.[\/vc_column_text][\/vc_column][vc_column column_width_percent=\u00a0\u00bb100&Prime; gutter_size=\u00a0\u00bb3&Prime; overlay_alpha=\u00a0\u00bb50&Prime; shift_x=\u00a0\u00bb0&Prime; shift_y=\u00a0\u00bb0&Prime; shift_y_down=\u00a0\u00bb0&Prime; z_index=\u00a0\u00bb0&Prime; medium_width=\u00a0\u00bb0&Prime; mobile_width=\u00a0\u00bb0&Prime; width=\u00a0\u00bb1\/2&Prime; el_class=\u00a0\u00bbbloc-portrait\u00a0\u00bb][vc_custom_heading separator=\u00a0\u00bbunder\u00a0\u00bb]Pr\u00e9sident fondateur[\/vc_custom_heading][vc_icon position=\u00a0\u00bbleft\u00a0\u00bb icon_image=\u00a0\u00bb66267&Prime; el_class=\u00a0\u00bbtelephone-bleu\u00a0\u00bb]+33 (0) 06 03 84 95 36[\/vc_icon][vc_column_text el_class=\u00a0\u00bbequipe-orange\u00a0\u00bb]Passeur de talents<\/p>\n<p>Alain est apte \u00e0 utiliser le test de personnalit\u00e9 CTPI-R \u00e9dit\u00e9 par Central-Test pour l\u2019\u00e9valuation des personnes[\/vc_column_text][vc_column_text el_class=\u00a0\u00bbequipe-orange\u00a0\u00bb]<\/p>\n<h4><span class=\"framboise\">Ses qualit\u00e9s<\/span><\/h4>\n<p>[\/vc_column_text][vc_column_text]<b>Visionnaire et pionnier. <\/b><\/p>\n<p>Il a \u00e9t\u00e9 le premier \u00e0 cr\u00e9er <b>un cabinet de recrutement sp\u00e9cialis\u00e9 100% dans l\u2019h\u00f4tellerie\/restauration<\/b>, pour r\u00e9pondre aux besoins propres de ce secteur.<\/p>\n<p><b>Une tr\u00e8s forte capacit\u00e9 \u00e0 savoir r\u00e9agir<\/b> dans les moments difficiles <b>et \u00e0 pers\u00e9v\u00e9rer<\/b>.<\/p>\n<p>Le cabinet a su traverser les diff\u00e9rentes crises \u00e9conomiques et soci\u00e9tales de ces vingt derni\u00e8res ann\u00e9es en maintenant <b>un niveau tr\u00e8s \u00e9lev\u00e9 de qualit\u00e9 de service<\/b>, tout en s\u2019adaptant aux nouvelles tendances.<\/p>\n<p><b>Rigoureux et empathique.<\/b>[\/vc_column_text][vc_empty_space empty_h=\u00a0\u00bb2&Prime;][vc_column_text el_class=\u00a0\u00bbequipe-orange\u00a0\u00bb]<\/p>\n<h4><span class=\"framboise\">Son moteur<\/span><\/h4>\n<p>[\/vc_column_text][vc_column_text]<b>La rencontre avec l\u2019autre, l\u2019\u00e9change, la curiosit\u00e9 et l\u2019enrichissement humain et personnel<\/b>.<\/p>\n<p><b>L\u2019instinct de chasse<\/b>, la curiosit\u00e9, la nouveaut\u00e9<\/p>\n<p><b>Le d\u00e9veloppement<\/b> de sa soci\u00e9t\u00e9.<\/p>\n<p>Manager, d\u00e9finir les strat\u00e9gies, impulser de nouveaux process internes, accompagner son \u00e9quipe et bien \u00e9videmment veiller aux finances de l\u2019entreprise.[\/vc_column_text][vc_empty_space empty_h=\u00a0\u00bb2&Prime;][vc_column_text el_class=\u00a0\u00bbequipe-orange\u00a0\u00bb]<\/p>\n<h5>Profil Express<\/h5>\n<p>[\/vc_column_text][vc_column_text]<\/p>\n<ul>\n<li>Une exp\u00e9rience de plus de 20 ann\u00e9es dans l\u2019h\u00f4tellerie et le management, \u00e0 l\u2019image du groupe Elior o\u00f9 il occupe le poste de Directeur g\u00e9n\u00e9ral adjoint,<\/li>\n<li>Saut dans le grand bain de l\u2019entreprenariat et de la chasse de t\u00eate avec la cr\u00e9ation en avril 1993 d\u2019AJ Conseil, cabinet sp\u00e9cialis\u00e9 sur les postes de management et \u00e0 haute responsabilit\u00e9.<\/li>\n<\/ul>\n<p>[\/vc_column_text][\/vc_column][\/vc_row][vc_row row_height_percent=\u00a0\u00bb0&Prime; override_padding=\u00a0\u00bbyes\u00a0\u00bb h_padding=\u00a0\u00bb2&Prime; top_padding=\u00a0\u00bb2&Prime; bottom_padding=\u00a0\u00bb3&Prime; overlay_alpha=\u00a0\u00bb50&Prime; gutter_size=\u00a0\u00bb3&Prime; column_width_percent=\u00a0\u00bb100&Prime; shift_y=\u00a0\u00bb0&Prime; z_index=\u00a0\u00bb0&Prime;][vc_column column_width_percent=\u00a0\u00bb100&Prime; align_horizontal=\u00a0\u00bbalign_center\u00a0\u00bb gutter_size=\u00a0\u00bb3&Prime; overlay_alpha=\u00a0\u00bb50&Prime; shift_x=\u00a0\u00bb0&Prime; shift_y=\u00a0\u00bb0&Prime; shift_y_down=\u00a0\u00bb0&Prime; z_index=\u00a0\u00bb0&Prime; medium_width=\u00a0\u00bb0&Prime; mobile_width=\u00a0\u00bb0&Prime; width=\u00a0\u00bb1\/1&Prime;][vc_button border_width=\u00a0\u00bb0&Prime; link=\u00a0\u00bburl:%2Ffr%2Fnos-consultants-experts-hotellerie-restauration|||\u00a0\u00bb el_class=\u00a0\u00bbbouton-rouge\u00a0\u00bb]Revenir \u00e0 l&rsquo;\u00e9quipe[\/vc_button][\/vc_column][\/vc_row][vc_row unlock_row_content=\u00a0\u00bbyes\u00a0\u00bb row_height_percent=\u00a0\u00bb0&Prime; override_padding=\u00a0\u00bbyes\u00a0\u00bb h_padding=\u00a0\u00bb0&Prime; top_padding=\u00a0\u00bb0&Prime; bottom_padding=\u00a0\u00bb0&Prime; overlay_alpha=\u00a0\u00bb100&Prime; gutter_size=\u00a0\u00bb0&Prime; style=\u00a0\u00bbinherited\u00a0\u00bb][\/vc_row][vc_row unlock_row_content=\u00a0\u00bbyes\u00a0\u00bb row_height_percent=\u00a0\u00bb0&Prime; override_padding=\u00a0\u00bbyes\u00a0\u00bb h_padding=\u00a0\u00bb0&Prime; top_padding=\u00a0\u00bb0&Prime; bottom_padding=\u00a0\u00bb0&Prime; overlay_alpha=\u00a0\u00bb50&Prime; equal_height=\u00a0\u00bbyes\u00a0\u00bb gutter_size=\u00a0\u00bb0&Prime; shift_y=\u00a0\u00bb0&Prime;][\/vc_row][vc_row unlock_row_content=\u00a0\u00bbyes\u00a0\u00bb row_height_percent=\u00a0\u00bb0&Prime; override_padding=\u00a0\u00bbyes\u00a0\u00bb h_padding=\u00a0\u00bb0&Prime; top_padding=\u00a0\u00bb0&Prime; bottom_padding=\u00a0\u00bb0&Prime; overlay_alpha=\u00a0\u00bb100&Prime; gutter_size=\u00a0\u00bb0&Prime; style=\u00a0\u00bbinherited\u00a0\u00bb][\/vc_row][vc_row unlock_row_content=\u00a0\u00bbyes\u00a0\u00bb row_height_percent=\u00a0\u00bb0&Prime; override_padding=\u00a0\u00bbyes\u00a0\u00bb h_padding=\u00a0\u00bb0&Prime; top_padding=\u00a0\u00bb0&Prime; bottom_padding=\u00a0\u00bb0&Prime; overlay_alpha=\u00a0\u00bb50&Prime; equal_height=\u00a0\u00bbyes\u00a0\u00bb gutter_size=\u00a0\u00bb0&Prime; shift_y=\u00a0\u00bb0&Prime;][\/vc_row][vc_row unlock_row_content=\u00a0\u00bbyes\u00a0\u00bb row_height_percent=\u00a0\u00bb0&Prime; override_padding=\u00a0\u00bbyes\u00a0\u00bb h_padding=\u00a0\u00bb0&Prime; top_padding=\u00a0\u00bb0&Prime; bottom_padding=\u00a0\u00bb0&Prime; overlay_alpha=\u00a0\u00bb100&Prime; gutter_size=\u00a0\u00bb0&Prime; style=\u00a0\u00bbinherited\u00a0\u00bb][\/vc_row][vc_row unlock_row_content=\u00a0\u00bbyes\u00a0\u00bb row_height_percent=\u00a0\u00bb0&Prime; override_padding=\u00a0\u00bbyes\u00a0\u00bb h_padding=\u00a0\u00bb0&Prime; top_padding=\u00a0\u00bb0&Prime; bottom_padding=\u00a0\u00bb0&Prime; overlay_alpha=\u00a0\u00bb50&Prime; equal_height=\u00a0\u00bbyes\u00a0\u00bb gutter_size=\u00a0\u00bb0&Prime; shift_y=\u00a0\u00bb0&Prime;][\/vc_row][vc_row unlock_row_content=\u00a0\u00bbyes\u00a0\u00bb row_height_percent=\u00a0\u00bb0&Prime; override_padding=\u00a0\u00bbyes\u00a0\u00bb h_padding=\u00a0\u00bb0&Prime; top_padding=\u00a0\u00bb0&Prime; bottom_padding=\u00a0\u00bb0&Prime; overlay_alpha=\u00a0\u00bb100&Prime; gutter_size=\u00a0\u00bb0&Prime; style=\u00a0\u00bbinherited\u00a0\u00bb][\/vc_row][vc_row unlock_row_content=\u00a0\u00bbyes\u00a0\u00bb row_height_percent=\u00a0\u00bb0&Prime; override_padding=\u00a0\u00bbyes\u00a0\u00bb h_padding=\u00a0\u00bb0&Prime; top_padding=\u00a0\u00bb0&Prime; bottom_padding=\u00a0\u00bb0&Prime; overlay_alpha=\u00a0\u00bb50&Prime; equal_height=\u00a0\u00bbyes\u00a0\u00bb gutter_size=\u00a0\u00bb0&Prime; shift_y=\u00a0\u00bb0&Prime;][\/vc_row][vc_row][vc_column width=\u00a0\u00bb1\/1&Prime;][uncode_block id=\u00a0\u00bb66440&Prime;][\/vc_column][\/vc_row][vc_row][vc_column width=\u00a0\u00bb1\/1&Prime;][uncode_block id=\u00a0\u00bb66408&Prime;][\/vc_column][\/vc_row]<\/p>\n<\/div>","protected":false},"excerpt":{"rendered":"<p>[vc_row row_height_percent=\u00a0\u00bb0&Prime; override_padding=\u00a0\u00bbyes\u00a0\u00bb h_padding=\u00a0\u00bb2&Prime; top_padding=\u00a0\u00bb3&Prime; bottom_padding=\u00a0\u00bb3&Prime; back_color=\u00a0\u00bbcolor-204591&Prime; overlay_alpha=\u00a0\u00bb100&Prime; equal_height=\u00a0\u00bbyes\u00a0\u00bb gutter_size=\u00a0\u00bb4&Prime; column_width_percent=\u00a0\u00bb100&Prime; shift_y=\u00a0\u00bb0&Prime; z_index=\u00a0\u00bb0&Prime; style=\u00a0\u00bbinherited\u00a0\u00bb][vc_column column_width_percent=\u00a0\u00bb100&Prime; gutter_size=\u00a0\u00bb3&Prime; overlay_alpha=\u00a0\u00bb50&Prime; shift_x=\u00a0\u00bb0&Prime; shift_y=\u00a0\u00bb0&Prime; shift_y_down=\u00a0\u00bb0&Prime; [&hellip;]<\/p>\n","protected":false},"author":1,"featured_media":0,"parent":0,"menu_order":0,"comment_status":"closed","ping_status":"closed","template":"","meta":{"footnotes":""},"class_list":["post-66274","page","type-page","status-publish","hentry"],"yoast_head":"<!-- This site is optimized with the Yoast SEO plugin v27.4 - https:\/\/yoast.com\/product\/yoast-seo-wordpress\/ -->\n<title>Alain Jacob pr\u00e9sident fondateur \u2013AJ Conseil Recrutement &amp; RH<\/title>\n<meta name=\"description\" content=\"D\u00e9couvrez la biographie d\u2019Alain Jacob, fondateur du cabinet AJ Conseil Recrutement &amp; RH (Paris) : h\u00f4tellerie, restauration, retail, luxe et tourisme.\" \/>\n<meta name=\"robots\" content=\"index, follow, max-snippet:-1, max-image-preview:large, max-video-preview:-1\" \/>\n<link rel=\"canonical\" href=\"https:\/\/www.ajconseil.fr\/fr\/alain-jacob\/\" \/>\n<meta property=\"og:locale\" content=\"fr_FR\" \/>\n<meta property=\"og:type\" content=\"article\" \/>\n<meta property=\"og:title\" content=\"Alain Jacob pr\u00e9sident fondateur \u2013AJ Conseil Recrutement &amp; RH\" \/>\n<meta property=\"og:description\" content=\"D\u00e9couvrez la biographie d\u2019Alain Jacob, fondateur du cabinet AJ Conseil Recrutement &amp; RH (Paris) : h\u00f4tellerie, restauration, retail, luxe et tourisme.\" \/>\n<meta property=\"og:url\" content=\"https:\/\/www.ajconseil.fr\/fr\/alain-jacob\/\" \/>\n<meta property=\"og:site_name\" content=\"AJ Conseil\" \/>\n<meta property=\"article:modified_time\" content=\"2024-05-17T14:04:33+00:00\" \/>\n<meta name=\"twitter:card\" content=\"summary_large_image\" \/>\n<meta name=\"twitter:label1\" content=\"Dur\u00e9e de lecture estim\u00e9e\" \/>\n\t<meta name=\"twitter:data1\" content=\"3 minutes\" \/>\n<script type=\"application\/ld+json\" class=\"yoast-schema-graph\">{\"@context\":\"https:\\\/\\\/schema.org\",\"@graph\":[{\"@type\":\"WebPage\",\"@id\":\"https:\\\/\\\/www.ajconseil.fr\\\/fr\\\/alain-jacob\\\/\",\"url\":\"https:\\\/\\\/www.ajconseil.fr\\\/fr\\\/alain-jacob\\\/\",\"name\":\"Alain Jacob pr\u00e9sident fondateur \u2013AJ Conseil Recrutement & RH\",\"isPartOf\":{\"@id\":\"https:\\\/\\\/www.ajconseil.fr\\\/fr\\\/#website\"},\"datePublished\":\"2017-11-03T13:50:18+00:00\",\"dateModified\":\"2024-05-17T14:04:33+00:00\",\"description\":\"D\u00e9couvrez la biographie d\u2019Alain Jacob, fondateur du cabinet AJ Conseil Recrutement & RH (Paris) : h\u00f4tellerie, restauration, retail, luxe et tourisme.\",\"breadcrumb\":{\"@id\":\"https:\\\/\\\/www.ajconseil.fr\\\/fr\\\/alain-jacob\\\/#breadcrumb\"},\"inLanguage\":\"fr-FR\",\"potentialAction\":[{\"@type\":\"ReadAction\",\"target\":[\"https:\\\/\\\/www.ajconseil.fr\\\/fr\\\/alain-jacob\\\/\"]}]},{\"@type\":\"BreadcrumbList\",\"@id\":\"https:\\\/\\\/www.ajconseil.fr\\\/fr\\\/alain-jacob\\\/#breadcrumb\",\"itemListElement\":[{\"@type\":\"ListItem\",\"position\":1,\"name\":\"Accueil\",\"item\":\"https:\\\/\\\/www.ajconseil.fr\\\/fr\\\/\"},{\"@type\":\"ListItem\",\"position\":2,\"name\":\"Alain Jacob\"}]},{\"@type\":\"WebSite\",\"@id\":\"https:\\\/\\\/www.ajconseil.fr\\\/fr\\\/#website\",\"url\":\"https:\\\/\\\/www.ajconseil.fr\\\/fr\\\/\",\"name\":\"AJ Conseil\",\"description\":\"\",\"potentialAction\":[{\"@type\":\"SearchAction\",\"target\":{\"@type\":\"EntryPoint\",\"urlTemplate\":\"https:\\\/\\\/www.ajconseil.fr\\\/fr\\\/?s={search_term_string}\"},\"query-input\":{\"@type\":\"PropertyValueSpecification\",\"valueRequired\":true,\"valueName\":\"search_term_string\"}}],\"inLanguage\":\"fr-FR\"}]}<\/script>\n<!-- \/ Yoast SEO plugin. -->","yoast_head_json":{"title":"Alain Jacob pr\u00e9sident fondateur \u2013AJ Conseil Recrutement & RH","description":"D\u00e9couvrez la biographie d\u2019Alain Jacob, fondateur du cabinet AJ Conseil Recrutement & RH (Paris) : h\u00f4tellerie, restauration, retail, luxe et tourisme.","robots":{"index":"index","follow":"follow","max-snippet":"max-snippet:-1","max-image-preview":"max-image-preview:large","max-video-preview":"max-video-preview:-1"},"canonical":"https:\/\/www.ajconseil.fr\/fr\/alain-jacob\/","og_locale":"fr_FR","og_type":"article","og_title":"Alain Jacob pr\u00e9sident fondateur \u2013AJ Conseil Recrutement & RH","og_description":"D\u00e9couvrez la biographie d\u2019Alain Jacob, fondateur du cabinet AJ Conseil Recrutement & RH (Paris) : h\u00f4tellerie, restauration, retail, luxe et tourisme.","og_url":"https:\/\/www.ajconseil.fr\/fr\/alain-jacob\/","og_site_name":"AJ Conseil","article_modified_time":"2024-05-17T14:04:33+00:00","twitter_card":"summary_large_image","twitter_misc":{"Dur\u00e9e de lecture estim\u00e9e":"3 minutes"},"schema":{"@context":"https:\/\/schema.org","@graph":[{"@type":"WebPage","@id":"https:\/\/www.ajconseil.fr\/fr\/alain-jacob\/","url":"https:\/\/www.ajconseil.fr\/fr\/alain-jacob\/","name":"Alain Jacob pr\u00e9sident fondateur \u2013AJ Conseil Recrutement & RH","isPartOf":{"@id":"https:\/\/www.ajconseil.fr\/fr\/#website"},"datePublished":"2017-11-03T13:50:18+00:00","dateModified":"2024-05-17T14:04:33+00:00","description":"D\u00e9couvrez la biographie d\u2019Alain Jacob, fondateur du cabinet AJ Conseil Recrutement & RH (Paris) : h\u00f4tellerie, restauration, retail, luxe et tourisme.","breadcrumb":{"@id":"https:\/\/www.ajconseil.fr\/fr\/alain-jacob\/#breadcrumb"},"inLanguage":"fr-FR","potentialAction":[{"@type":"ReadAction","target":["https:\/\/www.ajconseil.fr\/fr\/alain-jacob\/"]}]},{"@type":"BreadcrumbList","@id":"https:\/\/www.ajconseil.fr\/fr\/alain-jacob\/#breadcrumb","itemListElement":[{"@type":"ListItem","position":1,"name":"Accueil","item":"https:\/\/www.ajconseil.fr\/fr\/"},{"@type":"ListItem","position":2,"name":"Alain Jacob"}]},{"@type":"WebSite","@id":"https:\/\/www.ajconseil.fr\/fr\/#website","url":"https:\/\/www.ajconseil.fr\/fr\/","name":"AJ Conseil","description":"","potentialAction":[{"@type":"SearchAction","target":{"@type":"EntryPoint","urlTemplate":"https:\/\/www.ajconseil.fr\/fr\/?s={search_term_string}"},"query-input":{"@type":"PropertyValueSpecification","valueRequired":true,"valueName":"search_term_string"}}],"inLanguage":"fr-FR"}]}},"_links":{"self":[{"href":"https:\/\/www.ajconseil.fr\/fr\/wp-json\/wp\/v2\/pages\/66274","targetHints":{"allow":["GET"]}}],"collection":[{"href":"https:\/\/www.ajconseil.fr\/fr\/wp-json\/wp\/v2\/pages"}],"about":[{"href":"https:\/\/www.ajconseil.fr\/fr\/wp-json\/wp\/v2\/types\/page"}],"author":[{"embeddable":true,"href":"https:\/\/www.ajconseil.fr\/fr\/wp-json\/wp\/v2\/users\/1"}],"replies":[{"embeddable":true,"href":"https:\/\/www.ajconseil.fr\/fr\/wp-json\/wp\/v2\/comments?post=66274"}],"version-history":[{"count":4,"href":"https:\/\/www.ajconseil.fr\/fr\/wp-json\/wp\/v2\/pages\/66274\/revisions"}],"predecessor-version":[{"id":76747,"href":"https:\/\/www.ajconseil.fr\/fr\/wp-json\/wp\/v2\/pages\/66274\/revisions\/76747"}],"wp:attachment":[{"href":"https:\/\/www.ajconseil.fr\/fr\/wp-json\/wp\/v2\/media?parent=66274"}],"curies":[{"name":"wp","href":"https:\/\/api.w.org\/{rel}","templated":true}]}}