{"id":66,"date":"2017-10-25T12:02:27","date_gmt":"2017-10-25T12:02:27","guid":{"rendered":"http:\/\/ajconseil.sixpixels.fr\/?page_id=66"},"modified":"2026-02-04T10:49:12","modified_gmt":"2026-02-04T09:49:12","slug":"recruter-en-hotellerie-luxe-restauration-tourisme","status":"publish","type":"page","link":"https:\/\/www.ajconseil.fr\/fr\/recruter-en-hotellerie-luxe-restauration-tourisme\/","title":{"rendered":"Recrutement"},"content":{"rendered":"<div class=\"wpb-content-wrapper\"><p>[vc_row row_height_percent=\u00a0\u00bb0&Prime; override_padding=\u00a0\u00bbyes\u00a0\u00bb h_padding=\u00a0\u00bb2&Prime; top_padding=\u00a0\u00bb3&Prime; bottom_padding=\u00a0\u00bb2&Prime; back_image=\u00a0\u00bb66165&Prime; back_repeat=\u00a0\u00bbno-repeat\u00a0\u00bb back_attachment=\u00a0\u00bbinherit\u00a0\u00bb back_position=\u00a0\u00bbleft bottom\u00a0\u00bb overlay_alpha=\u00a0\u00bb50&Prime; gutter_size=\u00a0\u00bb3&Prime; column_width_percent=\u00a0\u00bb100&Prime; shift_y=\u00a0\u00bb0&Prime; z_index=\u00a0\u00bb0&Prime; back_size=\u00a0\u00bbinherit\u00a0\u00bb el_class=\u00a0\u00bbrow-sous-header-recrutement\u00a0\u00bb][vc_column width=\u00a0\u00bb1\/2&Prime;][vc_column_text]<span class=\"drop-caps\">L<\/span>e recrutement en <strong>h\u00f4tellerie, restauration et tourisme<\/strong> est l\u2019essence m\u00eame du cabinet <strong>AJ Conseil Recrutement &amp; RH<\/strong> fond\u00e9 en <strong>1993<\/strong> par <strong>Alain Jacob<\/strong>.<\/p>\n<p><strong>L\u2019industrie h\u00f4teli\u00e8re, la restauration et les activit\u00e9s de loisirs<\/strong> figurent parmi les locomotives de l\u2019\u00e9conomie nationale. <strong>Cr\u00e9ateur d\u2019emplois<\/strong> depuis des d\u00e9cennies, ce secteur d\u2019activit\u00e9 contribue \u00e0 faire de la France <strong>la 1e destination touristique au monde<\/strong>.<\/p>\n<p>Pourtant, ce n\u2019est un secret pour personne : <strong>les m\u00e9tiers de service<\/strong> en g\u00e9n\u00e9ral et ceux plus sp\u00e9cifiquement de <strong>l\u2019h\u00f4tellerie, de la restauration et du tourisme<\/strong> sont <strong>en tension<\/strong>. La p\u00e9nurie de collaborateurs, notamment les cadres qualifi\u00e9s, frappe un certain nombre d\u2019entre vous.[\/vc_column_text][\/vc_column][vc_column width=\u00a0\u00bb1\/2&Prime;][vc_column_text]Fort de ses <a href=\"https:\/\/www.ajconseil.fr\/fr\/nos-consultants-experts-hotellerie-restauration\/\">5 consultants<\/a> exp\u00e9riment\u00e9s, dot\u00e9s d\u2019une <strong>double comp\u00e9tence sectorielle et RH<\/strong>, notre cabinet a d\u00e9velopp\u00e9 <strong><a href=\"https:\/\/www.ajconseil.fr\/fr\/notre-methodologie\/\">une m\u00e9thode de recrutement innovante<\/a><\/strong> associant outil performant de gestion des candidatures (<strong>CRM<\/strong>).<\/p>\n<p><strong>Experts de l\u2019emploi<\/strong> cadre dans <strong>l\u2019h\u00f4tellerie, le luxe, le retail, la gastronomie et l\u2019univers touristique<\/strong>, nous accompagnons plus de 950 entreprises depuis 1993, <strong>en France et \u00e0 l\u2019international<\/strong>, sur l\u2019ensemble des questions li\u00e9es \u00e0 l\u2019optimisation du <strong>management<\/strong>.<\/p>\n<p>A la t\u00eate d\u2019un vivier comprenant <strong>75.000 candidat actifs<\/strong> (directeur d\u2019h\u00f4tel, de palace, de resort, de restaurant, chef de cuisine\u2026), nous <strong>s\u00e9lectionnons<\/strong> et <strong>chassons les managers<\/strong> les plus talentueux partout dans le monde afin de vous aider \u00e0 d\u00e9velopper votre entreprise.[\/vc_column_text][\/vc_column][\/vc_row][vc_row row_height_percent=\u00a0\u00bb0&Prime; override_padding=\u00a0\u00bbyes\u00a0\u00bb h_padding=\u00a0\u00bb2&Prime; top_padding=\u00a0\u00bb2&Prime; bottom_padding=\u00a0\u00bb1&Prime; back_color=\u00a0\u00bbcolor-115314&Prime; overlay_alpha=\u00a0\u00bb100&Prime; equal_height=\u00a0\u00bbyes\u00a0\u00bb gutter_size=\u00a0\u00bb100&Prime; column_width_percent=\u00a0\u00bb100&Prime; shift_y=\u00a0\u00bb0&Prime; z_index=\u00a0\u00bb0&Prime; style=\u00a0\u00bbinherited\u00a0\u00bb el_class=\u00a0\u00bbrow-orange\u00a0\u00bb][vc_column column_width_percent=\u00a0\u00bb100&Prime; align_horizontal=\u00a0\u00bbalign_center\u00a0\u00bb gutter_size=\u00a0\u00bb3&Prime; overlay_alpha=\u00a0\u00bb50&Prime; shift_x=\u00a0\u00bb0&Prime; shift_y=\u00a0\u00bb0&Prime; shift_y_down=\u00a0\u00bb0&Prime; z_index=\u00a0\u00bb0&Prime; medium_width=\u00a0\u00bb0&Prime; mobile_width=\u00a0\u00bb0&Prime; width=\u00a0\u00bb1\/1&Prime;][vc_custom_heading heading_semantic=\u00a0\u00bbp\u00a0\u00bb text_size=\u00a0\u00bb\u00a0\u00bb separator=\u00a0\u00bbyes\u00a0\u00bb]Chiffres cl\u00e9s d&rsquo;AJ Conseil[\/vc_custom_heading][\/vc_column][\/vc_row][vc_row row_height_percent=\u00a0\u00bb0&Prime; override_padding=\u00a0\u00bbyes\u00a0\u00bb h_padding=\u00a0\u00bb0&Prime; top_padding=\u00a0\u00bb2&Prime; bottom_padding=\u00a0\u00bb2&Prime; back_color=\u00a0\u00bbcolor-115314&Prime; overlay_alpha=\u00a0\u00bb100&Prime; equal_height=\u00a0\u00bbyes\u00a0\u00bb gutter_size=\u00a0\u00bb100&Prime; column_width_percent=\u00a0\u00bb100&Prime; shift_y=\u00a0\u00bb0&Prime; z_index=\u00a0\u00bb0&Prime; style=\u00a0\u00bbinherited\u00a0\u00bb el_class=\u00a0\u00bbrow-compteur-orange\u00a0\u00bb][vc_column column_width_percent=\u00a0\u00bb100&Prime; align_horizontal=\u00a0\u00bbalign_center\u00a0\u00bb gutter_size=\u00a0\u00bb3&Prime; overlay_alpha=\u00a0\u00bb50&Prime; shift_x=\u00a0\u00bb0&Prime; shift_y=\u00a0\u00bb0&Prime; shift_y_down=\u00a0\u00bb0&Prime; z_index=\u00a0\u00bb0&Prime; medium_width=\u00a0\u00bb0&Prime; mobile_width=\u00a0\u00bb0&Prime; width=\u00a0\u00bb1\/3&Prime;][uncode_counter value=\u00a0\u00bb950&Prime; counter_color=\u00a0\u00bbcolor-xsdn\u00a0\u00bb text=\u00a0\u00bbClients\u00a0\u00bb][\/vc_column][vc_column column_width_percent=\u00a0\u00bb100&Prime; align_horizontal=\u00a0\u00bbalign_center\u00a0\u00bb gutter_size=\u00a0\u00bb3&Prime; overlay_alpha=\u00a0\u00bb50&Prime; shift_x=\u00a0\u00bb0&Prime; shift_y=\u00a0\u00bb0&Prime; shift_y_down=\u00a0\u00bb0&Prime; z_index=\u00a0\u00bb0&Prime; medium_width=\u00a0\u00bb0&Prime; mobile_width=\u00a0\u00bb0&Prime; width=\u00a0\u00bb1\/3&Prime;][uncode_counter value=\u00a0\u00bb75000&Prime; counter_color=\u00a0\u00bbcolor-xsdn\u00a0\u00bb text=\u00a0\u00bbCandidats actifs\u00a0\u00bb][\/vc_column][vc_column column_width_percent=\u00a0\u00bb100&Prime; align_horizontal=\u00a0\u00bbalign_center\u00a0\u00bb gutter_size=\u00a0\u00bb3&Prime; overlay_alpha=\u00a0\u00bb50&Prime; shift_x=\u00a0\u00bb0&Prime; shift_y=\u00a0\u00bb0&Prime; shift_y_down=\u00a0\u00bb0&Prime; z_index=\u00a0\u00bb0&Prime; medium_width=\u00a0\u00bb0&Prime; mobile_width=\u00a0\u00bb0&Prime; width=\u00a0\u00bb1\/3&Prime;][uncode_counter value=\u00a0\u00bb30&Prime; counter_color=\u00a0\u00bbcolor-xsdn\u00a0\u00bb text=\u00a0\u00bbAns d&rsquo;expertise\u00a0\u00bb][\/vc_column][\/vc_row][vc_row row_height_percent=\u00a0\u00bb0&Prime; override_padding=\u00a0\u00bbyes\u00a0\u00bb h_padding=\u00a0\u00bb0&Prime; top_padding=\u00a0\u00bb2&Prime; bottom_padding=\u00a0\u00bb2&Prime; overlay_alpha=\u00a0\u00bb50&Prime; gutter_size=\u00a0\u00bb3&Prime; column_width_percent=\u00a0\u00bb100&Prime; shift_y=\u00a0\u00bb0&Prime; z_index=\u00a0\u00bb0&Prime;][vc_column column_width_percent=\u00a0\u00bb100&Prime; position_vertical=\u00a0\u00bbmiddle\u00a0\u00bb align_horizontal=\u00a0\u00bbalign_center\u00a0\u00bb gutter_size=\u00a0\u00bb3&Prime; override_padding=\u00a0\u00bbyes\u00a0\u00bb column_padding=\u00a0\u00bb2&Prime; overlay_alpha=\u00a0\u00bb50&Prime; shift_x=\u00a0\u00bb0&Prime; shift_y=\u00a0\u00bb0&Prime; shift_y_down=\u00a0\u00bb0&Prime; z_index=\u00a0\u00bb0&Prime; medium_width=\u00a0\u00bb0&Prime; mobile_width=\u00a0\u00bb0&Prime; width=\u00a0\u00bb1\/1&Prime;][vc_custom_heading text_size=\u00a0\u00bb\u00a0\u00bb separator=\u00a0\u00bbyes\u00a0\u00bb el_class=\u00a0\u00bbtitre-row\u00a0\u00bb]Nos sp\u00e9cialisations m\u00e9tiers : h\u00f4tellerie, restauration et tourisme[\/vc_custom_heading][\/vc_column][\/vc_row][vc_row row_height_percent=\u00a0\u00bb0&Prime; override_padding=\u00a0\u00bbyes\u00a0\u00bb h_padding=\u00a0\u00bb2&Prime; top_padding=\u00a0\u00bb1&Prime; bottom_padding=\u00a0\u00bb3&Prime; back_image=\u00a0\u00bb66166&Prime; back_repeat=\u00a0\u00bbno-repeat\u00a0\u00bb back_attachment=\u00a0\u00bbinherit\u00a0\u00bb back_position=\u00a0\u00bbright bottom\u00a0\u00bb overlay_alpha=\u00a0\u00bb100&Prime; gutter_size=\u00a0\u00bb100&Prime; column_width_percent=\u00a0\u00bb100&Prime; shift_y=\u00a0\u00bb0&Prime; z_index=\u00a0\u00bb0&Prime; style=\u00a0\u00bbinherited\u00a0\u00bb back_size=\u00a0\u00bbinherit\u00a0\u00bb el_class=\u00a0\u00bbrow-specialisation-recrutement\u00a0\u00bb][vc_column column_width_percent=\u00a0\u00bb100&Prime; gutter_size=\u00a0\u00bb3&Prime; overlay_alpha=\u00a0\u00bb50&Prime; shift_x=\u00a0\u00bb0&Prime; shift_y=\u00a0\u00bb0&Prime; shift_y_down=\u00a0\u00bb0&Prime; z_index=\u00a0\u00bb0&Prime; medium_width=\u00a0\u00bb0&Prime; mobile_width=\u00a0\u00bb0&Prime; width=\u00a0\u00bb1\/2&Prime; el_class=\u00a0\u00bbboite-engagement\u00a0\u00bb][vc_column_text]Pr\u00e9f\u00e9rant la qualit\u00e9 \u00e0 la quantit\u00e9, nous r\u00e9alisons <strong>plus d\u2019une centaine de missions de recrutement<\/strong> par an aupr\u00e8s :[\/vc_column_text][uncode_list icon=\u00a0\u00bbfa fa-check2&Prime;]<\/p>\n<ul>\n<li><strong>d\u2019h\u00f4teliers et de restaurateurs ind\u00e9pendants<\/strong><\/li>\n<li><strong>de groupes d\u2019h\u00f4tellerie<\/strong><\/li>\n<li><strong>de r\u00e9sidences de tourisme<\/strong><\/li>\n<li><strong>de cha\u00eenes de restauration commerciales et collectives<\/strong><\/li>\n<li><strong>de collectivit\u00e9s et autres compagnies de croisi\u00e8re<\/strong><\/li>\n<\/ul>\n<p>[\/uncode_list][\/vc_column][vc_column width=\u00a0\u00bb1\/2&Prime;][vc_column_text]Notre cabinet de <strong>chasseur de t\u00eates<\/strong> intervient exclusivement dans <strong>le recrutement en h\u00f4tellerie restauration<\/strong> au niveau <strong>management direction g\u00e9n\u00e9rale<\/strong> et <strong>management op\u00e9rationnel<\/strong>.<\/p>\n<p><strong>AJ Conseil Recrutement &amp; RH<\/strong> peut \u00e9galement g\u00e9rer dans <strong>la mise en place d\u2019\u00e9quipes compl\u00e8tes<\/strong> notamment dans le cadre de cr\u00e9ations de d\u00e9partements ou de filiales.<br \/>\n[\/vc_column_text][\/vc_column][\/vc_row][vc_row unlock_row_content=\u00a0\u00bbyes\u00a0\u00bb row_height_percent=\u00a0\u00bb0&Prime; override_padding=\u00a0\u00bbyes\u00a0\u00bb h_padding=\u00a0\u00bb0&Prime; top_padding=\u00a0\u00bb0&Prime; bottom_padding=\u00a0\u00bb0&Prime; overlay_alpha=\u00a0\u00bb100&Prime; gutter_size=\u00a0\u00bb0&Prime; style=\u00a0\u00bbinherited\u00a0\u00bb][\/vc_row][vc_row unlock_row_content=\u00a0\u00bbyes\u00a0\u00bb row_height_percent=\u00a0\u00bb0&Prime; override_padding=\u00a0\u00bbyes\u00a0\u00bb h_padding=\u00a0\u00bb0&Prime; top_padding=\u00a0\u00bb0&Prime; bottom_padding=\u00a0\u00bb0&Prime; overlay_alpha=\u00a0\u00bb50&Prime; equal_height=\u00a0\u00bbyes\u00a0\u00bb gutter_size=\u00a0\u00bb0&Prime; shift_y=\u00a0\u00bb0&Prime;][\/vc_row][vc_row row_height_percent=\u00a0\u00bb0&Prime; override_padding=\u00a0\u00bbyes\u00a0\u00bb h_padding=\u00a0\u00bb2&Prime; top_padding=\u00a0\u00bb3&Prime; bottom_padding=\u00a0\u00bb3&Prime; back_color=\u00a0\u00bbcolor-204591&Prime; overlay_alpha=\u00a0\u00bb50&Prime; gutter_size=\u00a0\u00bb3&Prime; column_width_percent=\u00a0\u00bb100&Prime; shift_y=\u00a0\u00bb0&Prime; z_index=\u00a0\u00bb0&Prime; el_class=\u00a0\u00bbrow-liste\u00a0\u00bb][vc_column width=\u00a0\u00bb1\/3&Prime;][vc_custom_heading heading_semantic=\u00a0\u00bbh3&Prime; text_size=\u00a0\u00bb\u00a0\u00bb]Recrutement top management[\/vc_custom_heading][uncode_list icon=\u00a0\u00bbfa fa-check2&Prime;]<\/p>\n<ul>\n<li>Directeur g\u00e9n\u00e9ral d\u2019h\u00f4tel<\/li>\n<li>Directeur de restaurant<\/li>\n<li>Directeur r\u00e9sidence tourisme<\/li>\n<li>Directeur du tourisme<\/li>\n<li>Directeur d\u2019Ehpad<\/li>\n<li>Direction des op\u00e9rations<\/li>\n<li>Direction de r\u00e9seau<\/li>\n<li>Directeur commercial et ventes<\/li>\n<li>Directeur du d\u00e9veloppement<\/li>\n<li>Direction marketing<\/li>\n<li>Direction administrative et financi\u00e8re<\/li>\n<li>Direction technique\u2026<\/li>\n<li>Direction RH<\/li>\n<li>Direction des achats<\/li>\n<\/ul>\n<p>[\/uncode_list][vc_column_text]* Liste non exhaustive[\/vc_column_text][\/vc_column][vc_column width=\u00a0\u00bb1\/3&Prime;][vc_custom_heading heading_semantic=\u00a0\u00bbh3&Prime; text_size=\u00a0\u00bb\u00a0\u00bb]Recrutement Middle management[\/vc_custom_heading][uncode_list icon=\u00a0\u00bbfa fa-check2&Prime;]<\/p>\n<ul>\n<li>Direction boutique alimentaire (traiteur\u2026)<\/li>\n<li>Chef de service h\u00f4tellerie (chef de r\u00e9ception, gouvernante g\u00e9n\u00e9rale, responsable r\u00e9servation, responsable maintenance\u2026)<\/li>\n<li>Chef de service restauration (responsable de salle, chef sommelier, chef de cuisine, chef de production, chef p\u00e2tissier\u2026)<\/li>\n<li>Chef de service tourisme (responsable p\u00f4le loisirs&#8230;)<\/li>\n<li>Contr\u00f4leur de gestion\u2026<\/li>\n<li>Chef comptable&#8230;<\/li>\n<\/ul>\n<p>[\/uncode_list][vc_column_text]* Liste non exhaustive[\/vc_column_text][\/vc_column][vc_column width=\u00a0\u00bb1\/3&Prime;][vc_custom_heading heading_semantic=\u00a0\u00bbh3&Prime; text_size=\u00a0\u00bb\u00a0\u00bb]Recrutement Experts[\/vc_custom_heading][uncode_list icon=\u00a0\u00bbfa fa-check2&Prime;]<\/p>\n<ul>\n<li>Direction de cuisine centrale<\/li>\n<li>Spa manager<\/li>\n<li>Directeur de collectivit\u00e9<\/li>\n<li>Revenue manager<\/li>\n<li>Responsable facilities management<\/li>\n<li>Directeur village vacances<\/li>\n<li>Superviseur clients\u2026<\/li>\n<li>Conseiller culinaire<\/li>\n<li>Auditeur qualit\u00e9&#8230;<\/li>\n<\/ul>\n<p>[\/uncode_list][vc_column_text]* Liste non exhaustive[\/vc_column_text][\/vc_column][\/vc_row][vc_row unlock_row_content=\u00a0\u00bbyes\u00a0\u00bb row_height_percent=\u00a0\u00bb0&Prime; override_padding=\u00a0\u00bbyes\u00a0\u00bb h_padding=\u00a0\u00bb0&Prime; top_padding=\u00a0\u00bb0&Prime; bottom_padding=\u00a0\u00bb0&Prime; overlay_alpha=\u00a0\u00bb100&Prime; gutter_size=\u00a0\u00bb0&Prime; style=\u00a0\u00bbinherited\u00a0\u00bb][\/vc_row][vc_row unlock_row_content=\u00a0\u00bbyes\u00a0\u00bb row_height_percent=\u00a0\u00bb0&Prime; override_padding=\u00a0\u00bbyes\u00a0\u00bb h_padding=\u00a0\u00bb0&Prime; top_padding=\u00a0\u00bb0&Prime; bottom_padding=\u00a0\u00bb0&Prime; overlay_alpha=\u00a0\u00bb50&Prime; equal_height=\u00a0\u00bbyes\u00a0\u00bb gutter_size=\u00a0\u00bb0&Prime; shift_y=\u00a0\u00bb0&Prime;][\/vc_row][vc_row][vc_column width=\u00a0\u00bb1\/1&Prime;][uncode_block id=\u00a0\u00bb66430&Prime;][\/vc_column][\/vc_row][vc_row][vc_column width=\u00a0\u00bb1\/1&Prime;][uncode_block id=\u00a0\u00bb66408&Prime;][\/vc_column][\/vc_row]<\/p>\n<\/div>","protected":false},"excerpt":{"rendered":"<p>[vc_row row_height_percent=\u00a0\u00bb0&Prime; override_padding=\u00a0\u00bbyes\u00a0\u00bb h_padding=\u00a0\u00bb2&Prime; top_padding=\u00a0\u00bb3&Prime; bottom_padding=\u00a0\u00bb2&Prime; back_image=\u00a0\u00bb66165&Prime; back_repeat=\u00a0\u00bbno-repeat\u00a0\u00bb back_attachment=\u00a0\u00bbinherit\u00a0\u00bb back_position=\u00a0\u00bbleft bottom\u00a0\u00bb overlay_alpha=\u00a0\u00bb50&Prime; gutter_size=\u00a0\u00bb3&Prime; column_width_percent=\u00a0\u00bb100&Prime; shift_y=\u00a0\u00bb0&Prime; z_index=\u00a0\u00bb0&Prime; back_size=\u00a0\u00bbinherit\u00a0\u00bb el_class=\u00a0\u00bbrow-sous-header-recrutement\u00a0\u00bb][vc_column width=\u00a0\u00bb1\/2&Prime;][vc_column_text]Le recrutement [&hellip;]<\/p>\n","protected":false},"author":1,"featured_media":0,"parent":0,"menu_order":0,"comment_status":"closed","ping_status":"closed","template":"","meta":{"footnotes":""},"class_list":["post-66","page","type-page","status-publish","hentry"],"yoast_head":"<!-- This site is optimized with the Yoast SEO plugin v27.4 - https:\/\/yoast.com\/product\/yoast-seo-wordpress\/ -->\n<title>Recrutement Hotellerie Restauration - AJ Conseil Recrutement &amp; RH<\/title>\n<meta name=\"description\" content=\"AJ Conseil Recrutement &amp; RH - chasseur de t\u00eates leader de l&#039;emploi cadre en h\u00f4tellerie-restauration, luxe et tourisme - depuis 1993. Rencontrons-nous vite.\" \/>\n<meta name=\"robots\" content=\"index, follow, max-snippet:-1, max-image-preview:large, max-video-preview:-1\" \/>\n<link rel=\"canonical\" href=\"https:\/\/www.ajconseil.fr\/fr\/recruter-en-hotellerie-luxe-restauration-tourisme\/\" \/>\n<meta property=\"og:locale\" content=\"fr_FR\" \/>\n<meta property=\"og:type\" content=\"article\" \/>\n<meta property=\"og:title\" content=\"Recrutement Hotellerie Restauration - AJ Conseil Recrutement &amp; RH\" \/>\n<meta property=\"og:description\" content=\"AJ Conseil Recrutement &amp; RH - chasseur de t\u00eates leader de l&#039;emploi cadre en h\u00f4tellerie-restauration, luxe et tourisme - depuis 1993. Rencontrons-nous vite.\" \/>\n<meta property=\"og:url\" content=\"https:\/\/www.ajconseil.fr\/fr\/recruter-en-hotellerie-luxe-restauration-tourisme\/\" \/>\n<meta property=\"og:site_name\" content=\"AJ Conseil\" \/>\n<meta property=\"article:modified_time\" content=\"2026-02-04T09:49:12+00:00\" \/>\n<meta name=\"twitter:card\" content=\"summary_large_image\" \/>\n<meta name=\"twitter:label1\" content=\"Dur\u00e9e de lecture estim\u00e9e\" \/>\n\t<meta name=\"twitter:data1\" content=\"4 minutes\" \/>\n<script type=\"application\/ld+json\" class=\"yoast-schema-graph\">{\"@context\":\"https:\\\/\\\/schema.org\",\"@graph\":[{\"@type\":\"WebPage\",\"@id\":\"https:\\\/\\\/www.ajconseil.fr\\\/fr\\\/recruter-en-hotellerie-luxe-restauration-tourisme\\\/\",\"url\":\"https:\\\/\\\/www.ajconseil.fr\\\/fr\\\/recruter-en-hotellerie-luxe-restauration-tourisme\\\/\",\"name\":\"Recrutement Hotellerie Restauration - AJ Conseil Recrutement & RH\",\"isPartOf\":{\"@id\":\"https:\\\/\\\/www.ajconseil.fr\\\/fr\\\/#website\"},\"datePublished\":\"2017-10-25T12:02:27+00:00\",\"dateModified\":\"2026-02-04T09:49:12+00:00\",\"description\":\"AJ Conseil Recrutement & RH - chasseur de t\u00eates leader de l'emploi cadre en h\u00f4tellerie-restauration, luxe et tourisme - depuis 1993. Rencontrons-nous vite.\",\"breadcrumb\":{\"@id\":\"https:\\\/\\\/www.ajconseil.fr\\\/fr\\\/recruter-en-hotellerie-luxe-restauration-tourisme\\\/#breadcrumb\"},\"inLanguage\":\"fr-FR\",\"potentialAction\":[{\"@type\":\"ReadAction\",\"target\":[\"https:\\\/\\\/www.ajconseil.fr\\\/fr\\\/recruter-en-hotellerie-luxe-restauration-tourisme\\\/\"]}]},{\"@type\":\"BreadcrumbList\",\"@id\":\"https:\\\/\\\/www.ajconseil.fr\\\/fr\\\/recruter-en-hotellerie-luxe-restauration-tourisme\\\/#breadcrumb\",\"itemListElement\":[{\"@type\":\"ListItem\",\"position\":1,\"name\":\"Accueil\",\"item\":\"https:\\\/\\\/www.ajconseil.fr\\\/fr\\\/\"},{\"@type\":\"ListItem\",\"position\":2,\"name\":\"Recrutement\"}]},{\"@type\":\"WebSite\",\"@id\":\"https:\\\/\\\/www.ajconseil.fr\\\/fr\\\/#website\",\"url\":\"https:\\\/\\\/www.ajconseil.fr\\\/fr\\\/\",\"name\":\"AJ Conseil\",\"description\":\"\",\"potentialAction\":[{\"@type\":\"SearchAction\",\"target\":{\"@type\":\"EntryPoint\",\"urlTemplate\":\"https:\\\/\\\/www.ajconseil.fr\\\/fr\\\/?s={search_term_string}\"},\"query-input\":{\"@type\":\"PropertyValueSpecification\",\"valueRequired\":true,\"valueName\":\"search_term_string\"}}],\"inLanguage\":\"fr-FR\"}]}<\/script>\n<!-- \/ Yoast SEO plugin. -->","yoast_head_json":{"title":"Recrutement Hotellerie Restauration - AJ Conseil Recrutement & RH","description":"AJ Conseil Recrutement & RH - chasseur de t\u00eates leader de l'emploi cadre en h\u00f4tellerie-restauration, luxe et tourisme - depuis 1993. Rencontrons-nous vite.","robots":{"index":"index","follow":"follow","max-snippet":"max-snippet:-1","max-image-preview":"max-image-preview:large","max-video-preview":"max-video-preview:-1"},"canonical":"https:\/\/www.ajconseil.fr\/fr\/recruter-en-hotellerie-luxe-restauration-tourisme\/","og_locale":"fr_FR","og_type":"article","og_title":"Recrutement Hotellerie Restauration - AJ Conseil Recrutement & RH","og_description":"AJ Conseil Recrutement & RH - chasseur de t\u00eates leader de l'emploi cadre en h\u00f4tellerie-restauration, luxe et tourisme - depuis 1993. Rencontrons-nous vite.","og_url":"https:\/\/www.ajconseil.fr\/fr\/recruter-en-hotellerie-luxe-restauration-tourisme\/","og_site_name":"AJ Conseil","article_modified_time":"2026-02-04T09:49:12+00:00","twitter_card":"summary_large_image","twitter_misc":{"Dur\u00e9e de lecture estim\u00e9e":"4 minutes"},"schema":{"@context":"https:\/\/schema.org","@graph":[{"@type":"WebPage","@id":"https:\/\/www.ajconseil.fr\/fr\/recruter-en-hotellerie-luxe-restauration-tourisme\/","url":"https:\/\/www.ajconseil.fr\/fr\/recruter-en-hotellerie-luxe-restauration-tourisme\/","name":"Recrutement Hotellerie Restauration - AJ Conseil Recrutement & RH","isPartOf":{"@id":"https:\/\/www.ajconseil.fr\/fr\/#website"},"datePublished":"2017-10-25T12:02:27+00:00","dateModified":"2026-02-04T09:49:12+00:00","description":"AJ Conseil Recrutement & RH - chasseur de t\u00eates leader de l'emploi cadre en h\u00f4tellerie-restauration, luxe et tourisme - depuis 1993. Rencontrons-nous vite.","breadcrumb":{"@id":"https:\/\/www.ajconseil.fr\/fr\/recruter-en-hotellerie-luxe-restauration-tourisme\/#breadcrumb"},"inLanguage":"fr-FR","potentialAction":[{"@type":"ReadAction","target":["https:\/\/www.ajconseil.fr\/fr\/recruter-en-hotellerie-luxe-restauration-tourisme\/"]}]},{"@type":"BreadcrumbList","@id":"https:\/\/www.ajconseil.fr\/fr\/recruter-en-hotellerie-luxe-restauration-tourisme\/#breadcrumb","itemListElement":[{"@type":"ListItem","position":1,"name":"Accueil","item":"https:\/\/www.ajconseil.fr\/fr\/"},{"@type":"ListItem","position":2,"name":"Recrutement"}]},{"@type":"WebSite","@id":"https:\/\/www.ajconseil.fr\/fr\/#website","url":"https:\/\/www.ajconseil.fr\/fr\/","name":"AJ Conseil","description":"","potentialAction":[{"@type":"SearchAction","target":{"@type":"EntryPoint","urlTemplate":"https:\/\/www.ajconseil.fr\/fr\/?s={search_term_string}"},"query-input":{"@type":"PropertyValueSpecification","valueRequired":true,"valueName":"search_term_string"}}],"inLanguage":"fr-FR"}]}},"_links":{"self":[{"href":"https:\/\/www.ajconseil.fr\/fr\/wp-json\/wp\/v2\/pages\/66","targetHints":{"allow":["GET"]}}],"collection":[{"href":"https:\/\/www.ajconseil.fr\/fr\/wp-json\/wp\/v2\/pages"}],"about":[{"href":"https:\/\/www.ajconseil.fr\/fr\/wp-json\/wp\/v2\/types\/page"}],"author":[{"embeddable":true,"href":"https:\/\/www.ajconseil.fr\/fr\/wp-json\/wp\/v2\/users\/1"}],"replies":[{"embeddable":true,"href":"https:\/\/www.ajconseil.fr\/fr\/wp-json\/wp\/v2\/comments?post=66"}],"version-history":[{"count":5,"href":"https:\/\/www.ajconseil.fr\/fr\/wp-json\/wp\/v2\/pages\/66\/revisions"}],"predecessor-version":[{"id":77077,"href":"https:\/\/www.ajconseil.fr\/fr\/wp-json\/wp\/v2\/pages\/66\/revisions\/77077"}],"wp:attachment":[{"href":"https:\/\/www.ajconseil.fr\/fr\/wp-json\/wp\/v2\/media?parent=66"}],"curies":[{"name":"wp","href":"https:\/\/api.w.org\/{rel}","templated":true}]}}