{"id":64,"date":"2017-10-25T12:00:26","date_gmt":"2017-10-25T12:00:26","guid":{"rendered":"http:\/\/ajconseil.sixpixels.fr\/?page_id=64"},"modified":"2026-02-02T16:57:15","modified_gmt":"2026-02-02T15:57:15","slug":"temoignages-candidats","status":"publish","type":"page","link":"https:\/\/www.ajconseil.fr\/fr\/temoignages-candidats\/","title":{"rendered":"T\u00e9moignages candidats"},"content":{"rendered":"<div class=\"wpb-content-wrapper\"><p>[vc_row unlock_row_content=\u00a0\u00bbyes\u00a0\u00bb row_height_percent=\u00a0\u00bb0&Prime; override_padding=\u00a0\u00bbyes\u00a0\u00bb h_padding=\u00a0\u00bb0&Prime; top_padding=\u00a0\u00bb0&Prime; bottom_padding=\u00a0\u00bb0&Prime; overlay_alpha=\u00a0\u00bb100&Prime; gutter_size=\u00a0\u00bb0&Prime; style=\u00a0\u00bbinherited\u00a0\u00bb][\/vc_row][vc_row unlock_row_content=\u00a0\u00bbyes\u00a0\u00bb row_height_percent=\u00a0\u00bb0&Prime; override_padding=\u00a0\u00bbyes\u00a0\u00bb h_padding=\u00a0\u00bb0&Prime; top_padding=\u00a0\u00bb0&Prime; bottom_padding=\u00a0\u00bb0&Prime; overlay_alpha=\u00a0\u00bb50&Prime; equal_height=\u00a0\u00bbyes\u00a0\u00bb gutter_size=\u00a0\u00bb0&Prime; shift_y=\u00a0\u00bb0&Prime;][\/vc_row][vc_row row_height_percent=\u00a0\u00bb0&Prime; override_padding=\u00a0\u00bbyes\u00a0\u00bb h_padding=\u00a0\u00bb2&Prime; top_padding=\u00a0\u00bb3&Prime; bottom_padding=\u00a0\u00bb2&Prime; overlay_alpha=\u00a0\u00bb50&Prime; gutter_size=\u00a0\u00bb3&Prime; column_width_percent=\u00a0\u00bb100&Prime; shift_y=\u00a0\u00bb0&Prime; z_index=\u00a0\u00bb0&Prime;][vc_column column_width_percent=\u00a0\u00bb100&Prime; align_horizontal=\u00a0\u00bbalign_center\u00a0\u00bb gutter_size=\u00a0\u00bb3&Prime; overlay_alpha=\u00a0\u00bb50&Prime; shift_x=\u00a0\u00bb0&Prime; shift_y=\u00a0\u00bb0&Prime; shift_y_down=\u00a0\u00bb0&Prime; z_index=\u00a0\u00bb0&Prime; medium_width=\u00a0\u00bb0&Prime; mobile_width=\u00a0\u00bb0&Prime; width=\u00a0\u00bb1\/1&Prime;][vc_custom_heading text_size=\u00a0\u00bb\u00a0\u00bb separator=\u00a0\u00bbyes\u00a0\u00bb el_class=\u00a0\u00bbtitre-row\u00a0\u00bb]Les candidats parlent de nous[\/vc_custom_heading][\/vc_column][\/vc_row][vc_row row_height_percent=\u00a0\u00bb0&Prime; override_padding=\u00a0\u00bbyes\u00a0\u00bb h_padding=\u00a0\u00bb2&Prime; top_padding=\u00a0\u00bb2&Prime; bottom_padding=\u00a0\u00bb3&Prime; overlay_alpha=\u00a0\u00bb50&Prime; gutter_size=\u00a0\u00bb3&Prime; column_width_percent=\u00a0\u00bb100&Prime; shift_y=\u00a0\u00bb0&Prime; z_index=\u00a0\u00bb0&Prime;][vc_column width=\u00a0\u00bb1\/2&Prime;][vc_column_text]<span class=\"drop-caps\">P<\/span>arce que chaque candidat est unique, <a href=\"https:\/\/www.ajconseil.fr\/fr\/nos-consultants-experts-hotellerie-restauration\/\">nos consultants<\/a> ont pour principal objectif <strong>d\u2019aller bien au-del\u00e0 des apparences d\u2019un CV<\/strong>.<\/p>\n<p>Pourquoi\u00a0? Tout simplement pour r\u00e9pondre <strong>aux envies profondes<\/strong> de chacun d\u2019entre vous.[\/vc_column_text][\/vc_column][vc_column width=\u00a0\u00bb1\/2&Prime;][vc_column_text]Chez AJ Conseil Recrutement &amp; RH, nous accordons la m\u00eame importance, la m\u00eame <strong>qualit\u00e9 d\u2019\u00e9coute<\/strong>, la <strong>m\u00eame r\u00e9activit\u00e9<\/strong> et <strong>le m\u00eame soin aux attentes<\/strong> des <strong>clients<\/strong> qu\u2019\u00e0 celle des <strong>candidats<\/strong>. La preuve\u00a0![\/vc_column_text][\/vc_column][\/vc_row][vc_row][vc_column width=\u00a0\u00bb2\/3&Prime;][vc_column_text]<strong>Vous souhaitez rejoindre notre communaut\u00e9 de candidats ?<br \/>\nRien n\u2019est plus simple, merci de d\u00e9poser votre CV<\/strong>[\/vc_column_text][\/vc_column][vc_column width=\u00a0\u00bb1\/3&Prime;][vc_button border_width=\u00a0\u00bb0&Prime; link=\u00a0\u00bburl:%2Ffr%2Fpostuler%2F\u00a0\u00bb]D\u00e9poser mon CV[\/vc_button][\/vc_column][\/vc_row][vc_row unlock_row_content=\u00a0\u00bbyes\u00a0\u00bb row_height_percent=\u00a0\u00bb0&Prime; override_padding=\u00a0\u00bbyes\u00a0\u00bb h_padding=\u00a0\u00bb0&Prime; top_padding=\u00a0\u00bb0&Prime; bottom_padding=\u00a0\u00bb0&Prime; overlay_alpha=\u00a0\u00bb100&Prime; gutter_size=\u00a0\u00bb0&Prime; style=\u00a0\u00bbinherited\u00a0\u00bb][\/vc_row][vc_row unlock_row_content=\u00a0\u00bbyes\u00a0\u00bb row_height_percent=\u00a0\u00bb0&Prime; override_padding=\u00a0\u00bbyes\u00a0\u00bb h_padding=\u00a0\u00bb0&Prime; top_padding=\u00a0\u00bb0&Prime; bottom_padding=\u00a0\u00bb0&Prime; overlay_alpha=\u00a0\u00bb50&Prime; equal_height=\u00a0\u00bbyes\u00a0\u00bb gutter_size=\u00a0\u00bb0&Prime; shift_y=\u00a0\u00bb0&Prime;][\/vc_row][vc_row unlock_row_content=\u00a0\u00bbyes\u00a0\u00bb row_height_percent=\u00a0\u00bb0&Prime; override_padding=\u00a0\u00bbyes\u00a0\u00bb h_padding=\u00a0\u00bb0&Prime; top_padding=\u00a0\u00bb0&Prime; bottom_padding=\u00a0\u00bb0&Prime; overlay_alpha=\u00a0\u00bb100&Prime; gutter_size=\u00a0\u00bb0&Prime; style=\u00a0\u00bbinherited\u00a0\u00bb][\/vc_row][vc_row unlock_row_content=\u00a0\u00bbyes\u00a0\u00bb row_height_percent=\u00a0\u00bb0&Prime; override_padding=\u00a0\u00bbyes\u00a0\u00bb h_padding=\u00a0\u00bb0&Prime; top_padding=\u00a0\u00bb0&Prime; bottom_padding=\u00a0\u00bb0&Prime; overlay_alpha=\u00a0\u00bb50&Prime; equal_height=\u00a0\u00bbyes\u00a0\u00bb gutter_size=\u00a0\u00bb0&Prime; shift_y=\u00a0\u00bb0&Prime;][\/vc_row][vc_row unlock_row_content=\u00a0\u00bbyes\u00a0\u00bb row_height_percent=\u00a0\u00bb0&Prime; override_padding=\u00a0\u00bbyes\u00a0\u00bb h_padding=\u00a0\u00bb0&Prime; top_padding=\u00a0\u00bb0&Prime; bottom_padding=\u00a0\u00bb0&Prime; overlay_alpha=\u00a0\u00bb100&Prime; gutter_size=\u00a0\u00bb0&Prime; style=\u00a0\u00bbinherited\u00a0\u00bb][\/vc_row][vc_row unlock_row_content=\u00a0\u00bbyes\u00a0\u00bb row_height_percent=\u00a0\u00bb0&Prime; override_padding=\u00a0\u00bbyes\u00a0\u00bb h_padding=\u00a0\u00bb0&Prime; top_padding=\u00a0\u00bb0&Prime; bottom_padding=\u00a0\u00bb0&Prime; overlay_alpha=\u00a0\u00bb50&Prime; equal_height=\u00a0\u00bbyes\u00a0\u00bb gutter_size=\u00a0\u00bb0&Prime; shift_y=\u00a0\u00bb0&Prime;][\/vc_row][vc_row unlock_row_content=\u00a0\u00bbyes\u00a0\u00bb row_height_percent=\u00a0\u00bb0&Prime; override_padding=\u00a0\u00bbyes\u00a0\u00bb h_padding=\u00a0\u00bb2&Prime; top_padding=\u00a0\u00bb2&Prime; bottom_padding=\u00a0\u00bb2&Prime; back_image=\u00a0\u00bb69044&Prime; overlay_alpha=\u00a0\u00bb50&Prime; gutter_size=\u00a0\u00bb100&Prime; column_width_percent=\u00a0\u00bb100&Prime; shift_y=\u00a0\u00bb0&Prime; z_index=\u00a0\u00bb0&Prime; style=\u00a0\u00bbinherited\u00a0\u00bb el_class=\u00a0\u00bbrow-temoignage-candidats\u00a0\u00bb][vc_column column_width_percent=\u00a0\u00bb100&Prime; position_vertical=\u00a0\u00bbmiddle\u00a0\u00bb align_horizontal=\u00a0\u00bbalign_center\u00a0\u00bb gutter_size=\u00a0\u00bb4&Prime; override_padding=\u00a0\u00bbyes\u00a0\u00bb column_padding=\u00a0\u00bb2&Prime; overlay_alpha=\u00a0\u00bb100&Prime; shift_x=\u00a0\u00bb0&Prime; shift_y=\u00a0\u00bb0&Prime; shift_y_down=\u00a0\u00bb0&Prime; z_index=\u00a0\u00bb0&Prime; medium_width=\u00a0\u00bb0&Prime; mobile_width=\u00a0\u00bb0&Prime; zoom_width=\u00a0\u00bb0&Prime; zoom_height=\u00a0\u00bb0&Prime; width=\u00a0\u00bb1\/1&Prime; el_class=\u00a0\u00bbcol-temoignage\u00a0\u00bb][vc_gallery el_id=\u00a0\u00bbgallery-29&Prime; type=\u00a0\u00bbcarousel\u00a0\u00bb medias=\u00a0\u00bb77049,77045,77047,73942,68850,68852,68854,68858,71608,73948,73950,73938&Prime; carousel_lg=\u00a0\u00bb1&Prime; carousel_md=\u00a0\u00bb1&Prime; carousel_sm=\u00a0\u00bb1&Prime; gutter_size=\u00a0\u00bb0&Prime; media_items=\u00a0\u00bbmedia|nolink|original\u00a0\u00bb carousel_type=\u00a0\u00bbfade\u00a0\u00bb carousel_interval=\u00a0\u00bb5000&Prime; carousel_navspeed=\u00a0\u00bb200&Prime; carousel_loop=\u00a0\u00bbyes\u00a0\u00bb carousel_dots=\u00a0\u00bbyes\u00a0\u00bb carousel_dots_mobile=\u00a0\u00bbyes\u00a0\u00bb carousel_autoh=\u00a0\u00bbyes\u00a0\u00bb carousel_textual=\u00a0\u00bbyes\u00a0\u00bb stage_padding=\u00a0\u00bb0&Prime; single_overlay_opacity=\u00a0\u00bb50&Prime; single_v_position=\u00a0\u00bbtop\u00a0\u00bb single_padding=\u00a0\u00bb2&Prime; single_css_animation=\u00a0\u00bbzoom-in\u00a0\u00bb single_animation_speed=\u00a0\u00bb600&Prime; single_animation_delay=\u00a0\u00bb100&Prime; carousel_rtl=\u00a0\u00bb\u00a0\u00bb single_half_padding=\u00a0\u00bb\u00a0\u00bb single_title_uppercase=\u00a0\u00bb\u00a0\u00bb single_title_bold=\u00a0\u00bb\u00a0\u00bb single_title_serif=\u00a0\u00bb\u00a0\u00bb single_no_background=\u00a0\u00bb\u00a0\u00bb carousel_twitter=\u00a0\u00bbyes\u00a0\u00bb items=\u00a0\u00bbeyIxMjE2NF9pIjp7InNpbmdsZV9ib3JkZXIiOiJubyIsInNpbmdsZV9zaGFkb3ciOiJ5ZXMifSwiMTIxNjVfaSI6eyJzaW5nbGVfc2hhZG93IjoieWVzIn0sIjEyMTY2X2kiOnsic2luZ2xlX3NoYWRvdyI6InllcyJ9LCI2ODg1OF9pIjp7InNpbmdsZV9ib3JkZXIiOiJ5ZXMifSwiNjg4NTZfaSI6eyJzaW5nbGVfYm9yZGVyIjoieWVzIn0sIjY4ODU0X2kiOnsic2luZ2xlX2JvcmRlciI6InllcyJ9LCI2ODg1Ml9pIjp7InNpbmdsZV9ib3JkZXIiOiJ5ZXMifSwiNjg4NTBfaSI6eyJzaW5nbGVfYm9yZGVyIjoieWVzIn0sIjY4ODQ4X2kiOnsic2luZ2xlX2JvcmRlciI6InllcyJ9LCI2ODg0Nl9pIjp7InNpbmdsZV9ib3JkZXIiOiJ5ZXMifSwiNjg4NDRfaSI6eyJzaW5nbGVfYm9yZGVyIjoieWVzIn0sIjY4ODQyX2kiOnsic2luZ2xlX2JvcmRlciI6InllcyJ9LCI2ODgzOF9pIjp7InNpbmdsZV9ib3JkZXIiOiJ5ZXMifX0=\u00a0\u00bb][\/vc_column][\/vc_row][vc_row][vc_column width=\u00a0\u00bb1\/1&Prime;][uncode_block id=\u00a0\u00bb66539&Prime;][\/vc_column][\/vc_row][vc_row][vc_column width=\u00a0\u00bb1\/1&Prime;][uncode_block id=\u00a0\u00bb66408&Prime;][\/vc_column][\/vc_row]<\/p>\n<\/div>","protected":false},"excerpt":{"rendered":"<p>[vc_row unlock_row_content=\u00a0\u00bbyes\u00a0\u00bb row_height_percent=\u00a0\u00bb0&Prime; override_padding=\u00a0\u00bbyes\u00a0\u00bb h_padding=\u00a0\u00bb0&Prime; top_padding=\u00a0\u00bb0&Prime; bottom_padding=\u00a0\u00bb0&Prime; overlay_alpha=\u00a0\u00bb100&Prime; gutter_size=\u00a0\u00bb0&Prime; style=\u00a0\u00bbinherited\u00a0\u00bb][\/vc_row][vc_row unlock_row_content=\u00a0\u00bbyes\u00a0\u00bb row_height_percent=\u00a0\u00bb0&Prime; override_padding=\u00a0\u00bbyes\u00a0\u00bb h_padding=\u00a0\u00bb0&Prime; top_padding=\u00a0\u00bb0&Prime; bottom_padding=\u00a0\u00bb0&Prime; overlay_alpha=\u00a0\u00bb50&Prime; equal_height=\u00a0\u00bbyes\u00a0\u00bb gutter_size=\u00a0\u00bb0&Prime; shift_y=\u00a0\u00bb0&Prime;][\/vc_row][vc_row [&hellip;]<\/p>\n","protected":false},"author":1,"featured_media":0,"parent":0,"menu_order":0,"comment_status":"closed","ping_status":"closed","template":"","meta":{"footnotes":""},"class_list":["post-64","page","type-page","status-publish","hentry"],"yoast_head":"<!-- This site is optimized with the Yoast SEO plugin v27.4 - https:\/\/yoast.com\/product\/yoast-seo-wordpress\/ -->\n<title>T\u00e9moignages candidats - AJ Conseil Recrutement &amp; RH<\/title>\n<meta name=\"description\" content=\"Les histoires de recrutement finissent bien avec AJ Conseil. Voici les t\u00e9moignages des candidats recrut\u00e9s par nos soins. Et construisons votre avenir ensemble !\" \/>\n<meta name=\"robots\" content=\"index, follow, max-snippet:-1, max-image-preview:large, max-video-preview:-1\" \/>\n<link rel=\"canonical\" href=\"https:\/\/www.ajconseil.fr\/fr\/temoignages-candidats\/\" \/>\n<meta property=\"og:locale\" content=\"fr_FR\" \/>\n<meta property=\"og:type\" content=\"article\" \/>\n<meta property=\"og:title\" content=\"T\u00e9moignages candidats - AJ Conseil Recrutement &amp; RH\" \/>\n<meta property=\"og:description\" content=\"Les histoires de recrutement finissent bien avec AJ Conseil. Voici les t\u00e9moignages des candidats recrut\u00e9s par nos soins. Et construisons votre avenir ensemble !\" \/>\n<meta property=\"og:url\" content=\"https:\/\/www.ajconseil.fr\/fr\/temoignages-candidats\/\" \/>\n<meta property=\"og:site_name\" content=\"AJ Conseil\" \/>\n<meta property=\"article:modified_time\" content=\"2026-02-02T15:57:15+00:00\" \/>\n<meta name=\"twitter:card\" content=\"summary_large_image\" \/>\n<meta name=\"twitter:label1\" content=\"Dur\u00e9e de lecture estim\u00e9e\" \/>\n\t<meta name=\"twitter:data1\" content=\"2 minutes\" \/>\n<script type=\"application\/ld+json\" class=\"yoast-schema-graph\">{\"@context\":\"https:\\\/\\\/schema.org\",\"@graph\":[{\"@type\":\"WebPage\",\"@id\":\"https:\\\/\\\/www.ajconseil.fr\\\/fr\\\/temoignages-candidats\\\/\",\"url\":\"https:\\\/\\\/www.ajconseil.fr\\\/fr\\\/temoignages-candidats\\\/\",\"name\":\"T\u00e9moignages candidats - AJ Conseil Recrutement & RH\",\"isPartOf\":{\"@id\":\"https:\\\/\\\/www.ajconseil.fr\\\/fr\\\/#website\"},\"datePublished\":\"2017-10-25T12:00:26+00:00\",\"dateModified\":\"2026-02-02T15:57:15+00:00\",\"description\":\"Les histoires de recrutement finissent bien avec AJ Conseil. Voici les t\u00e9moignages des candidats recrut\u00e9s par nos soins. Et construisons votre avenir ensemble !\",\"breadcrumb\":{\"@id\":\"https:\\\/\\\/www.ajconseil.fr\\\/fr\\\/temoignages-candidats\\\/#breadcrumb\"},\"inLanguage\":\"fr-FR\",\"potentialAction\":[{\"@type\":\"ReadAction\",\"target\":[\"https:\\\/\\\/www.ajconseil.fr\\\/fr\\\/temoignages-candidats\\\/\"]}]},{\"@type\":\"BreadcrumbList\",\"@id\":\"https:\\\/\\\/www.ajconseil.fr\\\/fr\\\/temoignages-candidats\\\/#breadcrumb\",\"itemListElement\":[{\"@type\":\"ListItem\",\"position\":1,\"name\":\"Accueil\",\"item\":\"https:\\\/\\\/www.ajconseil.fr\\\/fr\\\/\"},{\"@type\":\"ListItem\",\"position\":2,\"name\":\"T\u00e9moignages candidats\"}]},{\"@type\":\"WebSite\",\"@id\":\"https:\\\/\\\/www.ajconseil.fr\\\/fr\\\/#website\",\"url\":\"https:\\\/\\\/www.ajconseil.fr\\\/fr\\\/\",\"name\":\"AJ Conseil\",\"description\":\"\",\"potentialAction\":[{\"@type\":\"SearchAction\",\"target\":{\"@type\":\"EntryPoint\",\"urlTemplate\":\"https:\\\/\\\/www.ajconseil.fr\\\/fr\\\/?s={search_term_string}\"},\"query-input\":{\"@type\":\"PropertyValueSpecification\",\"valueRequired\":true,\"valueName\":\"search_term_string\"}}],\"inLanguage\":\"fr-FR\"}]}<\/script>\n<!-- \/ Yoast SEO plugin. -->","yoast_head_json":{"title":"T\u00e9moignages candidats - AJ Conseil Recrutement & RH","description":"Les histoires de recrutement finissent bien avec AJ Conseil. Voici les t\u00e9moignages des candidats recrut\u00e9s par nos soins. Et construisons votre avenir ensemble !","robots":{"index":"index","follow":"follow","max-snippet":"max-snippet:-1","max-image-preview":"max-image-preview:large","max-video-preview":"max-video-preview:-1"},"canonical":"https:\/\/www.ajconseil.fr\/fr\/temoignages-candidats\/","og_locale":"fr_FR","og_type":"article","og_title":"T\u00e9moignages candidats - AJ Conseil Recrutement & RH","og_description":"Les histoires de recrutement finissent bien avec AJ Conseil. Voici les t\u00e9moignages des candidats recrut\u00e9s par nos soins. Et construisons votre avenir ensemble !","og_url":"https:\/\/www.ajconseil.fr\/fr\/temoignages-candidats\/","og_site_name":"AJ Conseil","article_modified_time":"2026-02-02T15:57:15+00:00","twitter_card":"summary_large_image","twitter_misc":{"Dur\u00e9e de lecture estim\u00e9e":"2 minutes"},"schema":{"@context":"https:\/\/schema.org","@graph":[{"@type":"WebPage","@id":"https:\/\/www.ajconseil.fr\/fr\/temoignages-candidats\/","url":"https:\/\/www.ajconseil.fr\/fr\/temoignages-candidats\/","name":"T\u00e9moignages candidats - AJ Conseil Recrutement & RH","isPartOf":{"@id":"https:\/\/www.ajconseil.fr\/fr\/#website"},"datePublished":"2017-10-25T12:00:26+00:00","dateModified":"2026-02-02T15:57:15+00:00","description":"Les histoires de recrutement finissent bien avec AJ Conseil. Voici les t\u00e9moignages des candidats recrut\u00e9s par nos soins. Et construisons votre avenir ensemble !","breadcrumb":{"@id":"https:\/\/www.ajconseil.fr\/fr\/temoignages-candidats\/#breadcrumb"},"inLanguage":"fr-FR","potentialAction":[{"@type":"ReadAction","target":["https:\/\/www.ajconseil.fr\/fr\/temoignages-candidats\/"]}]},{"@type":"BreadcrumbList","@id":"https:\/\/www.ajconseil.fr\/fr\/temoignages-candidats\/#breadcrumb","itemListElement":[{"@type":"ListItem","position":1,"name":"Accueil","item":"https:\/\/www.ajconseil.fr\/fr\/"},{"@type":"ListItem","position":2,"name":"T\u00e9moignages candidats"}]},{"@type":"WebSite","@id":"https:\/\/www.ajconseil.fr\/fr\/#website","url":"https:\/\/www.ajconseil.fr\/fr\/","name":"AJ Conseil","description":"","potentialAction":[{"@type":"SearchAction","target":{"@type":"EntryPoint","urlTemplate":"https:\/\/www.ajconseil.fr\/fr\/?s={search_term_string}"},"query-input":{"@type":"PropertyValueSpecification","valueRequired":true,"valueName":"search_term_string"}}],"inLanguage":"fr-FR"}]}},"_links":{"self":[{"href":"https:\/\/www.ajconseil.fr\/fr\/wp-json\/wp\/v2\/pages\/64","targetHints":{"allow":["GET"]}}],"collection":[{"href":"https:\/\/www.ajconseil.fr\/fr\/wp-json\/wp\/v2\/pages"}],"about":[{"href":"https:\/\/www.ajconseil.fr\/fr\/wp-json\/wp\/v2\/types\/page"}],"author":[{"embeddable":true,"href":"https:\/\/www.ajconseil.fr\/fr\/wp-json\/wp\/v2\/users\/1"}],"replies":[{"embeddable":true,"href":"https:\/\/www.ajconseil.fr\/fr\/wp-json\/wp\/v2\/comments?post=64"}],"version-history":[{"count":4,"href":"https:\/\/www.ajconseil.fr\/fr\/wp-json\/wp\/v2\/pages\/64\/revisions"}],"predecessor-version":[{"id":77052,"href":"https:\/\/www.ajconseil.fr\/fr\/wp-json\/wp\/v2\/pages\/64\/revisions\/77052"}],"wp:attachment":[{"href":"https:\/\/www.ajconseil.fr\/fr\/wp-json\/wp\/v2\/media?parent=64"}],"curies":[{"name":"wp","href":"https:\/\/api.w.org\/{rel}","templated":true}]}}