{"id":55,"date":"2017-10-25T11:57:45","date_gmt":"2017-10-25T11:57:45","guid":{"rendered":"http:\/\/ajconseil.sixpixels.fr\/?page_id=55"},"modified":"2017-11-29T09:14:36","modified_gmt":"2017-11-29T08:14:36","slug":"gerer-e-reputation-pro","status":"publish","type":"page","link":"https:\/\/www.ajconseil.fr\/fr\/gerer-e-reputation-pro\/","title":{"rendered":"G\u00e9rer sa e-r\u00e9putation pro"},"content":{"rendered":"<div class=\"wpb-content-wrapper\"><p>[vc_row unlock_row_content=\u00a0\u00bbyes\u00a0\u00bb row_height_percent=\u00a0\u00bb0&Prime; override_padding=\u00a0\u00bbyes\u00a0\u00bb h_padding=\u00a0\u00bb0&Prime; top_padding=\u00a0\u00bb0&Prime; bottom_padding=\u00a0\u00bb0&Prime; overlay_alpha=\u00a0\u00bb100&Prime; gutter_size=\u00a0\u00bb0&Prime; style=\u00a0\u00bbinherited\u00a0\u00bb][\/vc_row][vc_row unlock_row_content=\u00a0\u00bbyes\u00a0\u00bb row_height_percent=\u00a0\u00bb0&Prime; override_padding=\u00a0\u00bbyes\u00a0\u00bb h_padding=\u00a0\u00bb0&Prime; top_padding=\u00a0\u00bb0&Prime; bottom_padding=\u00a0\u00bb0&Prime; overlay_alpha=\u00a0\u00bb50&Prime; equal_height=\u00a0\u00bbyes\u00a0\u00bb gutter_size=\u00a0\u00bb0&Prime; shift_y=\u00a0\u00bb0&Prime;][\/vc_row][vc_row unlock_row_content=\u00a0\u00bbyes\u00a0\u00bb row_height_percent=\u00a0\u00bb0&Prime; override_padding=\u00a0\u00bbyes\u00a0\u00bb h_padding=\u00a0\u00bb0&Prime; top_padding=\u00a0\u00bb0&Prime; bottom_padding=\u00a0\u00bb0&Prime; overlay_alpha=\u00a0\u00bb100&Prime; gutter_size=\u00a0\u00bb0&Prime; style=\u00a0\u00bbinherited\u00a0\u00bb][\/vc_row][vc_row unlock_row_content=\u00a0\u00bbyes\u00a0\u00bb row_height_percent=\u00a0\u00bb0&Prime; override_padding=\u00a0\u00bbyes\u00a0\u00bb h_padding=\u00a0\u00bb0&Prime; top_padding=\u00a0\u00bb0&Prime; bottom_padding=\u00a0\u00bb0&Prime; overlay_alpha=\u00a0\u00bb50&Prime; equal_height=\u00a0\u00bbyes\u00a0\u00bb gutter_size=\u00a0\u00bb0&Prime; shift_y=\u00a0\u00bb0&Prime;][\/vc_row][vc_row unlock_row_content=\u00a0\u00bbyes\u00a0\u00bb row_height_percent=\u00a0\u00bb0&Prime; override_padding=\u00a0\u00bbyes\u00a0\u00bb h_padding=\u00a0\u00bb0&Prime; top_padding=\u00a0\u00bb0&Prime; bottom_padding=\u00a0\u00bb0&Prime; overlay_alpha=\u00a0\u00bb100&Prime; gutter_size=\u00a0\u00bb0&Prime; style=\u00a0\u00bbinherited\u00a0\u00bb][\/vc_row][vc_row unlock_row_content=\u00a0\u00bbyes\u00a0\u00bb row_height_percent=\u00a0\u00bb0&Prime; override_padding=\u00a0\u00bbyes\u00a0\u00bb h_padding=\u00a0\u00bb0&Prime; top_padding=\u00a0\u00bb0&Prime; bottom_padding=\u00a0\u00bb0&Prime; overlay_alpha=\u00a0\u00bb50&Prime; equal_height=\u00a0\u00bbyes\u00a0\u00bb gutter_size=\u00a0\u00bb0&Prime; shift_y=\u00a0\u00bb0&Prime;][\/vc_row][vc_row unlock_row_content=\u00a0\u00bbyes\u00a0\u00bb row_height_percent=\u00a0\u00bb0&Prime; override_padding=\u00a0\u00bbyes\u00a0\u00bb h_padding=\u00a0\u00bb0&Prime; top_padding=\u00a0\u00bb0&Prime; bottom_padding=\u00a0\u00bb0&Prime; overlay_alpha=\u00a0\u00bb100&Prime; gutter_size=\u00a0\u00bb0&Prime; style=\u00a0\u00bbinherited\u00a0\u00bb][\/vc_row][vc_row unlock_row_content=\u00a0\u00bbyes\u00a0\u00bb row_height_percent=\u00a0\u00bb0&Prime; override_padding=\u00a0\u00bbyes\u00a0\u00bb h_padding=\u00a0\u00bb0&Prime; top_padding=\u00a0\u00bb0&Prime; bottom_padding=\u00a0\u00bb0&Prime; overlay_alpha=\u00a0\u00bb50&Prime; equal_height=\u00a0\u00bbyes\u00a0\u00bb gutter_size=\u00a0\u00bb0&Prime; shift_y=\u00a0\u00bb0&Prime;][\/vc_row][vc_row row_height_percent=\u00a0\u00bb0&Prime; override_padding=\u00a0\u00bbyes\u00a0\u00bb h_padding=\u00a0\u00bb2&Prime; top_padding=\u00a0\u00bb3&Prime; bottom_padding=\u00a0\u00bb2&Prime; overlay_alpha=\u00a0\u00bb50&Prime; gutter_size=\u00a0\u00bb3&Prime; column_width_percent=\u00a0\u00bb100&Prime; shift_y=\u00a0\u00bb0&Prime; z_index=\u00a0\u00bb0&Prime;][vc_column column_width_percent=\u00a0\u00bb100&Prime; position_vertical=\u00a0\u00bbmiddle\u00a0\u00bb overlay_alpha=\u00a0\u00bb50&Prime; gutter_size=\u00a0\u00bb3&Prime; align_medium=\u00a0\u00bbalign_left_tablet\u00a0\u00bb medium_width=\u00a0\u00bb0&Prime; align_mobile=\u00a0\u00bbalign_left_mobile\u00a0\u00bb mobile_width=\u00a0\u00bb0&Prime; shift_x=\u00a0\u00bb0&Prime; shift_y=\u00a0\u00bb0&Prime; shift_y_down=\u00a0\u00bb0&Prime; z_index=\u00a0\u00bb0&Prime; css_animation=\u00a0\u00bbbottom-t-top\u00a0\u00bb animation_delay=\u00a0\u00bb200&Prime; width=\u00a0\u00bb1\/1&Prime; mobile_height=\u00a0\u00bb280&Prime;][vc_column_text]<span class=\"drop-caps\">A<\/span>vouons-le : <strong>le social web<\/strong> est devenu un moyen tr\u00e8s efficace pour se faire remarquer par <a href=\"https:\/\/www.ajconseil.fr\/fr\/chasseurs-de-tetes-hotellerie-luxe-restauration-tourisme\/\">les chasseurs de t\u00eates<\/a> et autres <strong>cabinets de recrutement<\/strong>.<\/p>\n<p>Lors de <strong>l\u2019\u00e9valuation d\u2019un candidat<\/strong> \u00e9voluant dans le milieu <strong>de l\u2019h\u00f4tellerie-restauration et du tourisme<\/strong>, nombre d\u2019agences de recrutement recourent en effet aux r\u00e9seaux sociaux (notamment Facebook, LinkedIn et Viadeo) pour se faire une petite id\u00e9e d\u2019un candidat notamment <strong>avant en <a href=\"https:\/\/www.ajconseil.fr\/fr\/comment-reussir-un-entretien-d-embauche-nos-conseils-de-carriere\/\">entretien d\u2019embauche<\/a><\/strong>.<\/p>\n<p>Mieux vaut donc \u00eatre visible aupr\u00e8s de ces interlocuteurs. A condition de ma\u00eetriser toutes les informations vous concernant. Autrement dit, g\u00e9rer votre e-r\u00e9putation ![\/vc_column_text][\/vc_column][\/vc_row][vc_row row_height_percent=\u00a0\u00bb0&Prime; override_padding=\u00a0\u00bbyes\u00a0\u00bb h_padding=\u00a0\u00bb2&Prime; top_padding=\u00a0\u00bb1&Prime; bottom_padding=\u00a0\u00bb2&Prime; overlay_alpha=\u00a0\u00bb50&Prime; gutter_size=\u00a0\u00bb3&Prime; column_width_percent=\u00a0\u00bb100&Prime; shift_y=\u00a0\u00bb0&Prime; z_index=\u00a0\u00bb0&Prime;][vc_column column_width_percent=\u00a0\u00bb100&Prime; position_vertical=\u00a0\u00bbmiddle\u00a0\u00bb align_horizontal=\u00a0\u00bbalign_center\u00a0\u00bb overlay_alpha=\u00a0\u00bb50&Prime; gutter_size=\u00a0\u00bb3&Prime; medium_width=\u00a0\u00bb0&Prime; mobile_width=\u00a0\u00bb0&Prime; shift_x=\u00a0\u00bb0&Prime; shift_y=\u00a0\u00bb0&Prime; shift_y_down=\u00a0\u00bb0&Prime; z_index=\u00a0\u00bb0&Prime; width=\u00a0\u00bb1\/1&Prime;][vc_separator][\/vc_column][\/vc_row][vc_row][vc_column column_width_percent=\u00a0\u00bb100&Prime; position_vertical=\u00a0\u00bbmiddle\u00a0\u00bb align_horizontal=\u00a0\u00bbalign_center\u00a0\u00bb overlay_alpha=\u00a0\u00bb50&Prime; gutter_size=\u00a0\u00bb3&Prime; align_medium=\u00a0\u00bbalign_left_tablet\u00a0\u00bb medium_width=\u00a0\u00bb0&Prime; align_mobile=\u00a0\u00bbalign_left_mobile\u00a0\u00bb mobile_width=\u00a0\u00bb0&Prime; shift_x=\u00a0\u00bb0&Prime; shift_y=\u00a0\u00bb0&Prime; shift_y_down=\u00a0\u00bb0&Prime; z_index=\u00a0\u00bb0&Prime; width=\u00a0\u00bb1\/1&Prime;][vc_custom_heading text_size=\u00a0\u00bb\u00a0\u00bb separator=\u00a0\u00bbyes\u00a0\u00bb el_class=\u00a0\u00bbtitre-row\u00a0\u00bb]Comment ma\u00eetriser votre identit\u00e9 num\u00e9rique ?[\/vc_custom_heading][vc_column_text]<strong>M\u00e9thode<\/strong> et <strong>rigueur<\/strong> sont les deux moyens pour parvenir \u00e0 g\u00e9rer son e-r\u00e9putation professionnelle \u00e0 savoir : [\/vc_column_text][\/vc_column][\/vc_row][vc_row unlock_row_content=\u00a0\u00bbyes\u00a0\u00bb row_height_percent=\u00a0\u00bb0&Prime; override_padding=\u00a0\u00bbyes\u00a0\u00bb h_padding=\u00a0\u00bb0&Prime; top_padding=\u00a0\u00bb0&Prime; bottom_padding=\u00a0\u00bb0&Prime; overlay_alpha=\u00a0\u00bb100&Prime; gutter_size=\u00a0\u00bb0&Prime; style=\u00a0\u00bbinherited\u00a0\u00bb][\/vc_row][vc_row unlock_row_content=\u00a0\u00bbyes\u00a0\u00bb row_height_percent=\u00a0\u00bb0&Prime; override_padding=\u00a0\u00bbyes\u00a0\u00bb h_padding=\u00a0\u00bb0&Prime; top_padding=\u00a0\u00bb0&Prime; bottom_padding=\u00a0\u00bb0&Prime; overlay_alpha=\u00a0\u00bb50&Prime; equal_height=\u00a0\u00bbyes\u00a0\u00bb gutter_size=\u00a0\u00bb0&Prime; shift_y=\u00a0\u00bb0&Prime;][\/vc_row][vc_row unlock_row_content=\u00a0\u00bbyes\u00a0\u00bb row_height_percent=\u00a0\u00bb0&Prime; override_padding=\u00a0\u00bbyes\u00a0\u00bb h_padding=\u00a0\u00bb0&Prime; top_padding=\u00a0\u00bb0&Prime; bottom_padding=\u00a0\u00bb0&Prime; overlay_alpha=\u00a0\u00bb100&Prime; gutter_size=\u00a0\u00bb0&Prime; style=\u00a0\u00bbinherited\u00a0\u00bb][\/vc_row][vc_row unlock_row_content=\u00a0\u00bbyes\u00a0\u00bb row_height_percent=\u00a0\u00bb0&Prime; override_padding=\u00a0\u00bbyes\u00a0\u00bb h_padding=\u00a0\u00bb0&Prime; top_padding=\u00a0\u00bb0&Prime; bottom_padding=\u00a0\u00bb0&Prime; overlay_alpha=\u00a0\u00bb50&Prime; equal_height=\u00a0\u00bbyes\u00a0\u00bb gutter_size=\u00a0\u00bb0&Prime; shift_y=\u00a0\u00bb0&Prime;][\/vc_row][vc_row row_height_percent=\u00a0\u00bb0&Prime; override_padding=\u00a0\u00bbyes\u00a0\u00bb h_padding=\u00a0\u00bb2&Prime; top_padding=\u00a0\u00bb0&Prime; bottom_padding=\u00a0\u00bb3&Prime; overlay_alpha=\u00a0\u00bb100&Prime; gutter_size=\u00a0\u00bb100&Prime; shift_y=\u00a0\u00bb0&Prime; style=\u00a0\u00bbinherited\u00a0\u00bb][vc_column column_width_percent=\u00a0\u00bb100&Prime; overlay_alpha=\u00a0\u00bb50&Prime; gutter_size=\u00a0\u00bb3&Prime; medium_width=\u00a0\u00bb0&Prime; mobile_width=\u00a0\u00bb0&Prime; shift_x=\u00a0\u00bb0&Prime; shift_y=\u00a0\u00bb0&Prime; shift_y_down=\u00a0\u00bb0&Prime; z_index=\u00a0\u00bb0&Prime; zoom_width=\u00a0\u00bb0&Prime; zoom_height=\u00a0\u00bb0&Prime; width=\u00a0\u00bb1\/1&Prime;][vc_accordion history=\u00a0\u00bbyes\u00a0\u00bb][vc_accordion_tab title=\u00a0\u00bbEtablir un bilan de votre e-r\u00e9putation\u00a0\u00bb tab_id=\u00a0\u00bbd21d5937-3bb0-2&Prime; slug=\u00a0\u00bblatest-projects\u00a0\u00bb][vc_column_text]Pour commencer, <strong>tapez votre nom<\/strong> sur les diff\u00e9rents moteurs de recherche (Google, Yahoo, Instagram\u2026) et analysez les informations vous concernant.<\/p>\n<p>Listez les r\u00e9sultats obtenus en les classant par <strong>connotation positive<\/strong> et <strong>n\u00e9gative<\/strong>. Certaines informations pourront \u00eatre supprim\u00e9es par vos soins, d\u2019autres non.[\/vc_column_text][\/vc_accordion_tab][vc_accordion_tab title=\u00a0\u00bbCr\u00e9ez une alerte dans Google sur votre nom\u00a0\u00bb tab_id=\u00a0\u00bb6dad8f3c-7309-8&Prime; slug=\u00a0\u00bbteam-members\u00a0\u00bb][vc_column_text]Cela vous permettra de vous tenir inform\u00e9 sur toutes nouvelles publications vous concernant.[\/vc_column_text][\/vc_accordion_tab][vc_accordion_tab title=\u00a0\u00bbSoignez vos photos\u00a0\u00bb tab_id=\u00a0\u00bb9346230d-a835-9&Prime; slug=\u00a0\u00bbweb-awards\u00a0\u00bb][vc_column_text]Prendre des selfies durant ses vacances ou diffuser des vid\u00e9os est une pratique courante sur les r\u00e9seaux sociaux. Attention malgr\u00e9 tout \u00e0 ne pas commettre l\u2019erreur fatale !<\/p>\n<p>Vos photos de profil doivent \u00eatre adapt\u00e9es \u00e0 chaque r\u00e9seau social ! Pour LinkedIn et Viadeo, misez sur <strong>des images de qualit\u00e9 avec une tenue correcte<\/strong>.<\/p>\n<p>Si d\u2019aventure vous n\u2019avez pas limit\u00e9 l\u2019acc\u00e8s du contenu de votre profil, notamment sur <strong>Facebook<\/strong>, tout le monde pourra admirer vos visuels. Par cons\u00e9quent, ne partagez pas d\u2019images qui compromettraient votre identit\u00e9 professionnelle.<\/p>\n<p>Mieux vaudrait \u00e9galement que vous jetiez un \u0153il aux publications (photos, vid\u00e9os) dans lesquelles vous \u00eates \u00ab tagu\u00e9 \u00bb avant que vos amis Facebook ne les voient. Activez donc l\u2019option qui vous permet de recevoir une notification d\u00e8s que vous \u00eates tagu\u00e9 par un ami. Ainsi, vous pourrez accepter ou refuser de faire appara\u00eetre la publication sur votre profil.<br \/>\n[\/vc_column_text][\/vc_accordion_tab][vc_accordion_tab title=\u00a0\u00bbHomog\u00e9n\u00e9isez vos profils sur le web\u00a0\u00bb tab_id=\u00a0\u00bb1510135874266-3-3&Prime;][vc_column_text]Les cabinets de recrutement appr\u00e9cient peu les trous dans les CV non expliqu\u00e9s et encore moins les incoh\u00e9rences dans la r\u00e9putation num\u00e9rique. Mettez \u00e0 jour tous vos profils en uniformisant vos bios.[\/vc_column_text][\/vc_accordion_tab][vc_accordion_tab title=\u00a0\u00bbTriez vos \u00ab amis \u00bb\u00a0\u00bb tab_id=\u00a0\u00bb1510135897923-4-4&Prime;][vc_column_text]Avant d\u2019accepter l\u2019invitation d\u2019une personne sur un r\u00e9seau social, demandez-vous si vous la connaissez et ce \u00e0 quoi vous souhaitez qu\u2019elle est acc\u00e8s.[\/vc_column_text][\/vc_accordion_tab][vc_accordion_tab title=\u00a0\u00bbMod\u00e9rez vos propos\u00a0\u00bb tab_id=\u00a0\u00bb1510135922782-5-0&Prime;][vc_column_text]Lorsque vous publiez des commentaires en ligne, r\u00e9fl\u00e9chissez avant de r\u00e9pondre et mesurez toujours vos propos.[\/vc_column_text][\/vc_accordion_tab][vc_accordion_tab title=\u00a0\u00bbDemandez \u00e0 supprimer des informations\u00a0\u00bb tab_id=\u00a0\u00bb1510135968894-6-7&Prime;][vc_column_text]Si votre r\u00e9putation num\u00e9rique vous d\u00e9plait au plus haut point, demandez la <strong>suppression des informations g\u00eanantes<\/strong> au responsable du site o\u00f9 elles sont parues.<\/p>\n<p>S\u2019agissant de <strong>Google<\/strong>, le moteur de recherche propose un service de suppression de r\u00e9sultats de recherche sensibles sur votre nom et pr\u00e9nom. Contactez-les ![\/vc_column_text][\/vc_accordion_tab][\/vc_accordion][\/vc_column][\/vc_row][vc_row][vc_column width=\u00a0\u00bb1\/1&Prime;][uncode_block id=\u00a0\u00bb66407&Prime;][\/vc_column][\/vc_row][vc_row][vc_column width=\u00a0\u00bb1\/1&Prime;][uncode_block id=\u00a0\u00bb66408&Prime;][\/vc_column][\/vc_row]<\/p>\n<\/div>","protected":false},"excerpt":{"rendered":"<p>[vc_row unlock_row_content=\u00a0\u00bbyes\u00a0\u00bb row_height_percent=\u00a0\u00bb0&Prime; override_padding=\u00a0\u00bbyes\u00a0\u00bb h_padding=\u00a0\u00bb0&Prime; top_padding=\u00a0\u00bb0&Prime; bottom_padding=\u00a0\u00bb0&Prime; overlay_alpha=\u00a0\u00bb100&Prime; gutter_size=\u00a0\u00bb0&Prime; style=\u00a0\u00bbinherited\u00a0\u00bb][\/vc_row][vc_row unlock_row_content=\u00a0\u00bbyes\u00a0\u00bb row_height_percent=\u00a0\u00bb0&Prime; override_padding=\u00a0\u00bbyes\u00a0\u00bb h_padding=\u00a0\u00bb0&Prime; top_padding=\u00a0\u00bb0&Prime; bottom_padding=\u00a0\u00bb0&Prime; overlay_alpha=\u00a0\u00bb50&Prime; equal_height=\u00a0\u00bbyes\u00a0\u00bb gutter_size=\u00a0\u00bb0&Prime; shift_y=\u00a0\u00bb0&Prime;][\/vc_row][vc_row [&hellip;]<\/p>\n","protected":false},"author":1,"featured_media":0,"parent":0,"menu_order":0,"comment_status":"closed","ping_status":"closed","template":"","meta":{"footnotes":""},"class_list":["post-55","page","type-page","status-publish","hentry"],"yoast_head":"<!-- This site is optimized with the Yoast SEO plugin v27.4 - https:\/\/yoast.com\/product\/yoast-seo-wordpress\/ -->\n<title>G\u00e9rer sa e-r\u00e9putation pro - AJ Conseil Recrutement &amp; RH<\/title>\n<meta name=\"description\" content=\"Bien g\u00e9rer son e-r\u00e9putation professionnelle pour s\u00e9duire les chasseurs de t\u00eates, c&#039;est possible. Suivez les conseils du cabinet AJ Conseil Recrutement &amp; RH\" \/>\n<meta name=\"robots\" content=\"index, follow, max-snippet:-1, max-image-preview:large, max-video-preview:-1\" \/>\n<link rel=\"canonical\" href=\"https:\/\/www.ajconseil.fr\/fr\/gerer-e-reputation-pro\/\" \/>\n<meta property=\"og:locale\" content=\"fr_FR\" \/>\n<meta property=\"og:type\" content=\"article\" \/>\n<meta property=\"og:title\" content=\"G\u00e9rer sa e-r\u00e9putation pro - AJ Conseil Recrutement &amp; RH\" \/>\n<meta property=\"og:description\" content=\"Bien g\u00e9rer son e-r\u00e9putation professionnelle pour s\u00e9duire les chasseurs de t\u00eates, c&#039;est possible. Suivez les conseils du cabinet AJ Conseil Recrutement &amp; RH\" \/>\n<meta property=\"og:url\" content=\"https:\/\/www.ajconseil.fr\/fr\/gerer-e-reputation-pro\/\" \/>\n<meta property=\"og:site_name\" content=\"AJ Conseil\" \/>\n<meta property=\"article:modified_time\" content=\"2017-11-29T08:14:36+00:00\" \/>\n<meta name=\"twitter:card\" content=\"summary_large_image\" \/>\n<meta name=\"twitter:label1\" content=\"Dur\u00e9e de lecture estim\u00e9e\" \/>\n\t<meta name=\"twitter:data1\" content=\"6 minutes\" \/>\n<script type=\"application\/ld+json\" class=\"yoast-schema-graph\">{\"@context\":\"https:\\\/\\\/schema.org\",\"@graph\":[{\"@type\":\"WebPage\",\"@id\":\"https:\\\/\\\/www.ajconseil.fr\\\/fr\\\/gerer-e-reputation-pro\\\/\",\"url\":\"https:\\\/\\\/www.ajconseil.fr\\\/fr\\\/gerer-e-reputation-pro\\\/\",\"name\":\"G\u00e9rer sa e-r\u00e9putation pro - AJ Conseil Recrutement & RH\",\"isPartOf\":{\"@id\":\"https:\\\/\\\/www.ajconseil.fr\\\/fr\\\/#website\"},\"datePublished\":\"2017-10-25T11:57:45+00:00\",\"dateModified\":\"2017-11-29T08:14:36+00:00\",\"description\":\"Bien g\u00e9rer son e-r\u00e9putation professionnelle pour s\u00e9duire les chasseurs de t\u00eates, c'est possible. Suivez les conseils du cabinet AJ Conseil Recrutement & RH\",\"breadcrumb\":{\"@id\":\"https:\\\/\\\/www.ajconseil.fr\\\/fr\\\/gerer-e-reputation-pro\\\/#breadcrumb\"},\"inLanguage\":\"fr-FR\",\"potentialAction\":[{\"@type\":\"ReadAction\",\"target\":[\"https:\\\/\\\/www.ajconseil.fr\\\/fr\\\/gerer-e-reputation-pro\\\/\"]}]},{\"@type\":\"BreadcrumbList\",\"@id\":\"https:\\\/\\\/www.ajconseil.fr\\\/fr\\\/gerer-e-reputation-pro\\\/#breadcrumb\",\"itemListElement\":[{\"@type\":\"ListItem\",\"position\":1,\"name\":\"Accueil\",\"item\":\"https:\\\/\\\/www.ajconseil.fr\\\/fr\\\/\"},{\"@type\":\"ListItem\",\"position\":2,\"name\":\"G\u00e9rer sa e-r\u00e9putation pro\"}]},{\"@type\":\"WebSite\",\"@id\":\"https:\\\/\\\/www.ajconseil.fr\\\/fr\\\/#website\",\"url\":\"https:\\\/\\\/www.ajconseil.fr\\\/fr\\\/\",\"name\":\"AJ Conseil\",\"description\":\"\",\"potentialAction\":[{\"@type\":\"SearchAction\",\"target\":{\"@type\":\"EntryPoint\",\"urlTemplate\":\"https:\\\/\\\/www.ajconseil.fr\\\/fr\\\/?s={search_term_string}\"},\"query-input\":{\"@type\":\"PropertyValueSpecification\",\"valueRequired\":true,\"valueName\":\"search_term_string\"}}],\"inLanguage\":\"fr-FR\"}]}<\/script>\n<!-- \/ Yoast SEO plugin. -->","yoast_head_json":{"title":"G\u00e9rer sa e-r\u00e9putation pro - AJ Conseil Recrutement & RH","description":"Bien g\u00e9rer son e-r\u00e9putation professionnelle pour s\u00e9duire les chasseurs de t\u00eates, c'est possible. Suivez les conseils du cabinet AJ Conseil Recrutement & RH","robots":{"index":"index","follow":"follow","max-snippet":"max-snippet:-1","max-image-preview":"max-image-preview:large","max-video-preview":"max-video-preview:-1"},"canonical":"https:\/\/www.ajconseil.fr\/fr\/gerer-e-reputation-pro\/","og_locale":"fr_FR","og_type":"article","og_title":"G\u00e9rer sa e-r\u00e9putation pro - AJ Conseil Recrutement & RH","og_description":"Bien g\u00e9rer son e-r\u00e9putation professionnelle pour s\u00e9duire les chasseurs de t\u00eates, c'est possible. Suivez les conseils du cabinet AJ Conseil Recrutement & RH","og_url":"https:\/\/www.ajconseil.fr\/fr\/gerer-e-reputation-pro\/","og_site_name":"AJ Conseil","article_modified_time":"2017-11-29T08:14:36+00:00","twitter_card":"summary_large_image","twitter_misc":{"Dur\u00e9e de lecture estim\u00e9e":"6 minutes"},"schema":{"@context":"https:\/\/schema.org","@graph":[{"@type":"WebPage","@id":"https:\/\/www.ajconseil.fr\/fr\/gerer-e-reputation-pro\/","url":"https:\/\/www.ajconseil.fr\/fr\/gerer-e-reputation-pro\/","name":"G\u00e9rer sa e-r\u00e9putation pro - AJ Conseil Recrutement & RH","isPartOf":{"@id":"https:\/\/www.ajconseil.fr\/fr\/#website"},"datePublished":"2017-10-25T11:57:45+00:00","dateModified":"2017-11-29T08:14:36+00:00","description":"Bien g\u00e9rer son e-r\u00e9putation professionnelle pour s\u00e9duire les chasseurs de t\u00eates, c'est possible. Suivez les conseils du cabinet AJ Conseil Recrutement & RH","breadcrumb":{"@id":"https:\/\/www.ajconseil.fr\/fr\/gerer-e-reputation-pro\/#breadcrumb"},"inLanguage":"fr-FR","potentialAction":[{"@type":"ReadAction","target":["https:\/\/www.ajconseil.fr\/fr\/gerer-e-reputation-pro\/"]}]},{"@type":"BreadcrumbList","@id":"https:\/\/www.ajconseil.fr\/fr\/gerer-e-reputation-pro\/#breadcrumb","itemListElement":[{"@type":"ListItem","position":1,"name":"Accueil","item":"https:\/\/www.ajconseil.fr\/fr\/"},{"@type":"ListItem","position":2,"name":"G\u00e9rer sa e-r\u00e9putation pro"}]},{"@type":"WebSite","@id":"https:\/\/www.ajconseil.fr\/fr\/#website","url":"https:\/\/www.ajconseil.fr\/fr\/","name":"AJ Conseil","description":"","potentialAction":[{"@type":"SearchAction","target":{"@type":"EntryPoint","urlTemplate":"https:\/\/www.ajconseil.fr\/fr\/?s={search_term_string}"},"query-input":{"@type":"PropertyValueSpecification","valueRequired":true,"valueName":"search_term_string"}}],"inLanguage":"fr-FR"}]}},"_links":{"self":[{"href":"https:\/\/www.ajconseil.fr\/fr\/wp-json\/wp\/v2\/pages\/55","targetHints":{"allow":["GET"]}}],"collection":[{"href":"https:\/\/www.ajconseil.fr\/fr\/wp-json\/wp\/v2\/pages"}],"about":[{"href":"https:\/\/www.ajconseil.fr\/fr\/wp-json\/wp\/v2\/types\/page"}],"author":[{"embeddable":true,"href":"https:\/\/www.ajconseil.fr\/fr\/wp-json\/wp\/v2\/users\/1"}],"replies":[{"embeddable":true,"href":"https:\/\/www.ajconseil.fr\/fr\/wp-json\/wp\/v2\/comments?post=55"}],"version-history":[{"count":0,"href":"https:\/\/www.ajconseil.fr\/fr\/wp-json\/wp\/v2\/pages\/55\/revisions"}],"wp:attachment":[{"href":"https:\/\/www.ajconseil.fr\/fr\/wp-json\/wp\/v2\/media?parent=55"}],"curies":[{"name":"wp","href":"https:\/\/api.w.org\/{rel}","templated":true}]}}