{"id":50,"date":"2017-10-25T11:56:09","date_gmt":"2017-10-25T11:56:09","guid":{"rendered":"http:\/\/ajconseil.sixpixels.fr\/?page_id=50"},"modified":"2017-11-15T09:43:29","modified_gmt":"2017-11-15T08:43:29","slug":"comment-rediger-un-bon-cv-nos-conseils-de-carriere","status":"publish","type":"page","link":"https:\/\/www.ajconseil.fr\/fr\/comment-rediger-un-bon-cv-nos-conseils-de-carriere\/","title":{"rendered":"CV Restauration H\u00f4tellerie"},"content":{"rendered":"<div class=\"wpb-content-wrapper\"><p>[vc_row row_height_percent=\u00a0\u00bb0&Prime; override_padding=\u00a0\u00bbyes\u00a0\u00bb h_padding=\u00a0\u00bb2&Prime; top_padding=\u00a0\u00bb3&Prime; bottom_padding=\u00a0\u00bb1&Prime; overlay_alpha=\u00a0\u00bb50&Prime; gutter_size=\u00a0\u00bb3&Prime; column_width_percent=\u00a0\u00bb100&Prime; shift_y=\u00a0\u00bb0&Prime; z_index=\u00a0\u00bb0&Prime;][vc_column column_width_percent=\u00a0\u00bb100&Prime; overlay_alpha=\u00a0\u00bb50&Prime; gutter_size=\u00a0\u00bb3&Prime; medium_visibility=\u00a0\u00bbyes\u00a0\u00bb align_medium=\u00a0\u00bbalign_center_tablet\u00a0\u00bb medium_width=\u00a0\u00bb0&Prime; mobile_visibility=\u00a0\u00bbyes\u00a0\u00bb align_mobile=\u00a0\u00bbalign_center_mobile\u00a0\u00bb mobile_width=\u00a0\u00bb0&Prime; shift_x=\u00a0\u00bb0&Prime; shift_y=\u00a0\u00bb0&Prime; shift_y_down=\u00a0\u00bb0&Prime; z_index=\u00a0\u00bb0&Prime; css_animation=\u00a0\u00bbbottom-t-top\u00a0\u00bb animation_delay=\u00a0\u00bb400&Prime; width=\u00a0\u00bb1\/2&Prime;][vc_column_text]<span class=\"drop-caps\">N<\/span>on, <strong>le CV<\/strong> papier n\u2019est pas mort ! Loin s\u2019en faut\u2026 En <strong>h\u00f4tellerie, dans le luxe<\/strong>, la <strong>restauration<\/strong> ou bien encore <strong>l\u2019univers du tourisme<\/strong>,\u00a0le <strong>CV<\/strong> demeure la premi\u00e8re \u00e9tape dans l\u2019\u00e9laboration <strong>d\u2019un projet de carri\u00e8re<\/strong>.<\/p>\n<p>Alors, soignez-le et concentrez-vous sur ce qui va faire la diff\u00e9rence\u00a0!<\/p>\n<p>Les employeurs et cabinets de recrutement passent <strong>en moyenne 30 \u00e0 40 secondes<\/strong> \u00e0 parcourir un CV. Mieux vaut donc frapper fort d\u2019embl\u00e9e &#8230;[\/vc_column_text][\/vc_column][vc_column column_width_percent=\u00a0\u00bb100&Prime; align_horizontal=\u00a0\u00bbalign_center\u00a0\u00bb override_padding=\u00a0\u00bbyes\u00a0\u00bb column_padding=\u00a0\u00bb3&Prime; back_color=\u00a0\u00bbcolor-204591&Prime; overlay_alpha=\u00a0\u00bb50&Prime; gutter_size=\u00a0\u00bb3&Prime; align_medium=\u00a0\u00bbalign_center_tablet\u00a0\u00bb medium_width=\u00a0\u00bb0&Prime; align_mobile=\u00a0\u00bbalign_center_mobile\u00a0\u00bb mobile_width=\u00a0\u00bb0&Prime; shift_x=\u00a0\u00bb0&Prime; shift_y=\u00a0\u00bb0&Prime; shift_y_down=\u00a0\u00bb0&Prime; z_index=\u00a0\u00bb0&Prime; css_animation=\u00a0\u00bbbottom-t-top\u00a0\u00bb animation_delay=\u00a0\u00bb600&Prime; width=\u00a0\u00bb1\/2&Prime; el_class=\u00a0\u00bbcompteur-orange-cv\u00a0\u00bb][vc_custom_heading text_size=\u00a0\u00bb\u00a0\u00bb]Soignez votre CV ![\/vc_custom_heading][uncode_counter value=\u00a0\u00bb40&Prime; counter_color=\u00a0\u00bbcolor-115314&Prime; text=\u00a0\u00bbsecondes\u00a0\u00bb][vc_column_text]c&rsquo;est le temps moyen que passe un employeur \u00e0 lire votre CV[\/vc_column_text][\/vc_column][\/vc_row][vc_row][vc_column column_width_percent=\u00a0\u00bb100&Prime; position_vertical=\u00a0\u00bbmiddle\u00a0\u00bb align_horizontal=\u00a0\u00bbalign_center\u00a0\u00bb overlay_alpha=\u00a0\u00bb50&Prime; gutter_size=\u00a0\u00bb3&Prime; medium_width=\u00a0\u00bb0&Prime; mobile_width=\u00a0\u00bb0&Prime; shift_x=\u00a0\u00bb0&Prime; shift_y=\u00a0\u00bb0&Prime; shift_y_down=\u00a0\u00bb0&Prime; z_index=\u00a0\u00bb0&Prime; width=\u00a0\u00bb1\/1&Prime;][vc_separator][\/vc_column][\/vc_row][vc_row][vc_column column_width_percent=\u00a0\u00bb100&Prime; position_vertical=\u00a0\u00bbmiddle\u00a0\u00bb align_horizontal=\u00a0\u00bbalign_center\u00a0\u00bb overlay_alpha=\u00a0\u00bb50&Prime; gutter_size=\u00a0\u00bb3&Prime; medium_width=\u00a0\u00bb0&Prime; mobile_width=\u00a0\u00bb0&Prime; shift_x=\u00a0\u00bb0&Prime; shift_y=\u00a0\u00bb0&Prime; shift_y_down=\u00a0\u00bb0&Prime; z_index=\u00a0\u00bb0&Prime; width=\u00a0\u00bb1\/1&Prime;][vc_custom_heading text_size=\u00a0\u00bb\u00a0\u00bb separator=\u00a0\u00bbyes\u00a0\u00bb el_class=\u00a0\u00bbtitre-row\u00a0\u00bb]Les sp\u00e9cificit\u00e9s d&rsquo;un CV en restauration, h\u00f4tellerie et tourisme[\/vc_custom_heading][\/vc_column][\/vc_row][vc_row row_height_percent=\u00a0\u00bb0&Prime; override_padding=\u00a0\u00bbyes\u00a0\u00bb h_padding=\u00a0\u00bb2&Prime; top_padding=\u00a0\u00bb0&Prime; bottom_padding=\u00a0\u00bb3&Prime; overlay_alpha=\u00a0\u00bb100&Prime; gutter_size=\u00a0\u00bb100&Prime; column_width_percent=\u00a0\u00bb100&Prime; border_color=\u00a0\u00bbcolor-gyho\u00a0\u00bb border_style=\u00a0\u00bbsolid\u00a0\u00bb shift_y=\u00a0\u00bb0&Prime; z_index=\u00a0\u00bb0&Prime; style=\u00a0\u00bbinherited\u00a0\u00bb css=\u00a0\u00bb.vc_custom_1509462805717{border-bottom-width: 1px !important;}\u00a0\u00bb][vc_column column_width_percent=\u00a0\u00bb100&Prime; position_vertical=\u00a0\u00bbmiddle\u00a0\u00bb overlay_alpha=\u00a0\u00bb50&Prime; gutter_size=\u00a0\u00bb3&Prime; medium_width=\u00a0\u00bb0&Prime; mobile_width=\u00a0\u00bb0&Prime; shift_x=\u00a0\u00bb0&Prime; shift_y=\u00a0\u00bb0&Prime; shift_y_down=\u00a0\u00bb0&Prime; z_index=\u00a0\u00bb0&Prime; zoom_width=\u00a0\u00bb0&Prime; zoom_height=\u00a0\u00bb0&Prime; width=\u00a0\u00bb1\/1&Prime;][vc_tabs vertical=\u00a0\u00bbyes\u00a0\u00bb history=\u00a0\u00bbyes\u00a0\u00bb][vc_tab title=\u00a0\u00bbLe titre\u00a0\u00bb tab_id=\u00a0\u00bb1427386120260-0-1&Prime;][vc_column_text]Soyez clair et pr\u00e9cis.<\/p>\n<p>Avant tout, vous devez indiquer l&rsquo;intitul\u00e9 du poste auquel vous aspirez ou le poste recherch\u00e9 dans l&rsquo;offre d&#8217;emploi \u00e0 laquelle vous candidatez. Cela va permettre au recruteur de conna\u00eetre votre objectif de carri\u00e8re ![\/vc_column_text][uncode_list icon=\u00a0\u00bbfa fa-check2&Prime;]<\/p>\n<ul>\n<li><strong>Exemple d\u2019un chef de cuisine<\/strong> : Chef de cuisine, 5 ans d\u2019exp\u00e9rience en restauration gastronomique<\/li>\n<li><strong>Exemple d\u2019un directeur d\u2019h\u00f4tel<\/strong> : Directeur d\u2019h\u00f4tel, 10 ans d\u2019exp\u00e9rience en h\u00f4tellerie de luxe.<\/li>\n<li><strong>Exemple d\u2019un revenue manager<\/strong> : Revenue Manager Hotellerie, 3 ans d\u2019exp\u00e9rience en h\u00f4tel 4*<\/li>\n<\/ul>\n<p>[\/uncode_list][\/vc_tab][vc_tab title=\u00a0\u00bbLa photo\u00a0\u00bb tab_id=\u00a0\u00bb1427386120521-0-1&Prime;][vc_column_text]Les avis divergent sur cette question. Si vous choisissez d\u2019un mettre une, pr\u00e9f\u00e9rez une image qui vous ressemble.[\/vc_column_text][\/vc_tab][vc_tab title=\u00a0\u00bbLes coordonn\u00e9es\u00a0\u00bb tab_id=\u00a0\u00bb1427386120778-0-5&Prime;][vc_column_text]Vous devez indiquer vos coordonn\u00e9es <strong>postales, mobile et mail<\/strong>. N\u2019oubliez pas d\u2019ins\u00e9rer des liens vers vos profils sur <strong>les r\u00e9seaux sociaux dits professionnels<\/strong> : LinkedIn, Viadeo &#8230;[\/vc_column_text][\/vc_tab][vc_tab title=\u00a0\u00bbExp\u00e9riences professionnelles\u00a0\u00bb tab_id=\u00a0\u00bb1509461684475-3-0&Prime;][vc_column_text]Compte tenu de la <strong>vari\u00e9t\u00e9 des exp\u00e9riences professionnelles<\/strong> dans le milieu de l\u2019<strong>industrie h\u00f4teli\u00e8re<\/strong>, de la restauration, du luxe ou bien encore du tourisme, essayez de pr\u00e9senter le plus clairement possible vos diff\u00e9rents postes.[\/vc_column_text][uncode_list icon=\u00a0\u00bbfa fa-check2&Prime;]<\/p>\n<ul>\n<li>Indiquez par exemple <strong>le nombre de chambres<\/strong> et le classement des \u00e9tablissements pour un h\u00f4telier ; <strong>le type de restauration<\/strong> et le nombre de couverts\u2026<\/li>\n<li>Ins\u00e9rez les liens <strong>des h\u00f4tels, restaurants ou autres soci\u00e9t\u00e9s<\/strong> pour que le recruteur puisse se faire une id\u00e9e de l\u2019environnement dans lequel vous avez \u00e9volu\u00e9<\/li>\n<\/ul>\n<p>[\/uncode_list][vc_column_text]Un <strong>CV<\/strong> bas\u00e9 sur l\u2019exp\u00e9rience pr\u00e9sente certains avantages notamment celui d\u2019\u00e9num\u00e9rer votre parcours professionnel sans faire figurer des dates pr\u00e9cises. Ce type de CV permet d\u2019adapter votre profil aux comp\u00e9tences appropri\u00e9es pour le poste auquel vous postulez.<\/p>\n<p>Vous pouvez aussi choisir de pr\u00e9senter votre parcours de mani\u00e8re r\u00e9tro-chronologique en \u00e9non\u00e7ant les postes par employeur. Commencez par la fonction la plus r\u00e9cente et finissez par le premier. Pour les profils techniques, indiquez imp\u00e9rativement les <strong>technologies ma\u00eetris\u00e9es<\/strong>.[\/vc_column_text][\/vc_tab][vc_tab title=\u00a0\u00bbDipl\u00f4mes et formations\u00a0\u00bb tab_id=\u00a0\u00bb1509461699078-4-6&Prime;][vc_column_text]R\u00e9pertoriez votre cursus scolaire en pr\u00e9cisant <strong>vos dipl\u00f4mes<\/strong>. Enum\u00e9rez aussi les <strong>formations<\/strong> et <strong>qualifications reconnues<\/strong>.[\/vc_column_text][\/vc_tab][vc_tab title=\u00a0\u00bbLoisirs et centres d&rsquo;int\u00e9r\u00eats\u00a0\u00bb tab_id=\u00a0\u00bb1509461717116-5-5&Prime;][vc_column_text]Restez pr\u00e9cis ! Si vous avez des <strong>activit\u00e9s associatives<\/strong> ou autres dans la vie civile, mettez-les avant. Elles peuvent faire la diff\u00e9rence &#8230;[\/vc_column_text][\/vc_tab][vc_tab title=\u00a0\u00bbUne page ou plus\u00a0\u00bb tab_id=\u00a0\u00bb1509461741227-6-5&Prime;][vc_column_text]<strong>Un CV<\/strong> a pour vocation d\u2019\u00eatre lu. Donc, il doit \u00eatre concis. Il faut qu\u2019il donne une vision synth\u00e9tique de votre parcours professionnel. A vous de jouer\u00a0![\/vc_column_text][\/vc_tab][\/vc_tabs][\/vc_column][\/vc_row][vc_row unlock_row_content=\u00a0\u00bbyes\u00a0\u00bb row_height_percent=\u00a0\u00bb0&Prime; override_padding=\u00a0\u00bbyes\u00a0\u00bb h_padding=\u00a0\u00bb0&Prime; top_padding=\u00a0\u00bb0&Prime; bottom_padding=\u00a0\u00bb0&Prime; overlay_alpha=\u00a0\u00bb100&Prime; gutter_size=\u00a0\u00bb0&Prime; style=\u00a0\u00bbinherited\u00a0\u00bb][\/vc_row][vc_row unlock_row_content=\u00a0\u00bbyes\u00a0\u00bb row_height_percent=\u00a0\u00bb0&Prime; override_padding=\u00a0\u00bbyes\u00a0\u00bb h_padding=\u00a0\u00bb0&Prime; top_padding=\u00a0\u00bb0&Prime; bottom_padding=\u00a0\u00bb0&Prime; overlay_alpha=\u00a0\u00bb50&Prime; equal_height=\u00a0\u00bbyes\u00a0\u00bb gutter_size=\u00a0\u00bb0&Prime; shift_y=\u00a0\u00bb0&Prime;][\/vc_row][vc_row unlock_row_content=\u00a0\u00bbyes\u00a0\u00bb row_height_percent=\u00a0\u00bb0&Prime; override_padding=\u00a0\u00bbyes\u00a0\u00bb h_padding=\u00a0\u00bb0&Prime; top_padding=\u00a0\u00bb0&Prime; bottom_padding=\u00a0\u00bb0&Prime; overlay_alpha=\u00a0\u00bb100&Prime; gutter_size=\u00a0\u00bb0&Prime; style=\u00a0\u00bbinherited\u00a0\u00bb][\/vc_row][vc_row unlock_row_content=\u00a0\u00bbyes\u00a0\u00bb row_height_percent=\u00a0\u00bb0&Prime; override_padding=\u00a0\u00bbyes\u00a0\u00bb h_padding=\u00a0\u00bb0&Prime; top_padding=\u00a0\u00bb0&Prime; bottom_padding=\u00a0\u00bb0&Prime; overlay_alpha=\u00a0\u00bb50&Prime; equal_height=\u00a0\u00bbyes\u00a0\u00bb gutter_size=\u00a0\u00bb0&Prime; shift_y=\u00a0\u00bb0&Prime;][\/vc_row][vc_row unlock_row_content=\u00a0\u00bbyes\u00a0\u00bb row_height_percent=\u00a0\u00bb0&Prime; override_padding=\u00a0\u00bbyes\u00a0\u00bb h_padding=\u00a0\u00bb0&Prime; top_padding=\u00a0\u00bb0&Prime; bottom_padding=\u00a0\u00bb0&Prime; overlay_alpha=\u00a0\u00bb100&Prime; gutter_size=\u00a0\u00bb0&Prime; style=\u00a0\u00bbinherited\u00a0\u00bb][\/vc_row][vc_row unlock_row_content=\u00a0\u00bbyes\u00a0\u00bb row_height_percent=\u00a0\u00bb0&Prime; override_padding=\u00a0\u00bbyes\u00a0\u00bb h_padding=\u00a0\u00bb0&Prime; top_padding=\u00a0\u00bb0&Prime; bottom_padding=\u00a0\u00bb0&Prime; overlay_alpha=\u00a0\u00bb50&Prime; equal_height=\u00a0\u00bbyes\u00a0\u00bb gutter_size=\u00a0\u00bb0&Prime; shift_y=\u00a0\u00bb0&Prime;][\/vc_row][vc_row][vc_column width=\u00a0\u00bb1\/1&Prime;][uncode_block id=\u00a0\u00bb66407&Prime;][\/vc_column][\/vc_row][vc_row][vc_column width=\u00a0\u00bb1\/1&Prime;][uncode_block id=\u00a0\u00bb66408&Prime;][\/vc_column][\/vc_row]<\/p>\n<\/div>","protected":false},"excerpt":{"rendered":"<p>[vc_row row_height_percent=\u00a0\u00bb0&Prime; override_padding=\u00a0\u00bbyes\u00a0\u00bb h_padding=\u00a0\u00bb2&Prime; top_padding=\u00a0\u00bb3&Prime; bottom_padding=\u00a0\u00bb1&Prime; overlay_alpha=\u00a0\u00bb50&Prime; gutter_size=\u00a0\u00bb3&Prime; column_width_percent=\u00a0\u00bb100&Prime; shift_y=\u00a0\u00bb0&Prime; z_index=\u00a0\u00bb0&Prime;][vc_column column_width_percent=\u00a0\u00bb100&Prime; overlay_alpha=\u00a0\u00bb50&Prime; gutter_size=\u00a0\u00bb3&Prime; medium_visibility=\u00a0\u00bbyes\u00a0\u00bb align_medium=\u00a0\u00bbalign_center_tablet\u00a0\u00bb medium_width=\u00a0\u00bb0&Prime; mobile_visibility=\u00a0\u00bbyes\u00a0\u00bb align_mobile=\u00a0\u00bbalign_center_mobile\u00a0\u00bb mobile_width=\u00a0\u00bb0&Prime; [&hellip;]<\/p>\n","protected":false},"author":1,"featured_media":0,"parent":0,"menu_order":0,"comment_status":"closed","ping_status":"closed","template":"","meta":{"footnotes":""},"class_list":["post-50","page","type-page","status-publish","hentry"],"yoast_head":"<!-- This site is optimized with the Yoast SEO plugin v27.3 - https:\/\/yoast.com\/product\/yoast-seo-wordpress\/ -->\n<title>Conseils CV Restauration H\u00f4tellerie - AJ Conseil Recrutement &amp; RH<\/title>\n<meta name=\"description\" content=\"H\u00f4tellerie-restauration ou tourisme : comment faire en sorte que votre CV s\u00e9duisent les recruteurs. D\u00e9couvrez ici les conseils de nos consultants.\" \/>\n<meta name=\"robots\" content=\"index, follow, max-snippet:-1, max-image-preview:large, max-video-preview:-1\" \/>\n<link rel=\"canonical\" href=\"https:\/\/www.ajconseil.fr\/fr\/comment-rediger-un-bon-cv-nos-conseils-de-carriere\/\" \/>\n<meta property=\"og:locale\" content=\"fr_FR\" \/>\n<meta property=\"og:type\" content=\"article\" \/>\n<meta property=\"og:title\" content=\"Conseils CV Restauration H\u00f4tellerie - AJ Conseil Recrutement &amp; RH\" \/>\n<meta property=\"og:description\" content=\"H\u00f4tellerie-restauration ou tourisme : comment faire en sorte que votre CV s\u00e9duisent les recruteurs. D\u00e9couvrez ici les conseils de nos consultants.\" \/>\n<meta property=\"og:url\" content=\"https:\/\/www.ajconseil.fr\/fr\/comment-rediger-un-bon-cv-nos-conseils-de-carriere\/\" \/>\n<meta property=\"og:site_name\" content=\"AJ Conseil\" \/>\n<meta property=\"article:modified_time\" content=\"2017-11-15T08:43:29+00:00\" \/>\n<meta name=\"twitter:card\" content=\"summary_large_image\" \/>\n<meta name=\"twitter:label1\" content=\"Dur\u00e9e de lecture estim\u00e9e\" \/>\n\t<meta name=\"twitter:data1\" content=\"6 minutes\" \/>\n<script type=\"application\/ld+json\" class=\"yoast-schema-graph\">{\"@context\":\"https:\\\/\\\/schema.org\",\"@graph\":[{\"@type\":\"WebPage\",\"@id\":\"https:\\\/\\\/www.ajconseil.fr\\\/fr\\\/comment-rediger-un-bon-cv-nos-conseils-de-carriere\\\/\",\"url\":\"https:\\\/\\\/www.ajconseil.fr\\\/fr\\\/comment-rediger-un-bon-cv-nos-conseils-de-carriere\\\/\",\"name\":\"Conseils CV Restauration H\u00f4tellerie - AJ Conseil Recrutement & RH\",\"isPartOf\":{\"@id\":\"https:\\\/\\\/www.ajconseil.fr\\\/fr\\\/#website\"},\"datePublished\":\"2017-10-25T11:56:09+00:00\",\"dateModified\":\"2017-11-15T08:43:29+00:00\",\"description\":\"H\u00f4tellerie-restauration ou tourisme : comment faire en sorte que votre CV s\u00e9duisent les recruteurs. D\u00e9couvrez ici les conseils de nos consultants.\",\"breadcrumb\":{\"@id\":\"https:\\\/\\\/www.ajconseil.fr\\\/fr\\\/comment-rediger-un-bon-cv-nos-conseils-de-carriere\\\/#breadcrumb\"},\"inLanguage\":\"fr-FR\",\"potentialAction\":[{\"@type\":\"ReadAction\",\"target\":[\"https:\\\/\\\/www.ajconseil.fr\\\/fr\\\/comment-rediger-un-bon-cv-nos-conseils-de-carriere\\\/\"]}]},{\"@type\":\"BreadcrumbList\",\"@id\":\"https:\\\/\\\/www.ajconseil.fr\\\/fr\\\/comment-rediger-un-bon-cv-nos-conseils-de-carriere\\\/#breadcrumb\",\"itemListElement\":[{\"@type\":\"ListItem\",\"position\":1,\"name\":\"Accueil\",\"item\":\"https:\\\/\\\/www.ajconseil.fr\\\/fr\\\/\"},{\"@type\":\"ListItem\",\"position\":2,\"name\":\"CV Restauration H\u00f4tellerie\"}]},{\"@type\":\"WebSite\",\"@id\":\"https:\\\/\\\/www.ajconseil.fr\\\/fr\\\/#website\",\"url\":\"https:\\\/\\\/www.ajconseil.fr\\\/fr\\\/\",\"name\":\"AJ Conseil\",\"description\":\"\",\"potentialAction\":[{\"@type\":\"SearchAction\",\"target\":{\"@type\":\"EntryPoint\",\"urlTemplate\":\"https:\\\/\\\/www.ajconseil.fr\\\/fr\\\/?s={search_term_string}\"},\"query-input\":{\"@type\":\"PropertyValueSpecification\",\"valueRequired\":true,\"valueName\":\"search_term_string\"}}],\"inLanguage\":\"fr-FR\"}]}<\/script>\n<!-- \/ Yoast SEO plugin. -->","yoast_head_json":{"title":"Conseils CV Restauration H\u00f4tellerie - AJ Conseil Recrutement & RH","description":"H\u00f4tellerie-restauration ou tourisme : comment faire en sorte que votre CV s\u00e9duisent les recruteurs. D\u00e9couvrez ici les conseils de nos consultants.","robots":{"index":"index","follow":"follow","max-snippet":"max-snippet:-1","max-image-preview":"max-image-preview:large","max-video-preview":"max-video-preview:-1"},"canonical":"https:\/\/www.ajconseil.fr\/fr\/comment-rediger-un-bon-cv-nos-conseils-de-carriere\/","og_locale":"fr_FR","og_type":"article","og_title":"Conseils CV Restauration H\u00f4tellerie - AJ Conseil Recrutement & RH","og_description":"H\u00f4tellerie-restauration ou tourisme : comment faire en sorte que votre CV s\u00e9duisent les recruteurs. D\u00e9couvrez ici les conseils de nos consultants.","og_url":"https:\/\/www.ajconseil.fr\/fr\/comment-rediger-un-bon-cv-nos-conseils-de-carriere\/","og_site_name":"AJ Conseil","article_modified_time":"2017-11-15T08:43:29+00:00","twitter_card":"summary_large_image","twitter_misc":{"Dur\u00e9e de lecture estim\u00e9e":"6 minutes"},"schema":{"@context":"https:\/\/schema.org","@graph":[{"@type":"WebPage","@id":"https:\/\/www.ajconseil.fr\/fr\/comment-rediger-un-bon-cv-nos-conseils-de-carriere\/","url":"https:\/\/www.ajconseil.fr\/fr\/comment-rediger-un-bon-cv-nos-conseils-de-carriere\/","name":"Conseils CV Restauration H\u00f4tellerie - AJ Conseil Recrutement & RH","isPartOf":{"@id":"https:\/\/www.ajconseil.fr\/fr\/#website"},"datePublished":"2017-10-25T11:56:09+00:00","dateModified":"2017-11-15T08:43:29+00:00","description":"H\u00f4tellerie-restauration ou tourisme : comment faire en sorte que votre CV s\u00e9duisent les recruteurs. D\u00e9couvrez ici les conseils de nos consultants.","breadcrumb":{"@id":"https:\/\/www.ajconseil.fr\/fr\/comment-rediger-un-bon-cv-nos-conseils-de-carriere\/#breadcrumb"},"inLanguage":"fr-FR","potentialAction":[{"@type":"ReadAction","target":["https:\/\/www.ajconseil.fr\/fr\/comment-rediger-un-bon-cv-nos-conseils-de-carriere\/"]}]},{"@type":"BreadcrumbList","@id":"https:\/\/www.ajconseil.fr\/fr\/comment-rediger-un-bon-cv-nos-conseils-de-carriere\/#breadcrumb","itemListElement":[{"@type":"ListItem","position":1,"name":"Accueil","item":"https:\/\/www.ajconseil.fr\/fr\/"},{"@type":"ListItem","position":2,"name":"CV Restauration H\u00f4tellerie"}]},{"@type":"WebSite","@id":"https:\/\/www.ajconseil.fr\/fr\/#website","url":"https:\/\/www.ajconseil.fr\/fr\/","name":"AJ Conseil","description":"","potentialAction":[{"@type":"SearchAction","target":{"@type":"EntryPoint","urlTemplate":"https:\/\/www.ajconseil.fr\/fr\/?s={search_term_string}"},"query-input":{"@type":"PropertyValueSpecification","valueRequired":true,"valueName":"search_term_string"}}],"inLanguage":"fr-FR"}]}},"_links":{"self":[{"href":"https:\/\/www.ajconseil.fr\/fr\/wp-json\/wp\/v2\/pages\/50","targetHints":{"allow":["GET"]}}],"collection":[{"href":"https:\/\/www.ajconseil.fr\/fr\/wp-json\/wp\/v2\/pages"}],"about":[{"href":"https:\/\/www.ajconseil.fr\/fr\/wp-json\/wp\/v2\/types\/page"}],"author":[{"embeddable":true,"href":"https:\/\/www.ajconseil.fr\/fr\/wp-json\/wp\/v2\/users\/1"}],"replies":[{"embeddable":true,"href":"https:\/\/www.ajconseil.fr\/fr\/wp-json\/wp\/v2\/comments?post=50"}],"version-history":[{"count":0,"href":"https:\/\/www.ajconseil.fr\/fr\/wp-json\/wp\/v2\/pages\/50\/revisions"}],"wp:attachment":[{"href":"https:\/\/www.ajconseil.fr\/fr\/wp-json\/wp\/v2\/media?parent=50"}],"curies":[{"name":"wp","href":"https:\/\/api.w.org\/{rel}","templated":true}]}}