{"id":48,"date":"2017-10-25T11:55:25","date_gmt":"2017-10-25T11:55:25","guid":{"rendered":"http:\/\/ajconseil.sixpixels.fr\/?page_id=48"},"modified":"2017-11-29T09:28:55","modified_gmt":"2017-11-29T08:28:55","slug":"comment-reussir-un-entretien-d-embauche-nos-conseils-de-carriere","status":"publish","type":"page","link":"https:\/\/www.ajconseil.fr\/fr\/comment-reussir-un-entretien-d-embauche-nos-conseils-de-carriere\/","title":{"rendered":"R\u00e9ussir son entretien d&#8217;embauche"},"content":{"rendered":"<div class=\"wpb-content-wrapper\"><p>[vc_row row_height_percent=\u00a0\u00bb0&Prime; override_padding=\u00a0\u00bbyes\u00a0\u00bb h_padding=\u00a0\u00bb2&Prime; top_padding=\u00a0\u00bb2&Prime; bottom_padding=\u00a0\u00bb2&Prime; overlay_alpha=\u00a0\u00bb50&Prime; gutter_size=\u00a0\u00bb3&Prime; column_width_percent=\u00a0\u00bb100&Prime; shift_y=\u00a0\u00bb0&Prime; z_index=\u00a0\u00bb0&Prime;][vc_column column_width_percent=\u00a0\u00bb100&Prime; position_vertical=\u00a0\u00bbmiddle\u00a0\u00bb overlay_alpha=\u00a0\u00bb50&Prime; gutter_size=\u00a0\u00bb3&Prime; align_medium=\u00a0\u00bbalign_left_tablet\u00a0\u00bb medium_width=\u00a0\u00bb0&Prime; align_mobile=\u00a0\u00bbalign_left_mobile\u00a0\u00bb mobile_width=\u00a0\u00bb0&Prime; shift_x=\u00a0\u00bb0&Prime; shift_y=\u00a0\u00bb0&Prime; shift_y_down=\u00a0\u00bb0&Prime; z_index=\u00a0\u00bb0&Prime; css_animation=\u00a0\u00bbbottom-t-top\u00a0\u00bb animation_delay=\u00a0\u00bb200&Prime; width=\u00a0\u00bb1\/1&Prime;][vc_column_text]<span class=\"drop-caps\">V<\/span>otre <a href=\"https:\/\/www.ajconseil.fr\/fr\/comment-rediger-un-bon-cv-nos-conseils-de-carriere\/\">CV<\/a> a retenu l\u2019attention <strong>d\u2019un recruteur, d\u2019un chasseur de t\u00eates ou d\u2019un cabinet de recrutement<\/strong>. Vous \u00eates maintenant convoqu\u00e9 \u00e0 un <strong>entretien d\u2019embauche<\/strong>. Mettez toutes les chances de votre c\u00f4t\u00e9 pour d\u00e9crocher le job !<br \/>\n[\/vc_column_text][\/vc_column][\/vc_row][vc_row row_height_percent=\u00a0\u00bb0&Prime; override_padding=\u00a0\u00bbyes\u00a0\u00bb h_padding=\u00a0\u00bb2&Prime; top_padding=\u00a0\u00bb1&Prime; bottom_padding=\u00a0\u00bb1&Prime; overlay_alpha=\u00a0\u00bb50&Prime; gutter_size=\u00a0\u00bb3&Prime; column_width_percent=\u00a0\u00bb100&Prime; shift_y=\u00a0\u00bb0&Prime; z_index=\u00a0\u00bb0&Prime;][vc_column column_width_percent=\u00a0\u00bb100&Prime; position_vertical=\u00a0\u00bbmiddle\u00a0\u00bb align_horizontal=\u00a0\u00bbalign_center\u00a0\u00bb overlay_alpha=\u00a0\u00bb50&Prime; gutter_size=\u00a0\u00bb3&Prime; medium_width=\u00a0\u00bb0&Prime; mobile_width=\u00a0\u00bb0&Prime; shift_x=\u00a0\u00bb0&Prime; shift_y=\u00a0\u00bb0&Prime; shift_y_down=\u00a0\u00bb0&Prime; z_index=\u00a0\u00bb0&Prime; width=\u00a0\u00bb1\/1&Prime;][vc_separator][\/vc_column][\/vc_row][vc_row row_height_percent=\u00a0\u00bb0&Prime; override_padding=\u00a0\u00bbyes\u00a0\u00bb h_padding=\u00a0\u00bb2&Prime; top_padding=\u00a0\u00bb3&Prime; bottom_padding=\u00a0\u00bb2&Prime; overlay_alpha=\u00a0\u00bb50&Prime; gutter_size=\u00a0\u00bb3&Prime; column_width_percent=\u00a0\u00bb100&Prime; shift_y=\u00a0\u00bb0&Prime; z_index=\u00a0\u00bb0&Prime;][vc_column column_width_percent=\u00a0\u00bb100&Prime; position_vertical=\u00a0\u00bbmiddle\u00a0\u00bb align_horizontal=\u00a0\u00bbalign_center\u00a0\u00bb overlay_alpha=\u00a0\u00bb50&Prime; gutter_size=\u00a0\u00bb3&Prime; medium_width=\u00a0\u00bb0&Prime; mobile_width=\u00a0\u00bb0&Prime; shift_x=\u00a0\u00bb0&Prime; shift_y=\u00a0\u00bb0&Prime; shift_y_down=\u00a0\u00bb0&Prime; z_index=\u00a0\u00bb0&Prime; width=\u00a0\u00bb1\/1&Prime;][vc_custom_heading text_size=\u00a0\u00bb\u00a0\u00bb separator=\u00a0\u00bbyes\u00a0\u00bb el_class=\u00a0\u00bbtitre-row\u00a0\u00bb]Nos conseils pour bien pr\u00e9parer un entretien d\u2019embauche[\/vc_custom_heading][\/vc_column][\/vc_row][vc_row unlock_row_content=\u00a0\u00bbyes\u00a0\u00bb row_height_percent=\u00a0\u00bb0&Prime; override_padding=\u00a0\u00bbyes\u00a0\u00bb h_padding=\u00a0\u00bb0&Prime; top_padding=\u00a0\u00bb0&Prime; bottom_padding=\u00a0\u00bb0&Prime; overlay_alpha=\u00a0\u00bb100&Prime; gutter_size=\u00a0\u00bb0&Prime; style=\u00a0\u00bbinherited\u00a0\u00bb][\/vc_row][vc_row unlock_row_content=\u00a0\u00bbyes\u00a0\u00bb row_height_percent=\u00a0\u00bb0&Prime; override_padding=\u00a0\u00bbyes\u00a0\u00bb h_padding=\u00a0\u00bb0&Prime; top_padding=\u00a0\u00bb0&Prime; bottom_padding=\u00a0\u00bb0&Prime; overlay_alpha=\u00a0\u00bb50&Prime; equal_height=\u00a0\u00bbyes\u00a0\u00bb gutter_size=\u00a0\u00bb0&Prime; shift_y=\u00a0\u00bb0&Prime;][\/vc_row][vc_row unlock_row_content=\u00a0\u00bbyes\u00a0\u00bb row_height_percent=\u00a0\u00bb0&Prime; override_padding=\u00a0\u00bbyes\u00a0\u00bb h_padding=\u00a0\u00bb0&Prime; top_padding=\u00a0\u00bb0&Prime; bottom_padding=\u00a0\u00bb0&Prime; overlay_alpha=\u00a0\u00bb100&Prime; gutter_size=\u00a0\u00bb0&Prime; style=\u00a0\u00bbinherited\u00a0\u00bb][\/vc_row][vc_row unlock_row_content=\u00a0\u00bbyes\u00a0\u00bb row_height_percent=\u00a0\u00bb0&Prime; override_padding=\u00a0\u00bbyes\u00a0\u00bb h_padding=\u00a0\u00bb0&Prime; top_padding=\u00a0\u00bb0&Prime; bottom_padding=\u00a0\u00bb0&Prime; overlay_alpha=\u00a0\u00bb50&Prime; equal_height=\u00a0\u00bbyes\u00a0\u00bb gutter_size=\u00a0\u00bb0&Prime; shift_y=\u00a0\u00bb0&Prime;][\/vc_row][vc_row row_height_percent=\u00a0\u00bb0&Prime; override_padding=\u00a0\u00bbyes\u00a0\u00bb h_padding=\u00a0\u00bb2&Prime; top_padding=\u00a0\u00bb0&Prime; bottom_padding=\u00a0\u00bb3&Prime; overlay_alpha=\u00a0\u00bb100&Prime; gutter_size=\u00a0\u00bb100&Prime; column_width_percent=\u00a0\u00bb100&Prime; shift_y=\u00a0\u00bb0&Prime; z_index=\u00a0\u00bb0&Prime; style=\u00a0\u00bbinherited\u00a0\u00bb][vc_column column_width_percent=\u00a0\u00bb100&Prime; override_padding=\u00a0\u00bbyes\u00a0\u00bb column_padding=\u00a0\u00bb2&Prime; overlay_alpha=\u00a0\u00bb50&Prime; gutter_size=\u00a0\u00bb3&Prime; medium_width=\u00a0\u00bb0&Prime; mobile_width=\u00a0\u00bb0&Prime; shift_x=\u00a0\u00bb0&Prime; shift_y=\u00a0\u00bb0&Prime; shift_y_down=\u00a0\u00bb0&Prime; z_index=\u00a0\u00bb0&Prime; zoom_width=\u00a0\u00bb0&Prime; zoom_height=\u00a0\u00bb0&Prime; width=\u00a0\u00bb1\/1&Prime;][vc_accordion history=\u00a0\u00bbyes\u00a0\u00bb][vc_accordion_tab title=\u00a0\u00bbPr\u00e9parez votre argumentaire\u00a0\u00bb tab_id=\u00a0\u00bbd21d5937-3bb0-2&Prime; slug=\u00a0\u00bblatest-projects\u00a0\u00bb][vc_column_text]<strong>Un entretien d\u2019embauche<\/strong>, cela se pr\u00e9pare afin de ne pas \u00eatre d\u00e9stabilis\u00e9 le jour \u00ab J \u00bb. Listez les questions classiques et <strong>exercez-vous<\/strong> aupr\u00e8s de votre entourage.[\/vc_column_text][uncode_list icon=\u00a0\u00bbfa fa-check2&Prime;]<\/p>\n<ul>\n<li>Parlez-moi de <strong>votre carri\u00e8re<\/strong><\/li>\n<li>Quelles sont vos qualit\u00e9s et vos d\u00e9fauts ?<\/li>\n<li>Pourquoi souhaitez-vous rejoindre notre entreprise ?<\/li>\n<li>Quelle est <strong>votre valeur ajout\u00e9e<\/strong> pour l\u2019entreprise ?<\/li>\n<li>Pourquoi souhaitez-vous <strong>changer de poste<\/strong> ?<\/li>\n<li>Pourquoi \u00eates-vous en recherche d\u2019emploi ?<\/li>\n<li>Quelles sont vos pr\u00e9tentions salariales ?<\/li>\n<li>Quelle est votre formation initiale ?<\/li>\n<\/ul>\n<p>[\/uncode_list][\/vc_accordion_tab][vc_accordion_tab title=\u00a0\u00bbInformez-vous sur l\u2019entreprise qui recrute\u00a0\u00bb tab_id=\u00a0\u00bb9346230d-a835-9&Prime; slug=\u00a0\u00bbweb-awards\u00a0\u00bb][vc_column_text]Renseignez-vous <strong>sur l\u2019entreprise en amont<\/strong> en visitant son site web, effectuant des recherches sur info greffe\u2026 Cela vous donnera la possibilit\u00e9 de vous impr\u00e9gner de son histoire et de sa culture.<br \/>\nPr\u00e9voyez deux ou trois questions pour montrer votre int\u00e9r\u00eat.<br \/>\n[\/vc_column_text][\/vc_accordion_tab][vc_accordion_tab title=\u00a0\u00bbLisez bien l\u2019offre d\u2019emploi\u00a0\u00bb tab_id=\u00a0\u00bb1510135874266-3-3&Prime;][vc_column_text]Une <strong>annonce d&#8217;emploi<\/strong> doit \u00eatre lue dans le d\u00e9tail afin de mieux y r\u00e9pondre. Efforcez-vous de mettre en avant <strong>les comp\u00e9tences<\/strong> qui sont les v\u00f4tres et qui r\u00e9pondent pr\u00e9cis\u00e9ment au poste \u00e0 pourvoir. Pr\u00e9parez un argumentaire si vous devez d\u00e9fendre certains points pr\u00e9cis.[\/vc_column_text][\/vc_accordion_tab][vc_accordion_tab title=\u00a0\u00bbAdoptez le bon dress code\u00a0\u00bb tab_id=\u00a0\u00bb1510135897923-4-4&Prime;][vc_column_text]Inutile de vous mettre sur votre \u00ab 31 \u00bb, mais tout de m\u00eame ! La premi\u00e8re impression reste toujours extr\u00eamement importante\u2026[\/vc_column_text][\/vc_accordion_tab][vc_accordion_tab title=\u00a0\u00bbJouez la ponctualit\u00e9\u00a0\u00bb tab_id=\u00a0\u00bb1510135922782-5-0&Prime;][vc_column_text]<strong>Mieux vaut ne jamais \u00eatre en retard<\/strong> \u00e0 un entretien d\u2019embauche. Pr\u00e9parez un itin\u00e9raire et rep\u00e9rez le lieu du rendez-vous en amont. Et si d\u2019aventure vous aviez malgr\u00e9 tout quelques minutes de retard, <strong>pr\u00e9venez imp\u00e9rativement le recruteur !<\/strong>[\/vc_column_text][\/vc_accordion_tab][vc_accordion_tab title=\u00a0\u00bbSouriez\u00a0\u00bb tab_id=\u00a0\u00bb1510135968894-6-7&Prime;][vc_column_text]<strong>Un entretien d\u2019embauche<\/strong> est toujours une \u00e9preuve en soi. Alors n\u2019oubliez pas que vous avez tout \u00e0 gagner puisque l\u2019entreprise a besoin de quelqu\u2019un, pourquoi pas vous ? Restez <strong>le plus naturel possible, posez votre voix, soyez positif et soignez votre posture<\/strong>.[\/vc_column_text][\/vc_accordion_tab][vc_accordion_tab title=\u00a0\u00bbPrenez des notes\u00a0\u00bb tab_id=\u00a0\u00bb6dad8f3c-7309-8&Prime; slug=\u00a0\u00bbteam-members\u00a0\u00bb][vc_column_text]Il suffit de peu de choses pour montrer votre int\u00e9r\u00eat. <strong>Prendre des notes<\/strong> est un signe positif pour le chasseur de t\u00eates ! Il prouve que vous \u00eates \u00e0 l\u2019\u00e9coute et que vous \u00eates motiv\u00e9 pour le poste.<br \/>\n[\/vc_column_text][\/vc_accordion_tab][vc_accordion_tab title=\u00a0\u00bbPosez des questions\u00a0\u00bb tab_id=\u00a0\u00bb1510135984160-7-4&Prime;][vc_column_text]Laissez parler votre interlocuteur, mais n\u2019h\u00e9sitez pas \u00e0 lui poser des questions au moment opportun.[\/vc_column_text][\/vc_accordion_tab][vc_accordion_tab title=\u00a0\u00bbUne bonne conclusion est indispensable\u00a0\u00bb tab_id=\u00a0\u00bb1510136017840-8-9&Prime;][vc_column_text]Le dernier point important pour <strong>r\u00e9ussir un entretien d\u2019embauche<\/strong>, c\u2019est la mani\u00e8re dont vous y mettez un terme. N&rsquo;h\u00e9sitez pas \u00e0 demander comment va se d\u00e9rouler la suite apr\u00e8s l\u2019entretien d&#8217;embauche, quel est le planning &#8230; Et puis remerciez vos interlocuteurs pour leur accueil.[\/vc_column_text][\/vc_accordion_tab][\/vc_accordion][\/vc_column][\/vc_row][vc_row][vc_column width=\u00a0\u00bb1\/1&Prime;][uncode_block id=\u00a0\u00bb66407&Prime;][\/vc_column][\/vc_row][vc_row][vc_column width=\u00a0\u00bb1\/1&Prime;][uncode_block id=\u00a0\u00bb66408&Prime;][\/vc_column][\/vc_row]<\/p>\n<\/div>","protected":false},"excerpt":{"rendered":"<p>[vc_row row_height_percent=\u00a0\u00bb0&Prime; override_padding=\u00a0\u00bbyes\u00a0\u00bb h_padding=\u00a0\u00bb2&Prime; top_padding=\u00a0\u00bb2&Prime; bottom_padding=\u00a0\u00bb2&Prime; overlay_alpha=\u00a0\u00bb50&Prime; gutter_size=\u00a0\u00bb3&Prime; column_width_percent=\u00a0\u00bb100&Prime; shift_y=\u00a0\u00bb0&Prime; z_index=\u00a0\u00bb0&Prime;][vc_column column_width_percent=\u00a0\u00bb100&Prime; position_vertical=\u00a0\u00bbmiddle\u00a0\u00bb overlay_alpha=\u00a0\u00bb50&Prime; gutter_size=\u00a0\u00bb3&Prime; align_medium=\u00a0\u00bbalign_left_tablet\u00a0\u00bb medium_width=\u00a0\u00bb0&Prime; align_mobile=\u00a0\u00bbalign_left_mobile\u00a0\u00bb mobile_width=\u00a0\u00bb0&Prime; shift_x=\u00a0\u00bb0&Prime; [&hellip;]<\/p>\n","protected":false},"author":1,"featured_media":0,"parent":0,"menu_order":0,"comment_status":"closed","ping_status":"closed","template":"","meta":{"footnotes":""},"class_list":["post-48","page","type-page","status-publish","hentry"],"yoast_head":"<!-- This site is optimized with the Yoast SEO plugin v27.3 - https:\/\/yoast.com\/product\/yoast-seo-wordpress\/ -->\n<title>Conseils entretien embauche - AJ Conseil Recrutement &amp; RH<\/title>\n<meta name=\"description\" content=\"Un recruteur ou un cabinet de recrutement est sensible \u00e0 votre attitude autant qu\u2019\u00e0 votre CV. Nos conseils pour r\u00e9ussir votre entretien d\u2019embauche sont ici\" \/>\n<meta name=\"robots\" content=\"index, follow, max-snippet:-1, max-image-preview:large, max-video-preview:-1\" \/>\n<link rel=\"canonical\" href=\"https:\/\/www.ajconseil.fr\/fr\/comment-reussir-un-entretien-d-embauche-nos-conseils-de-carriere\/\" \/>\n<meta property=\"og:locale\" content=\"fr_FR\" \/>\n<meta property=\"og:type\" content=\"article\" \/>\n<meta property=\"og:title\" content=\"Conseils entretien embauche - AJ Conseil Recrutement &amp; RH\" \/>\n<meta property=\"og:description\" content=\"Un recruteur ou un cabinet de recrutement est sensible \u00e0 votre attitude autant qu\u2019\u00e0 votre CV. Nos conseils pour r\u00e9ussir votre entretien d\u2019embauche sont ici\" \/>\n<meta property=\"og:url\" content=\"https:\/\/www.ajconseil.fr\/fr\/comment-reussir-un-entretien-d-embauche-nos-conseils-de-carriere\/\" \/>\n<meta property=\"og:site_name\" content=\"AJ Conseil\" \/>\n<meta property=\"article:modified_time\" content=\"2017-11-29T08:28:55+00:00\" \/>\n<meta name=\"twitter:card\" content=\"summary_large_image\" \/>\n<meta name=\"twitter:label1\" content=\"Dur\u00e9e de lecture estim\u00e9e\" \/>\n\t<meta name=\"twitter:data1\" content=\"5 minutes\" \/>\n<script type=\"application\/ld+json\" class=\"yoast-schema-graph\">{\"@context\":\"https:\\\/\\\/schema.org\",\"@graph\":[{\"@type\":\"WebPage\",\"@id\":\"https:\\\/\\\/www.ajconseil.fr\\\/fr\\\/comment-reussir-un-entretien-d-embauche-nos-conseils-de-carriere\\\/\",\"url\":\"https:\\\/\\\/www.ajconseil.fr\\\/fr\\\/comment-reussir-un-entretien-d-embauche-nos-conseils-de-carriere\\\/\",\"name\":\"Conseils entretien embauche - AJ Conseil Recrutement & RH\",\"isPartOf\":{\"@id\":\"https:\\\/\\\/www.ajconseil.fr\\\/fr\\\/#website\"},\"datePublished\":\"2017-10-25T11:55:25+00:00\",\"dateModified\":\"2017-11-29T08:28:55+00:00\",\"description\":\"Un recruteur ou un cabinet de recrutement est sensible \u00e0 votre attitude autant qu\u2019\u00e0 votre CV. Nos conseils pour r\u00e9ussir votre entretien d\u2019embauche sont ici\",\"breadcrumb\":{\"@id\":\"https:\\\/\\\/www.ajconseil.fr\\\/fr\\\/comment-reussir-un-entretien-d-embauche-nos-conseils-de-carriere\\\/#breadcrumb\"},\"inLanguage\":\"fr-FR\",\"potentialAction\":[{\"@type\":\"ReadAction\",\"target\":[\"https:\\\/\\\/www.ajconseil.fr\\\/fr\\\/comment-reussir-un-entretien-d-embauche-nos-conseils-de-carriere\\\/\"]}]},{\"@type\":\"BreadcrumbList\",\"@id\":\"https:\\\/\\\/www.ajconseil.fr\\\/fr\\\/comment-reussir-un-entretien-d-embauche-nos-conseils-de-carriere\\\/#breadcrumb\",\"itemListElement\":[{\"@type\":\"ListItem\",\"position\":1,\"name\":\"Accueil\",\"item\":\"https:\\\/\\\/www.ajconseil.fr\\\/fr\\\/\"},{\"@type\":\"ListItem\",\"position\":2,\"name\":\"R\u00e9ussir son entretien d&#8217;embauche\"}]},{\"@type\":\"WebSite\",\"@id\":\"https:\\\/\\\/www.ajconseil.fr\\\/fr\\\/#website\",\"url\":\"https:\\\/\\\/www.ajconseil.fr\\\/fr\\\/\",\"name\":\"AJ Conseil\",\"description\":\"\",\"potentialAction\":[{\"@type\":\"SearchAction\",\"target\":{\"@type\":\"EntryPoint\",\"urlTemplate\":\"https:\\\/\\\/www.ajconseil.fr\\\/fr\\\/?s={search_term_string}\"},\"query-input\":{\"@type\":\"PropertyValueSpecification\",\"valueRequired\":true,\"valueName\":\"search_term_string\"}}],\"inLanguage\":\"fr-FR\"}]}<\/script>\n<!-- \/ Yoast SEO plugin. -->","yoast_head_json":{"title":"Conseils entretien embauche - AJ Conseil Recrutement & RH","description":"Un recruteur ou un cabinet de recrutement est sensible \u00e0 votre attitude autant qu\u2019\u00e0 votre CV. Nos conseils pour r\u00e9ussir votre entretien d\u2019embauche sont ici","robots":{"index":"index","follow":"follow","max-snippet":"max-snippet:-1","max-image-preview":"max-image-preview:large","max-video-preview":"max-video-preview:-1"},"canonical":"https:\/\/www.ajconseil.fr\/fr\/comment-reussir-un-entretien-d-embauche-nos-conseils-de-carriere\/","og_locale":"fr_FR","og_type":"article","og_title":"Conseils entretien embauche - AJ Conseil Recrutement & RH","og_description":"Un recruteur ou un cabinet de recrutement est sensible \u00e0 votre attitude autant qu\u2019\u00e0 votre CV. Nos conseils pour r\u00e9ussir votre entretien d\u2019embauche sont ici","og_url":"https:\/\/www.ajconseil.fr\/fr\/comment-reussir-un-entretien-d-embauche-nos-conseils-de-carriere\/","og_site_name":"AJ Conseil","article_modified_time":"2017-11-29T08:28:55+00:00","twitter_card":"summary_large_image","twitter_misc":{"Dur\u00e9e de lecture estim\u00e9e":"5 minutes"},"schema":{"@context":"https:\/\/schema.org","@graph":[{"@type":"WebPage","@id":"https:\/\/www.ajconseil.fr\/fr\/comment-reussir-un-entretien-d-embauche-nos-conseils-de-carriere\/","url":"https:\/\/www.ajconseil.fr\/fr\/comment-reussir-un-entretien-d-embauche-nos-conseils-de-carriere\/","name":"Conseils entretien embauche - AJ Conseil Recrutement & RH","isPartOf":{"@id":"https:\/\/www.ajconseil.fr\/fr\/#website"},"datePublished":"2017-10-25T11:55:25+00:00","dateModified":"2017-11-29T08:28:55+00:00","description":"Un recruteur ou un cabinet de recrutement est sensible \u00e0 votre attitude autant qu\u2019\u00e0 votre CV. Nos conseils pour r\u00e9ussir votre entretien d\u2019embauche sont ici","breadcrumb":{"@id":"https:\/\/www.ajconseil.fr\/fr\/comment-reussir-un-entretien-d-embauche-nos-conseils-de-carriere\/#breadcrumb"},"inLanguage":"fr-FR","potentialAction":[{"@type":"ReadAction","target":["https:\/\/www.ajconseil.fr\/fr\/comment-reussir-un-entretien-d-embauche-nos-conseils-de-carriere\/"]}]},{"@type":"BreadcrumbList","@id":"https:\/\/www.ajconseil.fr\/fr\/comment-reussir-un-entretien-d-embauche-nos-conseils-de-carriere\/#breadcrumb","itemListElement":[{"@type":"ListItem","position":1,"name":"Accueil","item":"https:\/\/www.ajconseil.fr\/fr\/"},{"@type":"ListItem","position":2,"name":"R\u00e9ussir son entretien d&#8217;embauche"}]},{"@type":"WebSite","@id":"https:\/\/www.ajconseil.fr\/fr\/#website","url":"https:\/\/www.ajconseil.fr\/fr\/","name":"AJ Conseil","description":"","potentialAction":[{"@type":"SearchAction","target":{"@type":"EntryPoint","urlTemplate":"https:\/\/www.ajconseil.fr\/fr\/?s={search_term_string}"},"query-input":{"@type":"PropertyValueSpecification","valueRequired":true,"valueName":"search_term_string"}}],"inLanguage":"fr-FR"}]}},"_links":{"self":[{"href":"https:\/\/www.ajconseil.fr\/fr\/wp-json\/wp\/v2\/pages\/48","targetHints":{"allow":["GET"]}}],"collection":[{"href":"https:\/\/www.ajconseil.fr\/fr\/wp-json\/wp\/v2\/pages"}],"about":[{"href":"https:\/\/www.ajconseil.fr\/fr\/wp-json\/wp\/v2\/types\/page"}],"author":[{"embeddable":true,"href":"https:\/\/www.ajconseil.fr\/fr\/wp-json\/wp\/v2\/users\/1"}],"replies":[{"embeddable":true,"href":"https:\/\/www.ajconseil.fr\/fr\/wp-json\/wp\/v2\/comments?post=48"}],"version-history":[{"count":0,"href":"https:\/\/www.ajconseil.fr\/fr\/wp-json\/wp\/v2\/pages\/48\/revisions"}],"wp:attachment":[{"href":"https:\/\/www.ajconseil.fr\/fr\/wp-json\/wp\/v2\/media?parent=48"}],"curies":[{"name":"wp","href":"https:\/\/api.w.org\/{rel}","templated":true}]}}