{"id":46,"date":"2017-10-25T11:52:33","date_gmt":"2017-10-25T11:52:33","guid":{"rendered":"http:\/\/ajconseil.sixpixels.fr\/?page_id=46"},"modified":"2018-11-18T15:19:20","modified_gmt":"2018-11-18T14:19:20","slug":"conseils-carriere-hotellerie-luxe-restauration-tourisme","status":"publish","type":"page","link":"https:\/\/www.ajconseil.fr\/fr\/conseils-carriere-hotellerie-luxe-restauration-tourisme\/","title":{"rendered":"Conseils carri\u00e8re"},"content":{"rendered":"<div class=\"wpb-content-wrapper\"><p>[vc_row unlock_row_content=\u00a0\u00bbyes\u00a0\u00bb row_height_percent=\u00a0\u00bb0&Prime; override_padding=\u00a0\u00bbyes\u00a0\u00bb h_padding=\u00a0\u00bb0&Prime; top_padding=\u00a0\u00bb0&Prime; bottom_padding=\u00a0\u00bb0&Prime; overlay_alpha=\u00a0\u00bb50&Prime; equal_height=\u00a0\u00bbyes\u00a0\u00bb gutter_size=\u00a0\u00bb0&Prime; column_width_percent=\u00a0\u00bb100&Prime; shift_y=\u00a0\u00bb0&Prime; z_index=\u00a0\u00bb0&Prime;][vc_column column_width_percent=\u00a0\u00bb100&Prime; override_padding=\u00a0\u00bbyes\u00a0\u00bb column_padding=\u00a0\u00bb3&Prime; overlay_alpha=\u00a0\u00bb50&Prime; gutter_size=\u00a0\u00bb3&Prime; medium_width=\u00a0\u00bb0&Prime; mobile_width=\u00a0\u00bb0&Prime; shift_x=\u00a0\u00bb0&Prime; shift_y=\u00a0\u00bb0&Prime; shift_y_down=\u00a0\u00bb0&Prime; z_index=\u00a0\u00bb0&Prime; width=\u00a0\u00bb1\/2&Prime;][vc_custom_heading heading_semantic=\u00a0\u00bbp\u00a0\u00bb text_size=\u00a0\u00bb\u00a0\u00bb separator=\u00a0\u00bbyes\u00a0\u00bb el_class=\u00a0\u00bbtitre-row\u00a0\u00bb]La gestion de carri\u00e8re, c&rsquo;est notre sp\u00e9cialit\u00e9 ![\/vc_custom_heading][vc_column_text]<span class=\"drop-caps\">L<\/span>a gestion de carri\u00e8re en <strong>h\u00f4tellerie, restauration, luxe, retail<\/strong> et <strong>tourisme<\/strong>, c&rsquo;est notre sp\u00e9cialit\u00e9 !<\/p>\n<p>Depuis 1993, <strong>notre cabinet de recrutement et ressources humaines<\/strong>, conseille et accompagne des <a href=\"https:\/\/www.ajconseil.fr\/fr\/temoignages-candidats\/\">centaines de candidats<\/a> avec succ\u00e8s dans le <strong>pilotage de leur vie professionnelle<\/strong>.<\/p>\n<p>Notre <a href=\"https:\/\/www.ajconseil.fr\/fr\/nos-consultants-experts-hotellerie-restauration\/\"> \u00e9quipe d\u2019experts en recrutement<\/a> est \u00e0 vos c\u00f4t\u00e9s afin que vous puissiez saisir les <strong>opportunit\u00e9s de carri\u00e8re<\/strong> sans \u00e9quivalent qu\u2019offre l\u2019industrie h\u00f4teli\u00e8re dans sa globalit\u00e9.<\/p>\n<p>Voici quelques conseils pour vous permettre de vous \u00e9panouir dans votre travail aujourd\u2019hui et demain.[\/vc_column_text][\/vc_column][vc_column column_width_percent=\u00a0\u00bb100&Prime; override_padding=\u00a0\u00bbyes\u00a0\u00bb column_padding=\u00a0\u00bb3&Prime; style=\u00a0\u00bblight\u00a0\u00bb back_color=\u00a0\u00bbcolor-204591&Prime; overlay_alpha=\u00a0\u00bb50&Prime; gutter_size=\u00a0\u00bb3&Prime; medium_width=\u00a0\u00bb0&Prime; mobile_width=\u00a0\u00bb0&Prime; shift_x=\u00a0\u00bb0&Prime; shift_y=\u00a0\u00bb0&Prime; shift_y_down=\u00a0\u00bb0&Prime; z_index=\u00a0\u00bb0&Prime; width=\u00a0\u00bb1\/2&Prime; el_class=\u00a0\u00bbbloc-gris-conseils\u00a0\u00bb][vc_custom_heading heading_semantic=\u00a0\u00bbp\u00a0\u00bb text_size=\u00a0\u00bb\u00a0\u00bb separator=\u00a0\u00bbyes\u00a0\u00bb el_class=\u00a0\u00bbtitre-row\u00a0\u00bb]Nos conseils carri\u00e8re restauration &amp; h\u00f4tellerie[\/vc_custom_heading][vc_column_text]<\/p>\n<h2 class=\"titre-li\"><i class=\"fa fa-check2\"><\/i><a href=\"https:\/\/www.ajconseil.fr\/fr\/comment-rediger-un-bon-cv-nos-conseils-de-carriere\/\">R\u00e9ussir son CV<\/a><\/h2>\n<h2 class=\"titre-li\"><i class=\"fa fa-check2\"><\/i><a href=\"https:\/\/www.ajconseil.fr\/fr\/candidature-spontanee-en-hotellerie-restauration\/\">R\u00e9ussir sa candidature spontan\u00e9e<\/a><\/h2>\n<h2 class=\"titre-li\"><i class=\"fa fa-check2\"><\/i><a href=\"https:\/\/www.ajconseil.fr\/fr\/gerer-e-reputation-pro\/\">Bien g\u00e9rer sa e-r\u00e9putation<\/a><\/h2>\n<h2 class=\"titre-li\"><i class=\"fa fa-check2\"><\/i><a href=\"https:\/\/www.ajconseil.fr\/fr\/se-faire-reperer-par-un-chasseur-de-tetes-nos-conseils-de-carriere\/\">S\u00e9duire un chasseur de t\u00eates<\/a><\/h2>\n<h2 class=\"titre-li\"><i class=\"fa fa-check2\"><\/i><a href=\"https:\/\/www.ajconseil.fr\/fr\/comment-reussir-un-entretien-d-embauche-nos-conseils-de-carriere\/\">R\u00e9ussir un entretien d\u2019embauche<\/a><\/h2>\n<h2 class=\"titre-li\"><a href=\"https:\/\/www.ajconseil.fr\/fr\/entretien-dembauche-les-10-questions-les-plus-souvent-posees\/\">Entretien d&#8217;embauche : les 10 questions les plus souvent pos\u00e9es<\/a><\/h2>\n<h2 class=\"titre-li\"><i class=\"fa fa-check2\"><\/i><a href=\"https:\/\/www.ajconseil.fr\/fr\/quel-est-le-bon-moment-pour-changer-de-job\/\">Quand changer de job ?<\/a><\/h2>\n<p>[\/vc_column_text][\/vc_column][\/vc_row][vc_row unlock_row_content=\u00a0\u00bbyes\u00a0\u00bb row_height_percent=\u00a0\u00bb0&Prime; override_padding=\u00a0\u00bbyes\u00a0\u00bb h_padding=\u00a0\u00bb0&Prime; top_padding=\u00a0\u00bb0&Prime; bottom_padding=\u00a0\u00bb0&Prime; overlay_alpha=\u00a0\u00bb100&Prime; gutter_size=\u00a0\u00bb0&Prime; style=\u00a0\u00bbinherited\u00a0\u00bb][\/vc_row][vc_row unlock_row_content=\u00a0\u00bbyes\u00a0\u00bb row_height_percent=\u00a0\u00bb0&Prime; override_padding=\u00a0\u00bbyes\u00a0\u00bb h_padding=\u00a0\u00bb0&Prime; top_padding=\u00a0\u00bb0&Prime; bottom_padding=\u00a0\u00bb0&Prime; overlay_alpha=\u00a0\u00bb50&Prime; equal_height=\u00a0\u00bbyes\u00a0\u00bb gutter_size=\u00a0\u00bb0&Prime; shift_y=\u00a0\u00bb0&Prime;][\/vc_row][vc_row][vc_column width=\u00a0\u00bb1\/1&Prime;][uncode_block id=\u00a0\u00bb66413&Prime;][\/vc_column][\/vc_row][vc_row][vc_column width=\u00a0\u00bb1\/1&Prime;][uncode_block id=\u00a0\u00bb66408&Prime;][\/vc_column][\/vc_row]<\/p>\n<\/div>","protected":false},"excerpt":{"rendered":"<p>[vc_row unlock_row_content=\u00a0\u00bbyes\u00a0\u00bb row_height_percent=\u00a0\u00bb0&Prime; override_padding=\u00a0\u00bbyes\u00a0\u00bb h_padding=\u00a0\u00bb0&Prime; top_padding=\u00a0\u00bb0&Prime; bottom_padding=\u00a0\u00bb0&Prime; overlay_alpha=\u00a0\u00bb50&Prime; equal_height=\u00a0\u00bbyes\u00a0\u00bb gutter_size=\u00a0\u00bb0&Prime; column_width_percent=\u00a0\u00bb100&Prime; shift_y=\u00a0\u00bb0&Prime; z_index=\u00a0\u00bb0&Prime;][vc_column column_width_percent=\u00a0\u00bb100&Prime; override_padding=\u00a0\u00bbyes\u00a0\u00bb column_padding=\u00a0\u00bb3&Prime; overlay_alpha=\u00a0\u00bb50&Prime; gutter_size=\u00a0\u00bb3&Prime; medium_width=\u00a0\u00bb0&Prime; mobile_width=\u00a0\u00bb0&Prime; [&hellip;]<\/p>\n","protected":false},"author":1,"featured_media":0,"parent":0,"menu_order":0,"comment_status":"closed","ping_status":"closed","template":"","meta":{"footnotes":""},"class_list":["post-46","page","type-page","status-publish","hentry"],"yoast_head":"<!-- This site is optimized with the Yoast SEO plugin v27.3 - https:\/\/yoast.com\/product\/yoast-seo-wordpress\/ -->\n<title>Conseils carri\u00e8re restauration h\u00f4tellerie - AJ Conseil Recrutement &amp; RH<\/title>\n<meta name=\"description\" content=\"Nos experts recrutement en restauration, h\u00f4tellerie, luxe et tourisme vous aident \u00e0 g\u00e9rer votre carri\u00e8re. Pour les curieux, les conseils d\u2019AJ Conseil sont ici.\" \/>\n<meta name=\"robots\" content=\"index, follow, max-snippet:-1, max-image-preview:large, max-video-preview:-1\" \/>\n<link rel=\"canonical\" href=\"https:\/\/www.ajconseil.fr\/fr\/conseils-carriere-hotellerie-luxe-restauration-tourisme\/\" \/>\n<meta property=\"og:locale\" content=\"fr_FR\" \/>\n<meta property=\"og:type\" content=\"article\" \/>\n<meta property=\"og:title\" content=\"Conseils carri\u00e8re restauration h\u00f4tellerie - AJ Conseil Recrutement &amp; RH\" \/>\n<meta property=\"og:description\" content=\"Nos experts recrutement en restauration, h\u00f4tellerie, luxe et tourisme vous aident \u00e0 g\u00e9rer votre carri\u00e8re. Pour les curieux, les conseils d\u2019AJ Conseil sont ici.\" \/>\n<meta property=\"og:url\" content=\"https:\/\/www.ajconseil.fr\/fr\/conseils-carriere-hotellerie-luxe-restauration-tourisme\/\" \/>\n<meta property=\"og:site_name\" content=\"AJ Conseil\" \/>\n<meta property=\"article:modified_time\" content=\"2018-11-18T14:19:20+00:00\" \/>\n<meta name=\"twitter:card\" content=\"summary_large_image\" \/>\n<meta name=\"twitter:label1\" content=\"Dur\u00e9e de lecture estim\u00e9e\" \/>\n\t<meta name=\"twitter:data1\" content=\"2 minutes\" \/>\n<script type=\"application\/ld+json\" class=\"yoast-schema-graph\">{\"@context\":\"https:\\\/\\\/schema.org\",\"@graph\":[{\"@type\":\"WebPage\",\"@id\":\"https:\\\/\\\/www.ajconseil.fr\\\/fr\\\/conseils-carriere-hotellerie-luxe-restauration-tourisme\\\/\",\"url\":\"https:\\\/\\\/www.ajconseil.fr\\\/fr\\\/conseils-carriere-hotellerie-luxe-restauration-tourisme\\\/\",\"name\":\"Conseils carri\u00e8re restauration h\u00f4tellerie - AJ Conseil Recrutement & RH\",\"isPartOf\":{\"@id\":\"https:\\\/\\\/www.ajconseil.fr\\\/fr\\\/#website\"},\"datePublished\":\"2017-10-25T11:52:33+00:00\",\"dateModified\":\"2018-11-18T14:19:20+00:00\",\"description\":\"Nos experts recrutement en restauration, h\u00f4tellerie, luxe et tourisme vous aident \u00e0 g\u00e9rer votre carri\u00e8re. Pour les curieux, les conseils d\u2019AJ Conseil sont ici.\",\"breadcrumb\":{\"@id\":\"https:\\\/\\\/www.ajconseil.fr\\\/fr\\\/conseils-carriere-hotellerie-luxe-restauration-tourisme\\\/#breadcrumb\"},\"inLanguage\":\"fr-FR\",\"potentialAction\":[{\"@type\":\"ReadAction\",\"target\":[\"https:\\\/\\\/www.ajconseil.fr\\\/fr\\\/conseils-carriere-hotellerie-luxe-restauration-tourisme\\\/\"]}]},{\"@type\":\"BreadcrumbList\",\"@id\":\"https:\\\/\\\/www.ajconseil.fr\\\/fr\\\/conseils-carriere-hotellerie-luxe-restauration-tourisme\\\/#breadcrumb\",\"itemListElement\":[{\"@type\":\"ListItem\",\"position\":1,\"name\":\"Accueil\",\"item\":\"https:\\\/\\\/www.ajconseil.fr\\\/fr\\\/\"},{\"@type\":\"ListItem\",\"position\":2,\"name\":\"Conseils carri\u00e8re\"}]},{\"@type\":\"WebSite\",\"@id\":\"https:\\\/\\\/www.ajconseil.fr\\\/fr\\\/#website\",\"url\":\"https:\\\/\\\/www.ajconseil.fr\\\/fr\\\/\",\"name\":\"AJ Conseil\",\"description\":\"\",\"potentialAction\":[{\"@type\":\"SearchAction\",\"target\":{\"@type\":\"EntryPoint\",\"urlTemplate\":\"https:\\\/\\\/www.ajconseil.fr\\\/fr\\\/?s={search_term_string}\"},\"query-input\":{\"@type\":\"PropertyValueSpecification\",\"valueRequired\":true,\"valueName\":\"search_term_string\"}}],\"inLanguage\":\"fr-FR\"}]}<\/script>\n<!-- \/ Yoast SEO plugin. -->","yoast_head_json":{"title":"Conseils carri\u00e8re restauration h\u00f4tellerie - AJ Conseil Recrutement & RH","description":"Nos experts recrutement en restauration, h\u00f4tellerie, luxe et tourisme vous aident \u00e0 g\u00e9rer votre carri\u00e8re. Pour les curieux, les conseils d\u2019AJ Conseil sont ici.","robots":{"index":"index","follow":"follow","max-snippet":"max-snippet:-1","max-image-preview":"max-image-preview:large","max-video-preview":"max-video-preview:-1"},"canonical":"https:\/\/www.ajconseil.fr\/fr\/conseils-carriere-hotellerie-luxe-restauration-tourisme\/","og_locale":"fr_FR","og_type":"article","og_title":"Conseils carri\u00e8re restauration h\u00f4tellerie - AJ Conseil Recrutement & RH","og_description":"Nos experts recrutement en restauration, h\u00f4tellerie, luxe et tourisme vous aident \u00e0 g\u00e9rer votre carri\u00e8re. Pour les curieux, les conseils d\u2019AJ Conseil sont ici.","og_url":"https:\/\/www.ajconseil.fr\/fr\/conseils-carriere-hotellerie-luxe-restauration-tourisme\/","og_site_name":"AJ Conseil","article_modified_time":"2018-11-18T14:19:20+00:00","twitter_card":"summary_large_image","twitter_misc":{"Dur\u00e9e de lecture estim\u00e9e":"2 minutes"},"schema":{"@context":"https:\/\/schema.org","@graph":[{"@type":"WebPage","@id":"https:\/\/www.ajconseil.fr\/fr\/conseils-carriere-hotellerie-luxe-restauration-tourisme\/","url":"https:\/\/www.ajconseil.fr\/fr\/conseils-carriere-hotellerie-luxe-restauration-tourisme\/","name":"Conseils carri\u00e8re restauration h\u00f4tellerie - AJ Conseil Recrutement & RH","isPartOf":{"@id":"https:\/\/www.ajconseil.fr\/fr\/#website"},"datePublished":"2017-10-25T11:52:33+00:00","dateModified":"2018-11-18T14:19:20+00:00","description":"Nos experts recrutement en restauration, h\u00f4tellerie, luxe et tourisme vous aident \u00e0 g\u00e9rer votre carri\u00e8re. Pour les curieux, les conseils d\u2019AJ Conseil sont ici.","breadcrumb":{"@id":"https:\/\/www.ajconseil.fr\/fr\/conseils-carriere-hotellerie-luxe-restauration-tourisme\/#breadcrumb"},"inLanguage":"fr-FR","potentialAction":[{"@type":"ReadAction","target":["https:\/\/www.ajconseil.fr\/fr\/conseils-carriere-hotellerie-luxe-restauration-tourisme\/"]}]},{"@type":"BreadcrumbList","@id":"https:\/\/www.ajconseil.fr\/fr\/conseils-carriere-hotellerie-luxe-restauration-tourisme\/#breadcrumb","itemListElement":[{"@type":"ListItem","position":1,"name":"Accueil","item":"https:\/\/www.ajconseil.fr\/fr\/"},{"@type":"ListItem","position":2,"name":"Conseils carri\u00e8re"}]},{"@type":"WebSite","@id":"https:\/\/www.ajconseil.fr\/fr\/#website","url":"https:\/\/www.ajconseil.fr\/fr\/","name":"AJ Conseil","description":"","potentialAction":[{"@type":"SearchAction","target":{"@type":"EntryPoint","urlTemplate":"https:\/\/www.ajconseil.fr\/fr\/?s={search_term_string}"},"query-input":{"@type":"PropertyValueSpecification","valueRequired":true,"valueName":"search_term_string"}}],"inLanguage":"fr-FR"}]}},"_links":{"self":[{"href":"https:\/\/www.ajconseil.fr\/fr\/wp-json\/wp\/v2\/pages\/46","targetHints":{"allow":["GET"]}}],"collection":[{"href":"https:\/\/www.ajconseil.fr\/fr\/wp-json\/wp\/v2\/pages"}],"about":[{"href":"https:\/\/www.ajconseil.fr\/fr\/wp-json\/wp\/v2\/types\/page"}],"author":[{"embeddable":true,"href":"https:\/\/www.ajconseil.fr\/fr\/wp-json\/wp\/v2\/users\/1"}],"replies":[{"embeddable":true,"href":"https:\/\/www.ajconseil.fr\/fr\/wp-json\/wp\/v2\/comments?post=46"}],"version-history":[{"count":0,"href":"https:\/\/www.ajconseil.fr\/fr\/wp-json\/wp\/v2\/pages\/46\/revisions"}],"wp:attachment":[{"href":"https:\/\/www.ajconseil.fr\/fr\/wp-json\/wp\/v2\/media?parent=46"}],"curies":[{"name":"wp","href":"https:\/\/api.w.org\/{rel}","templated":true}]}}