{"id":44,"date":"2017-10-25T11:49:19","date_gmt":"2017-10-25T11:49:19","guid":{"rendered":"http:\/\/ajconseil.sixpixels.fr\/?page_id=44"},"modified":"2024-12-24T11:10:27","modified_gmt":"2024-12-24T10:10:27","slug":"process-de-recrutement-hotellerie-luxe-restauration-tourisme","status":"publish","type":"page","link":"https:\/\/www.ajconseil.fr\/fr\/process-de-recrutement-hotellerie-luxe-restauration-tourisme\/","title":{"rendered":"Process Recrutement"},"content":{"rendered":"<div class=\"wpb-content-wrapper\"><p>[vc_row row_height_percent=\u00a0\u00bb0&Prime; override_padding=\u00a0\u00bbyes\u00a0\u00bb h_padding=\u00a0\u00bb2&Prime; top_padding=\u00a0\u00bb3&Prime; bottom_padding=\u00a0\u00bb3&Prime; overlay_alpha=\u00a0\u00bb50&Prime; gutter_size=\u00a0\u00bb3&Prime; column_width_percent=\u00a0\u00bb100&Prime; shift_y=\u00a0\u00bb0&Prime; z_index=\u00a0\u00bb0&Prime;][vc_column width=\u00a0\u00bb1\/2&Prime;][vc_column_text]<span class=\"drop-caps\">A<\/span>fin de fiabiliser les missions de recrutement r\u00e9alis\u00e9es pour les <a href=\"https:\/\/www.ajconseil.fr\/fr\/nos-references-recrutement-restauration-hotellerie\/\">clients<\/a> qui mandatent notre cabinet, nous avons d\u00e9velopp\u00e9 et appliquons un process de recrutement structur\u00e9.[\/vc_column_text][\/vc_column][vc_column width=\u00a0\u00bb1\/2&Prime;][vc_column_text]Sachez toutefois que sp\u00e9cialiste des <strong>m\u00e9tiers de l\u2019h\u00f4tellerie<\/strong>, du <strong>luxe<\/strong>, de la <strong>restauration<\/strong>, du <strong>retail<\/strong> et du <strong>tourisme<\/strong>, AJ Conseil Recrutement &amp; RH s\u2019int\u00e9resse bien s\u00fbr \u00e0 <strong>vos capacit\u00e9s professionnelles<\/strong>, mais surtout \u00e0 <strong>votre personnalit\u00e9 et vos envies r\u00e9elles<\/strong>.[\/vc_column_text][\/vc_column][\/vc_row][vc_row row_height_percent=\u00a0\u00bb0&Prime; override_padding=\u00a0\u00bbyes\u00a0\u00bb h_padding=\u00a0\u00bb2&Prime; top_padding=\u00a0\u00bb1&Prime; bottom_padding=\u00a0\u00bb1&Prime; overlay_alpha=\u00a0\u00bb50&Prime; gutter_size=\u00a0\u00bb3&Prime; column_width_percent=\u00a0\u00bb100&Prime; shift_y=\u00a0\u00bb0&Prime; z_index=\u00a0\u00bb0&Prime;][vc_column width=\u00a0\u00bb1\/1&Prime;][vc_separator sep_color=\u00a0\u00bbcolor-182155&Prime;][\/vc_column][\/vc_row][vc_row row_height_percent=\u00a0\u00bb0&Prime; override_padding=\u00a0\u00bbyes\u00a0\u00bb h_padding=\u00a0\u00bb2&Prime; top_padding=\u00a0\u00bb2&Prime; bottom_padding=\u00a0\u00bb2&Prime; overlay_alpha=\u00a0\u00bb50&Prime; gutter_size=\u00a0\u00bb3&Prime; column_width_percent=\u00a0\u00bb100&Prime; shift_y=\u00a0\u00bb0&Prime; z_index=\u00a0\u00bb0&Prime;][vc_column column_width_percent=\u00a0\u00bb100&Prime; position_vertical=\u00a0\u00bbmiddle\u00a0\u00bb align_horizontal=\u00a0\u00bbalign_center\u00a0\u00bb gutter_size=\u00a0\u00bb3&Prime; overlay_alpha=\u00a0\u00bb50&Prime; shift_x=\u00a0\u00bb0&Prime; shift_y=\u00a0\u00bb0&Prime; shift_y_down=\u00a0\u00bb0&Prime; z_index=\u00a0\u00bb0&Prime; medium_width=\u00a0\u00bb0&Prime; mobile_width=\u00a0\u00bb0&Prime; width=\u00a0\u00bb1\/1&Prime;][vc_custom_heading text_size=\u00a0\u00bb\u00a0\u00bb separator=\u00a0\u00bbyes\u00a0\u00bb el_class=\u00a0\u00bbtitre-row\u00a0\u00bb]Notre process de recrutement pas \u00e0 pas[\/vc_custom_heading][\/vc_column][\/vc_row][vc_row row_height_percent=\u00a0\u00bb0&Prime; override_padding=\u00a0\u00bbyes\u00a0\u00bb h_padding=\u00a0\u00bb2&Prime; top_padding=\u00a0\u00bb2&Prime; bottom_padding=\u00a0\u00bb1&Prime; overlay_alpha=\u00a0\u00bb100&Prime; equal_height=\u00a0\u00bbyes\u00a0\u00bb gutter_size=\u00a0\u00bb100&Prime; column_width_percent=\u00a0\u00bb100&Prime; shift_y=\u00a0\u00bb0&Prime; z_index=\u00a0\u00bb0&Prime; style=\u00a0\u00bbinherited\u00a0\u00bb][vc_column column_width_percent=\u00a0\u00bb100&Prime; position_vertical=\u00a0\u00bbmiddle\u00a0\u00bb gutter_size=\u00a0\u00bb3&Prime; overlay_alpha=\u00a0\u00bb50&Prime; shift_x=\u00a0\u00bb0&Prime; shift_y=\u00a0\u00bb0&Prime; shift_y_down=\u00a0\u00bb0&Prime; z_index=\u00a0\u00bb0&Prime; medium_width=\u00a0\u00bb0&Prime; mobile_width=\u00a0\u00bb0&Prime; width=\u00a0\u00bb1\/3&Prime; el_class=\u00a0\u00bbboite-process\u00a0\u00bb][vc_icon icon_image=\u00a0\u00bb76462&Prime; text_size=\u00a0\u00bb\u00a0\u00bb align=\u00a0\u00bbleft\u00a0\u00bb no_hover=\u00a0\u00bb\u00a0\u00bb title=\u00a0\u00bbPr\u00e9s\u00e9lection t\u00e9l\u00e9phonique\u00a0\u00bb]Si votre <strong>CV<\/strong> correspond aux postes \u00e0 pourvoir et attentes de nos clients, <strong>nos charg\u00e9s de recrutement<\/strong> vous contacteront par t\u00e9l\u00e9phone dans les plus brefs d\u00e9lais. Le but de ce premier \u00e9change vise \u00e0 faire un point pr\u00e9cis sur vos <strong>aspirations professionnelles<\/strong>.[\/vc_icon][\/vc_column][vc_column column_width_percent=\u00a0\u00bb100&Prime; gutter_size=\u00a0\u00bb3&Prime; overlay_alpha=\u00a0\u00bb50&Prime; shift_x=\u00a0\u00bb0&Prime; shift_y=\u00a0\u00bb0&Prime; shift_y_down=\u00a0\u00bb0&Prime; z_index=\u00a0\u00bb0&Prime; medium_width=\u00a0\u00bb0&Prime; mobile_width=\u00a0\u00bb0&Prime; width=\u00a0\u00bb1\/3&Prime; el_class=\u00a0\u00bbboite-process\u00a0\u00bb][vc_icon icon_image=\u00a0\u00bb76464&Prime; text_size=\u00a0\u00bb\u00a0\u00bb align=\u00a0\u00bbleft\u00a0\u00bb no_hover=\u00a0\u00bb\u00a0\u00bb title=\u00a0\u00bbEntretien en face \u00e0 face\u00a0\u00bb]Si <strong>votre profil<\/strong> est s\u00e9lectionn\u00e9, vous serez invit\u00e9 \u00e0 nous rencontrer dans nos bureaux parisiens. Un <strong>entretien personnalis\u00e9<\/strong> sera programm\u00e9 avec l\u2019un de <a href=\"https:\/\/www.ajconseil.fr\/fr\/cabinet-specialise-recrutement-rh-hotellerie-luxe-restauration-tourisme\/equipe\/\">nos consultants<\/a>. Notre cabinet de recrutement pourra \u00e9galement organiser un rendez-vous via <strong>visio<\/strong>.[\/vc_icon][\/vc_column][vc_column column_width_percent=\u00a0\u00bb100&Prime; gutter_size=\u00a0\u00bb3&Prime; overlay_alpha=\u00a0\u00bb50&Prime; shift_x=\u00a0\u00bb0&Prime; shift_y=\u00a0\u00bb0&Prime; shift_y_down=\u00a0\u00bb0&Prime; z_index=\u00a0\u00bb0&Prime; medium_width=\u00a0\u00bb0&Prime; mobile_width=\u00a0\u00bb0&Prime; width=\u00a0\u00bb1\/3&Prime; el_class=\u00a0\u00bbboite-process\u00a0\u00bb][vc_icon icon_image=\u00a0\u00bb76466&Prime; text_size=\u00a0\u00bb\u00a0\u00bb align=\u00a0\u00bbleft\u00a0\u00bb no_hover=\u00a0\u00bb\u00a0\u00bb title=\u00a0\u00bbContr\u00f4le des r\u00e9f\u00e9rences\u00a0\u00bb]Une fois l\u2019entretien en <strong>face \u00e0 face<\/strong> r\u00e9alis\u00e9, <strong>AJ Conseil Recrutement &amp; RH<\/strong> proc\u00e8de \u00e0 un contr\u00f4le rigoureux de <strong>vos r\u00e9f\u00e9rences<\/strong>.[\/vc_icon][\/vc_column][\/vc_row][vc_row row_height_percent=\u00a0\u00bb0&Prime; override_padding=\u00a0\u00bbyes\u00a0\u00bb h_padding=\u00a0\u00bb2&Prime; top_padding=\u00a0\u00bb2&Prime; bottom_padding=\u00a0\u00bb2&Prime; overlay_alpha=\u00a0\u00bb100&Prime; gutter_size=\u00a0\u00bb100&Prime; column_width_percent=\u00a0\u00bb100&Prime; shift_y=\u00a0\u00bb0&Prime; z_index=\u00a0\u00bb0&Prime; style=\u00a0\u00bbinherited\u00a0\u00bb][vc_column column_width_percent=\u00a0\u00bb100&Prime; gutter_size=\u00a0\u00bb3&Prime; overlay_alpha=\u00a0\u00bb50&Prime; shift_x=\u00a0\u00bb0&Prime; shift_y=\u00a0\u00bb0&Prime; shift_y_down=\u00a0\u00bb0&Prime; z_index=\u00a0\u00bb0&Prime; medium_width=\u00a0\u00bb0&Prime; mobile_width=\u00a0\u00bb0&Prime; width=\u00a0\u00bb1\/3&Prime; el_class=\u00a0\u00bbboite-process\u00a0\u00bb][vc_icon icon_image=\u00a0\u00bb76468&Prime; text_size=\u00a0\u00bb\u00a0\u00bb align=\u00a0\u00bbleft\u00a0\u00bb no_hover=\u00a0\u00bb\u00a0\u00bb title=\u00a0\u00bbTransmission du dossier au client\u00a0\u00bb]Une s\u00e9lection des <strong>candidatures<\/strong> r\u00e9pondant le mieux au poste recherch\u00e9 est effectu\u00e9e par nos consultants et charg\u00e9s de recherche. Celle-ci est ensuite transmise \u00e0 l\u2019entreprise concern\u00e9e.[\/vc_icon][\/vc_column][vc_column column_width_percent=\u00a0\u00bb100&Prime; gutter_size=\u00a0\u00bb3&Prime; overlay_alpha=\u00a0\u00bb50&Prime; shift_x=\u00a0\u00bb0&Prime; shift_y=\u00a0\u00bb0&Prime; shift_y_down=\u00a0\u00bb0&Prime; z_index=\u00a0\u00bb0&Prime; medium_width=\u00a0\u00bb0&Prime; mobile_width=\u00a0\u00bb0&Prime; width=\u00a0\u00bb1\/3&Prime; el_class=\u00a0\u00bbboite-process\u00a0\u00bb][vc_icon icon_image=\u00a0\u00bb76470&Prime; text_size=\u00a0\u00bb\u00a0\u00bb align=\u00a0\u00bbleft\u00a0\u00bb no_hover=\u00a0\u00bb\u00a0\u00bb title=\u00a0\u00bbEntretien avec le client\u00a0\u00bb]Si le client retient <strong>votre candidature<\/strong>, vous serez convi\u00e9 \u00e0 le rencontrer. Cette rencontre a lieu dans la majorit\u00e9 des cas <strong>dans les locaux de la soci\u00e9t\u00e9<\/strong> int\u00e9ress\u00e9e.[\/vc_icon][\/vc_column][vc_column column_width_percent=\u00a0\u00bb100&Prime; gutter_size=\u00a0\u00bb3&Prime; overlay_alpha=\u00a0\u00bb50&Prime; shift_x=\u00a0\u00bb0&Prime; shift_y=\u00a0\u00bb0&Prime; shift_y_down=\u00a0\u00bb0&Prime; z_index=\u00a0\u00bb0&Prime; medium_width=\u00a0\u00bb0&Prime; mobile_width=\u00a0\u00bb0&Prime; width=\u00a0\u00bb1\/3&Prime; el_class=\u00a0\u00bbboite-process\u00a0\u00bb][vc_icon icon_image=\u00a0\u00bb76472&Prime; text_size=\u00a0\u00bb\u00a0\u00bb align=\u00a0\u00bbleft\u00a0\u00bb no_hover=\u00a0\u00bb\u00a0\u00bb title=\u00a0\u00bbInt\u00e9gration personnalis\u00e9e\u00a0\u00bb]Bonne nouvelle\u00a0: votre candidature a \u00e9t\u00e9 retenue\u00a0!<br \/>\n<strong>AJ Conseil Recrutement &amp; RH<\/strong>\u00a0vous accompagne lors de votre prise de fonction. Nos recruteurs et charg\u00e9s de recherche \u00e9changeront r\u00e9guli\u00e8rement avec vous pour se tenir informer de <strong>votre \u00e9volution<\/strong> au sein de votre nouvelle entreprise. Pourquoi\u00a0? Parce que, tout simplement, votre avenir nous importe\u00a0![\/vc_icon][\/vc_column][\/vc_row][vc_row unlock_row_content=\u00a0\u00bbyes\u00a0\u00bb row_height_percent=\u00a0\u00bb0&Prime; override_padding=\u00a0\u00bbyes\u00a0\u00bb h_padding=\u00a0\u00bb0&Prime; top_padding=\u00a0\u00bb0&Prime; bottom_padding=\u00a0\u00bb0&Prime; overlay_alpha=\u00a0\u00bb100&Prime; gutter_size=\u00a0\u00bb0&Prime; style=\u00a0\u00bbinherited\u00a0\u00bb][\/vc_row][vc_row unlock_row_content=\u00a0\u00bbyes\u00a0\u00bb row_height_percent=\u00a0\u00bb0&Prime; override_padding=\u00a0\u00bbyes\u00a0\u00bb h_padding=\u00a0\u00bb0&Prime; top_padding=\u00a0\u00bb0&Prime; bottom_padding=\u00a0\u00bb0&Prime; overlay_alpha=\u00a0\u00bb50&Prime; equal_height=\u00a0\u00bbyes\u00a0\u00bb gutter_size=\u00a0\u00bb0&Prime; shift_y=\u00a0\u00bb0&Prime;][\/vc_row][vc_row unlock_row_content=\u00a0\u00bbyes\u00a0\u00bb row_height_percent=\u00a0\u00bb0&Prime; override_padding=\u00a0\u00bbyes\u00a0\u00bb h_padding=\u00a0\u00bb0&Prime; top_padding=\u00a0\u00bb0&Prime; bottom_padding=\u00a0\u00bb0&Prime; overlay_alpha=\u00a0\u00bb100&Prime; gutter_size=\u00a0\u00bb0&Prime; style=\u00a0\u00bbinherited\u00a0\u00bb][\/vc_row][vc_row unlock_row_content=\u00a0\u00bbyes\u00a0\u00bb row_height_percent=\u00a0\u00bb0&Prime; override_padding=\u00a0\u00bbyes\u00a0\u00bb h_padding=\u00a0\u00bb0&Prime; top_padding=\u00a0\u00bb0&Prime; bottom_padding=\u00a0\u00bb0&Prime; overlay_alpha=\u00a0\u00bb50&Prime; equal_height=\u00a0\u00bbyes\u00a0\u00bb gutter_size=\u00a0\u00bb0&Prime; shift_y=\u00a0\u00bb0&Prime;][\/vc_row][vc_row][vc_column width=\u00a0\u00bb1\/1&Prime;][uncode_block id=\u00a0\u00bb66425&Prime;][\/vc_column][\/vc_row][vc_row][vc_column width=\u00a0\u00bb1\/1&Prime;][uncode_block id=\u00a0\u00bb66408&Prime;][\/vc_column][\/vc_row]<\/p>\n<\/div>","protected":false},"excerpt":{"rendered":"<p>[vc_row row_height_percent=\u00a0\u00bb0&Prime; override_padding=\u00a0\u00bbyes\u00a0\u00bb h_padding=\u00a0\u00bb2&Prime; top_padding=\u00a0\u00bb3&Prime; bottom_padding=\u00a0\u00bb3&Prime; overlay_alpha=\u00a0\u00bb50&Prime; gutter_size=\u00a0\u00bb3&Prime; column_width_percent=\u00a0\u00bb100&Prime; shift_y=\u00a0\u00bb0&Prime; z_index=\u00a0\u00bb0&Prime;][vc_column width=\u00a0\u00bb1\/2&Prime;][vc_column_text]Afin de fiabiliser les missions de recrutement r\u00e9alis\u00e9es pour [&hellip;]<\/p>\n","protected":false},"author":1,"featured_media":0,"parent":0,"menu_order":0,"comment_status":"closed","ping_status":"closed","template":"","meta":{"footnotes":""},"class_list":["post-44","page","type-page","status-publish","hentry"],"yoast_head":"<!-- This site is optimized with the Yoast SEO plugin v27.4 - https:\/\/yoast.com\/product\/yoast-seo-wordpress\/ -->\n<title>Process de recrutement pour candidats - AJ Conseil Recrutement &amp; RH<\/title>\n<meta name=\"description\" content=\"Conna\u00eetre tous les secrets du process de recrutement d&#039;AJ Conseil, vous en r\u00eaviez ? Voici comment cela se passe dans notre cabinet \u00e0 Paris.\" \/>\n<meta name=\"robots\" content=\"index, follow, max-snippet:-1, max-image-preview:large, max-video-preview:-1\" \/>\n<link rel=\"canonical\" href=\"https:\/\/www.ajconseil.fr\/fr\/process-de-recrutement-hotellerie-luxe-restauration-tourisme\/\" \/>\n<meta property=\"og:locale\" content=\"fr_FR\" \/>\n<meta property=\"og:type\" content=\"article\" \/>\n<meta property=\"og:title\" content=\"Process de recrutement pour candidats - AJ Conseil Recrutement &amp; RH\" \/>\n<meta property=\"og:description\" content=\"Conna\u00eetre tous les secrets du process de recrutement d&#039;AJ Conseil, vous en r\u00eaviez ? Voici comment cela se passe dans notre cabinet \u00e0 Paris.\" \/>\n<meta property=\"og:url\" content=\"https:\/\/www.ajconseil.fr\/fr\/process-de-recrutement-hotellerie-luxe-restauration-tourisme\/\" \/>\n<meta property=\"og:site_name\" content=\"AJ Conseil\" \/>\n<meta property=\"article:modified_time\" content=\"2024-12-24T10:10:27+00:00\" \/>\n<meta name=\"twitter:card\" content=\"summary_large_image\" \/>\n<meta name=\"twitter:label1\" content=\"Dur\u00e9e de lecture estim\u00e9e\" \/>\n\t<meta name=\"twitter:data1\" content=\"3 minutes\" \/>\n<script type=\"application\/ld+json\" class=\"yoast-schema-graph\">{\"@context\":\"https:\\\/\\\/schema.org\",\"@graph\":[{\"@type\":\"WebPage\",\"@id\":\"https:\\\/\\\/www.ajconseil.fr\\\/fr\\\/process-de-recrutement-hotellerie-luxe-restauration-tourisme\\\/\",\"url\":\"https:\\\/\\\/www.ajconseil.fr\\\/fr\\\/process-de-recrutement-hotellerie-luxe-restauration-tourisme\\\/\",\"name\":\"Process de recrutement pour candidats - AJ Conseil Recrutement & RH\",\"isPartOf\":{\"@id\":\"https:\\\/\\\/www.ajconseil.fr\\\/fr\\\/#website\"},\"datePublished\":\"2017-10-25T11:49:19+00:00\",\"dateModified\":\"2024-12-24T10:10:27+00:00\",\"description\":\"Conna\u00eetre tous les secrets du process de recrutement d'AJ Conseil, vous en r\u00eaviez ? Voici comment cela se passe dans notre cabinet \u00e0 Paris.\",\"breadcrumb\":{\"@id\":\"https:\\\/\\\/www.ajconseil.fr\\\/fr\\\/process-de-recrutement-hotellerie-luxe-restauration-tourisme\\\/#breadcrumb\"},\"inLanguage\":\"fr-FR\",\"potentialAction\":[{\"@type\":\"ReadAction\",\"target\":[\"https:\\\/\\\/www.ajconseil.fr\\\/fr\\\/process-de-recrutement-hotellerie-luxe-restauration-tourisme\\\/\"]}]},{\"@type\":\"BreadcrumbList\",\"@id\":\"https:\\\/\\\/www.ajconseil.fr\\\/fr\\\/process-de-recrutement-hotellerie-luxe-restauration-tourisme\\\/#breadcrumb\",\"itemListElement\":[{\"@type\":\"ListItem\",\"position\":1,\"name\":\"Accueil\",\"item\":\"https:\\\/\\\/www.ajconseil.fr\\\/fr\\\/\"},{\"@type\":\"ListItem\",\"position\":2,\"name\":\"Process Recrutement\"}]},{\"@type\":\"WebSite\",\"@id\":\"https:\\\/\\\/www.ajconseil.fr\\\/fr\\\/#website\",\"url\":\"https:\\\/\\\/www.ajconseil.fr\\\/fr\\\/\",\"name\":\"AJ Conseil\",\"description\":\"\",\"potentialAction\":[{\"@type\":\"SearchAction\",\"target\":{\"@type\":\"EntryPoint\",\"urlTemplate\":\"https:\\\/\\\/www.ajconseil.fr\\\/fr\\\/?s={search_term_string}\"},\"query-input\":{\"@type\":\"PropertyValueSpecification\",\"valueRequired\":true,\"valueName\":\"search_term_string\"}}],\"inLanguage\":\"fr-FR\"}]}<\/script>\n<!-- \/ Yoast SEO plugin. -->","yoast_head_json":{"title":"Process de recrutement pour candidats - AJ Conseil Recrutement & RH","description":"Conna\u00eetre tous les secrets du process de recrutement d'AJ Conseil, vous en r\u00eaviez ? Voici comment cela se passe dans notre cabinet \u00e0 Paris.","robots":{"index":"index","follow":"follow","max-snippet":"max-snippet:-1","max-image-preview":"max-image-preview:large","max-video-preview":"max-video-preview:-1"},"canonical":"https:\/\/www.ajconseil.fr\/fr\/process-de-recrutement-hotellerie-luxe-restauration-tourisme\/","og_locale":"fr_FR","og_type":"article","og_title":"Process de recrutement pour candidats - AJ Conseil Recrutement & RH","og_description":"Conna\u00eetre tous les secrets du process de recrutement d'AJ Conseil, vous en r\u00eaviez ? Voici comment cela se passe dans notre cabinet \u00e0 Paris.","og_url":"https:\/\/www.ajconseil.fr\/fr\/process-de-recrutement-hotellerie-luxe-restauration-tourisme\/","og_site_name":"AJ Conseil","article_modified_time":"2024-12-24T10:10:27+00:00","twitter_card":"summary_large_image","twitter_misc":{"Dur\u00e9e de lecture estim\u00e9e":"3 minutes"},"schema":{"@context":"https:\/\/schema.org","@graph":[{"@type":"WebPage","@id":"https:\/\/www.ajconseil.fr\/fr\/process-de-recrutement-hotellerie-luxe-restauration-tourisme\/","url":"https:\/\/www.ajconseil.fr\/fr\/process-de-recrutement-hotellerie-luxe-restauration-tourisme\/","name":"Process de recrutement pour candidats - AJ Conseil Recrutement & RH","isPartOf":{"@id":"https:\/\/www.ajconseil.fr\/fr\/#website"},"datePublished":"2017-10-25T11:49:19+00:00","dateModified":"2024-12-24T10:10:27+00:00","description":"Conna\u00eetre tous les secrets du process de recrutement d'AJ Conseil, vous en r\u00eaviez ? Voici comment cela se passe dans notre cabinet \u00e0 Paris.","breadcrumb":{"@id":"https:\/\/www.ajconseil.fr\/fr\/process-de-recrutement-hotellerie-luxe-restauration-tourisme\/#breadcrumb"},"inLanguage":"fr-FR","potentialAction":[{"@type":"ReadAction","target":["https:\/\/www.ajconseil.fr\/fr\/process-de-recrutement-hotellerie-luxe-restauration-tourisme\/"]}]},{"@type":"BreadcrumbList","@id":"https:\/\/www.ajconseil.fr\/fr\/process-de-recrutement-hotellerie-luxe-restauration-tourisme\/#breadcrumb","itemListElement":[{"@type":"ListItem","position":1,"name":"Accueil","item":"https:\/\/www.ajconseil.fr\/fr\/"},{"@type":"ListItem","position":2,"name":"Process Recrutement"}]},{"@type":"WebSite","@id":"https:\/\/www.ajconseil.fr\/fr\/#website","url":"https:\/\/www.ajconseil.fr\/fr\/","name":"AJ Conseil","description":"","potentialAction":[{"@type":"SearchAction","target":{"@type":"EntryPoint","urlTemplate":"https:\/\/www.ajconseil.fr\/fr\/?s={search_term_string}"},"query-input":{"@type":"PropertyValueSpecification","valueRequired":true,"valueName":"search_term_string"}}],"inLanguage":"fr-FR"}]}},"_links":{"self":[{"href":"https:\/\/www.ajconseil.fr\/fr\/wp-json\/wp\/v2\/pages\/44","targetHints":{"allow":["GET"]}}],"collection":[{"href":"https:\/\/www.ajconseil.fr\/fr\/wp-json\/wp\/v2\/pages"}],"about":[{"href":"https:\/\/www.ajconseil.fr\/fr\/wp-json\/wp\/v2\/types\/page"}],"author":[{"embeddable":true,"href":"https:\/\/www.ajconseil.fr\/fr\/wp-json\/wp\/v2\/users\/1"}],"replies":[{"embeddable":true,"href":"https:\/\/www.ajconseil.fr\/fr\/wp-json\/wp\/v2\/comments?post=44"}],"version-history":[{"count":3,"href":"https:\/\/www.ajconseil.fr\/fr\/wp-json\/wp\/v2\/pages\/44\/revisions"}],"predecessor-version":[{"id":76871,"href":"https:\/\/www.ajconseil.fr\/fr\/wp-json\/wp\/v2\/pages\/44\/revisions\/76871"}],"wp:attachment":[{"href":"https:\/\/www.ajconseil.fr\/fr\/wp-json\/wp\/v2\/media?parent=44"}],"curies":[{"name":"wp","href":"https:\/\/api.w.org\/{rel}","templated":true}]}}