{"id":154,"date":"2017-10-25T12:25:59","date_gmt":"2017-10-25T12:25:59","guid":{"rendered":"http:\/\/ajconseil.sixpixels.fr\/?page_id=154"},"modified":"2022-11-07T11:39:25","modified_gmt":"2022-11-07T10:39:25","slug":"postuler","status":"publish","type":"page","link":"https:\/\/www.ajconseil.fr\/fr\/postuler\/","title":{"rendered":"Formulaire de contact candidat"},"content":{"rendered":"<div class=\"wpb-content-wrapper\"><p>[vc_row row_height_percent=\u00a0\u00bb0&Prime; override_padding=\u00a0\u00bbyes\u00a0\u00bb h_padding=\u00a0\u00bb2&Prime; top_padding=\u00a0\u00bb3&Prime; bottom_padding=\u00a0\u00bb2&Prime; overlay_alpha=\u00a0\u00bb50&Prime; gutter_size=\u00a0\u00bb3&Prime; column_width_percent=\u00a0\u00bb100&Prime; shift_y=\u00a0\u00bb0&Prime; z_index=\u00a0\u00bb0&Prime;][vc_column column_width_percent=\u00a0\u00bb100&Prime; gutter_size=\u00a0\u00bb3&Prime; overlay_alpha=\u00a0\u00bb50&Prime; shift_x=\u00a0\u00bb0&Prime; shift_y=\u00a0\u00bb0&Prime; shift_y_down=\u00a0\u00bb0&Prime; z_index=\u00a0\u00bb0&Prime; medium_width=\u00a0\u00bb0&Prime; mobile_width=\u00a0\u00bb0&Prime; width=\u00a0\u00bb1\/2&Prime;][vc_column_text]<span class=\"drop-caps\">V<\/span>ous postulez \u00e0 une de nos offres d\u2019emploi ou \u00eates \u00e0 la recherche de nouvelles opportunit\u00e9s de carri\u00e8re dans les secteurs de <strong>l\u2019h\u00f4tellerie, du luxe, de la restauration, du retail, du tourisme<\/strong> ou bien encore de <strong>l\u2019agro-alimentaire, de la distribution sp\u00e9cialis\u00e9e, de la sant\u00e9 et de la propret\u00e9<\/strong>, nous vous remercions de bien vouloir remplir ce formulaire afin que nous puissions nous rencontrer dans les meilleurs d\u00e9lais.[\/vc_column_text][\/vc_column][vc_column column_width_percent=\u00a0\u00bb100&Prime; gutter_size=\u00a0\u00bb3&Prime; overlay_alpha=\u00a0\u00bb50&Prime; shift_x=\u00a0\u00bb0&Prime; shift_y=\u00a0\u00bb0&Prime; shift_y_down=\u00a0\u00bb0&Prime; z_index=\u00a0\u00bb0&Prime; medium_width=\u00a0\u00bb0&Prime; mobile_width=\u00a0\u00bb0&Prime; width=\u00a0\u00bb1\/2&Prime; el_class=\u00a0\u00bbbloc-coordonnees\u00a0\u00bb][vc_custom_heading text_size=\u00a0\u00bb\u00a0\u00bb]Notre \u00e9quipe[\/vc_custom_heading][vc_column_text]<strong>Notre \u00e9quipe d\u2019experts en recrutement et gestion RH est disponible du\u00a0<\/strong> : Lundi au vendredi de 9h00 \u00e0 19h00[\/vc_column_text][vc_icon position=\u00a0\u00bbleft\u00a0\u00bb icon=\u00a0\u00bbfa fa-map-marker\u00a0\u00bb icon_color=\u00a0\u00bbcolor-305918&Prime; background_style=\u00a0\u00bbfa-rounded\u00a0\u00bb heading_semantic=\u00a0\u00bbp\u00a0\u00bb text_size=\u00a0\u00bb\u00a0\u00bb el_class=\u00a0\u00bbtelephone-bleu\u00a0\u00bb]5, rue du Helder , 75009 Paris[\/vc_icon][vc_icon position=\u00a0\u00bbleft\u00a0\u00bb icon=\u00a0\u00bbfa fa-phone\u00a0\u00bb icon_color=\u00a0\u00bbcolor-305918&Prime; background_style=\u00a0\u00bbfa-rounded\u00a0\u00bb heading_semantic=\u00a0\u00bbp\u00a0\u00bb text_size=\u00a0\u00bb\u00a0\u00bb el_class=\u00a0\u00bbtelephone-bleu\u00a0\u00bb]+33 (0) 1 53 95 26 95[\/vc_icon][vc_icon position=\u00a0\u00bbleft\u00a0\u00bb icon=\u00a0\u00bbfa fa-map-marker\u00a0\u00bb icon_color=\u00a0\u00bbcolor-305918&Prime; background_style=\u00a0\u00bbfa-rounded\u00a0\u00bb heading_semantic=\u00a0\u00bbp\u00a0\u00bb text_size=\u00a0\u00bb\u00a0\u00bb el_class=\u00a0\u00bbtelephone-bleu\u00a0\u00bb]21 bis Av. Thiers, 06000 Nice[\/vc_icon][vc_icon position=\u00a0\u00bbleft\u00a0\u00bb icon=\u00a0\u00bbfa fa-phone\u00a0\u00bb icon_color=\u00a0\u00bbcolor-305918&Prime; background_style=\u00a0\u00bbfa-rounded\u00a0\u00bb heading_semantic=\u00a0\u00bbp\u00a0\u00bb text_size=\u00a0\u00bb\u00a0\u00bb el_class=\u00a0\u00bbtelephone-bleu\u00a0\u00bb]+33 (0) 6 42 74 52 51[\/vc_icon][\/vc_column][\/vc_row][vc_row unlock_row_content=\u00a0\u00bbyes\u00a0\u00bb row_height_percent=\u00a0\u00bb0&Prime; override_padding=\u00a0\u00bbyes\u00a0\u00bb h_padding=\u00a0\u00bb0&Prime; top_padding=\u00a0\u00bb0&Prime; bottom_padding=\u00a0\u00bb0&Prime; overlay_alpha=\u00a0\u00bb100&Prime; gutter_size=\u00a0\u00bb0&Prime; style=\u00a0\u00bbinherited\u00a0\u00bb][\/vc_row][vc_row unlock_row_content=\u00a0\u00bbyes\u00a0\u00bb row_height_percent=\u00a0\u00bb0&Prime; override_padding=\u00a0\u00bbyes\u00a0\u00bb h_padding=\u00a0\u00bb0&Prime; top_padding=\u00a0\u00bb0&Prime; bottom_padding=\u00a0\u00bb0&Prime; overlay_alpha=\u00a0\u00bb50&Prime; equal_height=\u00a0\u00bbyes\u00a0\u00bb gutter_size=\u00a0\u00bb0&Prime; shift_y=\u00a0\u00bb0&Prime;][\/vc_row][vc_row unlock_row_content=\u00a0\u00bbyes\u00a0\u00bb row_height_percent=\u00a0\u00bb0&Prime; override_padding=\u00a0\u00bbyes\u00a0\u00bb h_padding=\u00a0\u00bb0&Prime; top_padding=\u00a0\u00bb0&Prime; bottom_padding=\u00a0\u00bb0&Prime; overlay_alpha=\u00a0\u00bb100&Prime; gutter_size=\u00a0\u00bb0&Prime; style=\u00a0\u00bbinherited\u00a0\u00bb][\/vc_row][vc_row unlock_row_content=\u00a0\u00bbyes\u00a0\u00bb row_height_percent=\u00a0\u00bb0&Prime; override_padding=\u00a0\u00bbyes\u00a0\u00bb h_padding=\u00a0\u00bb0&Prime; top_padding=\u00a0\u00bb0&Prime; bottom_padding=\u00a0\u00bb0&Prime; overlay_alpha=\u00a0\u00bb50&Prime; equal_height=\u00a0\u00bbyes\u00a0\u00bb gutter_size=\u00a0\u00bb0&Prime; shift_y=\u00a0\u00bb0&Prime;][\/vc_row][vc_row unlock_row_content=\u00a0\u00bbyes\u00a0\u00bb row_height_percent=\u00a0\u00bb0&Prime; override_padding=\u00a0\u00bbyes\u00a0\u00bb h_padding=\u00a0\u00bb0&Prime; top_padding=\u00a0\u00bb0&Prime; bottom_padding=\u00a0\u00bb0&Prime; overlay_alpha=\u00a0\u00bb100&Prime; gutter_size=\u00a0\u00bb0&Prime; style=\u00a0\u00bbinherited\u00a0\u00bb][\/vc_row][vc_row unlock_row_content=\u00a0\u00bbyes\u00a0\u00bb row_height_percent=\u00a0\u00bb0&Prime; override_padding=\u00a0\u00bbyes\u00a0\u00bb h_padding=\u00a0\u00bb0&Prime; top_padding=\u00a0\u00bb0&Prime; bottom_padding=\u00a0\u00bb0&Prime; overlay_alpha=\u00a0\u00bb50&Prime; equal_height=\u00a0\u00bbyes\u00a0\u00bb gutter_size=\u00a0\u00bb0&Prime; shift_y=\u00a0\u00bb0&Prime;][\/vc_row][vc_row unlock_row_content=\u00a0\u00bbyes\u00a0\u00bb row_height_percent=\u00a0\u00bb0&Prime; override_padding=\u00a0\u00bbyes\u00a0\u00bb h_padding=\u00a0\u00bb0&Prime; top_padding=\u00a0\u00bb0&Prime; bottom_padding=\u00a0\u00bb0&Prime; overlay_alpha=\u00a0\u00bb100&Prime; gutter_size=\u00a0\u00bb0&Prime; style=\u00a0\u00bbinherited\u00a0\u00bb][\/vc_row][vc_row unlock_row_content=\u00a0\u00bbyes\u00a0\u00bb row_height_percent=\u00a0\u00bb0&Prime; override_padding=\u00a0\u00bbyes\u00a0\u00bb h_padding=\u00a0\u00bb0&Prime; top_padding=\u00a0\u00bb0&Prime; bottom_padding=\u00a0\u00bb0&Prime; overlay_alpha=\u00a0\u00bb50&Prime; equal_height=\u00a0\u00bbyes\u00a0\u00bb gutter_size=\u00a0\u00bb0&Prime; shift_y=\u00a0\u00bb0&Prime;][\/vc_row][vc_row][vc_column width=\u00a0\u00bb1\/1&Prime;]\n<div class=\"wpcf7 no-js\" id=\"wpcf7-f66710-o1\" lang=\"fr-FR\" dir=\"ltr\" data-wpcf7-id=\"66710\">\n<div class=\"screen-reader-response\"><p role=\"status\" aria-live=\"polite\" aria-atomic=\"true\"><\/p> <ul><\/ul><\/div>\n<form action=\"\/fr\/wp-json\/wp\/v2\/pages\/154#wpcf7-f66710-o1\" method=\"post\" class=\"wpcf7-form init\" aria-label=\"Formulaire de contact\" enctype=\"multipart\/form-data\" novalidate=\"novalidate\" data-status=\"init\">\n<fieldset class=\"hidden-fields-container\"><input type=\"hidden\" name=\"_wpcf7\" value=\"66710\" \/><input type=\"hidden\" name=\"_wpcf7_version\" value=\"6.1.5\" \/><input type=\"hidden\" name=\"_wpcf7_locale\" value=\"fr_FR\" \/><input type=\"hidden\" name=\"_wpcf7_unit_tag\" value=\"wpcf7-f66710-o1\" \/><input type=\"hidden\" name=\"_wpcf7_container_post\" value=\"0\" \/><input type=\"hidden\" name=\"_wpcf7_posted_data_hash\" value=\"\" \/><input type=\"hidden\" name=\"_wpcf7_recaptcha_response\" value=\"\" \/>\n<\/fieldset>\n<h2>Vos coordonn\u00e9es\n<\/h2>\n<div class=\"wpcf7-inline-wrapper\">\n\t<p class=\"wpcf7-inline-field\"><span class=\"wpcf7-form-control-wrap\" data-name=\"nom\"><input size=\"40\" maxlength=\"400\" class=\"wpcf7-form-control wpcf7-text wpcf7-validates-as-required\" aria-required=\"true\" aria-invalid=\"false\" placeholder=\"Nom*\" value=\"\" type=\"text\" name=\"nom\" \/><\/span>\n\t<\/p>\n\t<p class=\"wpcf7-inline-field\"><span class=\"wpcf7-form-control-wrap\" data-name=\"prenom\"><input size=\"40\" maxlength=\"400\" class=\"wpcf7-form-control wpcf7-text wpcf7-validates-as-required\" aria-required=\"true\" aria-invalid=\"false\" placeholder=\"Pr\u00e9nom*\" value=\"\" type=\"text\" name=\"prenom\" \/><\/span>\n\t<\/p>\n<\/div>\n<div class=\"wpcf7-inline-wrapper\">\n\t<p class=\"wpcf7-inline-field\"><span class=\"wpcf7-form-control-wrap\" data-name=\"email\"><input size=\"40\" maxlength=\"400\" class=\"wpcf7-form-control wpcf7-email wpcf7-validates-as-required wpcf7-text wpcf7-validates-as-email\" aria-required=\"true\" aria-invalid=\"false\" placeholder=\"Email*\" value=\"\" type=\"email\" name=\"email\" \/><\/span>\n\t<\/p>\n\t<p class=\"wpcf7-inline-field\"><span class=\"wpcf7-form-control-wrap\" data-name=\"telephone\"><input size=\"40\" maxlength=\"400\" class=\"wpcf7-form-control wpcf7-text wpcf7-validates-as-required\" aria-required=\"true\" aria-invalid=\"false\" placeholder=\"T\u00e9l\u00e9phone*\" value=\"\" type=\"text\" name=\"telephone\" \/><\/span>\n\t<\/p>\n<\/div>\n<div class=\"wpcf7-inline-wrapper\">\n\t<p class=\"wpcf7-inline-field\"><span class=\"wpcf7-form-control-wrap\" data-name=\"adresse\"><input size=\"40\" maxlength=\"400\" class=\"wpcf7-form-control wpcf7-text\" aria-invalid=\"false\" placeholder=\"Adresse\" value=\"\" type=\"text\" name=\"adresse\" \/><\/span>\n\t<\/p>\n\t<p class=\"wpcf7-inline-field\"><span class=\"wpcf7-form-control-wrap\" data-name=\"ville\"><input size=\"40\" maxlength=\"400\" class=\"wpcf7-form-control wpcf7-text wpcf7-validates-as-required\" aria-required=\"true\" aria-invalid=\"false\" placeholder=\"Ville*\" value=\"\" type=\"text\" name=\"ville\" \/><\/span>\n\t<\/p>\n<\/div>\n<div class=\"wpcf7-inline-wrapper\">\n\t<p class=\"wpcf7-inline-field\"><span class=\"wpcf7-form-control-wrap\" data-name=\"cp\"><input size=\"40\" maxlength=\"400\" class=\"wpcf7-form-control wpcf7-text wpcf7-validates-as-required\" aria-required=\"true\" aria-invalid=\"false\" placeholder=\"Code postal*\" value=\"\" type=\"text\" name=\"cp\" \/><\/span>\n\t<\/p>\n\t<p class=\"wpcf7-inline-field\"><span class=\"wpcf7-form-control-wrap\" data-name=\"pays\"><input size=\"40\" maxlength=\"400\" class=\"wpcf7-form-control wpcf7-text wpcf7-validates-as-required\" aria-required=\"true\" aria-invalid=\"false\" placeholder=\"Pays*\" value=\"\" type=\"text\" name=\"pays\" \/><\/span>\n\t<\/p>\n<\/div>\n<h2>Vos documents\n<\/h2>\n<p class=\"wpcf7-inline-field\">Votre CV* <span class=\"wpcf7-form-control-wrap\" data-name=\"CV\"><input size=\"40\" class=\"wpcf7-form-control wpcf7-file wpcf7-validates-as-required\" id=\"cv\" accept=\".pdf,.doc,.docx\" aria-required=\"true\" aria-invalid=\"false\" type=\"file\" name=\"CV\" \/><\/span>\n<\/p>\n<p class=\"wpcf7-inline-field\">Votre lettre de motivation <span class=\"wpcf7-form-control-wrap\" data-name=\"Lettredemotivation\"><input size=\"40\" class=\"wpcf7-form-control wpcf7-file\" id=\"lettremotivation\" accept=\".pdf,.doc,.docx\" aria-invalid=\"false\" type=\"file\" name=\"Lettredemotivation\" \/><\/span>\n<\/p>\n<p>Merci de nous adresser des documents UNIQUEMENT sous format Word ou PDF\n<\/p>\n<p><input class=\"wpcf7-form-control wpcf7-submit has-spinner btn bouton-form bouton-rouge\" type=\"submit\" value=\"Envoyer\" \/>\n<\/p>\n<p class=\"\">*Conform\u00e9ment \u00e0 l'article 27 de la Loi Informatique et Libert\u00e9s du 6 janvier 1978, nous vous informons que : les renseignements qui vous sont demand\u00e9s sur le formulaire pr\u00e9sent dans ce site nous sont n\u00e9cessaires afin de pouvoir traiter votre requ\u00eate le plus rapidement possible; cependant vous disposez d'un droit d'acc\u00e8s, de modification, de rectification et de suppression des donn\u00e9es qui vous concernent (art. 34 de la loi \"Informatique et Libert\u00e9\"); pour l'exercer, adressez-vous \u00e0 : AJ Conseil, 5, rue du Helder, 75009 Paris - France.\n<\/p><input type='hidden' class='wpcf7-pum' value='{\"closepopup\":false,\"closedelay\":0,\"openpopup\":false,\"openpopup_id\":0}' \/><div class=\"wpcf7-response-output\" aria-hidden=\"true\"><\/div>\n<\/form>\n<\/div>\n[\/vc_column][\/vc_row]<\/p>\n<\/div>","protected":false},"excerpt":{"rendered":"<p>[vc_row row_height_percent=\u00a0\u00bb0&Prime; override_padding=\u00a0\u00bbyes\u00a0\u00bb h_padding=\u00a0\u00bb2&Prime; top_padding=\u00a0\u00bb3&Prime; bottom_padding=\u00a0\u00bb2&Prime; overlay_alpha=\u00a0\u00bb50&Prime; gutter_size=\u00a0\u00bb3&Prime; column_width_percent=\u00a0\u00bb100&Prime; shift_y=\u00a0\u00bb0&Prime; z_index=\u00a0\u00bb0&Prime;][vc_column column_width_percent=\u00a0\u00bb100&Prime; gutter_size=\u00a0\u00bb3&Prime; overlay_alpha=\u00a0\u00bb50&Prime; shift_x=\u00a0\u00bb0&Prime; shift_y=\u00a0\u00bb0&Prime; shift_y_down=\u00a0\u00bb0&Prime; z_index=\u00a0\u00bb0&Prime; medium_width=\u00a0\u00bb0&Prime; mobile_width=\u00a0\u00bb0&Prime; [&hellip;]<\/p>\n","protected":false},"author":1,"featured_media":0,"parent":0,"menu_order":0,"comment_status":"closed","ping_status":"closed","template":"","meta":{"footnotes":""},"class_list":["post-154","page","type-page","status-publish","hentry"],"yoast_head":"<!-- This site is optimized with the Yoast SEO plugin v27.3 - https:\/\/yoast.com\/product\/yoast-seo-wordpress\/ -->\n<title>Formulaire contact candidats - AJ Conseil Recrutement &amp; RH<\/title>\n<meta name=\"description\" content=\"Cadres \u00e0 la recherche de nouvelles opportunit\u00e9s de carri\u00e8re en h\u00f4tellerie, restauration ou tourisme, remplissez ce formulaire et rencontrons-nous !\" \/>\n<meta name=\"robots\" content=\"index, follow, max-snippet:-1, max-image-preview:large, max-video-preview:-1\" \/>\n<link rel=\"canonical\" href=\"https:\/\/www.ajconseil.fr\/fr\/postuler\/\" \/>\n<meta property=\"og:locale\" content=\"fr_FR\" \/>\n<meta property=\"og:type\" content=\"article\" \/>\n<meta property=\"og:title\" content=\"Formulaire contact candidats - AJ Conseil Recrutement &amp; RH\" \/>\n<meta property=\"og:description\" content=\"Cadres \u00e0 la recherche de nouvelles opportunit\u00e9s de carri\u00e8re en h\u00f4tellerie, restauration ou tourisme, remplissez ce formulaire et rencontrons-nous !\" \/>\n<meta property=\"og:url\" content=\"https:\/\/www.ajconseil.fr\/fr\/postuler\/\" \/>\n<meta property=\"og:site_name\" content=\"AJ Conseil\" \/>\n<meta property=\"article:modified_time\" content=\"2022-11-07T10:39:25+00:00\" \/>\n<meta name=\"twitter:card\" content=\"summary_large_image\" \/>\n<meta name=\"twitter:label1\" content=\"Dur\u00e9e de lecture estim\u00e9e\" \/>\n\t<meta name=\"twitter:data1\" content=\"2 minutes\" \/>\n<script type=\"application\/ld+json\" class=\"yoast-schema-graph\">{\"@context\":\"https:\\\/\\\/schema.org\",\"@graph\":[{\"@type\":\"WebPage\",\"@id\":\"https:\\\/\\\/www.ajconseil.fr\\\/fr\\\/postuler\\\/\",\"url\":\"https:\\\/\\\/www.ajconseil.fr\\\/fr\\\/postuler\\\/\",\"name\":\"Formulaire contact candidats - AJ Conseil Recrutement & RH\",\"isPartOf\":{\"@id\":\"https:\\\/\\\/www.ajconseil.fr\\\/fr\\\/#website\"},\"datePublished\":\"2017-10-25T12:25:59+00:00\",\"dateModified\":\"2022-11-07T10:39:25+00:00\",\"description\":\"Cadres \u00e0 la recherche de nouvelles opportunit\u00e9s de carri\u00e8re en h\u00f4tellerie, restauration ou tourisme, remplissez ce formulaire et rencontrons-nous !\",\"breadcrumb\":{\"@id\":\"https:\\\/\\\/www.ajconseil.fr\\\/fr\\\/postuler\\\/#breadcrumb\"},\"inLanguage\":\"fr-FR\",\"potentialAction\":[{\"@type\":\"ReadAction\",\"target\":[\"https:\\\/\\\/www.ajconseil.fr\\\/fr\\\/postuler\\\/\"]}]},{\"@type\":\"BreadcrumbList\",\"@id\":\"https:\\\/\\\/www.ajconseil.fr\\\/fr\\\/postuler\\\/#breadcrumb\",\"itemListElement\":[{\"@type\":\"ListItem\",\"position\":1,\"name\":\"Accueil\",\"item\":\"https:\\\/\\\/www.ajconseil.fr\\\/fr\\\/\"},{\"@type\":\"ListItem\",\"position\":2,\"name\":\"Formulaire de contact candidat\"}]},{\"@type\":\"WebSite\",\"@id\":\"https:\\\/\\\/www.ajconseil.fr\\\/fr\\\/#website\",\"url\":\"https:\\\/\\\/www.ajconseil.fr\\\/fr\\\/\",\"name\":\"AJ Conseil\",\"description\":\"\",\"potentialAction\":[{\"@type\":\"SearchAction\",\"target\":{\"@type\":\"EntryPoint\",\"urlTemplate\":\"https:\\\/\\\/www.ajconseil.fr\\\/fr\\\/?s={search_term_string}\"},\"query-input\":{\"@type\":\"PropertyValueSpecification\",\"valueRequired\":true,\"valueName\":\"search_term_string\"}}],\"inLanguage\":\"fr-FR\"}]}<\/script>\n<!-- \/ Yoast SEO plugin. -->","yoast_head_json":{"title":"Formulaire contact candidats - AJ Conseil Recrutement & RH","description":"Cadres \u00e0 la recherche de nouvelles opportunit\u00e9s de carri\u00e8re en h\u00f4tellerie, restauration ou tourisme, remplissez ce formulaire et rencontrons-nous !","robots":{"index":"index","follow":"follow","max-snippet":"max-snippet:-1","max-image-preview":"max-image-preview:large","max-video-preview":"max-video-preview:-1"},"canonical":"https:\/\/www.ajconseil.fr\/fr\/postuler\/","og_locale":"fr_FR","og_type":"article","og_title":"Formulaire contact candidats - AJ Conseil Recrutement & RH","og_description":"Cadres \u00e0 la recherche de nouvelles opportunit\u00e9s de carri\u00e8re en h\u00f4tellerie, restauration ou tourisme, remplissez ce formulaire et rencontrons-nous !","og_url":"https:\/\/www.ajconseil.fr\/fr\/postuler\/","og_site_name":"AJ Conseil","article_modified_time":"2022-11-07T10:39:25+00:00","twitter_card":"summary_large_image","twitter_misc":{"Dur\u00e9e de lecture estim\u00e9e":"2 minutes"},"schema":{"@context":"https:\/\/schema.org","@graph":[{"@type":"WebPage","@id":"https:\/\/www.ajconseil.fr\/fr\/postuler\/","url":"https:\/\/www.ajconseil.fr\/fr\/postuler\/","name":"Formulaire contact candidats - AJ Conseil Recrutement & RH","isPartOf":{"@id":"https:\/\/www.ajconseil.fr\/fr\/#website"},"datePublished":"2017-10-25T12:25:59+00:00","dateModified":"2022-11-07T10:39:25+00:00","description":"Cadres \u00e0 la recherche de nouvelles opportunit\u00e9s de carri\u00e8re en h\u00f4tellerie, restauration ou tourisme, remplissez ce formulaire et rencontrons-nous !","breadcrumb":{"@id":"https:\/\/www.ajconseil.fr\/fr\/postuler\/#breadcrumb"},"inLanguage":"fr-FR","potentialAction":[{"@type":"ReadAction","target":["https:\/\/www.ajconseil.fr\/fr\/postuler\/"]}]},{"@type":"BreadcrumbList","@id":"https:\/\/www.ajconseil.fr\/fr\/postuler\/#breadcrumb","itemListElement":[{"@type":"ListItem","position":1,"name":"Accueil","item":"https:\/\/www.ajconseil.fr\/fr\/"},{"@type":"ListItem","position":2,"name":"Formulaire de contact candidat"}]},{"@type":"WebSite","@id":"https:\/\/www.ajconseil.fr\/fr\/#website","url":"https:\/\/www.ajconseil.fr\/fr\/","name":"AJ Conseil","description":"","potentialAction":[{"@type":"SearchAction","target":{"@type":"EntryPoint","urlTemplate":"https:\/\/www.ajconseil.fr\/fr\/?s={search_term_string}"},"query-input":{"@type":"PropertyValueSpecification","valueRequired":true,"valueName":"search_term_string"}}],"inLanguage":"fr-FR"}]}},"_links":{"self":[{"href":"https:\/\/www.ajconseil.fr\/fr\/wp-json\/wp\/v2\/pages\/154","targetHints":{"allow":["GET"]}}],"collection":[{"href":"https:\/\/www.ajconseil.fr\/fr\/wp-json\/wp\/v2\/pages"}],"about":[{"href":"https:\/\/www.ajconseil.fr\/fr\/wp-json\/wp\/v2\/types\/page"}],"author":[{"embeddable":true,"href":"https:\/\/www.ajconseil.fr\/fr\/wp-json\/wp\/v2\/users\/1"}],"replies":[{"embeddable":true,"href":"https:\/\/www.ajconseil.fr\/fr\/wp-json\/wp\/v2\/comments?post=154"}],"version-history":[{"count":1,"href":"https:\/\/www.ajconseil.fr\/fr\/wp-json\/wp\/v2\/pages\/154\/revisions"}],"predecessor-version":[{"id":75870,"href":"https:\/\/www.ajconseil.fr\/fr\/wp-json\/wp\/v2\/pages\/154\/revisions\/75870"}],"wp:attachment":[{"href":"https:\/\/www.ajconseil.fr\/fr\/wp-json\/wp\/v2\/media?parent=154"}],"curies":[{"name":"wp","href":"https:\/\/api.w.org\/{rel}","templated":true}]}}