{"id":15,"date":"2017-10-25T09:37:24","date_gmt":"2017-10-25T07:37:24","guid":{"rendered":"http:\/\/ajconseil.sixpixels.fr\/?page_id=15"},"modified":"2024-12-24T11:07:28","modified_gmt":"2024-12-24T10:07:28","slug":"entreprises","status":"publish","type":"page","link":"https:\/\/www.ajconseil.fr\/fr\/entreprises\/","title":{"rendered":"Entreprises"},"content":{"rendered":"<div class=\"wpb-content-wrapper\"><p>[vc_row row_height_percent=\u00a0\u00bb0&Prime; override_padding=\u00a0\u00bbyes\u00a0\u00bb h_padding=\u00a0\u00bb2&Prime; top_padding=\u00a0\u00bb3&Prime; bottom_padding=\u00a0\u00bb2&Prime; overlay_alpha=\u00a0\u00bb50&Prime; gutter_size=\u00a0\u00bb3&Prime; column_width_percent=\u00a0\u00bb100&Prime; shift_y=\u00a0\u00bb0&Prime; z_index=\u00a0\u00bb0&Prime;][vc_column width=\u00a0\u00bb1\/2&Prime;][vc_column_text]<span class=\"drop-caps\">D<\/span>epuis <strong>1993<\/strong>, AJ Conseil Recrutement &amp; RH a pour ambition est de <strong>valoriser les m\u00e9tiers de service<\/strong> en g\u00e9n\u00e9ral et ceux de <strong>l\u2019h\u00f4tellerie, le luxe, la restauration, le retail et le tourisme<\/strong> en particulier.<\/p>\n<p>Dans ces secteurs plus qu\u2019ailleurs, le d\u00e9veloppement des <strong>entreprises<\/strong> repose sur une s\u00e9lection pr\u00e9cise des <strong>collaborateurs-cl\u00e9s<\/strong>.[\/vc_column_text][\/vc_column][vc_column width=\u00a0\u00bb1\/2&Prime;][vc_column_text]Notre\u00a0<strong>sp\u00e9cialisation \u00ab\u00a0m\u00e9tiers\u00a0\u00bb<\/strong>, associ\u00e9e \u00e0 une <a href=\"https:\/\/www.ajconseil.fr\/fr\/notre-methodologie\/\">m\u00e9thodologie de recrutement rigoureuse<\/a> et le d\u00e9veloppement d\u2019un vivier de <a href=\"https:\/\/www.ajconseil.fr\/fr\/nos-candidats-cadres\/\">75.000 candidats exp\u00e9riment\u00e9s<\/a>, nous permet de vous apporter une vision pr\u00e9cise du <strong>march\u00e9 de l\u2019emploi<\/strong>, de son \u00e9volution et de ses perspectives. De quoi <strong>identifier<\/strong>, <strong>approcher<\/strong> et <strong>attirer<\/strong> les <strong>meilleurs profils<\/strong>.<\/p>\n<p>De la compr\u00e9hension de votre besoin \u00e0 l\u2019int\u00e9gration de nouveaux talents dans vos entreprises, <strong>AJ Conseil Recrutement &amp; RH<\/strong> vous accompagne sur l\u2019ensemble des questions li\u00e9es au <strong>recrutement<\/strong> et l\u2019<strong>optimisation du management<\/strong> de vos entreprises.[\/vc_column_text][\/vc_column][\/vc_row][vc_row row_height_percent=\u00a0\u00bb0&Prime; override_padding=\u00a0\u00bbyes\u00a0\u00bb h_padding=\u00a0\u00bb2&Prime; top_padding=\u00a0\u00bb1&Prime; bottom_padding=\u00a0\u00bb1&Prime; overlay_alpha=\u00a0\u00bb50&Prime; gutter_size=\u00a0\u00bb3&Prime; column_width_percent=\u00a0\u00bb100&Prime; shift_y=\u00a0\u00bb0&Prime; z_index=\u00a0\u00bb0&Prime;][vc_column width=\u00a0\u00bb1\/1&Prime;][vc_separator sep_color=\u00a0\u00bbcolor-182155&Prime;][\/vc_column][\/vc_row][vc_row row_height_percent=\u00a0\u00bb0&Prime; override_padding=\u00a0\u00bbyes\u00a0\u00bb h_padding=\u00a0\u00bb2&Prime; top_padding=\u00a0\u00bb2&Prime; bottom_padding=\u00a0\u00bb2&Prime; overlay_alpha=\u00a0\u00bb50&Prime; gutter_size=\u00a0\u00bb3&Prime; column_width_percent=\u00a0\u00bb100&Prime; shift_y=\u00a0\u00bb0&Prime; z_index=\u00a0\u00bb0&Prime;][vc_column column_width_percent=\u00a0\u00bb100&Prime; position_vertical=\u00a0\u00bbmiddle\u00a0\u00bb align_horizontal=\u00a0\u00bbalign_center\u00a0\u00bb gutter_size=\u00a0\u00bb3&Prime; overlay_alpha=\u00a0\u00bb50&Prime; shift_x=\u00a0\u00bb0&Prime; shift_y=\u00a0\u00bb0&Prime; shift_y_down=\u00a0\u00bb0&Prime; z_index=\u00a0\u00bb0&Prime; medium_width=\u00a0\u00bb0&Prime; mobile_width=\u00a0\u00bb0&Prime; width=\u00a0\u00bb1\/1&Prime;][vc_custom_heading text_size=\u00a0\u00bb\u00a0\u00bb separator=\u00a0\u00bbyes\u00a0\u00bb el_class=\u00a0\u00bbtitre-row\u00a0\u00bb]Nos atouts sont aussi les v\u00f4tres[\/vc_custom_heading][\/vc_column][\/vc_row][vc_row row_height_percent=\u00a0\u00bb0&Prime; override_padding=\u00a0\u00bbyes\u00a0\u00bb h_padding=\u00a0\u00bb2&Prime; top_padding=\u00a0\u00bb2&Prime; bottom_padding=\u00a0\u00bb1&Prime; back_image=\u00a0\u00bb69887&Prime; back_repeat=\u00a0\u00bbno-repeat\u00a0\u00bb back_attachment=\u00a0\u00bbinherit\u00a0\u00bb back_position=\u00a0\u00bbleft top\u00a0\u00bb overlay_alpha=\u00a0\u00bb100&Prime; equal_height=\u00a0\u00bbyes\u00a0\u00bb gutter_size=\u00a0\u00bb100&Prime; column_width_percent=\u00a0\u00bb100&Prime; shift_y=\u00a0\u00bb0&Prime; z_index=\u00a0\u00bb0&Prime; style=\u00a0\u00bbinherited\u00a0\u00bb back_size=\u00a0\u00bbinherit\u00a0\u00bb][vc_column column_width_percent=\u00a0\u00bb100&Prime; gutter_size=\u00a0\u00bb3&Prime; overlay_alpha=\u00a0\u00bb50&Prime; shift_x=\u00a0\u00bb0&Prime; shift_y=\u00a0\u00bb0&Prime; shift_y_down=\u00a0\u00bb0&Prime; z_index=\u00a0\u00bb0&Prime; medium_width=\u00a0\u00bb0&Prime; mobile_width=\u00a0\u00bb0&Prime; width=\u00a0\u00bb1\/4&Prime;][vc_icon icon_image=\u00a0\u00bb66233&Prime; text_size=\u00a0\u00bb\u00a0\u00bb align=\u00a0\u00bbleft\u00a0\u00bb no_hover=\u00a0\u00bb\u00a0\u00bb title=\u00a0\u00bbSp\u00e9cialisation forte dans vos m\u00e9tiers\u00a0\u00bb]Experts de <strong>l\u2019emploi cadre dans l\u2019industrie h\u00f4teli\u00e8re<\/strong>, le monde de la <strong>gastronomie<\/strong> et du <strong>tourisme<\/strong>, <a href=\"https:\/\/www.ajconseil.fr\/fr\/nos-consultants-experts-hotellerie-restauration\/\">nos consultantes<\/a> sont issues de ces milieux professionnels et nos charg\u00e9s de recherche de l\u2019univers des <strong>ressources humaines<\/strong>.[\/vc_icon][\/vc_column][vc_column column_width_percent=\u00a0\u00bb100&Prime; gutter_size=\u00a0\u00bb3&Prime; overlay_alpha=\u00a0\u00bb50&Prime; shift_x=\u00a0\u00bb0&Prime; shift_y=\u00a0\u00bb0&Prime; shift_y_down=\u00a0\u00bb0&Prime; z_index=\u00a0\u00bb0&Prime; medium_width=\u00a0\u00bb0&Prime; mobile_width=\u00a0\u00bb0&Prime; width=\u00a0\u00bb1\/4&Prime;][vc_icon icon_image=\u00a0\u00bb66234&Prime; text_size=\u00a0\u00bb\u00a0\u00bb align=\u00a0\u00bbleft\u00a0\u00bb no_hover=\u00a0\u00bb\u00a0\u00bb title=\u00a0\u00bbStructure souple et r\u00e9active pour faire du sur-mesure\u00a0\u00bb]Entreprise ind\u00e9pendante <strong>\u00e0 taille humaine<\/strong>, notre sens de l\u2019adaptation nous permet de r\u00e9aliser des missions de recrutement cibl\u00e9es \u00ab <strong>sur-mesure<\/strong> \u00bb quelle que soit la taille de votre entreprise.[\/vc_icon][\/vc_column][vc_column column_width_percent=\u00a0\u00bb100&Prime; gutter_size=\u00a0\u00bb3&Prime; overlay_alpha=\u00a0\u00bb50&Prime; shift_x=\u00a0\u00bb0&Prime; shift_y=\u00a0\u00bb0&Prime; shift_y_down=\u00a0\u00bb0&Prime; z_index=\u00a0\u00bb0&Prime; medium_width=\u00a0\u00bb0&Prime; mobile_width=\u00a0\u00bb0&Prime; width=\u00a0\u00bb1\/4&Prime;][vc_icon icon_image=\u00a0\u00bb66235&Prime; text_size=\u00a0\u00bb\u00a0\u00bb align=\u00a0\u00bbleft\u00a0\u00bb no_hover=\u00a0\u00bb\u00a0\u00bb title=\u00a0\u00bbGrande flexibilit\u00e9\u00a0\u00bb]Notre <strong>agence de recrutement<\/strong> se d\u00e9place dans votre entreprise consid\u00e9rant cette \u00e9tape comme indispensable pour r\u00e9pondre pr\u00e9cis\u00e9ment \u00e0 vos attentes.[\/vc_icon][\/vc_column][vc_column column_width_percent=\u00a0\u00bb100&Prime; gutter_size=\u00a0\u00bb3&Prime; overlay_alpha=\u00a0\u00bb50&Prime; shift_x=\u00a0\u00bb0&Prime; shift_y=\u00a0\u00bb0&Prime; shift_y_down=\u00a0\u00bb0&Prime; z_index=\u00a0\u00bb0&Prime; medium_width=\u00a0\u00bb0&Prime; mobile_width=\u00a0\u00bb0&Prime; width=\u00a0\u00bb1\/4&Prime;][vc_icon icon_image=\u00a0\u00bb66236&Prime; text_size=\u00a0\u00bb\u00a0\u00bb align=\u00a0\u00bbleft\u00a0\u00bb no_hover=\u00a0\u00bb\u00a0\u00bb title=\u00a0\u00bbOutils professionnels pour optimiser le temps de vos recherches\u00a0\u00bb]Notre connaissance approfondie de vos secteurs d\u2019activit\u00e9, associ\u00e9e \u00e0 notre <a href=\"https:\/\/www.ad-rh.com\/\">logiciel de recrutement<\/a> <strong>(AD-Men)<\/strong> , permet <strong>d\u2019optimiser le temps<\/strong> consacr\u00e9 \u00e0 la recherche de vos <strong>futurs collaborateurs<\/strong>.[\/vc_icon][\/vc_column][\/vc_row][vc_row row_height_percent=\u00a0\u00bb0&Prime; override_padding=\u00a0\u00bbyes\u00a0\u00bb h_padding=\u00a0\u00bb2&Prime; top_padding=\u00a0\u00bb2&Prime; bottom_padding=\u00a0\u00bb3&Prime; back_image=\u00a0\u00bb69887&Prime; back_repeat=\u00a0\u00bbno-repeat\u00a0\u00bb back_attachment=\u00a0\u00bbinherit\u00a0\u00bb back_position=\u00a0\u00bbright bottom\u00a0\u00bb overlay_alpha=\u00a0\u00bb100&Prime; gutter_size=\u00a0\u00bb100&Prime; column_width_percent=\u00a0\u00bb100&Prime; shift_y=\u00a0\u00bb0&Prime; z_index=\u00a0\u00bb0&Prime; style=\u00a0\u00bbinherited\u00a0\u00bb back_size=\u00a0\u00bbinherit\u00a0\u00bb el_class=\u00a0\u00bbrow-atout-entreprise\u00a0\u00bb][vc_column column_width_percent=\u00a0\u00bb100&Prime; gutter_size=\u00a0\u00bb3&Prime; overlay_alpha=\u00a0\u00bb50&Prime; shift_x=\u00a0\u00bb0&Prime; shift_y=\u00a0\u00bb0&Prime; shift_y_down=\u00a0\u00bb0&Prime; z_index=\u00a0\u00bb0&Prime; medium_width=\u00a0\u00bb0&Prime; mobile_width=\u00a0\u00bb0&Prime; width=\u00a0\u00bb1\/4&Prime;][vc_icon icon_image=\u00a0\u00bb66237&Prime; text_size=\u00a0\u00bb\u00a0\u00bb align=\u00a0\u00bbleft\u00a0\u00bb no_hover=\u00a0\u00bb\u00a0\u00bb title=\u00a0\u00bbM\u00e9thodologie pour r\u00e9duire vos risques d\u2019erreurs\u00a0\u00bb]Notre m\u00e9thodologie suit <strong>un \u201cprocess\u201d de recrutement<\/strong> \u00e9tabli en 10 phases allant de l\u2019analyse <strong>des besoins<\/strong> et <strong>des comp\u00e9tences<\/strong> recherch\u00e9es jusqu\u2019\u00e0 l\u2019int\u00e9gration du candidat et la bonne fin de la mission que toute agence de recrutement se doit de proposer.[\/vc_icon][\/vc_column][vc_column column_width_percent=\u00a0\u00bb100&Prime; gutter_size=\u00a0\u00bb3&Prime; overlay_alpha=\u00a0\u00bb50&Prime; shift_x=\u00a0\u00bb0&Prime; shift_y=\u00a0\u00bb0&Prime; shift_y_down=\u00a0\u00bb0&Prime; z_index=\u00a0\u00bb0&Prime; medium_width=\u00a0\u00bb0&Prime; mobile_width=\u00a0\u00bb0&Prime; width=\u00a0\u00bb1\/4&Prime;][vc_icon icon_image=\u00a0\u00bb66238&Prime; text_size=\u00a0\u00bb\u00a0\u00bb align=\u00a0\u00bbleft\u00a0\u00bb no_hover=\u00a0\u00bb\u00a0\u00bb title=\u00a0\u00bbR\u00e9v\u00e9lateur de talents\u00a0\u00bb]Pour r\u00e9ussir un recrutement, mieux vaut ne pas avoir d\u2019\u00e0 priori ! AJ Conseil Recrutement &amp; RH privil\u00e9gie la recherche de <strong>talents<\/strong>, de <strong>personnalit\u00e9s riches<\/strong> et <strong>de caract\u00e8res<\/strong> qui vous aideront \u00e0 p\u00e9renniser et d\u00e9velopper votre business.[\/vc_icon][\/vc_column][vc_column column_width_percent=\u00a0\u00bb100&Prime; gutter_size=\u00a0\u00bb3&Prime; overlay_alpha=\u00a0\u00bb50&Prime; shift_x=\u00a0\u00bb0&Prime; shift_y=\u00a0\u00bb0&Prime; shift_y_down=\u00a0\u00bb0&Prime; z_index=\u00a0\u00bb0&Prime; medium_width=\u00a0\u00bb0&Prime; mobile_width=\u00a0\u00bb0&Prime; width=\u00a0\u00bb1\/4&Prime;][vc_icon icon_image=\u00a0\u00bb66239&Prime; text_size=\u00a0\u00bb\u00a0\u00bb align=\u00a0\u00bbleft\u00a0\u00bb no_hover=\u00a0\u00bb\u00a0\u00bb title=\u00a0\u00bbD\u00e9ontologie stricte\u00a0\u00bb]<a href=\"https:\/\/www.ajconseil.fr\/fr\/label-syntec-recrutement\/\">Certifi\u00e9 Syntec Recrutement<\/a>, refusons les conflits d\u2019int\u00e9r\u00eat. Par cons\u00e9quent, nous n\u2019approchons pas les collaborateurs de nos clients. Notre mot d\u2019ordre est : <strong>confidentialit\u00e9 !<\/strong>[\/vc_icon][\/vc_column][vc_column column_width_percent=\u00a0\u00bb100&Prime; gutter_size=\u00a0\u00bb3&Prime; overlay_alpha=\u00a0\u00bb50&Prime; shift_x=\u00a0\u00bb0&Prime; shift_y=\u00a0\u00bb0&Prime; shift_y_down=\u00a0\u00bb0&Prime; z_index=\u00a0\u00bb0&Prime; medium_width=\u00a0\u00bb0&Prime; mobile_width=\u00a0\u00bb0&Prime; width=\u00a0\u00bb1\/4&Prime; el_class=\u00a0\u00bbboite-engagement\u00a0\u00bb][\/vc_column][\/vc_row][vc_row unlock_row_content=\u00a0\u00bbyes\u00a0\u00bb row_height_percent=\u00a0\u00bb0&Prime; override_padding=\u00a0\u00bbyes\u00a0\u00bb h_padding=\u00a0\u00bb0&Prime; top_padding=\u00a0\u00bb0&Prime; bottom_padding=\u00a0\u00bb0&Prime; overlay_alpha=\u00a0\u00bb100&Prime; gutter_size=\u00a0\u00bb0&Prime; style=\u00a0\u00bbinherited\u00a0\u00bb][\/vc_row][vc_row unlock_row_content=\u00a0\u00bbyes\u00a0\u00bb row_height_percent=\u00a0\u00bb0&Prime; override_padding=\u00a0\u00bbyes\u00a0\u00bb h_padding=\u00a0\u00bb0&Prime; top_padding=\u00a0\u00bb0&Prime; bottom_padding=\u00a0\u00bb0&Prime; overlay_alpha=\u00a0\u00bb50&Prime; equal_height=\u00a0\u00bbyes\u00a0\u00bb gutter_size=\u00a0\u00bb0&Prime; shift_y=\u00a0\u00bb0&Prime;][\/vc_row][vc_row row_height_percent=\u00a0\u00bb0&Prime; override_padding=\u00a0\u00bbyes\u00a0\u00bb h_padding=\u00a0\u00bb2&Prime; top_padding=\u00a0\u00bb3&Prime; bottom_padding=\u00a0\u00bb2&Prime; back_color=\u00a0\u00bbcolor-204591&Prime; overlay_alpha=\u00a0\u00bb50&Prime; gutter_size=\u00a0\u00bb3&Prime; column_width_percent=\u00a0\u00bb100&Prime; shift_y=\u00a0\u00bb0&Prime; z_index=\u00a0\u00bb0&Prime;][vc_column column_width_percent=\u00a0\u00bb100&Prime; position_vertical=\u00a0\u00bbmiddle\u00a0\u00bb align_horizontal=\u00a0\u00bbalign_center\u00a0\u00bb gutter_size=\u00a0\u00bb3&Prime; overlay_alpha=\u00a0\u00bb50&Prime; shift_x=\u00a0\u00bb0&Prime; shift_y=\u00a0\u00bb0&Prime; shift_y_down=\u00a0\u00bb0&Prime; z_index=\u00a0\u00bb0&Prime; medium_width=\u00a0\u00bb0&Prime; mobile_width=\u00a0\u00bb0&Prime; width=\u00a0\u00bb1\/1&Prime;][vc_custom_heading text_size=\u00a0\u00bb\u00a0\u00bb separator=\u00a0\u00bbyes\u00a0\u00bb el_class=\u00a0\u00bbtitre-row\u00a0\u00bb]Postes recrut\u00e9s de mani\u00e8re r\u00e9currente par AJ Conseil[\/vc_custom_heading][\/vc_column][\/vc_row][vc_row row_height_percent=\u00a0\u00bb0&Prime; override_padding=\u00a0\u00bbyes\u00a0\u00bb h_padding=\u00a0\u00bb2&Prime; top_padding=\u00a0\u00bb2&Prime; bottom_padding=\u00a0\u00bb3&Prime; back_color=\u00a0\u00bbcolor-204591&Prime; overlay_alpha=\u00a0\u00bb50&Prime; gutter_size=\u00a0\u00bb3&Prime; column_width_percent=\u00a0\u00bb100&Prime; shift_y=\u00a0\u00bb0&Prime; z_index=\u00a0\u00bb0&Prime; el_class=\u00a0\u00bbrow-liste\u00a0\u00bb][vc_column column_width_percent=\u00a0\u00bb100&Prime; gutter_size=\u00a0\u00bb3&Prime; overlay_alpha=\u00a0\u00bb50&Prime; shift_x=\u00a0\u00bb0&Prime; shift_y=\u00a0\u00bb0&Prime; shift_y_down=\u00a0\u00bb0&Prime; z_index=\u00a0\u00bb0&Prime; medium_width=\u00a0\u00bb0&Prime; mobile_width=\u00a0\u00bb0&Prime; width=\u00a0\u00bb1\/3&Prime; el_class=\u00a0\u00bbpadding-li\u00a0\u00bb][vc_custom_heading heading_semantic=\u00a0\u00bbh3&Prime; text_size=\u00a0\u00bb\u00a0\u00bb]Top management[\/vc_custom_heading][uncode_list icon=\u00a0\u00bbfa fa-check2&Prime;]<\/p>\n<ul>\n<li>Directeur g\u00e9n\u00e9ral d\u2019h\u00f4tel<\/li>\n<li>Directeur de restaurant<\/li>\n<li>Directeur r\u00e9sidence tourisme<\/li>\n<li>Directeur du tourisme<\/li>\n<li>Directeur d\u2019Ehpad<\/li>\n<li>Directeur commercial et ventes<\/li>\n<li>Direction administrative et financi\u00e8re<\/li>\n<li>Direction technique\u2026<\/li>\n<\/ul>\n<p>[\/uncode_list][vc_column_text]* Liste non exhaustive[\/vc_column_text][\/vc_column][vc_column column_width_percent=\u00a0\u00bb100&Prime; gutter_size=\u00a0\u00bb3&Prime; overlay_alpha=\u00a0\u00bb50&Prime; shift_x=\u00a0\u00bb0&Prime; shift_y=\u00a0\u00bb0&Prime; shift_y_down=\u00a0\u00bb0&Prime; z_index=\u00a0\u00bb0&Prime; medium_width=\u00a0\u00bb0&Prime; mobile_width=\u00a0\u00bb0&Prime; width=\u00a0\u00bb1\/3&Prime; el_class=\u00a0\u00bbpadding-li\u00a0\u00bb][vc_custom_heading heading_semantic=\u00a0\u00bbh3&Prime; text_size=\u00a0\u00bb\u00a0\u00bb]Middle management[\/vc_custom_heading][uncode_list icon=\u00a0\u00bbfa fa-check2&Prime;]<\/p>\n<ul>\n<li>Manager boutique alimentaire (traiteur\u2026)<\/li>\n<li>Chef de service h\u00f4tellerie (chef de r\u00e9ception, gouvernante g\u00e9n\u00e9rale, responsable r\u00e9servation, responsable maintenance\u2026)<\/li>\n<li>Chef de service restauration (responsable de salle, chef sommelier, chef de cuisine, chef de production, chef p\u00e2tissier\u2026)<\/li>\n<li>Contr\u00f4leur de gestion\u2026<\/li>\n<\/ul>\n<p>[\/uncode_list][vc_column_text]* Liste non exhaustive[\/vc_column_text][\/vc_column][vc_column column_width_percent=\u00a0\u00bb100&Prime; gutter_size=\u00a0\u00bb3&Prime; overlay_alpha=\u00a0\u00bb50&Prime; shift_x=\u00a0\u00bb0&Prime; shift_y=\u00a0\u00bb0&Prime; shift_y_down=\u00a0\u00bb0&Prime; z_index=\u00a0\u00bb0&Prime; medium_width=\u00a0\u00bb0&Prime; mobile_width=\u00a0\u00bb0&Prime; width=\u00a0\u00bb1\/3&Prime; el_class=\u00a0\u00bbpadding-li\u00a0\u00bb][vc_custom_heading heading_semantic=\u00a0\u00bbh3&Prime; text_size=\u00a0\u00bb\u00a0\u00bb]Experts[\/vc_custom_heading][uncode_list icon=\u00a0\u00bbfa fa-check2&Prime;]<\/p>\n<ul>\n<li>Direction de cuisine centrale<\/li>\n<li>Spa manager<\/li>\n<li>Directeur de collectivit\u00e9<\/li>\n<li>Revenue manager<\/li>\n<li>Responsable facilities management<\/li>\n<li>Directeur village vacances<\/li>\n<li>Superviseur clients\u2026<\/li>\n<\/ul>\n<p>[\/uncode_list][vc_column_text]* Liste non exhaustive[\/vc_column_text][\/vc_column][\/vc_row][vc_row unlock_row_content=\u00a0\u00bbyes\u00a0\u00bb row_height_percent=\u00a0\u00bb0&Prime; override_padding=\u00a0\u00bbyes\u00a0\u00bb h_padding=\u00a0\u00bb0&Prime; top_padding=\u00a0\u00bb0&Prime; bottom_padding=\u00a0\u00bb0&Prime; overlay_alpha=\u00a0\u00bb100&Prime; gutter_size=\u00a0\u00bb0&Prime; style=\u00a0\u00bbinherited\u00a0\u00bb][\/vc_row][vc_row unlock_row_content=\u00a0\u00bbyes\u00a0\u00bb row_height_percent=\u00a0\u00bb0&Prime; override_padding=\u00a0\u00bbyes\u00a0\u00bb h_padding=\u00a0\u00bb0&Prime; top_padding=\u00a0\u00bb0&Prime; bottom_padding=\u00a0\u00bb0&Prime; overlay_alpha=\u00a0\u00bb50&Prime; equal_height=\u00a0\u00bbyes\u00a0\u00bb gutter_size=\u00a0\u00bb0&Prime; shift_y=\u00a0\u00bb0&Prime;][\/vc_row][vc_row][vc_column width=\u00a0\u00bb1\/1&Prime;][uncode_block id=\u00a0\u00bb66430&Prime;][\/vc_column][\/vc_row][vc_row][vc_column width=\u00a0\u00bb1\/1&Prime;][uncode_block id=\u00a0\u00bb66408&Prime;][\/vc_column][\/vc_row]<\/p>\n<\/div>","protected":false},"excerpt":{"rendered":"<p>[vc_row row_height_percent=\u00a0\u00bb0&Prime; override_padding=\u00a0\u00bbyes\u00a0\u00bb h_padding=\u00a0\u00bb2&Prime; top_padding=\u00a0\u00bb3&Prime; bottom_padding=\u00a0\u00bb2&Prime; overlay_alpha=\u00a0\u00bb50&Prime; gutter_size=\u00a0\u00bb3&Prime; column_width_percent=\u00a0\u00bb100&Prime; shift_y=\u00a0\u00bb0&Prime; z_index=\u00a0\u00bb0&Prime;][vc_column width=\u00a0\u00bb1\/2&Prime;][vc_column_text]Depuis 1993, AJ Conseil Recrutement &amp; RH a pour [&hellip;]<\/p>\n","protected":false},"author":1,"featured_media":0,"parent":0,"menu_order":0,"comment_status":"closed","ping_status":"closed","template":"","meta":{"footnotes":""},"class_list":["post-15","page","type-page","status-publish","hentry"],"yoast_head":"<!-- This site is optimized with the Yoast SEO plugin v27.4 - https:\/\/yoast.com\/product\/yoast-seo-wordpress\/ -->\n<title>Espace entreprises - AJ Conseil Recrutement &amp; RH<\/title>\n<meta name=\"description\" content=\"AJ Conseil \u2013 cabinet de recrutement h\u00f4tellerie-restauration, luxe et tourisme \u2013 intervient partout en France depuis 1993. Confiez-nous votre mission !\" \/>\n<meta name=\"robots\" content=\"index, follow, max-snippet:-1, max-image-preview:large, max-video-preview:-1\" \/>\n<link rel=\"canonical\" href=\"https:\/\/www.ajconseil.fr\/fr\/entreprises\/\" \/>\n<meta property=\"og:locale\" content=\"fr_FR\" \/>\n<meta property=\"og:type\" content=\"article\" \/>\n<meta property=\"og:title\" content=\"Espace entreprises - AJ Conseil Recrutement &amp; RH\" \/>\n<meta property=\"og:description\" content=\"AJ Conseil \u2013 cabinet de recrutement h\u00f4tellerie-restauration, luxe et tourisme \u2013 intervient partout en France depuis 1993. Confiez-nous votre mission !\" \/>\n<meta property=\"og:url\" content=\"https:\/\/www.ajconseil.fr\/fr\/entreprises\/\" \/>\n<meta property=\"og:site_name\" content=\"AJ Conseil\" \/>\n<meta property=\"article:modified_time\" content=\"2024-12-24T10:07:28+00:00\" \/>\n<meta name=\"twitter:card\" content=\"summary_large_image\" \/>\n<meta name=\"twitter:label1\" content=\"Dur\u00e9e de lecture estim\u00e9e\" \/>\n\t<meta name=\"twitter:data1\" content=\"5 minutes\" \/>\n<script type=\"application\/ld+json\" class=\"yoast-schema-graph\">{\"@context\":\"https:\\\/\\\/schema.org\",\"@graph\":[{\"@type\":\"WebPage\",\"@id\":\"https:\\\/\\\/www.ajconseil.fr\\\/fr\\\/entreprises\\\/\",\"url\":\"https:\\\/\\\/www.ajconseil.fr\\\/fr\\\/entreprises\\\/\",\"name\":\"Espace entreprises - AJ Conseil Recrutement & RH\",\"isPartOf\":{\"@id\":\"https:\\\/\\\/www.ajconseil.fr\\\/fr\\\/#website\"},\"datePublished\":\"2017-10-25T07:37:24+00:00\",\"dateModified\":\"2024-12-24T10:07:28+00:00\",\"description\":\"AJ Conseil \u2013 cabinet de recrutement h\u00f4tellerie-restauration, luxe et tourisme \u2013 intervient partout en France depuis 1993. Confiez-nous votre mission !\",\"breadcrumb\":{\"@id\":\"https:\\\/\\\/www.ajconseil.fr\\\/fr\\\/entreprises\\\/#breadcrumb\"},\"inLanguage\":\"fr-FR\",\"potentialAction\":[{\"@type\":\"ReadAction\",\"target\":[\"https:\\\/\\\/www.ajconseil.fr\\\/fr\\\/entreprises\\\/\"]}]},{\"@type\":\"BreadcrumbList\",\"@id\":\"https:\\\/\\\/www.ajconseil.fr\\\/fr\\\/entreprises\\\/#breadcrumb\",\"itemListElement\":[{\"@type\":\"ListItem\",\"position\":1,\"name\":\"Accueil\",\"item\":\"https:\\\/\\\/www.ajconseil.fr\\\/fr\\\/\"},{\"@type\":\"ListItem\",\"position\":2,\"name\":\"Entreprises\"}]},{\"@type\":\"WebSite\",\"@id\":\"https:\\\/\\\/www.ajconseil.fr\\\/fr\\\/#website\",\"url\":\"https:\\\/\\\/www.ajconseil.fr\\\/fr\\\/\",\"name\":\"AJ Conseil\",\"description\":\"\",\"potentialAction\":[{\"@type\":\"SearchAction\",\"target\":{\"@type\":\"EntryPoint\",\"urlTemplate\":\"https:\\\/\\\/www.ajconseil.fr\\\/fr\\\/?s={search_term_string}\"},\"query-input\":{\"@type\":\"PropertyValueSpecification\",\"valueRequired\":true,\"valueName\":\"search_term_string\"}}],\"inLanguage\":\"fr-FR\"}]}<\/script>\n<!-- \/ Yoast SEO plugin. -->","yoast_head_json":{"title":"Espace entreprises - AJ Conseil Recrutement & RH","description":"AJ Conseil \u2013 cabinet de recrutement h\u00f4tellerie-restauration, luxe et tourisme \u2013 intervient partout en France depuis 1993. Confiez-nous votre mission !","robots":{"index":"index","follow":"follow","max-snippet":"max-snippet:-1","max-image-preview":"max-image-preview:large","max-video-preview":"max-video-preview:-1"},"canonical":"https:\/\/www.ajconseil.fr\/fr\/entreprises\/","og_locale":"fr_FR","og_type":"article","og_title":"Espace entreprises - AJ Conseil Recrutement & RH","og_description":"AJ Conseil \u2013 cabinet de recrutement h\u00f4tellerie-restauration, luxe et tourisme \u2013 intervient partout en France depuis 1993. Confiez-nous votre mission !","og_url":"https:\/\/www.ajconseil.fr\/fr\/entreprises\/","og_site_name":"AJ Conseil","article_modified_time":"2024-12-24T10:07:28+00:00","twitter_card":"summary_large_image","twitter_misc":{"Dur\u00e9e de lecture estim\u00e9e":"5 minutes"},"schema":{"@context":"https:\/\/schema.org","@graph":[{"@type":"WebPage","@id":"https:\/\/www.ajconseil.fr\/fr\/entreprises\/","url":"https:\/\/www.ajconseil.fr\/fr\/entreprises\/","name":"Espace entreprises - AJ Conseil Recrutement & RH","isPartOf":{"@id":"https:\/\/www.ajconseil.fr\/fr\/#website"},"datePublished":"2017-10-25T07:37:24+00:00","dateModified":"2024-12-24T10:07:28+00:00","description":"AJ Conseil \u2013 cabinet de recrutement h\u00f4tellerie-restauration, luxe et tourisme \u2013 intervient partout en France depuis 1993. Confiez-nous votre mission !","breadcrumb":{"@id":"https:\/\/www.ajconseil.fr\/fr\/entreprises\/#breadcrumb"},"inLanguage":"fr-FR","potentialAction":[{"@type":"ReadAction","target":["https:\/\/www.ajconseil.fr\/fr\/entreprises\/"]}]},{"@type":"BreadcrumbList","@id":"https:\/\/www.ajconseil.fr\/fr\/entreprises\/#breadcrumb","itemListElement":[{"@type":"ListItem","position":1,"name":"Accueil","item":"https:\/\/www.ajconseil.fr\/fr\/"},{"@type":"ListItem","position":2,"name":"Entreprises"}]},{"@type":"WebSite","@id":"https:\/\/www.ajconseil.fr\/fr\/#website","url":"https:\/\/www.ajconseil.fr\/fr\/","name":"AJ Conseil","description":"","potentialAction":[{"@type":"SearchAction","target":{"@type":"EntryPoint","urlTemplate":"https:\/\/www.ajconseil.fr\/fr\/?s={search_term_string}"},"query-input":{"@type":"PropertyValueSpecification","valueRequired":true,"valueName":"search_term_string"}}],"inLanguage":"fr-FR"}]}},"_links":{"self":[{"href":"https:\/\/www.ajconseil.fr\/fr\/wp-json\/wp\/v2\/pages\/15","targetHints":{"allow":["GET"]}}],"collection":[{"href":"https:\/\/www.ajconseil.fr\/fr\/wp-json\/wp\/v2\/pages"}],"about":[{"href":"https:\/\/www.ajconseil.fr\/fr\/wp-json\/wp\/v2\/types\/page"}],"author":[{"embeddable":true,"href":"https:\/\/www.ajconseil.fr\/fr\/wp-json\/wp\/v2\/users\/1"}],"replies":[{"embeddable":true,"href":"https:\/\/www.ajconseil.fr\/fr\/wp-json\/wp\/v2\/comments?post=15"}],"version-history":[{"count":2,"href":"https:\/\/www.ajconseil.fr\/fr\/wp-json\/wp\/v2\/pages\/15\/revisions"}],"predecessor-version":[{"id":76869,"href":"https:\/\/www.ajconseil.fr\/fr\/wp-json\/wp\/v2\/pages\/15\/revisions\/76869"}],"wp:attachment":[{"href":"https:\/\/www.ajconseil.fr\/fr\/wp-json\/wp\/v2\/media?parent=15"}],"curies":[{"name":"wp","href":"https:\/\/api.w.org\/{rel}","templated":true}]}}