{"id":140,"date":"2017-10-25T12:22:29","date_gmt":"2017-10-25T12:22:29","guid":{"rendered":"http:\/\/ajconseil.sixpixels.fr\/?page_id=140"},"modified":"2024-09-10T16:40:11","modified_gmt":"2024-09-10T14:40:11","slug":"nos-consultants-experts-hotellerie-restauration","status":"publish","type":"page","link":"https:\/\/www.ajconseil.fr\/fr\/nos-consultants-experts-hotellerie-restauration\/","title":{"rendered":"Equipe"},"content":{"rendered":"<div class=\"wpb-content-wrapper\"><p>[vc_row row_height_percent=\u00a0\u00bb0&Prime; override_padding=\u00a0\u00bbyes\u00a0\u00bb h_padding=\u00a0\u00bb2&Prime; top_padding=\u00a0\u00bb3&Prime; bottom_padding=\u00a0\u00bb3&Prime; overlay_alpha=\u00a0\u00bb50&Prime; gutter_size=\u00a0\u00bb3&Prime; column_width_percent=\u00a0\u00bb100&Prime; shift_y=\u00a0\u00bb0&Prime; z_index=\u00a0\u00bb0&Prime;][vc_column width=\u00a0\u00bb1\/2&Prime;][vc_column_text]<strong>AJ CONSEIL<\/strong> une \u00e9quipe <strong>d\u2019experts en recrutement<\/strong> pour<strong> l\u2019h\u00f4tellerie<\/strong> (business, resort, loisirs), <strong>le luxe, la restauration<\/strong> (collective, commerciale : rapide, \u00e0 th\u00e8me, gastronomique, tendance, etc..), <strong>le retail, le tourisme<\/strong> (r\u00e9sidences urbaines ou de loisirs, croisi\u00e8res, agence de voyages, h\u00f4tellerie de plein air) <strong>la propret\u00e9, l\u2019agro-alimentaire<\/strong> est une <strong>entreprise ind\u00e9pendante \u00e0 taille humaine<\/strong>.[\/vc_column_text][\/vc_column][vc_column width=\u00a0\u00bb1\/2&Prime;][vc_column_text]Pour identifier et \u00e9valuer les talents d\u2019aujourd\u2019hui et de demain qui participeront \u00e0 l\u2019am\u00e9lioration des performances de votre soci\u00e9t\u00e9, une \u00e9quipe pluridisciplinaire se mobilise chaque jour.<\/p>\n<p>Leur objectif :[\/vc_column_text][uncode_list icon=\u00a0\u00bbfa fa-check2&Prime;]<\/p>\n<ul>\n<li>r\u00e9pondre \u00e0 toutes les probl\u00e9matiques de recrutement et de gestion des ressources humaines de leurs clients<\/li>\n<li>construire la carri\u00e8re des candidats qui leur font confiance<\/li>\n<\/ul>\n<p>[\/uncode_list][\/vc_column][\/vc_row][vc_row row_height_percent=\u00a0\u00bb0&Prime; override_padding=\u00a0\u00bbyes\u00a0\u00bb h_padding=\u00a0\u00bb2&Prime; top_padding=\u00a0\u00bb0&Prime; bottom_padding=\u00a0\u00bb3&Prime; overlay_alpha=\u00a0\u00bb100&Prime; gutter_size=\u00a0\u00bb2&Prime; column_width_percent=\u00a0\u00bb100&Prime; border_color=\u00a0\u00bbcolor-gyho\u00a0\u00bb border_style=\u00a0\u00bbsolid\u00a0\u00bb shift_y=\u00a0\u00bb0&Prime; z_index=\u00a0\u00bb0&Prime; style=\u00a0\u00bbinherited\u00a0\u00bb css=\u00a0\u00bb.vc_custom_1510847320446{border-bottom-width: 1px !important;}\u00a0\u00bb][vc_column column_width_percent=\u00a0\u00bb100&Prime; gutter_size=\u00a0\u00bb3&Prime; overlay_alpha=\u00a0\u00bb50&Prime; shift_x=\u00a0\u00bb0&Prime; shift_y=\u00a0\u00bb0&Prime; shift_y_down=\u00a0\u00bb0&Prime; z_index=\u00a0\u00bb0&Prime; medium_width=\u00a0\u00bb0&Prime; mobile_width=\u00a0\u00bb0&Prime; width=\u00a0\u00bb1\/1&Prime; el_class=\u00a0\u00bbcarousel-equipe\u00a0\u00bb][vc_gallery el_id=\u00a0\u00bbgallery-318462&Prime; medias=\u00a0\u00bb76178,76186&Prime; gutter_size=\u00a0\u00bb2&Prime; media_items=\u00a0\u00bbmedia|custom_link|original,caption,description\u00a0\u00bb screen_lg=\u00a0\u00bb1000&Prime; screen_md=\u00a0\u00bb600&Prime; screen_sm=\u00a0\u00bb480&Prime; single_width=\u00a0\u00bb6&Prime; single_overlay_opacity=\u00a0\u00bb50&Prime; single_image_anim=\u00a0\u00bbno\u00a0\u00bb single_h_align=\u00a0\u00bbcenter\u00a0\u00bb single_padding=\u00a0\u00bb1&Prime; single_text_reduced=\u00a0\u00bbyes\u00a0\u00bb single_title_transform=\u00a0\u00bbuppercase\u00a0\u00bb single_icon=\u00a0\u00bbfa fa-plus2&Prime; single_border=\u00a0\u00bbyes\u00a0\u00bb single_css_animation=\u00a0\u00bbzoom-in\u00a0\u00bb single_animation_delay=\u00a0\u00bb100&Prime; lbox_title=\u00a0\u00bbyes\u00a0\u00bb lbox_caption=\u00a0\u00bbyes\u00a0\u00bb carousel_rtl=\u00a0\u00bb\u00a0\u00bb single_half_padding=\u00a0\u00bbyes\u00a0\u00bb single_title_serif=\u00a0\u00bb\u00a0\u00bb single_no_background=\u00a0\u00bbyes\u00a0\u00bb items=\u00a0\u00bbeyIxMzc2M19pIjp7InNpbmdsZV9saW5rIjoidXJsOmh0dHAlM0ElMkYlMkZhamNvbnNlaWwuc2l4cGl4ZWxzLmZyJTJGYWRlbGFpZGUtbGVvbnx8dGFyZ2V0OiUyMF9ibGFua3wiLCJzaW5nbGVfdGl0bGVfZGltZW5zaW9uIjoiIiwic2luZ2xlX3RpdGxlX2ZhbWlseSI6IiJ9LCIxMzc2OV9pIjp7InNpbmdsZV9saW5rIjoidXJsOmh0dHAlM0ElMkYlMkZ3d3cudW5kc2duLmNvbXx8dGFyZ2V0OiUyMF9ibGFuayJ9LCIxMzc3MF9pIjp7InNpbmdsZV9saW5rIjoidXJsOmh0dHAlM0ElMkYlMkZhamNvbnNlaWwuc2l4cGl4ZWxzLmZyJTJGYWRlbGFpZGUtbGVvbnx8dGFyZ2V0OiUyMF9ibGFua3wiLCJzaW5nbGVfdGl0bGVfZGltZW5zaW9uIjoiIiwic2luZ2xlX3RpdGxlX2ZhbWlseSI6IiIsInNpbmdsZV90aXRsZV90cmFuc2Zvcm0iOiIifSwiMTM3NjZfaSI6eyJzaW5nbGVfbGluayI6InVybDpodHRwJTNBJTJGJTJGYWpjb25zZWlsLnNpeHBpeGVscy5mciUyRmFkZWxhaWRlLWxlb258fHRhcmdldDolMjBfYmxhbmt8Iiwic2luZ2xlX3RpdGxlX2RpbWVuc2lvbiI6IiIsInNpbmdsZV90aXRsZV9mYW1pbHkiOiIifSwiNjYzMTNfaSI6eyJzaW5nbGVfbGluayI6InVybDolMkZhbm5lLW1hcmllLWxlZmV2cmV8fHwiLCJzaW5nbGVfbGF5b3V0X21lZGlhX2l0ZW1zIjoibWVkaWF8Y3VzdG9tX2xpbmt8b3JpZ2luYWwsY2FwdGlvbixkZXNjcmlwdGlvbiJ9LCI2NjMxNF9pIjp7InNpbmdsZV9saW5rIjoidXJsOiUyRmF1cmVsaWEtaGF2YXJkfHx8Iiwic2luZ2xlX2xheW91dF9tZWRpYV9pdGVtcyI6Im1lZGlhfGN1c3RvbV9saW5rfG9yaWdpbmFsLGNhcHRpb24sZGVzY3JpcHRpb24ifSwiNjYzMTVfaSI6eyJzaW5nbGVfbGF5b3V0X21lZGlhX2l0ZW1zIjoibWVkaWF8Y3VzdG9tX2xpbmt8b3JpZ2luYWwsY2FwdGlvbixkZXNjcmlwdGlvbiIsInNpbmdsZV9saW5rIjoidXJsOiUyRmVkb3VhcmQtam9seXx8fCJ9LCI2NjMxNl9pIjp7InNpbmdsZV9sYXlvdXRfbWVkaWFfaXRlbXMiOiJtZWRpYXxjdXN0b21fbGlua3xvcmlnaW5hbCxjYXB0aW9uLGRlc2NyaXB0aW9uIiwic2luZ2xlX2xpbmsiOiJ1cmw6JTJGanVsaWVuLWZpZ2Vyb2F8fHwifSwiNjYzMTdfaSI6eyJzaW5nbGVfbGF5b3V0X21lZGlhX2l0ZW1zIjoibWVkaWF8Y3VzdG9tX2xpbmt8b3JpZ2luYWwsY2FwdGlvbixkZXNjcmlwdGlvbiIsInNpbmdsZV9saW5rIjoidXJsOiUyRmFsYWluLWphY29ifHx8Iiwic2luZ2xlX3dpZHRoIjoiMyJ9LCI3MTY1NV9pIjp7InNpbmdsZV9saW5rIjoidXJsOiUyRmZsb3JlLXNlcnBpbmV0fHx8Iiwic2luZ2xlX2xheW91dF9tZWRpYV9pdGVtcyI6Im1lZGlhfGN1c3RvbV9saW5rfG9yaWdpbmFsLGNhcHRpb24sZGVzY3JpcHRpb24iLCJzaW5nbGVfd2lkdGgiOiIzIn0sIjcyNTI2X2kiOnsic2luZ2xlX3dpZHRoIjoiMyIsInNpbmdsZV9sYXlvdXRfbWVkaWFfaXRlbXMiOiJtZWRpYXxjdXN0b21fbGlua3xvcmlnaW5hbCxjYXB0aW9uLGRlc2NyaXB0aW9uIiwic2luZ2xlX2xpbmsiOiJ1cmw6JTJGYWxpY2UtZ2lyb2R8fHwifSwiNzMyMTdfaSI6eyJzaW5nbGVfd2lkdGgiOiIzIiwic2luZ2xlX2xheW91dF9tZWRpYV9pdGVtcyI6Im1lZGlhfGN1c3RvbV9saW5rfG9yaWdpbmFsLGNhcHRpb24sZGVzY3JpcHRpb24iLCJzaW5nbGVfbGluayI6InVybDolMkZzeWx2aWUtZGVzc29yc3x8fCJ9LCI3Mzc4MV9pIjp7InNpbmdsZV93aWR0aCI6IjQiLCJzaW5nbGVfbGluayI6InVybDpodHRwcyUzQSUyRiUyRnd3dy5hamNvbnNlaWwuZnIlMkZhbGFpbi1qYWNvYnx8fCJ9LCI3Mzc4N19pIjp7InNpbmdsZV93aWR0aCI6IjQiLCJzaW5nbGVfbGluayI6InVybDpodHRwcyUzQSUyRiUyRnd3dy5hamNvbnNlaWwuZnIlMkZmbG9yZS1zZXJwaW5ldHx8fCJ9LCI3Mzc4M19pIjp7InNpbmdsZV9saW5rIjoidXJsOmh0dHBzJTNBJTJGJTJGd3d3LmFqY29uc2VpbC5mciUyRmFsaWNlLWdpcm9kfHx8Iiwic2luZ2xlX3dpZHRoIjoiNCJ9LCI3NDI0NF9pIjp7InNpbmdsZV9saW5rIjoidXJsOmh0dHBzJTNBJTJGJTJGd3d3LmFqY29uc2VpbC5mciUyRmhlbG9pc2UtYmxhbmciLCJiYWNrX2ltYWdlIjoiNzQ2MjkiLCJzaW5nbGVfbGF5b3V0X21lZGlhX2l0ZW1zIjoibWVkaWF8Y3VzdG9tX2xpbmt8b3JpZ2luYWwsY2FwdGlvbixkZXNjcmlwdGlvbiJ9LCI3NDYyOV9pIjp7InNpbmdsZV9saW5rIjoidXJsOmh0dHBzJTNBJTJGJTJGd3d3LmFqY29uc2VpbC5mciUyRnNhbmRyYS1kdXB1eSIsInNpbmdsZV9sYXlvdXRfbWVkaWFfaXRlbXMiOiJtZWRpYXxjdXN0b21fbGlua3xvcmlnaW5hbCxjYXB0aW9uLGRlc2NyaXB0aW9uIn0sIjc1MjQ0X2kiOnsic2luZ2xlX2xpbmsiOiJ1cmw6aHR0cHMlM0ElMkYlMkZ3d3cuYWpjb25zZWlsLmZyJTJGc2FuZHJhLWR1cHV5In0sIjc2MTc4X2kiOnsic2luZ2xlX2xpbmsiOiJ1cmw6JTJGYWxhaW4tamFjb2IifSwiNzYxODZfaSI6eyJzaW5nbGVfbGluayI6InVybDolMkZoZWxvaXNlLWJsYW5nIn0sIjc2MTk0X2kiOnsic2luZ2xlX2xpbmsiOiJ1cmw6JTJGc2FuZHJhLWR1cHV5In19&Prime; single_link=\u00a0\u00bburl:https%3A%2F%2Fwww.ajconseil.fr%2Fadelaide-leon|||\u00a0\u00bb][vc_gallery el_id=\u00a0\u00bbgallery-318462&Prime; medias=\u00a0\u00bb76198,76182,76190&Prime; gutter_size=\u00a0\u00bb2&Prime; media_items=\u00a0\u00bbmedia|custom_link|original,caption,description\u00a0\u00bb screen_lg=\u00a0\u00bb1000&Prime; screen_md=\u00a0\u00bb600&Prime; screen_sm=\u00a0\u00bb480&Prime; single_overlay_opacity=\u00a0\u00bb50&Prime; single_image_anim=\u00a0\u00bbno\u00a0\u00bb single_h_align=\u00a0\u00bbcenter\u00a0\u00bb single_padding=\u00a0\u00bb1&Prime; single_text_reduced=\u00a0\u00bbyes\u00a0\u00bb single_title_transform=\u00a0\u00bbuppercase\u00a0\u00bb single_icon=\u00a0\u00bbfa fa-plus2&Prime; single_border=\u00a0\u00bbyes\u00a0\u00bb single_css_animation=\u00a0\u00bbzoom-in\u00a0\u00bb single_animation_delay=\u00a0\u00bb100&Prime; lbox_title=\u00a0\u00bbyes\u00a0\u00bb lbox_caption=\u00a0\u00bbyes\u00a0\u00bb carousel_rtl=\u00a0\u00bb\u00a0\u00bb single_half_padding=\u00a0\u00bbyes\u00a0\u00bb single_title_serif=\u00a0\u00bb\u00a0\u00bb single_no_background=\u00a0\u00bbyes\u00a0\u00bb items=\u00a0\u00bbeyIxMzc2M19pIjp7InNpbmdsZV9saW5rIjoidXJsOmh0dHAlM0ElMkYlMkZhamNvbnNlaWwuc2l4cGl4ZWxzLmZyJTJGYWRlbGFpZGUtbGVvbnx8dGFyZ2V0OiUyMF9ibGFua3wiLCJzaW5nbGVfdGl0bGVfZGltZW5zaW9uIjoiIiwic2luZ2xlX3RpdGxlX2ZhbWlseSI6IiJ9LCIxMzc2OV9pIjp7InNpbmdsZV9saW5rIjoidXJsOmh0dHAlM0ElMkYlMkZ3d3cudW5kc2duLmNvbXx8dGFyZ2V0OiUyMF9ibGFuayJ9LCIxMzc3MF9pIjp7InNpbmdsZV9saW5rIjoidXJsOmh0dHAlM0ElMkYlMkZhamNvbnNlaWwuc2l4cGl4ZWxzLmZyJTJGYWRlbGFpZGUtbGVvbnx8dGFyZ2V0OiUyMF9ibGFua3wiLCJzaW5nbGVfdGl0bGVfZGltZW5zaW9uIjoiIiwic2luZ2xlX3RpdGxlX2ZhbWlseSI6IiIsInNpbmdsZV90aXRsZV90cmFuc2Zvcm0iOiIifSwiMTM3NjZfaSI6eyJzaW5nbGVfbGluayI6InVybDpodHRwJTNBJTJGJTJGYWpjb25zZWlsLnNpeHBpeGVscy5mciUyRmFkZWxhaWRlLWxlb258fHRhcmdldDolMjBfYmxhbmt8Iiwic2luZ2xlX3RpdGxlX2RpbWVuc2lvbiI6IiIsInNpbmdsZV90aXRsZV9mYW1pbHkiOiIifSwiNjYzMTNfaSI6eyJzaW5nbGVfbGluayI6InVybDolMkZhbm5lLW1hcmllLWxlZmV2cmV8fHwiLCJzaW5nbGVfbGF5b3V0X21lZGlhX2l0ZW1zIjoibWVkaWF8Y3VzdG9tX2xpbmt8b3JpZ2luYWwsY2FwdGlvbixkZXNjcmlwdGlvbiJ9LCI2NjMxNF9pIjp7InNpbmdsZV9saW5rIjoidXJsOiUyRmF1cmVsaWEtaGF2YXJkfHx8Iiwic2luZ2xlX2xheW91dF9tZWRpYV9pdGVtcyI6Im1lZGlhfGN1c3RvbV9saW5rfG9yaWdpbmFsLGNhcHRpb24sZGVzY3JpcHRpb24ifSwiNjYzMTVfaSI6eyJzaW5nbGVfbGF5b3V0X21lZGlhX2l0ZW1zIjoibWVkaWF8Y3VzdG9tX2xpbmt8b3JpZ2luYWwsY2FwdGlvbixkZXNjcmlwdGlvbiIsInNpbmdsZV9saW5rIjoidXJsOiUyRmVkb3VhcmQtam9seXx8fCJ9LCI2NjMxNl9pIjp7InNpbmdsZV9sYXlvdXRfbWVkaWFfaXRlbXMiOiJtZWRpYXxjdXN0b21fbGlua3xvcmlnaW5hbCxjYXB0aW9uLGRlc2NyaXB0aW9uIiwic2luZ2xlX2xpbmsiOiJ1cmw6JTJGanVsaWVuLWZpZ2Vyb2F8fHwifSwiNjYzMTdfaSI6eyJzaW5nbGVfbGF5b3V0X21lZGlhX2l0ZW1zIjoibWVkaWF8Y3VzdG9tX2xpbmt8b3JpZ2luYWwsY2FwdGlvbixkZXNjcmlwdGlvbiIsInNpbmdsZV9saW5rIjoidXJsOiUyRmFsYWluLWphY29ifHx8Iiwic2luZ2xlX3dpZHRoIjoiMyJ9LCI3MTY1NV9pIjp7InNpbmdsZV9saW5rIjoidXJsOiUyRmZsb3JlLXNlcnBpbmV0fHx8Iiwic2luZ2xlX2xheW91dF9tZWRpYV9pdGVtcyI6Im1lZGlhfGN1c3RvbV9saW5rfG9yaWdpbmFsLGNhcHRpb24sZGVzY3JpcHRpb24iLCJzaW5nbGVfd2lkdGgiOiIzIn0sIjcyNTI2X2kiOnsic2luZ2xlX3dpZHRoIjoiMyIsInNpbmdsZV9sYXlvdXRfbWVkaWFfaXRlbXMiOiJtZWRpYXxjdXN0b21fbGlua3xvcmlnaW5hbCxjYXB0aW9uLGRlc2NyaXB0aW9uIiwic2luZ2xlX2xpbmsiOiJ1cmw6JTJGYWxpY2UtZ2lyb2R8fHwifSwiNzMyMTdfaSI6eyJzaW5nbGVfd2lkdGgiOiIzIiwic2luZ2xlX2xheW91dF9tZWRpYV9pdGVtcyI6Im1lZGlhfGN1c3RvbV9saW5rfG9yaWdpbmFsLGNhcHRpb24sZGVzY3JpcHRpb24iLCJzaW5nbGVfbGluayI6InVybDolMkZzeWx2aWUtZGVzc29yc3x8fCJ9LCI3Mzc5MV9pIjp7InNpbmdsZV9saW5rIjoidXJsOmh0dHBzJTNBJTJGJTJGd3d3LmFqY29uc2VpbC5mciUyRnN5bHZpZS1kZXNzb3JzfHx8In0sIjczNzg5X2kiOnsic2luZ2xlX2xpbmsiOiJ1cmw6aHR0cHMlM0ElMkYlMkZ3d3cuYWpjb25zZWlsLmZyJTJGbGF1cmEtYm91Y2hlcnx8fCJ9LCI3Mzc4NV9pIjp7InNpbmdsZV9saW5rIjoidXJsOmh0dHBzJTNBJTJGJTJGd3d3LmFqY29uc2VpbC5mciUyRmNlY2lsZS1tYWxib3N8fHwiLCJzaW5nbGVfbGF5b3V0X21lZGlhX2l0ZW1zIjoibWVkaWF8Y3VzdG9tX2xpbmt8b3JpZ2luYWwsZGVzY3JpcHRpb24sY2FwdGlvbiJ9LCI3NTI0N19pIjp7InNpbmdsZV9saW5rIjoidXJsOmh0dHBzJTNBJTJGJTJGd3d3LmFqY29uc2VpbC5mciUyRnNhYnJpbmEtdmVseSJ9LCI3NjE5OF9pIjp7InNpbmdsZV9saW5rIjoidXJsOiUyRnN5bHZpZS1kZXNzb3JzIn0sIjc2MTgyX2kiOnsic2luZ2xlX2xpbmsiOiJ1cmw6JTJGY2VjaWxlLW1hbGJvcyJ9LCI3NjE5MF9pIjp7InNpbmdsZV9saW5rIjoidXJsOiUyRnNhYnJpbmEtdmVseSJ9fQ==\u00a0\u00bb single_link=\u00a0\u00bburl:https%3A%2F%2Fwww.ajconseil.fr%2Fadelaide-leon|||\u00a0\u00bb][\/vc_column][\/vc_row][vc_row unlock_row_content=\u00a0\u00bbyes\u00a0\u00bb row_height_percent=\u00a0\u00bb0&Prime; override_padding=\u00a0\u00bbyes\u00a0\u00bb h_padding=\u00a0\u00bb0&Prime; top_padding=\u00a0\u00bb0&Prime; bottom_padding=\u00a0\u00bb0&Prime; overlay_alpha=\u00a0\u00bb100&Prime; gutter_size=\u00a0\u00bb0&Prime; style=\u00a0\u00bbinherited\u00a0\u00bb][\/vc_row][vc_row unlock_row_content=\u00a0\u00bbyes\u00a0\u00bb row_height_percent=\u00a0\u00bb0&Prime; override_padding=\u00a0\u00bbyes\u00a0\u00bb h_padding=\u00a0\u00bb0&Prime; top_padding=\u00a0\u00bb0&Prime; bottom_padding=\u00a0\u00bb0&Prime; overlay_alpha=\u00a0\u00bb50&Prime; equal_height=\u00a0\u00bbyes\u00a0\u00bb gutter_size=\u00a0\u00bb0&Prime; shift_y=\u00a0\u00bb0&Prime;][\/vc_row][vc_row unlock_row_content=\u00a0\u00bbyes\u00a0\u00bb row_height_percent=\u00a0\u00bb0&Prime; override_padding=\u00a0\u00bbyes\u00a0\u00bb h_padding=\u00a0\u00bb0&Prime; top_padding=\u00a0\u00bb0&Prime; bottom_padding=\u00a0\u00bb0&Prime; overlay_alpha=\u00a0\u00bb100&Prime; gutter_size=\u00a0\u00bb0&Prime; style=\u00a0\u00bbinherited\u00a0\u00bb][\/vc_row][vc_row unlock_row_content=\u00a0\u00bbyes\u00a0\u00bb row_height_percent=\u00a0\u00bb0&Prime; override_padding=\u00a0\u00bbyes\u00a0\u00bb h_padding=\u00a0\u00bb0&Prime; top_padding=\u00a0\u00bb0&Prime; bottom_padding=\u00a0\u00bb0&Prime; overlay_alpha=\u00a0\u00bb50&Prime; equal_height=\u00a0\u00bbyes\u00a0\u00bb gutter_size=\u00a0\u00bb0&Prime; shift_y=\u00a0\u00bb0&Prime;][\/vc_row][vc_row unlock_row_content=\u00a0\u00bbyes\u00a0\u00bb row_height_percent=\u00a0\u00bb0&Prime; override_padding=\u00a0\u00bbyes\u00a0\u00bb h_padding=\u00a0\u00bb0&Prime; top_padding=\u00a0\u00bb0&Prime; bottom_padding=\u00a0\u00bb0&Prime; overlay_alpha=\u00a0\u00bb100&Prime; gutter_size=\u00a0\u00bb0&Prime; style=\u00a0\u00bbinherited\u00a0\u00bb][\/vc_row][vc_row unlock_row_content=\u00a0\u00bbyes\u00a0\u00bb row_height_percent=\u00a0\u00bb0&Prime; override_padding=\u00a0\u00bbyes\u00a0\u00bb h_padding=\u00a0\u00bb0&Prime; top_padding=\u00a0\u00bb0&Prime; bottom_padding=\u00a0\u00bb0&Prime; overlay_alpha=\u00a0\u00bb50&Prime; equal_height=\u00a0\u00bbyes\u00a0\u00bb gutter_size=\u00a0\u00bb0&Prime; shift_y=\u00a0\u00bb0&Prime;][\/vc_row][vc_row unlock_row_content=\u00a0\u00bbyes\u00a0\u00bb row_height_percent=\u00a0\u00bb0&Prime; override_padding=\u00a0\u00bbyes\u00a0\u00bb h_padding=\u00a0\u00bb0&Prime; top_padding=\u00a0\u00bb0&Prime; bottom_padding=\u00a0\u00bb0&Prime; overlay_alpha=\u00a0\u00bb100&Prime; gutter_size=\u00a0\u00bb0&Prime; style=\u00a0\u00bbinherited\u00a0\u00bb][\/vc_row][vc_row unlock_row_content=\u00a0\u00bbyes\u00a0\u00bb row_height_percent=\u00a0\u00bb0&Prime; override_padding=\u00a0\u00bbyes\u00a0\u00bb h_padding=\u00a0\u00bb0&Prime; top_padding=\u00a0\u00bb0&Prime; bottom_padding=\u00a0\u00bb0&Prime; overlay_alpha=\u00a0\u00bb50&Prime; equal_height=\u00a0\u00bbyes\u00a0\u00bb gutter_size=\u00a0\u00bb0&Prime; shift_y=\u00a0\u00bb0&Prime;][\/vc_row][vc_row][vc_column width=\u00a0\u00bb1\/1&Prime;][uncode_block id=\u00a0\u00bb66440&Prime;][\/vc_column][\/vc_row][vc_row][vc_column width=\u00a0\u00bb1\/1&Prime;][uncode_block id=\u00a0\u00bb66408&Prime;][\/vc_column][\/vc_row]<\/p>\n<\/div>","protected":false},"excerpt":{"rendered":"<p>[vc_row row_height_percent=\u00a0\u00bb0&Prime; override_padding=\u00a0\u00bbyes\u00a0\u00bb h_padding=\u00a0\u00bb2&Prime; top_padding=\u00a0\u00bb3&Prime; bottom_padding=\u00a0\u00bb3&Prime; overlay_alpha=\u00a0\u00bb50&Prime; gutter_size=\u00a0\u00bb3&Prime; column_width_percent=\u00a0\u00bb100&Prime; shift_y=\u00a0\u00bb0&Prime; z_index=\u00a0\u00bb0&Prime;][vc_column width=\u00a0\u00bb1\/2&Prime;][vc_column_text]AJ CONSEIL une \u00e9quipe d\u2019experts en recrutement pour l\u2019h\u00f4tellerie [&hellip;]<\/p>\n","protected":false},"author":1,"featured_media":0,"parent":0,"menu_order":0,"comment_status":"closed","ping_status":"closed","template":"","meta":{"footnotes":""},"class_list":["post-140","page","type-page","status-publish","hentry"],"yoast_head":"<!-- This site is optimized with the Yoast SEO plugin v27.4 - https:\/\/yoast.com\/product\/yoast-seo-wordpress\/ -->\n<title>Notre \u00e9quipe de consultants experts en recrutement h\u00f4tellerie-restauration<\/title>\n<meta name=\"description\" content=\"D\u00e9couvrez toute l&#039;\u00e9quipe de consultants experts d&#039;AJ Conseil Recrutement &amp; RH, chasseur de t\u00eate sp\u00e9cialis\u00e9 en h\u00f4tellerie-restauration, luxe et tourisme.\" \/>\n<meta name=\"robots\" content=\"index, follow, max-snippet:-1, max-image-preview:large, max-video-preview:-1\" \/>\n<link rel=\"canonical\" href=\"https:\/\/www.ajconseil.fr\/fr\/nos-consultants-experts-hotellerie-restauration\/\" \/>\n<meta property=\"og:locale\" content=\"fr_FR\" \/>\n<meta property=\"og:type\" content=\"article\" \/>\n<meta property=\"og:title\" content=\"Notre \u00e9quipe de consultants experts en recrutement h\u00f4tellerie-restauration\" \/>\n<meta property=\"og:description\" content=\"D\u00e9couvrez toute l&#039;\u00e9quipe de consultants experts d&#039;AJ Conseil Recrutement &amp; RH, chasseur de t\u00eate sp\u00e9cialis\u00e9 en h\u00f4tellerie-restauration, luxe et tourisme.\" \/>\n<meta property=\"og:url\" content=\"https:\/\/www.ajconseil.fr\/fr\/nos-consultants-experts-hotellerie-restauration\/\" \/>\n<meta property=\"og:site_name\" content=\"AJ Conseil\" \/>\n<meta property=\"article:modified_time\" content=\"2024-09-10T14:40:11+00:00\" \/>\n<meta name=\"twitter:card\" content=\"summary_large_image\" \/>\n<meta name=\"twitter:label1\" content=\"Dur\u00e9e de lecture estim\u00e9e\" \/>\n\t<meta name=\"twitter:data1\" content=\"2 minutes\" \/>\n<script type=\"application\/ld+json\" class=\"yoast-schema-graph\">{\"@context\":\"https:\\\/\\\/schema.org\",\"@graph\":[{\"@type\":\"WebPage\",\"@id\":\"https:\\\/\\\/www.ajconseil.fr\\\/fr\\\/nos-consultants-experts-hotellerie-restauration\\\/\",\"url\":\"https:\\\/\\\/www.ajconseil.fr\\\/fr\\\/nos-consultants-experts-hotellerie-restauration\\\/\",\"name\":\"Notre \u00e9quipe de consultants experts en recrutement h\u00f4tellerie-restauration\",\"isPartOf\":{\"@id\":\"https:\\\/\\\/www.ajconseil.fr\\\/fr\\\/#website\"},\"datePublished\":\"2017-10-25T12:22:29+00:00\",\"dateModified\":\"2024-09-10T14:40:11+00:00\",\"description\":\"D\u00e9couvrez toute l'\u00e9quipe de consultants experts d'AJ Conseil Recrutement & RH, chasseur de t\u00eate sp\u00e9cialis\u00e9 en h\u00f4tellerie-restauration, luxe et tourisme.\",\"breadcrumb\":{\"@id\":\"https:\\\/\\\/www.ajconseil.fr\\\/fr\\\/nos-consultants-experts-hotellerie-restauration\\\/#breadcrumb\"},\"inLanguage\":\"fr-FR\",\"potentialAction\":[{\"@type\":\"ReadAction\",\"target\":[\"https:\\\/\\\/www.ajconseil.fr\\\/fr\\\/nos-consultants-experts-hotellerie-restauration\\\/\"]}]},{\"@type\":\"BreadcrumbList\",\"@id\":\"https:\\\/\\\/www.ajconseil.fr\\\/fr\\\/nos-consultants-experts-hotellerie-restauration\\\/#breadcrumb\",\"itemListElement\":[{\"@type\":\"ListItem\",\"position\":1,\"name\":\"Accueil\",\"item\":\"https:\\\/\\\/www.ajconseil.fr\\\/fr\\\/\"},{\"@type\":\"ListItem\",\"position\":2,\"name\":\"Equipe\"}]},{\"@type\":\"WebSite\",\"@id\":\"https:\\\/\\\/www.ajconseil.fr\\\/fr\\\/#website\",\"url\":\"https:\\\/\\\/www.ajconseil.fr\\\/fr\\\/\",\"name\":\"AJ Conseil\",\"description\":\"\",\"potentialAction\":[{\"@type\":\"SearchAction\",\"target\":{\"@type\":\"EntryPoint\",\"urlTemplate\":\"https:\\\/\\\/www.ajconseil.fr\\\/fr\\\/?s={search_term_string}\"},\"query-input\":{\"@type\":\"PropertyValueSpecification\",\"valueRequired\":true,\"valueName\":\"search_term_string\"}}],\"inLanguage\":\"fr-FR\"}]}<\/script>\n<!-- \/ Yoast SEO plugin. -->","yoast_head_json":{"title":"Notre \u00e9quipe de consultants experts en recrutement h\u00f4tellerie-restauration","description":"D\u00e9couvrez toute l'\u00e9quipe de consultants experts d'AJ Conseil Recrutement & RH, chasseur de t\u00eate sp\u00e9cialis\u00e9 en h\u00f4tellerie-restauration, luxe et tourisme.","robots":{"index":"index","follow":"follow","max-snippet":"max-snippet:-1","max-image-preview":"max-image-preview:large","max-video-preview":"max-video-preview:-1"},"canonical":"https:\/\/www.ajconseil.fr\/fr\/nos-consultants-experts-hotellerie-restauration\/","og_locale":"fr_FR","og_type":"article","og_title":"Notre \u00e9quipe de consultants experts en recrutement h\u00f4tellerie-restauration","og_description":"D\u00e9couvrez toute l'\u00e9quipe de consultants experts d'AJ Conseil Recrutement & RH, chasseur de t\u00eate sp\u00e9cialis\u00e9 en h\u00f4tellerie-restauration, luxe et tourisme.","og_url":"https:\/\/www.ajconseil.fr\/fr\/nos-consultants-experts-hotellerie-restauration\/","og_site_name":"AJ Conseil","article_modified_time":"2024-09-10T14:40:11+00:00","twitter_card":"summary_large_image","twitter_misc":{"Dur\u00e9e de lecture estim\u00e9e":"2 minutes"},"schema":{"@context":"https:\/\/schema.org","@graph":[{"@type":"WebPage","@id":"https:\/\/www.ajconseil.fr\/fr\/nos-consultants-experts-hotellerie-restauration\/","url":"https:\/\/www.ajconseil.fr\/fr\/nos-consultants-experts-hotellerie-restauration\/","name":"Notre \u00e9quipe de consultants experts en recrutement h\u00f4tellerie-restauration","isPartOf":{"@id":"https:\/\/www.ajconseil.fr\/fr\/#website"},"datePublished":"2017-10-25T12:22:29+00:00","dateModified":"2024-09-10T14:40:11+00:00","description":"D\u00e9couvrez toute l'\u00e9quipe de consultants experts d'AJ Conseil Recrutement & RH, chasseur de t\u00eate sp\u00e9cialis\u00e9 en h\u00f4tellerie-restauration, luxe et tourisme.","breadcrumb":{"@id":"https:\/\/www.ajconseil.fr\/fr\/nos-consultants-experts-hotellerie-restauration\/#breadcrumb"},"inLanguage":"fr-FR","potentialAction":[{"@type":"ReadAction","target":["https:\/\/www.ajconseil.fr\/fr\/nos-consultants-experts-hotellerie-restauration\/"]}]},{"@type":"BreadcrumbList","@id":"https:\/\/www.ajconseil.fr\/fr\/nos-consultants-experts-hotellerie-restauration\/#breadcrumb","itemListElement":[{"@type":"ListItem","position":1,"name":"Accueil","item":"https:\/\/www.ajconseil.fr\/fr\/"},{"@type":"ListItem","position":2,"name":"Equipe"}]},{"@type":"WebSite","@id":"https:\/\/www.ajconseil.fr\/fr\/#website","url":"https:\/\/www.ajconseil.fr\/fr\/","name":"AJ Conseil","description":"","potentialAction":[{"@type":"SearchAction","target":{"@type":"EntryPoint","urlTemplate":"https:\/\/www.ajconseil.fr\/fr\/?s={search_term_string}"},"query-input":{"@type":"PropertyValueSpecification","valueRequired":true,"valueName":"search_term_string"}}],"inLanguage":"fr-FR"}]}},"_links":{"self":[{"href":"https:\/\/www.ajconseil.fr\/fr\/wp-json\/wp\/v2\/pages\/140","targetHints":{"allow":["GET"]}}],"collection":[{"href":"https:\/\/www.ajconseil.fr\/fr\/wp-json\/wp\/v2\/pages"}],"about":[{"href":"https:\/\/www.ajconseil.fr\/fr\/wp-json\/wp\/v2\/types\/page"}],"author":[{"embeddable":true,"href":"https:\/\/www.ajconseil.fr\/fr\/wp-json\/wp\/v2\/users\/1"}],"replies":[{"embeddable":true,"href":"https:\/\/www.ajconseil.fr\/fr\/wp-json\/wp\/v2\/comments?post=140"}],"version-history":[{"count":21,"href":"https:\/\/www.ajconseil.fr\/fr\/wp-json\/wp\/v2\/pages\/140\/revisions"}],"predecessor-version":[{"id":76795,"href":"https:\/\/www.ajconseil.fr\/fr\/wp-json\/wp\/v2\/pages\/140\/revisions\/76795"}],"wp:attachment":[{"href":"https:\/\/www.ajconseil.fr\/fr\/wp-json\/wp\/v2\/media?parent=140"}],"curies":[{"name":"wp","href":"https:\/\/api.w.org\/{rel}","templated":true}]}}