{"id":124,"date":"2017-10-25T12:15:06","date_gmt":"2017-10-25T12:15:06","guid":{"rendered":"http:\/\/ajconseil.sixpixels.fr\/?page_id=124"},"modified":"2022-12-21T10:13:27","modified_gmt":"2022-12-21T09:13:27","slug":"recrutement-directeur-technique","status":"publish","type":"page","link":"https:\/\/www.ajconseil.fr\/fr\/recrutement-directeur-technique\/","title":{"rendered":"Recrutement directeur technique"},"content":{"rendered":"<div class=\"wpb-content-wrapper\"><p>[vc_row unlock_row_content=\u00a0\u00bbyes\u00a0\u00bb row_height_percent=\u00a0\u00bb0&Prime; override_padding=\u00a0\u00bbyes\u00a0\u00bb h_padding=\u00a0\u00bb0&Prime; top_padding=\u00a0\u00bb0&Prime; bottom_padding=\u00a0\u00bb0&Prime; overlay_alpha=\u00a0\u00bb100&Prime; gutter_size=\u00a0\u00bb0&Prime; style=\u00a0\u00bbinherited\u00a0\u00bb][\/vc_row][vc_row unlock_row_content=\u00a0\u00bbyes\u00a0\u00bb row_height_percent=\u00a0\u00bb0&Prime; override_padding=\u00a0\u00bbyes\u00a0\u00bb h_padding=\u00a0\u00bb0&Prime; top_padding=\u00a0\u00bb0&Prime; bottom_padding=\u00a0\u00bb0&Prime; overlay_alpha=\u00a0\u00bb50&Prime; equal_height=\u00a0\u00bbyes\u00a0\u00bb gutter_size=\u00a0\u00bb0&Prime; shift_y=\u00a0\u00bb0&Prime;][\/vc_row][vc_row unlock_row_content=\u00a0\u00bbyes\u00a0\u00bb row_height_percent=\u00a0\u00bb0&Prime; override_padding=\u00a0\u00bbyes\u00a0\u00bb h_padding=\u00a0\u00bb0&Prime; top_padding=\u00a0\u00bb0&Prime; bottom_padding=\u00a0\u00bb0&Prime; overlay_alpha=\u00a0\u00bb100&Prime; gutter_size=\u00a0\u00bb0&Prime; style=\u00a0\u00bbinherited\u00a0\u00bb][\/vc_row][vc_row unlock_row_content=\u00a0\u00bbyes\u00a0\u00bb row_height_percent=\u00a0\u00bb0&Prime; override_padding=\u00a0\u00bbyes\u00a0\u00bb h_padding=\u00a0\u00bb0&Prime; top_padding=\u00a0\u00bb0&Prime; bottom_padding=\u00a0\u00bb0&Prime; overlay_alpha=\u00a0\u00bb50&Prime; equal_height=\u00a0\u00bbyes\u00a0\u00bb gutter_size=\u00a0\u00bb0&Prime; shift_y=\u00a0\u00bb0&Prime;][\/vc_row][vc_row row_height_percent=\u00a0\u00bb0&Prime; override_padding=\u00a0\u00bbyes\u00a0\u00bb h_padding=\u00a0\u00bb2&Prime; top_padding=\u00a0\u00bb3&Prime; bottom_padding=\u00a0\u00bb2&Prime; overlay_alpha=\u00a0\u00bb50&Prime; gutter_size=\u00a0\u00bb3&Prime; column_width_percent=\u00a0\u00bb100&Prime; shift_y=\u00a0\u00bb0&Prime; z_index=\u00a0\u00bb0&Prime;][vc_column width=\u00a0\u00bb1\/2&Prime;][vc_column_text]<span class=\"drop-caps\">P<\/span>as facile de recruter un <strong>directeur technique h\u00f4tellerie<\/strong> par les temps qui courent\u00a0! Et pourtant, <strong>AJ Conseil Recrutement &amp; RH<\/strong> y parvient bel et bien.<\/p>\n<p>Sp\u00e9cialiste de l\u2019emploi <strong>des cadres<\/strong> sur des fonctions op\u00e9rationnelles ou de support en <strong>h\u00f4tellerie de luxe, h\u00f4tellerie de loisir, r\u00e9sidence de tourisme<\/strong> mais aussi dans la thalassoth\u00e9rapie et les spas, notre cabinet accompagne pr\u00e8s de <a href=\"https:\/\/www.ajconseil.fr\/fr\/nos-references-recrutement-restauration-hotellerie\/\">950 clients<\/a> depuis 1993 sur toutes les probl\u00e9matiques de management.[\/vc_column_text][\/vc_column][vc_column width=\u00a0\u00bb1\/2&Prime;][vc_column_text]Nous pratiquons le <strong>recrutement par approche directe<\/strong>, <strong>le recrutement 2.0<\/strong> ainsi que des <strong>requ\u00eates complexes<\/strong> sur notre vivier de candidats compos\u00e9 de <a href=\"https:\/\/www.ajconseil.fr\/fr\/nos-candidats-cadres\/\">65.000 profils qualifi\u00e9s<\/a><\/p>\n<p>Chasseur de t\u00eates reconnu dans l\u2019industrie h\u00f4teli\u00e8re et l\u2019univers de tourisme, nous intervenons en France et \u00e0 l\u2019international, quelle que soit la taille et la cat\u00e9gorie de votre entreprise.[\/vc_column_text][\/vc_column][\/vc_row][vc_row unlock_row_content=\u00a0\u00bbyes\u00a0\u00bb row_height_percent=\u00a0\u00bb0&Prime; override_padding=\u00a0\u00bbyes\u00a0\u00bb h_padding=\u00a0\u00bb0&Prime; top_padding=\u00a0\u00bb0&Prime; bottom_padding=\u00a0\u00bb0&Prime; overlay_alpha=\u00a0\u00bb100&Prime; gutter_size=\u00a0\u00bb0&Prime; style=\u00a0\u00bbinherited\u00a0\u00bb][\/vc_row][vc_row unlock_row_content=\u00a0\u00bbyes\u00a0\u00bb row_height_percent=\u00a0\u00bb0&Prime; override_padding=\u00a0\u00bbyes\u00a0\u00bb h_padding=\u00a0\u00bb0&Prime; top_padding=\u00a0\u00bb0&Prime; bottom_padding=\u00a0\u00bb0&Prime; overlay_alpha=\u00a0\u00bb50&Prime; equal_height=\u00a0\u00bbyes\u00a0\u00bb gutter_size=\u00a0\u00bb0&Prime; shift_y=\u00a0\u00bb0&Prime;][\/vc_row][vc_row row_height_percent=\u00a0\u00bb0&Prime; override_padding=\u00a0\u00bbyes\u00a0\u00bb h_padding=\u00a0\u00bb2&Prime; top_padding=\u00a0\u00bb3&Prime; bottom_padding=\u00a0\u00bb2&Prime; back_color=\u00a0\u00bbcolor-204591&Prime; overlay_alpha=\u00a0\u00bb50&Prime; gutter_size=\u00a0\u00bb3&Prime; column_width_percent=\u00a0\u00bb100&Prime; shift_y=\u00a0\u00bb0&Prime; z_index=\u00a0\u00bb0&Prime;][vc_column column_width_percent=\u00a0\u00bb100&Prime; position_vertical=\u00a0\u00bbmiddle\u00a0\u00bb align_horizontal=\u00a0\u00bbalign_center\u00a0\u00bb gutter_size=\u00a0\u00bb3&Prime; overlay_alpha=\u00a0\u00bb50&Prime; shift_x=\u00a0\u00bb0&Prime; shift_y=\u00a0\u00bb0&Prime; shift_y_down=\u00a0\u00bb0&Prime; z_index=\u00a0\u00bb0&Prime; align_medium=\u00a0\u00bbalign_left_tablet\u00a0\u00bb medium_width=\u00a0\u00bb0&Prime; align_mobile=\u00a0\u00bbalign_left_mobile\u00a0\u00bb mobile_width=\u00a0\u00bb0&Prime; width=\u00a0\u00bb1\/1&Prime;][vc_custom_heading text_size=\u00a0\u00bb\u00a0\u00bb separator=\u00a0\u00bbyes\u00a0\u00bb el_class=\u00a0\u00bbtitre-row\u00a0\u00bb]Emploi directeur technique h\u00f4tellerie : la fiche m\u00e9tier[\/vc_custom_heading][\/vc_column][\/vc_row][vc_row row_height_percent=\u00a0\u00bb0&Prime; override_padding=\u00a0\u00bbyes\u00a0\u00bb h_padding=\u00a0\u00bb2&Prime; top_padding=\u00a0\u00bb1&Prime; bottom_padding=\u00a0\u00bb3&Prime; back_color=\u00a0\u00bbcolor-204591&Prime; overlay_alpha=\u00a0\u00bb50&Prime; gutter_size=\u00a0\u00bb3&Prime; column_width_percent=\u00a0\u00bb100&Prime; shift_y=\u00a0\u00bb0&Prime; z_index=\u00a0\u00bb0&Prime;][vc_column column_width_percent=\u00a0\u00bb100&Prime; position_vertical=\u00a0\u00bbmiddle\u00a0\u00bb gutter_size=\u00a0\u00bb3&Prime; overlay_alpha=\u00a0\u00bb50&Prime; shift_x=\u00a0\u00bb0&Prime; shift_y=\u00a0\u00bb0&Prime; shift_y_down=\u00a0\u00bb0&Prime; z_index=\u00a0\u00bb0&Prime; align_medium=\u00a0\u00bbalign_left_tablet\u00a0\u00bb medium_width=\u00a0\u00bb0&Prime; align_mobile=\u00a0\u00bbalign_left_mobile\u00a0\u00bb mobile_width=\u00a0\u00bb0&Prime; width=\u00a0\u00bb1\/1&Prime;][vc_column_text]<strong>Le directeur technique<\/strong> d\u2019un h\u00f4tel ou d\u2019une r\u00e9sidence de tourisme est g\u00e9n\u00e9ralement rattach\u00e9 au patron de l\u2019\u00e9tablissement ou bien au directeur des op\u00e9rations dans des gros porteurs.[\/vc_column_text][\/vc_column][\/vc_row][vc_row unlock_row_content=\u00a0\u00bbyes\u00a0\u00bb row_height_percent=\u00a0\u00bb0&Prime; override_padding=\u00a0\u00bbyes\u00a0\u00bb h_padding=\u00a0\u00bb0&Prime; top_padding=\u00a0\u00bb0&Prime; bottom_padding=\u00a0\u00bb0&Prime; overlay_alpha=\u00a0\u00bb100&Prime; gutter_size=\u00a0\u00bb0&Prime; style=\u00a0\u00bbinherited\u00a0\u00bb][\/vc_row][vc_row unlock_row_content=\u00a0\u00bbyes\u00a0\u00bb row_height_percent=\u00a0\u00bb0&Prime; override_padding=\u00a0\u00bbyes\u00a0\u00bb h_padding=\u00a0\u00bb0&Prime; top_padding=\u00a0\u00bb0&Prime; bottom_padding=\u00a0\u00bb0&Prime; overlay_alpha=\u00a0\u00bb50&Prime; equal_height=\u00a0\u00bbyes\u00a0\u00bb gutter_size=\u00a0\u00bb0&Prime; shift_y=\u00a0\u00bb0&Prime;][\/vc_row][vc_row unlock_row_content=\u00a0\u00bbyes\u00a0\u00bb row_height_percent=\u00a0\u00bb0&Prime; override_padding=\u00a0\u00bbyes\u00a0\u00bb h_padding=\u00a0\u00bb0&Prime; top_padding=\u00a0\u00bb0&Prime; bottom_padding=\u00a0\u00bb0&Prime; overlay_alpha=\u00a0\u00bb100&Prime; gutter_size=\u00a0\u00bb0&Prime; style=\u00a0\u00bbinherited\u00a0\u00bb][\/vc_row][vc_row unlock_row_content=\u00a0\u00bbyes\u00a0\u00bb row_height_percent=\u00a0\u00bb0&Prime; override_padding=\u00a0\u00bbyes\u00a0\u00bb h_padding=\u00a0\u00bb0&Prime; top_padding=\u00a0\u00bb0&Prime; bottom_padding=\u00a0\u00bb0&Prime; overlay_alpha=\u00a0\u00bb50&Prime; equal_height=\u00a0\u00bbyes\u00a0\u00bb gutter_size=\u00a0\u00bb0&Prime; shift_y=\u00a0\u00bb0&Prime;][\/vc_row][vc_row row_height_percent=\u00a0\u00bb0&Prime; override_padding=\u00a0\u00bbyes\u00a0\u00bb h_padding=\u00a0\u00bb2&Prime; top_padding=\u00a0\u00bb1&Prime; bottom_padding=\u00a0\u00bb2&Prime; back_color=\u00a0\u00bbcolor-204591&Prime; overlay_alpha=\u00a0\u00bb100&Prime; gutter_size=\u00a0\u00bb100&Prime; column_width_percent=\u00a0\u00bb100&Prime; shift_y=\u00a0\u00bb0&Prime; z_index=\u00a0\u00bb0&Prime; style=\u00a0\u00bbinherited\u00a0\u00bb css=\u00a0\u00bb.vc_custom_1511531077009{border-bottom-width: 1px !important;}\u00a0\u00bb][vc_column column_width_percent=\u00a0\u00bb100&Prime; position_vertical=\u00a0\u00bbmiddle\u00a0\u00bb gutter_size=\u00a0\u00bb3&Prime; overlay_alpha=\u00a0\u00bb50&Prime; shift_x=\u00a0\u00bb0&Prime; shift_y=\u00a0\u00bb0&Prime; shift_y_down=\u00a0\u00bb0&Prime; z_index=\u00a0\u00bb0&Prime; medium_width=\u00a0\u00bb0&Prime; mobile_width=\u00a0\u00bb0&Prime; zoom_width=\u00a0\u00bb0&Prime; zoom_height=\u00a0\u00bb0&Prime; width=\u00a0\u00bb1\/1&Prime;][vc_tabs history=\u00a0\u00bbyes\u00a0\u00bb][vc_tab title=\u00a0\u00bbMissions\u00a0\u00bb tab_id=\u00a0\u00bb1509461741227-6-5&Prime;][vc_custom_heading heading_semantic=\u00a0\u00bbh3&Prime; text_size=\u00a0\u00bb\u00a0\u00bb el_class=\u00a0\u00bbtitre-tab-metier\u00a0\u00bb]Les principales missions d&rsquo;un directeur technique d&rsquo;h\u00f4tellerie[\/vc_custom_heading][uncode_list icon=\u00a0\u00bbfa fa-check2&Prime; icon_color=\u00a0\u00bbcolor-305918&Prime;]<\/p>\n<ul>\n<li>Recruter, manager, former, d\u00e9velopper et motiver les \u00e9quipes salle et cuisine pour offrir une prestation de qualit\u00e9<\/li>\n<li>Garantir la r\u00e9alisation des objectifs quantitatifs, qualitatifs et financiers de son exploitation<\/li>\n<li>G\u00e9rer la relation clients<\/li>\n<li>Veiller \u00e0 la bonne tenue des espaces<\/li>\n<li>Assurer le respect des normes HACCP<\/li>\n<li>Faire appliquer la politique tarifaire et former les \u00e9quipes aux argumentaires de vente (upsaling)<\/li>\n<li>\u00c9laborer des budgets et suivre les tableaux de bord (CA, ticket moyen ratios, pr\u00e9vision d\u2019activit\u00e9\u2026)<\/li>\n<li>Superviser la gestion des stocks et veiller au respect des proc\u00e9dures comptables<\/li>\n<li>Ma\u00eetriser l\u2019outil informatique<\/li>\n<\/ul>\n<p>[\/uncode_list][\/vc_tab][vc_tab title=\u00a0\u00bbInterlocuteurs\u00a0\u00bb tab_id=\u00a0\u00bb1510063506618-4-9&Prime;][vc_custom_heading heading_semantic=\u00a0\u00bbh3&Prime; text_size=\u00a0\u00bb\u00a0\u00bb el_class=\u00a0\u00bbtitre-tab-metier\u00a0\u00bb]Les principaux interlocuteurs d&rsquo;un directeur technique d&rsquo;h\u00f4tellerie[\/vc_custom_heading][uncode_list icon=\u00a0\u00bbfa fa-check2&Prime; icon_color=\u00a0\u00bbcolor-305918&Prime;]<\/p>\n<ul>\n<li>Le propri\u00e9taire<\/li>\n<li>Le directeur g\u00e9n\u00e9ral<\/li>\n<li>Les chefs de service<\/li>\n<li>Les fournisseurs<\/li>\n<li>Les sous-traitants<\/li>\n<li>Les organismes officiels<\/li>\n<\/ul>\n<p>[\/uncode_list][\/vc_tab][vc_tab title=\u00a0\u00bbLe niveau d&rsquo;\u00e9tudes\u00a0\u00bb tab_id=\u00a0\u00bb1509461717116-5-5&Prime;][vc_custom_heading heading_semantic=\u00a0\u00bbh3&Prime; text_size=\u00a0\u00bb\u00a0\u00bb el_class=\u00a0\u00bbtitre-tab-metier\u00a0\u00bb]Le niveau d&rsquo;\u00e9tudes d&rsquo;un directeur technique d&rsquo;h\u00f4tellerie[\/vc_custom_heading][vc_column_text]<strong>Le m\u00e9tier de responsable technique<\/strong> est accessible aux candidats titulaires de formations techniques <strong>Bac et BAC + 2<\/strong> : BTS \u00c9lectrotechnique, Licence Professionnelle Maintenance H\u00f4teli\u00e8re et Immobili\u00e8re.<br \/>\n<strong>L\u2019anglais professionnel<\/strong> est imp\u00e9ratif.[\/vc_column_text][\/vc_tab][vc_tab title=\u00a0\u00bbSecteurs associ\u00e9s\u00a0\u00bb tab_id=\u00a0\u00bb1427386120521-0-1&Prime;][vc_custom_heading heading_semantic=\u00a0\u00bbh3&Prime; text_size=\u00a0\u00bb\u00a0\u00bb el_class=\u00a0\u00bbtitre-tab-metier\u00a0\u00bb]Les principaux secteurs associ\u00e9s pour le directeur technique d&rsquo;h\u00f4tellerie[\/vc_custom_heading][vc_column_text]H\u00f4tellerie, Restauration, R\u00e9sidence de Tourisme[\/vc_column_text][\/vc_tab][\/vc_tabs][\/vc_column][\/vc_row][vc_row row_height_percent=\u00a0\u00bb0&Prime; override_padding=\u00a0\u00bbyes\u00a0\u00bb h_padding=\u00a0\u00bb2&Prime; top_padding=\u00a0\u00bb1&Prime; bottom_padding=\u00a0\u00bb3&Prime; back_color=\u00a0\u00bbcolor-204591&Prime; overlay_alpha=\u00a0\u00bb50&Prime; gutter_size=\u00a0\u00bb3&Prime; column_width_percent=\u00a0\u00bb100&Prime; shift_y=\u00a0\u00bb0&Prime; z_index=\u00a0\u00bb0&Prime;][vc_column column_width_percent=\u00a0\u00bb100&Prime; align_horizontal=\u00a0\u00bbalign_center\u00a0\u00bb gutter_size=\u00a0\u00bb3&Prime; overlay_alpha=\u00a0\u00bb50&Prime; shift_x=\u00a0\u00bb0&Prime; shift_y=\u00a0\u00bb0&Prime; shift_y_down=\u00a0\u00bb0&Prime; z_index=\u00a0\u00bb0&Prime; align_medium=\u00a0\u00bbalign_center_tablet\u00a0\u00bb medium_width=\u00a0\u00bb0&Prime; align_mobile=\u00a0\u00bbalign_center_mobile\u00a0\u00bb mobile_width=\u00a0\u00bb0&Prime; width=\u00a0\u00bb1\/1&Prime;][vc_button border_width=\u00a0\u00bb0&Prime; link=\u00a0\u00bburl:%2Ffr%2Fmetiers-hotellerie-restauration-tourisme%2F|||\u00a0\u00bb el_class=\u00a0\u00bbbouton-rouge\u00a0\u00bb]D\u00e9couvrez d&rsquo;autres fiches m\u00e9tiers[\/vc_button][\/vc_column][\/vc_row][vc_row][vc_column width=\u00a0\u00bb1\/1&Prime;][uncode_block id=\u00a0\u00bb66488&Prime;][\/vc_column][\/vc_row][vc_row][vc_column width=\u00a0\u00bb1\/1&Prime;][uncode_block id=\u00a0\u00bb66408&Prime;][\/vc_column][\/vc_row]<\/p>\n<\/div>","protected":false},"excerpt":{"rendered":"<p>[vc_row unlock_row_content=\u00a0\u00bbyes\u00a0\u00bb row_height_percent=\u00a0\u00bb0&Prime; override_padding=\u00a0\u00bbyes\u00a0\u00bb h_padding=\u00a0\u00bb0&Prime; top_padding=\u00a0\u00bb0&Prime; bottom_padding=\u00a0\u00bb0&Prime; overlay_alpha=\u00a0\u00bb100&Prime; gutter_size=\u00a0\u00bb0&Prime; style=\u00a0\u00bbinherited\u00a0\u00bb][\/vc_row][vc_row unlock_row_content=\u00a0\u00bbyes\u00a0\u00bb row_height_percent=\u00a0\u00bb0&Prime; override_padding=\u00a0\u00bbyes\u00a0\u00bb h_padding=\u00a0\u00bb0&Prime; top_padding=\u00a0\u00bb0&Prime; bottom_padding=\u00a0\u00bb0&Prime; overlay_alpha=\u00a0\u00bb50&Prime; equal_height=\u00a0\u00bbyes\u00a0\u00bb gutter_size=\u00a0\u00bb0&Prime; shift_y=\u00a0\u00bb0&Prime;][\/vc_row][vc_row [&hellip;]<\/p>\n","protected":false},"author":1,"featured_media":68931,"parent":0,"menu_order":0,"comment_status":"closed","ping_status":"closed","template":"","meta":{"footnotes":""},"class_list":["post-124","page","type-page","status-publish","has-post-thumbnail","hentry"],"yoast_head":"<!-- This site is optimized with the Yoast SEO plugin v27.4 - https:\/\/yoast.com\/product\/yoast-seo-wordpress\/ -->\n<title>Recrutement directeur technique - AJ Conseil Recrutement &amp; RH<\/title>\n<meta name=\"description\" content=\"Vous recherchez un responsable technique en h\u00f4tellerie ? AJ Conseil Recrutement &amp; RH sait o\u00f9 trouver le bon candidat. D\u00e9couvrez notre fiche de poste et appelez-nous.\" \/>\n<meta name=\"robots\" content=\"index, follow, max-snippet:-1, max-image-preview:large, max-video-preview:-1\" \/>\n<link rel=\"canonical\" href=\"https:\/\/www.ajconseil.fr\/fr\/recrutement-directeur-technique\/\" \/>\n<meta property=\"og:locale\" content=\"fr_FR\" \/>\n<meta property=\"og:type\" content=\"article\" \/>\n<meta property=\"og:title\" content=\"Recrutement directeur technique - AJ Conseil Recrutement &amp; RH\" \/>\n<meta property=\"og:description\" content=\"Vous recherchez un responsable technique en h\u00f4tellerie ? AJ Conseil Recrutement &amp; RH sait o\u00f9 trouver le bon candidat. D\u00e9couvrez notre fiche de poste et appelez-nous.\" \/>\n<meta property=\"og:url\" content=\"https:\/\/www.ajconseil.fr\/fr\/recrutement-directeur-technique\/\" \/>\n<meta property=\"og:site_name\" content=\"AJ Conseil\" \/>\n<meta property=\"article:modified_time\" content=\"2022-12-21T09:13:27+00:00\" \/>\n<meta property=\"og:image\" content=\"https:\/\/www.ajconseil.fr\/wp-content\/uploads\/2017\/10\/fiche-metier-directeur-technique.jpg\" \/>\n\t<meta property=\"og:image:width\" content=\"329\" \/>\n\t<meta property=\"og:image:height\" content=\"292\" \/>\n\t<meta property=\"og:image:type\" content=\"image\/jpeg\" \/>\n<meta name=\"twitter:card\" content=\"summary_large_image\" \/>\n<meta name=\"twitter:label1\" content=\"Dur\u00e9e de lecture estim\u00e9e\" \/>\n\t<meta name=\"twitter:data1\" content=\"3 minutes\" \/>\n<script type=\"application\/ld+json\" class=\"yoast-schema-graph\">{\"@context\":\"https:\\\/\\\/schema.org\",\"@graph\":[{\"@type\":\"WebPage\",\"@id\":\"https:\\\/\\\/www.ajconseil.fr\\\/fr\\\/recrutement-directeur-technique\\\/\",\"url\":\"https:\\\/\\\/www.ajconseil.fr\\\/fr\\\/recrutement-directeur-technique\\\/\",\"name\":\"Recrutement directeur technique - AJ Conseil Recrutement & RH\",\"isPartOf\":{\"@id\":\"https:\\\/\\\/www.ajconseil.fr\\\/fr\\\/#website\"},\"primaryImageOfPage\":{\"@id\":\"https:\\\/\\\/www.ajconseil.fr\\\/fr\\\/recrutement-directeur-technique\\\/#primaryimage\"},\"image\":{\"@id\":\"https:\\\/\\\/www.ajconseil.fr\\\/fr\\\/recrutement-directeur-technique\\\/#primaryimage\"},\"thumbnailUrl\":\"https:\\\/\\\/www.ajconseil.fr\\\/wp-content\\\/uploads\\\/2017\\\/10\\\/fiche-metier-directeur-technique.jpg\",\"datePublished\":\"2017-10-25T12:15:06+00:00\",\"dateModified\":\"2022-12-21T09:13:27+00:00\",\"description\":\"Vous recherchez un responsable technique en h\u00f4tellerie ? AJ Conseil Recrutement & RH sait o\u00f9 trouver le bon candidat. D\u00e9couvrez notre fiche de poste et appelez-nous.\",\"breadcrumb\":{\"@id\":\"https:\\\/\\\/www.ajconseil.fr\\\/fr\\\/recrutement-directeur-technique\\\/#breadcrumb\"},\"inLanguage\":\"fr-FR\",\"potentialAction\":[{\"@type\":\"ReadAction\",\"target\":[\"https:\\\/\\\/www.ajconseil.fr\\\/fr\\\/recrutement-directeur-technique\\\/\"]}]},{\"@type\":\"ImageObject\",\"inLanguage\":\"fr-FR\",\"@id\":\"https:\\\/\\\/www.ajconseil.fr\\\/fr\\\/recrutement-directeur-technique\\\/#primaryimage\",\"url\":\"https:\\\/\\\/www.ajconseil.fr\\\/wp-content\\\/uploads\\\/2017\\\/10\\\/fiche-metier-directeur-technique.jpg\",\"contentUrl\":\"https:\\\/\\\/www.ajconseil.fr\\\/wp-content\\\/uploads\\\/2017\\\/10\\\/fiche-metier-directeur-technique.jpg\",\"width\":329,\"height\":292},{\"@type\":\"BreadcrumbList\",\"@id\":\"https:\\\/\\\/www.ajconseil.fr\\\/fr\\\/recrutement-directeur-technique\\\/#breadcrumb\",\"itemListElement\":[{\"@type\":\"ListItem\",\"position\":1,\"name\":\"Accueil\",\"item\":\"https:\\\/\\\/www.ajconseil.fr\\\/fr\\\/\"},{\"@type\":\"ListItem\",\"position\":2,\"name\":\"Recrutement directeur technique\"}]},{\"@type\":\"WebSite\",\"@id\":\"https:\\\/\\\/www.ajconseil.fr\\\/fr\\\/#website\",\"url\":\"https:\\\/\\\/www.ajconseil.fr\\\/fr\\\/\",\"name\":\"AJ Conseil\",\"description\":\"\",\"potentialAction\":[{\"@type\":\"SearchAction\",\"target\":{\"@type\":\"EntryPoint\",\"urlTemplate\":\"https:\\\/\\\/www.ajconseil.fr\\\/fr\\\/?s={search_term_string}\"},\"query-input\":{\"@type\":\"PropertyValueSpecification\",\"valueRequired\":true,\"valueName\":\"search_term_string\"}}],\"inLanguage\":\"fr-FR\"}]}<\/script>\n<!-- \/ Yoast SEO plugin. -->","yoast_head_json":{"title":"Recrutement directeur technique - AJ Conseil Recrutement & RH","description":"Vous recherchez un responsable technique en h\u00f4tellerie ? AJ Conseil Recrutement & RH sait o\u00f9 trouver le bon candidat. D\u00e9couvrez notre fiche de poste et appelez-nous.","robots":{"index":"index","follow":"follow","max-snippet":"max-snippet:-1","max-image-preview":"max-image-preview:large","max-video-preview":"max-video-preview:-1"},"canonical":"https:\/\/www.ajconseil.fr\/fr\/recrutement-directeur-technique\/","og_locale":"fr_FR","og_type":"article","og_title":"Recrutement directeur technique - AJ Conseil Recrutement & RH","og_description":"Vous recherchez un responsable technique en h\u00f4tellerie ? AJ Conseil Recrutement & RH sait o\u00f9 trouver le bon candidat. D\u00e9couvrez notre fiche de poste et appelez-nous.","og_url":"https:\/\/www.ajconseil.fr\/fr\/recrutement-directeur-technique\/","og_site_name":"AJ Conseil","article_modified_time":"2022-12-21T09:13:27+00:00","og_image":[{"width":329,"height":292,"url":"https:\/\/www.ajconseil.fr\/wp-content\/uploads\/2017\/10\/fiche-metier-directeur-technique.jpg","type":"image\/jpeg"}],"twitter_card":"summary_large_image","twitter_misc":{"Dur\u00e9e de lecture estim\u00e9e":"3 minutes"},"schema":{"@context":"https:\/\/schema.org","@graph":[{"@type":"WebPage","@id":"https:\/\/www.ajconseil.fr\/fr\/recrutement-directeur-technique\/","url":"https:\/\/www.ajconseil.fr\/fr\/recrutement-directeur-technique\/","name":"Recrutement directeur technique - AJ Conseil Recrutement & RH","isPartOf":{"@id":"https:\/\/www.ajconseil.fr\/fr\/#website"},"primaryImageOfPage":{"@id":"https:\/\/www.ajconseil.fr\/fr\/recrutement-directeur-technique\/#primaryimage"},"image":{"@id":"https:\/\/www.ajconseil.fr\/fr\/recrutement-directeur-technique\/#primaryimage"},"thumbnailUrl":"https:\/\/www.ajconseil.fr\/wp-content\/uploads\/2017\/10\/fiche-metier-directeur-technique.jpg","datePublished":"2017-10-25T12:15:06+00:00","dateModified":"2022-12-21T09:13:27+00:00","description":"Vous recherchez un responsable technique en h\u00f4tellerie ? AJ Conseil Recrutement & RH sait o\u00f9 trouver le bon candidat. D\u00e9couvrez notre fiche de poste et appelez-nous.","breadcrumb":{"@id":"https:\/\/www.ajconseil.fr\/fr\/recrutement-directeur-technique\/#breadcrumb"},"inLanguage":"fr-FR","potentialAction":[{"@type":"ReadAction","target":["https:\/\/www.ajconseil.fr\/fr\/recrutement-directeur-technique\/"]}]},{"@type":"ImageObject","inLanguage":"fr-FR","@id":"https:\/\/www.ajconseil.fr\/fr\/recrutement-directeur-technique\/#primaryimage","url":"https:\/\/www.ajconseil.fr\/wp-content\/uploads\/2017\/10\/fiche-metier-directeur-technique.jpg","contentUrl":"https:\/\/www.ajconseil.fr\/wp-content\/uploads\/2017\/10\/fiche-metier-directeur-technique.jpg","width":329,"height":292},{"@type":"BreadcrumbList","@id":"https:\/\/www.ajconseil.fr\/fr\/recrutement-directeur-technique\/#breadcrumb","itemListElement":[{"@type":"ListItem","position":1,"name":"Accueil","item":"https:\/\/www.ajconseil.fr\/fr\/"},{"@type":"ListItem","position":2,"name":"Recrutement directeur technique"}]},{"@type":"WebSite","@id":"https:\/\/www.ajconseil.fr\/fr\/#website","url":"https:\/\/www.ajconseil.fr\/fr\/","name":"AJ Conseil","description":"","potentialAction":[{"@type":"SearchAction","target":{"@type":"EntryPoint","urlTemplate":"https:\/\/www.ajconseil.fr\/fr\/?s={search_term_string}"},"query-input":{"@type":"PropertyValueSpecification","valueRequired":true,"valueName":"search_term_string"}}],"inLanguage":"fr-FR"}]}},"_links":{"self":[{"href":"https:\/\/www.ajconseil.fr\/fr\/wp-json\/wp\/v2\/pages\/124","targetHints":{"allow":["GET"]}}],"collection":[{"href":"https:\/\/www.ajconseil.fr\/fr\/wp-json\/wp\/v2\/pages"}],"about":[{"href":"https:\/\/www.ajconseil.fr\/fr\/wp-json\/wp\/v2\/types\/page"}],"author":[{"embeddable":true,"href":"https:\/\/www.ajconseil.fr\/fr\/wp-json\/wp\/v2\/users\/1"}],"replies":[{"embeddable":true,"href":"https:\/\/www.ajconseil.fr\/fr\/wp-json\/wp\/v2\/comments?post=124"}],"version-history":[{"count":1,"href":"https:\/\/www.ajconseil.fr\/fr\/wp-json\/wp\/v2\/pages\/124\/revisions"}],"predecessor-version":[{"id":76023,"href":"https:\/\/www.ajconseil.fr\/fr\/wp-json\/wp\/v2\/pages\/124\/revisions\/76023"}],"wp:featuredmedia":[{"embeddable":true,"href":"https:\/\/www.ajconseil.fr\/fr\/wp-json\/wp\/v2\/media\/68931"}],"wp:attachment":[{"href":"https:\/\/www.ajconseil.fr\/fr\/wp-json\/wp\/v2\/media?parent=124"}],"curies":[{"name":"wp","href":"https:\/\/api.w.org\/{rel}","templated":true}]}}