{"id":122,"date":"2017-10-25T12:14:39","date_gmt":"2017-10-25T12:14:39","guid":{"rendered":"http:\/\/ajconseil.sixpixels.fr\/?page_id=122"},"modified":"2017-11-23T14:49:06","modified_gmt":"2017-11-23T13:49:06","slug":"emploi-chef-de-reception","status":"publish","type":"page","link":"https:\/\/www.ajconseil.fr\/fr\/emploi-chef-de-reception\/","title":{"rendered":"Emploi chef de r\u00e9ception"},"content":{"rendered":"<div class=\"wpb-content-wrapper\"><p>[vc_row unlock_row_content=\u00a0\u00bbyes\u00a0\u00bb row_height_percent=\u00a0\u00bb0&Prime; override_padding=\u00a0\u00bbyes\u00a0\u00bb h_padding=\u00a0\u00bb0&Prime; top_padding=\u00a0\u00bb0&Prime; bottom_padding=\u00a0\u00bb0&Prime; overlay_alpha=\u00a0\u00bb100&Prime; gutter_size=\u00a0\u00bb0&Prime; style=\u00a0\u00bbinherited\u00a0\u00bb][\/vc_row][vc_row unlock_row_content=\u00a0\u00bbyes\u00a0\u00bb row_height_percent=\u00a0\u00bb0&Prime; override_padding=\u00a0\u00bbyes\u00a0\u00bb h_padding=\u00a0\u00bb0&Prime; top_padding=\u00a0\u00bb0&Prime; bottom_padding=\u00a0\u00bb0&Prime; overlay_alpha=\u00a0\u00bb50&Prime; equal_height=\u00a0\u00bbyes\u00a0\u00bb gutter_size=\u00a0\u00bb0&Prime; shift_y=\u00a0\u00bb0&Prime;][\/vc_row][vc_row unlock_row_content=\u00a0\u00bbyes\u00a0\u00bb row_height_percent=\u00a0\u00bb0&Prime; override_padding=\u00a0\u00bbyes\u00a0\u00bb h_padding=\u00a0\u00bb0&Prime; top_padding=\u00a0\u00bb0&Prime; bottom_padding=\u00a0\u00bb0&Prime; overlay_alpha=\u00a0\u00bb100&Prime; gutter_size=\u00a0\u00bb0&Prime; style=\u00a0\u00bbinherited\u00a0\u00bb][\/vc_row][vc_row unlock_row_content=\u00a0\u00bbyes\u00a0\u00bb row_height_percent=\u00a0\u00bb0&Prime; override_padding=\u00a0\u00bbyes\u00a0\u00bb h_padding=\u00a0\u00bb0&Prime; top_padding=\u00a0\u00bb0&Prime; bottom_padding=\u00a0\u00bb0&Prime; overlay_alpha=\u00a0\u00bb50&Prime; equal_height=\u00a0\u00bbyes\u00a0\u00bb gutter_size=\u00a0\u00bb0&Prime; shift_y=\u00a0\u00bb0&Prime;][\/vc_row][vc_row row_height_percent=\u00a0\u00bb0&Prime; override_padding=\u00a0\u00bbyes\u00a0\u00bb h_padding=\u00a0\u00bb2&Prime; top_padding=\u00a0\u00bb3&Prime; bottom_padding=\u00a0\u00bb2&Prime; overlay_alpha=\u00a0\u00bb50&Prime; gutter_size=\u00a0\u00bb3&Prime; column_width_percent=\u00a0\u00bb100&Prime; shift_y=\u00a0\u00bb0&Prime; z_index=\u00a0\u00bb0&Prime;][vc_column width=\u00a0\u00bb1\/2&Prime;][vc_column_text]<span class=\"drop-caps\">V<\/span>ous souhaitez recruter <strong>un chef de r\u00e9ception<\/strong> pour dynamiser votre h\u00f4tel ou votre r\u00e9sidence de tourisme\u00a0?<\/p>\n<p><strong>L\u2019emploi de chef de r\u00e9ception<\/strong> n\u2019a plus gu\u00e8re de secret pour notre \u00e9quipe de consultants experts dans les m\u00e9tiers de service et ce depuis un certain nombre d\u2019ann\u00e9es.<\/p>\n<p><strong>AJ Conseil Recrutement &amp; RH<\/strong> est en effet sp\u00e9cialiste de <strong>l\u2019emploi cadre<\/strong> en <strong>h\u00f4tellerie, restauration et tourisme<\/strong> depuis <strong>1993<\/strong>.<\/p>\n<p>A ce titre, nous <strong>recrutons<\/strong> fr\u00e9quemment <strong>des chefs de r\u00e9ception<\/strong> ou <strong>front office manager<\/strong> tant pour de grands groupes h\u00f4teliers, des cha\u00eenes de r\u00e9sidences de tourisme que pour des entreprises familiales sur l\u2019ensemble du territoire fran\u00e7ais et \u00e0 l\u2019\u00e9tranger.[\/vc_column_text][\/vc_column][vc_column width=\u00a0\u00bb1\/2&Prime;][vc_column_text]<strong>Labellis\u00e9 par<\/strong> le <a href=\"http:\/\/www.syntec.fr\/\">Syntec Conseil en recrutement<\/a> notre cabinet conseil s\u00e9lectionne des candidats en utilisant une <a href=\"https:\/\/www.ajconseil.fr\/en\/our-methodology\/\">m\u00e9thode de recrutement<\/a> qui associe \u00e0 la fois actions de <strong>chasseur de t\u00eates<\/strong> (approche directe), <strong>recrutement par annonce<\/strong> et activation de notre r\u00e9seau (\u00e9coles h\u00f4teli\u00e8res, associations professionnelles\u2026).<\/p>\n<p>AJ Conseil Recrutement &amp; RH s\u2019est fix\u00e9 pour principale mission de trouver les <strong>meilleurs profils<\/strong> du march\u00e9 pour <a href=\"\/references\">ses clients<\/a> et <strong>les opportunit\u00e9s de carri\u00e8re les plus pertinentes<\/strong> pour les candidats.<\/p>\n<p>C\u2019est pour cette raison que <strong>notre agence de recrutement<\/strong> va bien au-del\u00e0 des seuls aspects formels que sont la formation, l\u2019exp\u00e9rience et le CV privil\u00e9giant la <strong>personnalit\u00e9 et la motivation<\/strong> des candidats.<\/p>\n<p>A ce jour, <strong>AJ Conseil Recrutement &amp; RH<\/strong> dispose d\u2019un vivier fort de <strong>50.000 candidats exp\u00e9riment\u00e9s<\/strong> dont pr\u00e8s de la moiti\u00e9 \u00e9volue dans le secteur h\u00f4telier.[\/vc_column_text][\/vc_column][\/vc_row][vc_row unlock_row_content=\u00a0\u00bbyes\u00a0\u00bb row_height_percent=\u00a0\u00bb0&Prime; override_padding=\u00a0\u00bbyes\u00a0\u00bb h_padding=\u00a0\u00bb0&Prime; top_padding=\u00a0\u00bb0&Prime; bottom_padding=\u00a0\u00bb0&Prime; overlay_alpha=\u00a0\u00bb100&Prime; gutter_size=\u00a0\u00bb0&Prime; style=\u00a0\u00bbinherited\u00a0\u00bb][\/vc_row][vc_row unlock_row_content=\u00a0\u00bbyes\u00a0\u00bb row_height_percent=\u00a0\u00bb0&Prime; override_padding=\u00a0\u00bbyes\u00a0\u00bb h_padding=\u00a0\u00bb0&Prime; top_padding=\u00a0\u00bb0&Prime; bottom_padding=\u00a0\u00bb0&Prime; overlay_alpha=\u00a0\u00bb50&Prime; equal_height=\u00a0\u00bbyes\u00a0\u00bb gutter_size=\u00a0\u00bb0&Prime; shift_y=\u00a0\u00bb0&Prime;][\/vc_row][vc_row row_height_percent=\u00a0\u00bb0&Prime; override_padding=\u00a0\u00bbyes\u00a0\u00bb h_padding=\u00a0\u00bb2&Prime; top_padding=\u00a0\u00bb3&Prime; bottom_padding=\u00a0\u00bb3&Prime; back_color=\u00a0\u00bbcolor-204591&Prime; overlay_alpha=\u00a0\u00bb50&Prime; gutter_size=\u00a0\u00bb3&Prime; column_width_percent=\u00a0\u00bb100&Prime; shift_y=\u00a0\u00bb0&Prime; z_index=\u00a0\u00bb0&Prime;][vc_column column_width_percent=\u00a0\u00bb100&Prime; position_vertical=\u00a0\u00bbmiddle\u00a0\u00bb align_horizontal=\u00a0\u00bbalign_center\u00a0\u00bb overlay_alpha=\u00a0\u00bb50&Prime; gutter_size=\u00a0\u00bb3&Prime; align_medium=\u00a0\u00bbalign_left_tablet\u00a0\u00bb medium_width=\u00a0\u00bb0&Prime; align_mobile=\u00a0\u00bbalign_left_mobile\u00a0\u00bb mobile_width=\u00a0\u00bb0&Prime; shift_x=\u00a0\u00bb0&Prime; shift_y=\u00a0\u00bb0&Prime; shift_y_down=\u00a0\u00bb0&Prime; z_index=\u00a0\u00bb0&Prime; width=\u00a0\u00bb1\/1&Prime;][vc_custom_heading text_size=\u00a0\u00bb\u00a0\u00bb separator=\u00a0\u00bbyes\u00a0\u00bb el_class=\u00a0\u00bbtitre-row\u00a0\u00bb]Emploi chef de r\u00e9ception : la fiche m\u00e9tier[\/vc_custom_heading][vc_column_text]M\u00eame s\u2019il est important de rappeler <strong>qu\u2019une fiche m\u00e9tier<\/strong> doit vivre au gr\u00e9 des modifications que connait la fonction, ce document n\u2019en reste pas moins essentiel pour r\u00e9ussir le <strong>recrutement d\u2019un emploi de chef de r\u00e9ception<\/strong> ou tout autre poste \u00e0 responsabilit\u00e9.[\/vc_column_text][\/vc_column][\/vc_row][vc_row unlock_row_content=\u00a0\u00bbyes\u00a0\u00bb row_height_percent=\u00a0\u00bb0&Prime; override_padding=\u00a0\u00bbyes\u00a0\u00bb h_padding=\u00a0\u00bb0&Prime; top_padding=\u00a0\u00bb0&Prime; bottom_padding=\u00a0\u00bb0&Prime; overlay_alpha=\u00a0\u00bb100&Prime; gutter_size=\u00a0\u00bb0&Prime; style=\u00a0\u00bbinherited\u00a0\u00bb][\/vc_row][vc_row unlock_row_content=\u00a0\u00bbyes\u00a0\u00bb row_height_percent=\u00a0\u00bb0&Prime; override_padding=\u00a0\u00bbyes\u00a0\u00bb h_padding=\u00a0\u00bb0&Prime; top_padding=\u00a0\u00bb0&Prime; bottom_padding=\u00a0\u00bb0&Prime; overlay_alpha=\u00a0\u00bb50&Prime; equal_height=\u00a0\u00bbyes\u00a0\u00bb gutter_size=\u00a0\u00bb0&Prime; shift_y=\u00a0\u00bb0&Prime;][\/vc_row][vc_row unlock_row_content=\u00a0\u00bbyes\u00a0\u00bb row_height_percent=\u00a0\u00bb0&Prime; override_padding=\u00a0\u00bbyes\u00a0\u00bb h_padding=\u00a0\u00bb0&Prime; top_padding=\u00a0\u00bb0&Prime; bottom_padding=\u00a0\u00bb0&Prime; overlay_alpha=\u00a0\u00bb100&Prime; gutter_size=\u00a0\u00bb0&Prime; style=\u00a0\u00bbinherited\u00a0\u00bb][\/vc_row][vc_row unlock_row_content=\u00a0\u00bbyes\u00a0\u00bb row_height_percent=\u00a0\u00bb0&Prime; override_padding=\u00a0\u00bbyes\u00a0\u00bb h_padding=\u00a0\u00bb0&Prime; top_padding=\u00a0\u00bb0&Prime; bottom_padding=\u00a0\u00bb0&Prime; overlay_alpha=\u00a0\u00bb50&Prime; equal_height=\u00a0\u00bbyes\u00a0\u00bb gutter_size=\u00a0\u00bb0&Prime; shift_y=\u00a0\u00bb0&Prime;][\/vc_row][vc_row row_height_percent=\u00a0\u00bb0&Prime; override_padding=\u00a0\u00bbyes\u00a0\u00bb h_padding=\u00a0\u00bb2&Prime; top_padding=\u00a0\u00bb1&Prime; bottom_padding=\u00a0\u00bb3&Prime; back_color=\u00a0\u00bbcolor-204591&Prime; overlay_alpha=\u00a0\u00bb100&Prime; gutter_size=\u00a0\u00bb100&Prime; column_width_percent=\u00a0\u00bb100&Prime; border_color=\u00a0\u00bbcolor-gyho\u00a0\u00bb border_style=\u00a0\u00bbsolid\u00a0\u00bb shift_y=\u00a0\u00bb0&Prime; z_index=\u00a0\u00bb0&Prime; style=\u00a0\u00bbinherited\u00a0\u00bb css=\u00a0\u00bb.vc_custom_1510064316810{border-bottom-width: 1px !important;}\u00a0\u00bb][vc_column column_width_percent=\u00a0\u00bb100&Prime; position_vertical=\u00a0\u00bbmiddle\u00a0\u00bb overlay_alpha=\u00a0\u00bb50&Prime; gutter_size=\u00a0\u00bb3&Prime; medium_width=\u00a0\u00bb0&Prime; mobile_width=\u00a0\u00bb0&Prime; shift_x=\u00a0\u00bb0&Prime; shift_y=\u00a0\u00bb0&Prime; shift_y_down=\u00a0\u00bb0&Prime; z_index=\u00a0\u00bb0&Prime; zoom_width=\u00a0\u00bb0&Prime; zoom_height=\u00a0\u00bb0&Prime; width=\u00a0\u00bb1\/1&Prime;][vc_tabs history=\u00a0\u00bbyes\u00a0\u00bb][vc_tab title=\u00a0\u00bbMissions\u00a0\u00bb tab_id=\u00a0\u00bb1509461741227-6-5&Prime;][vc_custom_heading heading_semantic=\u00a0\u00bbh3&Prime; text_size=\u00a0\u00bb\u00a0\u00bb el_class=\u00a0\u00bbtitre-tab-metier\u00a0\u00bb]Les principales missions d&rsquo;un chef de r\u00e9ception[\/vc_custom_heading][vc_custom_heading heading_semantic=\u00a0\u00bbh3&Prime; text_size=\u00a0\u00bb\u00a0\u00bb el_class=\u00a0\u00bbtitre-tab-metier-2&Prime;]Principal collaborateur du directeur g\u00e9n\u00e9ral ou directeur h\u00e9bergement selon la taille des \u00e9tablissements, le chef de r\u00e9ception a pour missions principales\u00a0de\u00a0:[\/vc_custom_heading][uncode_list icon=\u00a0\u00bbfa fa-check2&Prime; icon_color=\u00a0\u00bbcolor-305918&Prime;]<\/p>\n<ul>\n<li>Recruter, manager et animer les \u00e9quipes des services accueil, de r\u00e9ception (r\u00e9ceptionniste, chasseur, bagagiste, concierge\u2026) et r\u00e9servation (en l\u2019absence de responsable)<\/li>\n<li>Superviser les activit\u00e9s li\u00e9es \u00e0 la caisse (facture, paiement, solde, d\u00e9bours\u2026)<\/li>\n<li>Garantir la qualit\u00e9 du service \u00e0 la client\u00e8le de l\u2019accueil au check-out<\/li>\n<li>Veiller aux commentaires clients sur les r\u00e9seaux sociaux<\/li>\n<li>Garantir une bonne communication avec les autres services<\/li>\n<li>G\u00e9rer un budget donn\u00e9<\/li>\n<li>Appliquer la strat\u00e9gie du revenue manager le cas \u00e9ch\u00e9ant<\/li>\n<li>\u00c9tablir des rapports r\u00e9guliers pour la direction<\/li>\n<li>Ma\u00eetriser les logiciels sp\u00e9cifiques \u00e0 l\u2019h\u00f4tellerie (Fid\u00e9lio, Op\u00e9ra, Herm\u00e8s)<\/li>\n<\/ul>\n<p>[\/uncode_list][\/vc_tab][vc_tab title=\u00a0\u00bbInterlocuteurs\u00a0\u00bb tab_id=\u00a0\u00bb1510063506618-4-9&Prime;][vc_custom_heading heading_semantic=\u00a0\u00bbh3&Prime; text_size=\u00a0\u00bb\u00a0\u00bb el_class=\u00a0\u00bbtitre-tab-metier\u00a0\u00bb]Les principaux interlocuteurs d&rsquo;un chef de r\u00e9ception[\/vc_custom_heading][uncode_list icon=\u00a0\u00bbfa fa-check2&Prime; icon_color=\u00a0\u00bbcolor-305918&Prime;]<\/p>\n<ul>\n<li>Le propri\u00e9taire ou le directeur d\u2019h\u00f4tel<\/li>\n<li>Le responsable r\u00e9servation le cas \u00e9ch\u00e9ant<\/li>\n<li>Le revenue manager le cas \u00e9ch\u00e9ant<\/li>\n<li>La gouvernante g\u00e9n\u00e9rale<\/li>\n<li>Les agences de voyages, les OTA\u2026<\/li>\n<\/ul>\n<p>[\/uncode_list][\/vc_tab][vc_tab title=\u00a0\u00bbLe niveau de formation\u00a0\u00bb tab_id=\u00a0\u00bb1509461717116-5-5&Prime;][vc_custom_heading heading_semantic=\u00a0\u00bbh3&Prime; text_size=\u00a0\u00bb\u00a0\u00bb el_class=\u00a0\u00bbtitre-tab-metier\u00a0\u00bb]Le niveau de formation d&rsquo;un chef de r\u00e9ception[\/vc_custom_heading][vc_column_text]Pour acc\u00e9der \u00e0 <strong>l\u2019emploi de chef de r\u00e9ception<\/strong>, il faut \u00e9videmment b\u00e9n\u00e9ficier de plusieurs ann\u00e9es d\u2019exp\u00e9rience professionnelle et <strong>ma\u00eetriser au minimum l\u2019Anglais<\/strong>. En g\u00e9n\u00e9ral, un chef de r\u00e9ception parle <strong>au moins deux langues \u00e9trang\u00e8res<\/strong> en plus de sa langue maternelle.<\/p>\n<p>En termes de formation pure, les dipl\u00f4mes requis d\u00e9butent par le <strong>CAP Services h\u00f4teliers<\/strong>, le <strong>Bac Techno services et technologies en h\u00f4tellerie-restauration<\/strong>. Il n\u2019en demeure pas moins vrai que bon nombre de candidats sont aujourd\u2019hui titulaires d\u2019un <strong>BTS H\u00f4tellerie-Restauration<\/strong> option mercatique et gestion.[\/vc_column_text][\/vc_tab][vc_tab title=\u00a0\u00bbSecteurs associ\u00e9s\u00a0\u00bb tab_id=\u00a0\u00bb1427386120521-0-1&Prime;][vc_custom_heading heading_semantic=\u00a0\u00bbh3&Prime; text_size=\u00a0\u00bb\u00a0\u00bb el_class=\u00a0\u00bbtitre-tab-metier\u00a0\u00bb]Les principaux secteurs associ\u00e9s pour le chef de r\u00e9ception[\/vc_custom_heading][vc_column_text]H\u00f4tellerie,\u00a0R\u00e9sidence de Tourisme, Tourisme[\/vc_column_text][\/vc_tab][\/vc_tabs][\/vc_column][\/vc_row][vc_row][vc_column width=\u00a0\u00bb1\/1&Prime;][uncode_block id=\u00a0\u00bb66488&Prime;][\/vc_column][\/vc_row][vc_row][vc_column width=\u00a0\u00bb1\/1&Prime;][uncode_block id=\u00a0\u00bb66408&Prime;][\/vc_column][\/vc_row]<\/p>\n<\/div>","protected":false},"excerpt":{"rendered":"<p>[vc_row unlock_row_content=\u00a0\u00bbyes\u00a0\u00bb row_height_percent=\u00a0\u00bb0&Prime; override_padding=\u00a0\u00bbyes\u00a0\u00bb h_padding=\u00a0\u00bb0&Prime; top_padding=\u00a0\u00bb0&Prime; bottom_padding=\u00a0\u00bb0&Prime; overlay_alpha=\u00a0\u00bb100&Prime; gutter_size=\u00a0\u00bb0&Prime; style=\u00a0\u00bbinherited\u00a0\u00bb][\/vc_row][vc_row unlock_row_content=\u00a0\u00bbyes\u00a0\u00bb row_height_percent=\u00a0\u00bb0&Prime; override_padding=\u00a0\u00bbyes\u00a0\u00bb h_padding=\u00a0\u00bb0&Prime; top_padding=\u00a0\u00bb0&Prime; bottom_padding=\u00a0\u00bb0&Prime; overlay_alpha=\u00a0\u00bb50&Prime; equal_height=\u00a0\u00bbyes\u00a0\u00bb gutter_size=\u00a0\u00bb0&Prime; shift_y=\u00a0\u00bb0&Prime;][\/vc_row][vc_row [&hellip;]<\/p>\n","protected":false},"author":1,"featured_media":68925,"parent":0,"menu_order":0,"comment_status":"closed","ping_status":"closed","template":"","meta":{"footnotes":""},"class_list":["post-122","page","type-page","status-publish","has-post-thumbnail","hentry"],"yoast_head":"<!-- This site is optimized with the Yoast SEO plugin v27.5 - https:\/\/yoast.com\/product\/yoast-seo-wordpress\/ -->\n<title>Emploi chef de r\u00e9ception - AJ Conseil Recrutement &amp; RH<\/title>\n<meta name=\"description\" content=\"Besoin de recruter un chef de r\u00e9ception ? AJ Conseil Recrutement &amp; RH est sp\u00e9cialiste de l&#039;emploi cadre en h\u00f4tellerie. D\u00e9couvrez vite la fiche de poste.\" \/>\n<meta name=\"robots\" content=\"index, follow, max-snippet:-1, max-image-preview:large, max-video-preview:-1\" \/>\n<link rel=\"canonical\" href=\"https:\/\/www.ajconseil.fr\/fr\/emploi-chef-de-reception\/\" \/>\n<meta property=\"og:locale\" content=\"fr_FR\" \/>\n<meta property=\"og:type\" content=\"article\" \/>\n<meta property=\"og:title\" content=\"Emploi chef de r\u00e9ception - AJ Conseil Recrutement &amp; RH\" \/>\n<meta property=\"og:description\" content=\"Besoin de recruter un chef de r\u00e9ception ? AJ Conseil Recrutement &amp; RH est sp\u00e9cialiste de l&#039;emploi cadre en h\u00f4tellerie. D\u00e9couvrez vite la fiche de poste.\" \/>\n<meta property=\"og:url\" content=\"https:\/\/www.ajconseil.fr\/fr\/emploi-chef-de-reception\/\" \/>\n<meta property=\"og:site_name\" content=\"AJ Conseil\" \/>\n<meta property=\"article:modified_time\" content=\"2017-11-23T13:49:06+00:00\" \/>\n<meta property=\"og:image\" content=\"https:\/\/www.ajconseil.fr\/wp-content\/uploads\/2017\/10\/fiche-metier-chef-reception.jpg\" \/>\n\t<meta property=\"og:image:width\" content=\"329\" \/>\n\t<meta property=\"og:image:height\" content=\"292\" \/>\n\t<meta property=\"og:image:type\" content=\"image\/jpeg\" \/>\n<meta name=\"twitter:card\" content=\"summary_large_image\" \/>\n<meta name=\"twitter:label1\" content=\"Dur\u00e9e de lecture estim\u00e9e\" \/>\n\t<meta name=\"twitter:data1\" content=\"7 minutes\" \/>\n<script type=\"application\/ld+json\" class=\"yoast-schema-graph\">{\"@context\":\"https:\\\/\\\/schema.org\",\"@graph\":[{\"@type\":\"WebPage\",\"@id\":\"https:\\\/\\\/www.ajconseil.fr\\\/fr\\\/emploi-chef-de-reception\\\/\",\"url\":\"https:\\\/\\\/www.ajconseil.fr\\\/fr\\\/emploi-chef-de-reception\\\/\",\"name\":\"Emploi chef de r\u00e9ception - AJ Conseil Recrutement & RH\",\"isPartOf\":{\"@id\":\"https:\\\/\\\/www.ajconseil.fr\\\/fr\\\/#website\"},\"primaryImageOfPage\":{\"@id\":\"https:\\\/\\\/www.ajconseil.fr\\\/fr\\\/emploi-chef-de-reception\\\/#primaryimage\"},\"image\":{\"@id\":\"https:\\\/\\\/www.ajconseil.fr\\\/fr\\\/emploi-chef-de-reception\\\/#primaryimage\"},\"thumbnailUrl\":\"https:\\\/\\\/www.ajconseil.fr\\\/wp-content\\\/uploads\\\/2017\\\/10\\\/fiche-metier-chef-reception.jpg\",\"datePublished\":\"2017-10-25T12:14:39+00:00\",\"dateModified\":\"2017-11-23T13:49:06+00:00\",\"description\":\"Besoin de recruter un chef de r\u00e9ception ? AJ Conseil Recrutement & RH est sp\u00e9cialiste de l'emploi cadre en h\u00f4tellerie. D\u00e9couvrez vite la fiche de poste.\",\"breadcrumb\":{\"@id\":\"https:\\\/\\\/www.ajconseil.fr\\\/fr\\\/emploi-chef-de-reception\\\/#breadcrumb\"},\"inLanguage\":\"fr-FR\",\"potentialAction\":[{\"@type\":\"ReadAction\",\"target\":[\"https:\\\/\\\/www.ajconseil.fr\\\/fr\\\/emploi-chef-de-reception\\\/\"]}]},{\"@type\":\"ImageObject\",\"inLanguage\":\"fr-FR\",\"@id\":\"https:\\\/\\\/www.ajconseil.fr\\\/fr\\\/emploi-chef-de-reception\\\/#primaryimage\",\"url\":\"https:\\\/\\\/www.ajconseil.fr\\\/wp-content\\\/uploads\\\/2017\\\/10\\\/fiche-metier-chef-reception.jpg\",\"contentUrl\":\"https:\\\/\\\/www.ajconseil.fr\\\/wp-content\\\/uploads\\\/2017\\\/10\\\/fiche-metier-chef-reception.jpg\",\"width\":329,\"height\":292},{\"@type\":\"BreadcrumbList\",\"@id\":\"https:\\\/\\\/www.ajconseil.fr\\\/fr\\\/emploi-chef-de-reception\\\/#breadcrumb\",\"itemListElement\":[{\"@type\":\"ListItem\",\"position\":1,\"name\":\"Accueil\",\"item\":\"https:\\\/\\\/www.ajconseil.fr\\\/fr\\\/\"},{\"@type\":\"ListItem\",\"position\":2,\"name\":\"Emploi chef de r\u00e9ception\"}]},{\"@type\":\"WebSite\",\"@id\":\"https:\\\/\\\/www.ajconseil.fr\\\/fr\\\/#website\",\"url\":\"https:\\\/\\\/www.ajconseil.fr\\\/fr\\\/\",\"name\":\"AJ Conseil\",\"description\":\"\",\"potentialAction\":[{\"@type\":\"SearchAction\",\"target\":{\"@type\":\"EntryPoint\",\"urlTemplate\":\"https:\\\/\\\/www.ajconseil.fr\\\/fr\\\/?s={search_term_string}\"},\"query-input\":{\"@type\":\"PropertyValueSpecification\",\"valueRequired\":true,\"valueName\":\"search_term_string\"}}],\"inLanguage\":\"fr-FR\"}]}<\/script>\n<!-- \/ Yoast SEO plugin. -->","yoast_head_json":{"title":"Emploi chef de r\u00e9ception - AJ Conseil Recrutement & RH","description":"Besoin de recruter un chef de r\u00e9ception ? AJ Conseil Recrutement & RH est sp\u00e9cialiste de l'emploi cadre en h\u00f4tellerie. D\u00e9couvrez vite la fiche de poste.","robots":{"index":"index","follow":"follow","max-snippet":"max-snippet:-1","max-image-preview":"max-image-preview:large","max-video-preview":"max-video-preview:-1"},"canonical":"https:\/\/www.ajconseil.fr\/fr\/emploi-chef-de-reception\/","og_locale":"fr_FR","og_type":"article","og_title":"Emploi chef de r\u00e9ception - AJ Conseil Recrutement & RH","og_description":"Besoin de recruter un chef de r\u00e9ception ? AJ Conseil Recrutement & RH est sp\u00e9cialiste de l'emploi cadre en h\u00f4tellerie. D\u00e9couvrez vite la fiche de poste.","og_url":"https:\/\/www.ajconseil.fr\/fr\/emploi-chef-de-reception\/","og_site_name":"AJ Conseil","article_modified_time":"2017-11-23T13:49:06+00:00","og_image":[{"width":329,"height":292,"url":"https:\/\/www.ajconseil.fr\/wp-content\/uploads\/2017\/10\/fiche-metier-chef-reception.jpg","type":"image\/jpeg"}],"twitter_card":"summary_large_image","twitter_misc":{"Dur\u00e9e de lecture estim\u00e9e":"7 minutes"},"schema":{"@context":"https:\/\/schema.org","@graph":[{"@type":"WebPage","@id":"https:\/\/www.ajconseil.fr\/fr\/emploi-chef-de-reception\/","url":"https:\/\/www.ajconseil.fr\/fr\/emploi-chef-de-reception\/","name":"Emploi chef de r\u00e9ception - AJ Conseil Recrutement & RH","isPartOf":{"@id":"https:\/\/www.ajconseil.fr\/fr\/#website"},"primaryImageOfPage":{"@id":"https:\/\/www.ajconseil.fr\/fr\/emploi-chef-de-reception\/#primaryimage"},"image":{"@id":"https:\/\/www.ajconseil.fr\/fr\/emploi-chef-de-reception\/#primaryimage"},"thumbnailUrl":"https:\/\/www.ajconseil.fr\/wp-content\/uploads\/2017\/10\/fiche-metier-chef-reception.jpg","datePublished":"2017-10-25T12:14:39+00:00","dateModified":"2017-11-23T13:49:06+00:00","description":"Besoin de recruter un chef de r\u00e9ception ? AJ Conseil Recrutement & RH est sp\u00e9cialiste de l'emploi cadre en h\u00f4tellerie. D\u00e9couvrez vite la fiche de poste.","breadcrumb":{"@id":"https:\/\/www.ajconseil.fr\/fr\/emploi-chef-de-reception\/#breadcrumb"},"inLanguage":"fr-FR","potentialAction":[{"@type":"ReadAction","target":["https:\/\/www.ajconseil.fr\/fr\/emploi-chef-de-reception\/"]}]},{"@type":"ImageObject","inLanguage":"fr-FR","@id":"https:\/\/www.ajconseil.fr\/fr\/emploi-chef-de-reception\/#primaryimage","url":"https:\/\/www.ajconseil.fr\/wp-content\/uploads\/2017\/10\/fiche-metier-chef-reception.jpg","contentUrl":"https:\/\/www.ajconseil.fr\/wp-content\/uploads\/2017\/10\/fiche-metier-chef-reception.jpg","width":329,"height":292},{"@type":"BreadcrumbList","@id":"https:\/\/www.ajconseil.fr\/fr\/emploi-chef-de-reception\/#breadcrumb","itemListElement":[{"@type":"ListItem","position":1,"name":"Accueil","item":"https:\/\/www.ajconseil.fr\/fr\/"},{"@type":"ListItem","position":2,"name":"Emploi chef de r\u00e9ception"}]},{"@type":"WebSite","@id":"https:\/\/www.ajconseil.fr\/fr\/#website","url":"https:\/\/www.ajconseil.fr\/fr\/","name":"AJ Conseil","description":"","potentialAction":[{"@type":"SearchAction","target":{"@type":"EntryPoint","urlTemplate":"https:\/\/www.ajconseil.fr\/fr\/?s={search_term_string}"},"query-input":{"@type":"PropertyValueSpecification","valueRequired":true,"valueName":"search_term_string"}}],"inLanguage":"fr-FR"}]}},"_links":{"self":[{"href":"https:\/\/www.ajconseil.fr\/fr\/wp-json\/wp\/v2\/pages\/122","targetHints":{"allow":["GET"]}}],"collection":[{"href":"https:\/\/www.ajconseil.fr\/fr\/wp-json\/wp\/v2\/pages"}],"about":[{"href":"https:\/\/www.ajconseil.fr\/fr\/wp-json\/wp\/v2\/types\/page"}],"author":[{"embeddable":true,"href":"https:\/\/www.ajconseil.fr\/fr\/wp-json\/wp\/v2\/users\/1"}],"replies":[{"embeddable":true,"href":"https:\/\/www.ajconseil.fr\/fr\/wp-json\/wp\/v2\/comments?post=122"}],"version-history":[{"count":0,"href":"https:\/\/www.ajconseil.fr\/fr\/wp-json\/wp\/v2\/pages\/122\/revisions"}],"wp:featuredmedia":[{"embeddable":true,"href":"https:\/\/www.ajconseil.fr\/fr\/wp-json\/wp\/v2\/media\/68925"}],"wp:attachment":[{"href":"https:\/\/www.ajconseil.fr\/fr\/wp-json\/wp\/v2\/media?parent=122"}],"curies":[{"name":"wp","href":"https:\/\/api.w.org\/{rel}","templated":true}]}}